{"id":415,"date":"2016-03-11T09:16:18","date_gmt":"2016-03-11T08:16:18","guid":{"rendered":"http:\/\/www.rezeau.org\/wp-flore\/?page_id=415"},"modified":"2021-05-15T15:42:35","modified_gmt":"2021-05-15T13:42:35","slug":"capsella-bursa-pastoris-medik","status":"publish","type":"page","link":"https:\/\/www.rezeau.org\/wp-flore\/capsella-bursa-pastoris-medik\/","title":{"rendered":"Capsella bursa-pastoris"},"content":{"rendered":"\n<p><em><strong>Pas de description de Coste disponible<\/strong><\/em><\/p>\n\n\n\n<p>La Capselle bourse-\u00e0-pasteur est une plante \u00e0 tige dress\u00e9e et peu poilue de 20 \u00e0 50 cm de hauteur.<br>Les fleurs et les fruits cohabitent souvent, fleurs en haut et fruits en bas, on peut observer ses fameux fruits en forme de c\u0153ur, quasiment toute l&#8217;ann\u00e9e.<br>Sa tige dress\u00e9e, simple ou ramifi\u00e9e, est pleine avec une consistance herbac\u00e9e \u00e0 section ronde, surface lisse et sans poils.<br>Ses feuilles ont la particularit\u00e9 de ne pas avoir toutes la m\u00eame forme. Celles de la base sont r\u00e9unies en rosette et sont le plus souvent tr\u00e8s divis\u00e9es, d&#8217;autres poussent sur la tige et sont g\u00e9n\u00e9ralement moins d\u00e9coup\u00e9es, alternes avec une base embrassante formant des oreillettes rondes, leurs deux faces sont poilues.<br>Ses fleurs sont petites et blanches de 1-2,5 cm regroup\u00e9es en grappes allong\u00e9es et assez denses., elles sont port\u00e9es par des tiges de quelques centim\u00e8tres de haut. Elles pr\u00e9sentent 6 \u00e9tamines libres, de taille diff\u00e9rente (2 plus courtes). Les filets des \u00e9tamines sont glabres. Le pistil est surmont\u00e9 d&#8217;un seul style assez court. La corolle est form\u00e9e de 4 p\u00e9tales \u00e9gaux, libres, avec l&#8217;extr\u00e9mit\u00e9 arrondie \u00e0 base amincie. Ses p\u00e9tales (4 p\u00e9tales) sont blancs 2 fois plus longs (2-3 mm) que les s\u00e9pales verts. Le calice est glabre. Il est form\u00e9 de 4 s\u00e9pales libres ovales, appliqu\u00e9s sur les p\u00e9tales.<br>Ses fruits sont petits, triangulaires et aplatis en forme de c\u0153ur ou de bourse, bords lat\u00e9raux rectilignes ou convexes de moins de 6-7 mm se trouvent en grand nombre en haut des tiges. Grappe fructif\u00e8re l\u00e2che, graines oblongues de couleur orang\u00e9 \u00e0 brun par 10 \u00e0 15 dans chaque loge (0,3-0,5 x 0,6-1,0 mm). Ellipso\u00efde +- aplanie, +- bossel\u00e9e, \u00e0 face racinaire arrondie.<\/p>\n","protected":false},"excerpt":{"rendered":"<p>Pas de description de Coste disponible La Capselle bourse-\u00e0-pasteur est une plante \u00e0 tige dress\u00e9e et peu poilue de 20 \u00e0 50 cm de hauteur.Les fleurs et les fruits cohabitent souvent, fleurs en haut et fruits en bas, on peut observer ses fameux fruits en forme de c\u0153ur, quasiment toute l&#8217;ann\u00e9e.Sa tige dress\u00e9e, simple ou&hellip;<\/p>\n","protected":false},"author":1,"featured_media":343,"parent":0,"menu_order":0,"comment_status":"closed","ping_status":"closed","template":"","meta":{"_acf_changed":false,"footnotes":""},"categories":[17,125,6],"tags":[],"class_list":["post-415","page","type-page","status-publish","has-post-thumbnail","hentry","category-brassicaceae","category-capsella","category-plantae"],"acf":[],"_links":{"self":[{"href":"https:\/\/www.rezeau.org\/wp-flore\/wp-json\/wp\/v2\/pages\/415","targetHints":{"allow":["GET"]}}],"collection":[{"href":"https:\/\/www.rezeau.org\/wp-flore\/wp-json\/wp\/v2\/pages"}],"about":[{"href":"https:\/\/www.rezeau.org\/wp-flore\/wp-json\/wp\/v2\/types\/page"}],"author":[{"embeddable":true,"href":"https:\/\/www.rezeau.org\/wp-flore\/wp-json\/wp\/v2\/users\/1"}],"replies":[{"embeddable":true,"href":"https:\/\/www.rezeau.org\/wp-flore\/wp-json\/wp\/v2\/comments?post=415"}],"version-history":[{"count":6,"href":"https:\/\/www.rezeau.org\/wp-flore\/wp-json\/wp\/v2\/pages\/415\/revisions"}],"predecessor-version":[{"id":4094,"href":"https:\/\/www.rezeau.org\/wp-flore\/wp-json\/wp\/v2\/pages\/415\/revisions\/4094"}],"wp:featuredmedia":[{"embeddable":true,"href":"https:\/\/www.rezeau.org\/wp-flore\/wp-json\/wp\/v2\/media\/343"}],"wp:attachment":[{"href":"https:\/\/www.rezeau.org\/wp-flore\/wp-json\/wp\/v2\/media?parent=415"}],"wp:term":[{"taxonomy":"category","embeddable":true,"href":"https:\/\/www.rezeau.org\/wp-flore\/wp-json\/wp\/v2\/categories?post=415"},{"taxonomy":"post_tag","embeddable":true,"href":"https:\/\/www.rezeau.org\/wp-flore\/wp-json\/wp\/v2\/tags?post=415"}],"curies":[{"name":"wp","href":"https:\/\/api.w.org\/{rel}","templated":true}]}}