{"id":4218,"date":"2021-05-13T19:01:35","date_gmt":"2021-05-13T17:01:35","guid":{"rendered":"https:\/\/www.rezeau.org\/wp-flore\/?page_id=4218"},"modified":"2021-05-15T16:16:23","modified_gmt":"2021-05-15T14:16:23","slug":"tellima-grandiflora","status":"publish","type":"page","link":"https:\/\/www.rezeau.org\/wp-flore\/tellima-grandiflora\/","title":{"rendered":"Tellima grandiflora"},"content":{"rendered":"\n<p><em><strong>Pas de description de Coste.<\/strong><\/em><\/p>\n<p>La <em>Tellima grandiflora<\/em> appartient \u00e0 la famille des Saxifragac\u00e9es et son origine nord-Am\u00e9ricaine s\u2019\u00e9tend des for\u00eats humides du nord de la Californie, en passant par la Colombie Britannique, jusqu\u2019\u00e0 l\u2019Alaska. Cette vivace forme une touffe en rosette de 50 cm de hauteur sur 30 cm de largeur. Elle se propage rapidement par semis et forme un bon couvre-sol. Les feuilles, persistantes \u00e0 semi-persistantes, ont la m\u00eame \u00e9l\u00e9gance que celles des <em>Heuchera<\/em>, arrondies et dentel\u00e9es, en forme de coeur. Elles sont pubescentes mais vert brillant, quelquefois infus\u00e9es de rouge sombre. Elles virent au rouge d\u00e8s les premiers froids. De mai \u00e0 juillet des grappes de petites clochettes cr\u00e8me \u2013 verd\u00e2tres de 60 cm de hauteur jaillissent du feuillage. Les fleurs nectarif\u00e8res attirent les papillons.<\/p>\n","protected":false},"excerpt":{"rendered":"<p>Pas de description de Coste. La Tellima grandiflora appartient \u00e0 la famille des Saxifragac\u00e9es et son origine nord-Am\u00e9ricaine s\u2019\u00e9tend des for\u00eats humides du nord de la Californie, en passant par la Colombie Britannique, jusqu\u2019\u00e0 l\u2019Alaska. Cette vivace forme une touffe en rosette de 50 cm de hauteur sur 30 cm de largeur. Elle se propage&hellip;<\/p>\n","protected":false},"author":1,"featured_media":4219,"parent":0,"menu_order":0,"comment_status":"closed","ping_status":"closed","template":"","meta":{"_acf_changed":false,"footnotes":""},"categories":[6,256,257],"tags":[],"class_list":["post-4218","page","type-page","status-publish","has-post-thumbnail","hentry","category-plantae","category-saxifragaceae","category-tellima"],"acf":[],"_links":{"self":[{"href":"https:\/\/www.rezeau.org\/wp-flore\/wp-json\/wp\/v2\/pages\/4218","targetHints":{"allow":["GET"]}}],"collection":[{"href":"https:\/\/www.rezeau.org\/wp-flore\/wp-json\/wp\/v2\/pages"}],"about":[{"href":"https:\/\/www.rezeau.org\/wp-flore\/wp-json\/wp\/v2\/types\/page"}],"author":[{"embeddable":true,"href":"https:\/\/www.rezeau.org\/wp-flore\/wp-json\/wp\/v2\/users\/1"}],"replies":[{"embeddable":true,"href":"https:\/\/www.rezeau.org\/wp-flore\/wp-json\/wp\/v2\/comments?post=4218"}],"version-history":[{"count":8,"href":"https:\/\/www.rezeau.org\/wp-flore\/wp-json\/wp\/v2\/pages\/4218\/revisions"}],"predecessor-version":[{"id":4229,"href":"https:\/\/www.rezeau.org\/wp-flore\/wp-json\/wp\/v2\/pages\/4218\/revisions\/4229"}],"wp:featuredmedia":[{"embeddable":true,"href":"https:\/\/www.rezeau.org\/wp-flore\/wp-json\/wp\/v2\/media\/4219"}],"wp:attachment":[{"href":"https:\/\/www.rezeau.org\/wp-flore\/wp-json\/wp\/v2\/media?parent=4218"}],"wp:term":[{"taxonomy":"category","embeddable":true,"href":"https:\/\/www.rezeau.org\/wp-flore\/wp-json\/wp\/v2\/categories?post=4218"},{"taxonomy":"post_tag","embeddable":true,"href":"https:\/\/www.rezeau.org\/wp-flore\/wp-json\/wp\/v2\/tags?post=4218"}],"curies":[{"name":"wp","href":"https:\/\/api.w.org\/{rel}","templated":true}]}}