{"id":4685,"date":"2025-07-11T18:18:17","date_gmt":"2025-07-11T16:18:17","guid":{"rendered":"https:\/\/www.rezeau.org\/wp-flore\/?page_id=4685"},"modified":"2025-07-11T18:46:07","modified_gmt":"2025-07-11T16:46:07","slug":"circaea-lutetiana","status":"publish","type":"page","link":"https:\/\/www.rezeau.org\/wp-flore\/circaea-lutetiana\/","title":{"rendered":"Circaea lutetiana"},"content":{"rendered":"\n<h4 class=\"wp-block-heading\">Description de Coste<\/h4>\n\n\n\n<figure class=\"wp-block-table\"><table class=\"has-fixed-layout\"><tbody><tr><td>1301 Circaea lutetiana L. Herbe des sorci\u00e8res<\/td><\/tr><tr><td>&#8211; . Plante de 30-60 cm, assez ferme, pub\u00e9rulente&nbsp;<br>&#8211; feuilles opaques, ovales en coeur \u00e0 la base, longuement acumin\u00e9es, bord\u00e9es de petites dents \u00e9cart\u00e9es, \u00e0 p\u00e9tiole non ail\u00e9, canalicul\u00e9 en dessus, pubescent tout autour&nbsp;<br>&#8211; fleurs petites, \u00e0 p\u00e9dicelles pubescents-glanduleux, sans bract\u00e9es&nbsp;<br>&#8211; p\u00e9tales arrondis \u00e0 la base&nbsp;<br>&#8211; stigmate bilob\u00e9&nbsp;<br>&#8211; capsule obovale en poire, persistante, h\u00e9riss\u00e9e de poils crochus hispides, \u00e0 2 loges \u00e9gales.<br><\/td><\/tr><tr><td>\u00c9cologie Bois et ravins humides, dans toute la France et en Corse.<\/td><\/tr><tr><td>R\u00e9partition Europe, jusqu&#8217;au centre de la Su\u00e8de&nbsp;; Asie bor\u00e9ale et occidentale jusqu&#8217;\u00e0 l&#8217;Himalaya&nbsp;; Afrique et Am\u00e9rique septentrionale.<\/td><\/tr><tr><td>Floraison Juin-septembre.<\/td><\/tr><\/tbody><\/table><\/figure>\n","protected":false},"excerpt":{"rendered":"<p>Description de Coste 1301 Circaea lutetiana L. Herbe des sorci\u00e8res &#8211; . Plante de 30-60 cm, assez ferme, pub\u00e9rulente&nbsp;&#8211; feuilles opaques, ovales en coeur \u00e0 la base, longuement acumin\u00e9es, bord\u00e9es de petites dents \u00e9cart\u00e9es, \u00e0 p\u00e9tiole non ail\u00e9, canalicul\u00e9 en dessus, pubescent tout autour&nbsp;&#8211; fleurs petites, \u00e0 p\u00e9dicelles pubescents-glanduleux, sans bract\u00e9es&nbsp;&#8211; p\u00e9tales arrondis \u00e0 la&hellip;<\/p>\n","protected":false},"author":1,"featured_media":4690,"parent":0,"menu_order":0,"comment_status":"closed","ping_status":"closed","template":"","meta":{"_acf_changed":false,"footnotes":""},"categories":[259,46,6],"tags":[],"class_list":["post-4685","page","type-page","status-publish","has-post-thumbnail","hentry","category-circeae","category-onagraceae","category-plantae"],"acf":[],"_links":{"self":[{"href":"https:\/\/www.rezeau.org\/wp-flore\/wp-json\/wp\/v2\/pages\/4685","targetHints":{"allow":["GET"]}}],"collection":[{"href":"https:\/\/www.rezeau.org\/wp-flore\/wp-json\/wp\/v2\/pages"}],"about":[{"href":"https:\/\/www.rezeau.org\/wp-flore\/wp-json\/wp\/v2\/types\/page"}],"author":[{"embeddable":true,"href":"https:\/\/www.rezeau.org\/wp-flore\/wp-json\/wp\/v2\/users\/1"}],"replies":[{"embeddable":true,"href":"https:\/\/www.rezeau.org\/wp-flore\/wp-json\/wp\/v2\/comments?post=4685"}],"version-history":[{"count":4,"href":"https:\/\/www.rezeau.org\/wp-flore\/wp-json\/wp\/v2\/pages\/4685\/revisions"}],"predecessor-version":[{"id":4695,"href":"https:\/\/www.rezeau.org\/wp-flore\/wp-json\/wp\/v2\/pages\/4685\/revisions\/4695"}],"wp:featuredmedia":[{"embeddable":true,"href":"https:\/\/www.rezeau.org\/wp-flore\/wp-json\/wp\/v2\/media\/4690"}],"wp:attachment":[{"href":"https:\/\/www.rezeau.org\/wp-flore\/wp-json\/wp\/v2\/media?parent=4685"}],"wp:term":[{"taxonomy":"category","embeddable":true,"href":"https:\/\/www.rezeau.org\/wp-flore\/wp-json\/wp\/v2\/categories?post=4685"},{"taxonomy":"post_tag","embeddable":true,"href":"https:\/\/www.rezeau.org\/wp-flore\/wp-json\/wp\/v2\/tags?post=4685"}],"curies":[{"name":"wp","href":"https:\/\/api.w.org\/{rel}","templated":true}]}}