{"id":4697,"date":"2025-08-09T15:22:40","date_gmt":"2025-08-09T13:22:40","guid":{"rendered":"https:\/\/www.rezeau.org\/wp-flore\/?page_id=4697"},"modified":"2025-08-09T15:26:01","modified_gmt":"2025-08-09T13:26:01","slug":"sonchus-oleraceus","status":"publish","type":"page","link":"https:\/\/www.rezeau.org\/wp-flore\/sonchus-oleraceus\/","title":{"rendered":"Sonchus oleraceus"},"content":{"rendered":"\n<figure class=\"wp-block-table\"><table class=\"has-fixed-layout\"><tbody><tr><td><strong>2190 Sonchus oleraceus L.<\/strong><\/td><\/tr><tr><td>&#8211; Plante&nbsp;annuelle&nbsp;\u00e0&nbsp;tige&nbsp;de 3-8 dm, dress\u00e9e, peu&nbsp;rameuse,&nbsp;lisse&nbsp;ou un peu&nbsp;glanduleuseMuni de glandes.&nbsp;au sommet&nbsp;<br>&#8211;&nbsp;feuilles&nbsp;glabres,&nbsp;roncin\u00e9es-pennatifides&nbsp;ou&nbsp;pennatipartites, \u00e0&nbsp;lobes&nbsp;dent\u00e9s, r\u00e9tr\u00e9cis de la base au sommet, le terminal triangulaire plus grand, les&nbsp;caulinaires&nbsp;embrassantes, \u00e0 oreillettes&nbsp;acumin\u00e9es,&nbsp;\u00e9tal\u00e9es, les inf\u00e9rieures \u00e0&nbsp;p\u00e9tiole&nbsp;largement ail\u00e9&nbsp;<br>&#8211;&nbsp;involucre&nbsp;glabre&nbsp;parfois&nbsp;floconneux&nbsp;\u00e0 la base&nbsp;<br>&#8211; ak\u00e8nes brun\u00e2tres&nbsp;obovales-oblongs, fortement&nbsp;rugueux,&nbsp;stri\u00e9s&nbsp;transversalement&nbsp;<br>&#8211;&nbsp;fleurs&nbsp;jaunes. Varie \u00e0&nbsp;feuilles&nbsp;plus \u00e9troitement d\u00e9coup\u00e9es&nbsp;<br>&#8211; \u00e0&nbsp;lobe&nbsp;terminal plus grand que les lat\u00e9raux (S. lacerus Willd.).<\/td><\/tr><tr><td>\u00c9cologie&nbsp;Lieux cultiv\u00e9s dans toute l&#8217;Europe et les deux<\/td><\/tr><\/tbody><\/table><\/figure>\n","protected":false},"excerpt":{"rendered":"<p>2190 Sonchus oleraceus L. &#8211; Plante&nbsp;annuelle&nbsp;\u00e0&nbsp;tige&nbsp;de 3-8 dm, dress\u00e9e, peu&nbsp;rameuse,&nbsp;lisse&nbsp;ou un peu&nbsp;glanduleuseMuni de glandes.&nbsp;au sommet&nbsp;&#8211;&nbsp;feuilles&nbsp;glabres,&nbsp;roncin\u00e9es-pennatifides&nbsp;ou&nbsp;pennatipartites, \u00e0&nbsp;lobes&nbsp;dent\u00e9s, r\u00e9tr\u00e9cis de la base au sommet, le terminal triangulaire plus grand, les&nbsp;caulinaires&nbsp;embrassantes, \u00e0 oreillettes&nbsp;acumin\u00e9es,&nbsp;\u00e9tal\u00e9es, les inf\u00e9rieures \u00e0&nbsp;p\u00e9tiole&nbsp;largement ail\u00e9&nbsp;&#8211;&nbsp;involucre&nbsp;glabre&nbsp;parfois&nbsp;floconneux&nbsp;\u00e0 la base&nbsp;&#8211; ak\u00e8nes brun\u00e2tres&nbsp;obovales-oblongs, fortement&nbsp;rugueux,&nbsp;stri\u00e9s&nbsp;transversalement&nbsp;&#8211;&nbsp;fleurs&nbsp;jaunes. Varie \u00e0&nbsp;feuilles&nbsp;plus \u00e9troitement d\u00e9coup\u00e9es&nbsp;&#8211; \u00e0&nbsp;lobe&nbsp;terminal plus grand que les lat\u00e9raux (S. lacerus Willd.). \u00c9cologie&nbsp;Lieux cultiv\u00e9s dans&hellip;<\/p>\n","protected":false},"author":1,"featured_media":4699,"parent":0,"menu_order":0,"comment_status":"closed","ping_status":"closed","template":"","meta":{"_acf_changed":false,"footnotes":""},"categories":[6,102],"tags":[],"class_list":["post-4697","page","type-page","status-publish","has-post-thumbnail","hentry","category-plantae","category-sonchus"],"acf":[],"_links":{"self":[{"href":"https:\/\/www.rezeau.org\/wp-flore\/wp-json\/wp\/v2\/pages\/4697","targetHints":{"allow":["GET"]}}],"collection":[{"href":"https:\/\/www.rezeau.org\/wp-flore\/wp-json\/wp\/v2\/pages"}],"about":[{"href":"https:\/\/www.rezeau.org\/wp-flore\/wp-json\/wp\/v2\/types\/page"}],"author":[{"embeddable":true,"href":"https:\/\/www.rezeau.org\/wp-flore\/wp-json\/wp\/v2\/users\/1"}],"replies":[{"embeddable":true,"href":"https:\/\/www.rezeau.org\/wp-flore\/wp-json\/wp\/v2\/comments?post=4697"}],"version-history":[{"count":4,"href":"https:\/\/www.rezeau.org\/wp-flore\/wp-json\/wp\/v2\/pages\/4697\/revisions"}],"predecessor-version":[{"id":4703,"href":"https:\/\/www.rezeau.org\/wp-flore\/wp-json\/wp\/v2\/pages\/4697\/revisions\/4703"}],"wp:featuredmedia":[{"embeddable":true,"href":"https:\/\/www.rezeau.org\/wp-flore\/wp-json\/wp\/v2\/media\/4699"}],"wp:attachment":[{"href":"https:\/\/www.rezeau.org\/wp-flore\/wp-json\/wp\/v2\/media?parent=4697"}],"wp:term":[{"taxonomy":"category","embeddable":true,"href":"https:\/\/www.rezeau.org\/wp-flore\/wp-json\/wp\/v2\/categories?post=4697"},{"taxonomy":"post_tag","embeddable":true,"href":"https:\/\/www.rezeau.org\/wp-flore\/wp-json\/wp\/v2\/tags?post=4697"}],"curies":[{"name":"wp","href":"https:\/\/api.w.org\/{rel}","templated":true}]}}