{"id":4727,"date":"2025-08-26T11:51:54","date_gmt":"2025-08-26T09:51:54","guid":{"rendered":"https:\/\/www.rezeau.org\/wp-flore\/?page_id=4727"},"modified":"2025-08-26T15:18:52","modified_gmt":"2025-08-26T13:18:52","slug":"cichorium-intybus","status":"publish","type":"page","link":"https:\/\/www.rezeau.org\/wp-flore\/cichorium-intybus\/","title":{"rendered":"Cichorium intybus"},"content":{"rendered":"\n<h4 class=\"wp-block-heading\">Description de Coste<\/h4>\n\n\n\n<figure class=\"wp-block-table\"><table class=\"has-fixed-layout\"><tbody><tr><td>2121 Cichorium intybus L. C sauvage<\/td><\/tr><tr><td>&#8211; Plante vivace \u00e0 tige de 5-10 dm dress\u00e9e, tr\u00e8s rameuse \u00e0 rameaux raides, divergents, plus ou moins pubescente-hispide ou glabrescente ainsi que les feuilles&nbsp;<br>&#8211; celles-ci de forme variable, les inf\u00e9rieures ordinairement roncin\u00e9es, les suivantes lanc\u00e9ol\u00e9es, enti\u00e8res, embrassantes, r\u00e9duites \u00e0 des bract\u00e9es dans l&#8217;inflorescence&nbsp;<br>&#8211; capitules solitaires, terminaux ou sessiles et axillaires au nombre de 1-3&nbsp;<br>&#8211; ak\u00e8nes couronn\u00e9s de tr\u00e8s petites \u00e9cailles obtuses<br>&#8211; fleurs assez grandes, bleues. Polymorphe. Varie quant au degr\u00e9 de pubescence&nbsp;<br>&#8211; se pr\u00e9sente dans la r\u00e9gion m\u00e9diterran\u00e9enne avec des ak\u00e8nes \u00e0 couronne d&#8217;\u00e9cailles plus d\u00e9velopp\u00e9es, lanc\u00e9ol\u00e9es (C. divaricatum Schousb.).<br><\/td><\/tr><tr><td>\u00c9cologie Bords des chemins, des pr\u00e9s dans toute la France&nbsp;; Corse.<\/td><\/tr><tr><td>R\u00e9partition Europe et Asie.<\/td><\/tr><tr><td>Floraison Juillet-septembre.<\/td><\/tr><\/tbody><\/table><\/figure>\n","protected":false},"excerpt":{"rendered":"<p>Description de Coste 2121 Cichorium intybus L. C sauvage &#8211; Plante vivace \u00e0 tige de 5-10 dm dress\u00e9e, tr\u00e8s rameuse \u00e0 rameaux raides, divergents, plus ou moins pubescente-hispide ou glabrescente ainsi que les feuilles&nbsp;&#8211; celles-ci de forme variable, les inf\u00e9rieures ordinairement roncin\u00e9es, les suivantes lanc\u00e9ol\u00e9es, enti\u00e8res, embrassantes, r\u00e9duites \u00e0 des bract\u00e9es dans l&#8217;inflorescence&nbsp;&#8211; capitules solitaires,&hellip;<\/p>\n","protected":false},"author":1,"featured_media":4729,"parent":0,"menu_order":0,"comment_status":"closed","ping_status":"closed","template":"","meta":{"_acf_changed":false,"footnotes":""},"categories":[14,261,6],"tags":[],"class_list":["post-4727","page","type-page","status-publish","has-post-thumbnail","hentry","category-asteraceae","category-cichorium","category-plantae"],"acf":[],"_links":{"self":[{"href":"https:\/\/www.rezeau.org\/wp-flore\/wp-json\/wp\/v2\/pages\/4727","targetHints":{"allow":["GET"]}}],"collection":[{"href":"https:\/\/www.rezeau.org\/wp-flore\/wp-json\/wp\/v2\/pages"}],"about":[{"href":"https:\/\/www.rezeau.org\/wp-flore\/wp-json\/wp\/v2\/types\/page"}],"author":[{"embeddable":true,"href":"https:\/\/www.rezeau.org\/wp-flore\/wp-json\/wp\/v2\/users\/1"}],"replies":[{"embeddable":true,"href":"https:\/\/www.rezeau.org\/wp-flore\/wp-json\/wp\/v2\/comments?post=4727"}],"version-history":[{"count":1,"href":"https:\/\/www.rezeau.org\/wp-flore\/wp-json\/wp\/v2\/pages\/4727\/revisions"}],"predecessor-version":[{"id":4730,"href":"https:\/\/www.rezeau.org\/wp-flore\/wp-json\/wp\/v2\/pages\/4727\/revisions\/4730"}],"wp:featuredmedia":[{"embeddable":true,"href":"https:\/\/www.rezeau.org\/wp-flore\/wp-json\/wp\/v2\/media\/4729"}],"wp:attachment":[{"href":"https:\/\/www.rezeau.org\/wp-flore\/wp-json\/wp\/v2\/media?parent=4727"}],"wp:term":[{"taxonomy":"category","embeddable":true,"href":"https:\/\/www.rezeau.org\/wp-flore\/wp-json\/wp\/v2\/categories?post=4727"},{"taxonomy":"post_tag","embeddable":true,"href":"https:\/\/www.rezeau.org\/wp-flore\/wp-json\/wp\/v2\/tags?post=4727"}],"curies":[{"name":"wp","href":"https:\/\/api.w.org\/{rel}","templated":true}]}}