{"id":473,"date":"2016-03-12T19:11:05","date_gmt":"2016-03-12T18:11:05","guid":{"rendered":"http:\/\/www.rezeau.org\/wp-flore\/?page_id=473"},"modified":"2021-05-15T23:03:13","modified_gmt":"2021-05-15T21:03:13","slug":"ceratocapnos-claviculata-l","status":"publish","type":"page","link":"https:\/\/www.rezeau.org\/wp-flore\/ceratocapnos-claviculata-l\/","title":{"rendered":"Ceratocapnos claviculata"},"content":{"rendered":"\n<p>138. \u2013 Corydalis claviculata DC<\/p>\n\n\n\n<p>Racine annuelle, fibreuse ; tiges de 20-80 cm, faibles, rameuses-enchev\u00e9tr\u00e9es, grimpantes, feuill\u00e9es ; feuilles pennatis\u00e9qu\u00e9es-p\u00e9dal\u00e9es, \u00e0 folioles ovales ou oblongues, enti\u00e8res, \u00e9cart\u00e9es ; p\u00e9tioles termin\u00e9s en vrille rameuse ; bract\u00e9es ovales, d\u00e9passant le p\u00e9dicelle ; fleurs d&#8217;un blanc jaun\u00e2tre, petites, en grappes dress\u00e9es, courtes, oppos\u00e9es aux feuilles ; \u00e9peron court et obtus ; p\u00e9dicelles plus courts que la capsule ; capsule courte, \u00e0 1 nervure sur chaque face, \u00e0 2-3 graines lisses.<\/p>\n\n\n\n<p>Note.- D\u00e9termin\u00e9 avec l&#8217;aide de Christophe GIROD (tela botanica).<\/p>\n\n\n","protected":false},"excerpt":{"rendered":"<p>138. \u2013 Corydalis claviculata DC Racine annuelle, fibreuse ; tiges de 20-80 cm, faibles, rameuses-enchev\u00e9tr\u00e9es, grimpantes, feuill\u00e9es ; feuilles pennatis\u00e9qu\u00e9es-p\u00e9dal\u00e9es, \u00e0 folioles ovales ou oblongues, enti\u00e8res, \u00e9cart\u00e9es ; p\u00e9tioles termin\u00e9s en vrille rameuse ; bract\u00e9es ovales, d\u00e9passant le p\u00e9dicelle ; fleurs d&#8217;un blanc jaun\u00e2tre, petites, en grappes dress\u00e9es, courtes, oppos\u00e9es aux feuilles ; \u00e9peron court&hellip;<\/p>\n","protected":false},"author":1,"featured_media":364,"parent":0,"menu_order":0,"comment_status":"closed","ping_status":"closed","template":"","meta":{"_acf_changed":false,"footnotes":""},"categories":[131,49,6],"tags":[],"class_list":["post-473","page","type-page","status-publish","has-post-thumbnail","hentry","category-ceratocapnos","category-papaveraceae","category-plantae"],"acf":[],"_links":{"self":[{"href":"https:\/\/www.rezeau.org\/wp-flore\/wp-json\/wp\/v2\/pages\/473","targetHints":{"allow":["GET"]}}],"collection":[{"href":"https:\/\/www.rezeau.org\/wp-flore\/wp-json\/wp\/v2\/pages"}],"about":[{"href":"https:\/\/www.rezeau.org\/wp-flore\/wp-json\/wp\/v2\/types\/page"}],"author":[{"embeddable":true,"href":"https:\/\/www.rezeau.org\/wp-flore\/wp-json\/wp\/v2\/users\/1"}],"replies":[{"embeddable":true,"href":"https:\/\/www.rezeau.org\/wp-flore\/wp-json\/wp\/v2\/comments?post=473"}],"version-history":[{"count":5,"href":"https:\/\/www.rezeau.org\/wp-flore\/wp-json\/wp\/v2\/pages\/473\/revisions"}],"predecessor-version":[{"id":4130,"href":"https:\/\/www.rezeau.org\/wp-flore\/wp-json\/wp\/v2\/pages\/473\/revisions\/4130"}],"wp:featuredmedia":[{"embeddable":true,"href":"https:\/\/www.rezeau.org\/wp-flore\/wp-json\/wp\/v2\/media\/364"}],"wp:attachment":[{"href":"https:\/\/www.rezeau.org\/wp-flore\/wp-json\/wp\/v2\/media?parent=473"}],"wp:term":[{"taxonomy":"category","embeddable":true,"href":"https:\/\/www.rezeau.org\/wp-flore\/wp-json\/wp\/v2\/categories?post=473"},{"taxonomy":"post_tag","embeddable":true,"href":"https:\/\/www.rezeau.org\/wp-flore\/wp-json\/wp\/v2\/tags?post=473"}],"curies":[{"name":"wp","href":"https:\/\/api.w.org\/{rel}","templated":true}]}}