{"id":4739,"date":"2025-08-26T15:49:07","date_gmt":"2025-08-26T13:49:07","guid":{"rendered":"https:\/\/www.rezeau.org\/wp-flore\/?page_id=4739"},"modified":"2025-08-26T15:52:39","modified_gmt":"2025-08-26T13:52:39","slug":"erigeron-karvinskianus-3","status":"publish","type":"page","link":"https:\/\/www.rezeau.org\/wp-flore\/erigeron-karvinskianus-3\/","title":{"rendered":"Erigeron karvinskianus"},"content":{"rendered":"\n<p><\/p>\n\n\n\n<p><em>Note.- Pas de description de Coste<\/em><\/p>\n\n\n\n<p>La vergerette de Karwinski est une plante herbac\u00e9e vivace mais ne vivant souvent pas longtemps. Elle s\u2019\u00e9l\u00e8ve de 10 \u00e0 40\u00a0[voire 100]\u00a0cm de hauteur. Le caudex est court, simple ou peu ramifi\u00e9, la racine pivotante. Les tiges rampantes ou prostr\u00e9es \u00e0 ascendantes ou dress\u00e9es, s&#8217;enracinent parfois aux n\u0153uds et sont ramifi\u00e9es vers le haut.<\/p>\n\n\n\n<p>Les feuilles basales et inf\u00e9rieures sont g\u00e9n\u00e9ralement fl\u00e9tries \u00e0 l\u2019anth\u00e8se (floraison). Leur p\u00e9tiole est \u00e9troitement ail\u00e9, et leur limbe elliptique ou obovale.<\/p>\n\n\n\n<p>Les feuilles caulinaires sont courtement p\u00e9tiol\u00e9s, elliptiques \u00e0 obovales ou oblanc\u00e9ol\u00e9s, de 1\u20134&nbsp;cm de long sur 0,3\u20131,4&nbsp;cm de large, de taille r\u00e9guli\u00e8re, non glandulaires, base att\u00e9nu\u00e9e \u00e0 cun\u00e9iforme, bord 2-4-lob\u00e9 ou entier, l\u00e9g\u00e8rement r\u00e9volut\u00e9, apex aigu ou acumin\u00e9, mucronul\u00e9.<\/p>\n","protected":false},"excerpt":{"rendered":"<p>Note.- Pas de description de Coste La vergerette de Karwinski est une plante herbac\u00e9e vivace mais ne vivant souvent pas longtemps. Elle s\u2019\u00e9l\u00e8ve de 10 \u00e0 40\u00a0[voire 100]\u00a0cm de hauteur. Le caudex est court, simple ou peu ramifi\u00e9, la racine pivotante. Les tiges rampantes ou prostr\u00e9es \u00e0 ascendantes ou dress\u00e9es, s&#8217;enracinent parfois aux n\u0153uds et&hellip;<\/p>\n","protected":false},"author":1,"featured_media":4737,"parent":0,"menu_order":0,"comment_status":"closed","ping_status":"closed","template":"","meta":{"_acf_changed":false,"footnotes":""},"categories":[14,139,6],"tags":[],"class_list":["post-4739","page","type-page","status-publish","has-post-thumbnail","hentry","category-asteraceae","category-erigeron","category-plantae"],"acf":[],"_links":{"self":[{"href":"https:\/\/www.rezeau.org\/wp-flore\/wp-json\/wp\/v2\/pages\/4739","targetHints":{"allow":["GET"]}}],"collection":[{"href":"https:\/\/www.rezeau.org\/wp-flore\/wp-json\/wp\/v2\/pages"}],"about":[{"href":"https:\/\/www.rezeau.org\/wp-flore\/wp-json\/wp\/v2\/types\/page"}],"author":[{"embeddable":true,"href":"https:\/\/www.rezeau.org\/wp-flore\/wp-json\/wp\/v2\/users\/1"}],"replies":[{"embeddable":true,"href":"https:\/\/www.rezeau.org\/wp-flore\/wp-json\/wp\/v2\/comments?post=4739"}],"version-history":[{"count":3,"href":"https:\/\/www.rezeau.org\/wp-flore\/wp-json\/wp\/v2\/pages\/4739\/revisions"}],"predecessor-version":[{"id":4742,"href":"https:\/\/www.rezeau.org\/wp-flore\/wp-json\/wp\/v2\/pages\/4739\/revisions\/4742"}],"wp:featuredmedia":[{"embeddable":true,"href":"https:\/\/www.rezeau.org\/wp-flore\/wp-json\/wp\/v2\/media\/4737"}],"wp:attachment":[{"href":"https:\/\/www.rezeau.org\/wp-flore\/wp-json\/wp\/v2\/media?parent=4739"}],"wp:term":[{"taxonomy":"category","embeddable":true,"href":"https:\/\/www.rezeau.org\/wp-flore\/wp-json\/wp\/v2\/categories?post=4739"},{"taxonomy":"post_tag","embeddable":true,"href":"https:\/\/www.rezeau.org\/wp-flore\/wp-json\/wp\/v2\/tags?post=4739"}],"curies":[{"name":"wp","href":"https:\/\/api.w.org\/{rel}","templated":true}]}}