{"id":4747,"date":"2025-08-27T16:38:52","date_gmt":"2025-08-27T14:38:52","guid":{"rendered":"https:\/\/www.rezeau.org\/wp-flore\/?page_id=4747"},"modified":"2025-08-29T14:31:52","modified_gmt":"2025-08-29T12:31:52","slug":"centranthus-ruber","status":"publish","type":"page","link":"https:\/\/www.rezeau.org\/wp-flore\/centranthus-ruber\/","title":{"rendered":"Centranthus ruber"},"content":{"rendered":"\n<h4 class=\"wp-block-heading\">Description de Coste<\/h4>\n\n\n\n<figure class=\"wp-block-table\"><table class=\"has-fixed-layout\"><tbody><tr><td>1723 Centranthus ruber DC. Val\u00e9riane rouge, Lilas d&#8217;Espagne<\/td><\/tr><tr><td>&#8211; . Plante vivace de 30-80 cm, glabre et glauque, \u00e0 souche \u00e9paisse, odorante\u00a0<br>&#8211; tiges dress\u00e9es, cylindriques, stri\u00e9es, lisses, creuses, simples ou rameuses\u00a0<br>&#8211; feuilles ovales ou elliptiques-lanc\u00e9ol\u00e9es, longues de 8-12 cm et larges de 2-4, enti\u00e8res ou \u00e0 peine dentel\u00e9es, les inf\u00e9rieures p\u00e9tiol\u00e9es, les sup\u00e9rieures sessiles, \u00e0 plusieurs nervures divergentes d\u00e9s la base\u00a0<br>&#8211; fleurs rouges ou blanches, odorantes, en corymbe serr\u00e9, s&#8217;allongeant ensuite en panicule trichotome, \u00e0 rameaux dress\u00e9s\u00a0<br>&#8211; corolle \u00e0 \u00e9peron lin\u00e9aire 1-2 fois plus long que l&#8217;ovaire, \u00e9galant presque le tube\u00a0<br>&#8211; \u00e9tamine saillante\u00a0<br>&#8211; fruit glabre.<\/td><\/tr><tr><td>\u00c9cologie Rochers et vieux murs, spontan\u00e9 dans la r\u00e9gion m\u00e9diterran\u00e9enne, naturalis\u00e9 dans toute la France et en Corse.<\/td><\/tr><tr><td>R\u00e9partition Europe centrale et m\u00e9ridionale&nbsp;; Syrie&nbsp;; Afrique septentrionale.<\/td><\/tr><tr><td>Floraison Mai-septembre. .<\/td><\/tr><tr><td>Usages Souvent cultiv\u00e9 pour l&#8217;ornement des parterres.<\/td><\/tr><\/tbody><\/table><\/figure>\n","protected":false},"excerpt":{"rendered":"<p>Description de Coste 1723 Centranthus ruber DC. Val\u00e9riane rouge, Lilas d&#8217;Espagne &#8211; . Plante vivace de 30-80 cm, glabre et glauque, \u00e0 souche \u00e9paisse, odorante\u00a0&#8211; tiges dress\u00e9es, cylindriques, stri\u00e9es, lisses, creuses, simples ou rameuses\u00a0&#8211; feuilles ovales ou elliptiques-lanc\u00e9ol\u00e9es, longues de 8-12 cm et larges de 2-4, enti\u00e8res ou \u00e0 peine dentel\u00e9es, les inf\u00e9rieures p\u00e9tiol\u00e9es, les&hellip;<\/p>\n","protected":false},"author":1,"featured_media":4749,"parent":0,"menu_order":0,"comment_status":"closed","ping_status":"closed","template":"","meta":{"_acf_changed":false,"footnotes":""},"categories":[21,262,6],"tags":[],"class_list":["post-4747","page","type-page","status-publish","has-post-thumbnail","hentry","category-caprifoliaceae","category-centranthus","category-plantae"],"acf":[],"_links":{"self":[{"href":"https:\/\/www.rezeau.org\/wp-flore\/wp-json\/wp\/v2\/pages\/4747","targetHints":{"allow":["GET"]}}],"collection":[{"href":"https:\/\/www.rezeau.org\/wp-flore\/wp-json\/wp\/v2\/pages"}],"about":[{"href":"https:\/\/www.rezeau.org\/wp-flore\/wp-json\/wp\/v2\/types\/page"}],"author":[{"embeddable":true,"href":"https:\/\/www.rezeau.org\/wp-flore\/wp-json\/wp\/v2\/users\/1"}],"replies":[{"embeddable":true,"href":"https:\/\/www.rezeau.org\/wp-flore\/wp-json\/wp\/v2\/comments?post=4747"}],"version-history":[{"count":3,"href":"https:\/\/www.rezeau.org\/wp-flore\/wp-json\/wp\/v2\/pages\/4747\/revisions"}],"predecessor-version":[{"id":4778,"href":"https:\/\/www.rezeau.org\/wp-flore\/wp-json\/wp\/v2\/pages\/4747\/revisions\/4778"}],"wp:featuredmedia":[{"embeddable":true,"href":"https:\/\/www.rezeau.org\/wp-flore\/wp-json\/wp\/v2\/media\/4749"}],"wp:attachment":[{"href":"https:\/\/www.rezeau.org\/wp-flore\/wp-json\/wp\/v2\/media?parent=4747"}],"wp:term":[{"taxonomy":"category","embeddable":true,"href":"https:\/\/www.rezeau.org\/wp-flore\/wp-json\/wp\/v2\/categories?post=4747"},{"taxonomy":"post_tag","embeddable":true,"href":"https:\/\/www.rezeau.org\/wp-flore\/wp-json\/wp\/v2\/tags?post=4747"}],"curies":[{"name":"wp","href":"https:\/\/api.w.org\/{rel}","templated":true}]}}