{"id":478,"date":"2016-03-12T22:23:07","date_gmt":"2016-03-12T21:23:07","guid":{"rendered":"http:\/\/www.rezeau.org\/wp-flore\/?page_id=478"},"modified":"2021-06-22T18:37:01","modified_gmt":"2021-06-22T16:37:01","slug":"chelidonium-majus-l","status":"publish","type":"page","link":"https:\/\/www.rezeau.org\/wp-flore\/chelidonium-majus-l\/","title":{"rendered":"Chelidonium majus"},"content":{"rendered":"\n<h4 class=\"wp-block-heading\">Description de Coste<\/h4>\n\n\n\n<table class=\"desc\">\n<tbody>\n<tr>\n<td><span class=\"gras\">134 Chelidonium majus L.&nbsp;<\/span><span class=\"italique\">Eclaire, Herbe-aux-verrues<\/span><\/td>\n<\/tr>\n<tr>\n<td>&#8211; . Plante&nbsp;vivace, \u00e0 suc jaune et \u00e0 odeur vireuse&nbsp;<br>&#8211;&nbsp;tige&nbsp;de 30-80 cm, dress\u00e9e,&nbsp;rameuse, fragile,&nbsp;velue&nbsp;<br>&#8211;&nbsp;feuilles&nbsp;pennatis\u00e9qu\u00e9es, \u00e0 5-7&nbsp;segments&nbsp;ovales,&nbsp;incis\u00e9s-lob\u00e9s,&nbsp;glauques&nbsp;en dessous&nbsp;<br>&#8211;&nbsp;fleurs&nbsp;jaunes, petites, presque en&nbsp;ombelle, \u00e0&nbsp;p\u00e9doncules&nbsp;in\u00e9gaux&nbsp;<br>&#8211;&nbsp;s\u00e9pales&nbsp;jaun\u00e2tres&nbsp;<br>&#8211;&nbsp;p\u00e9tales&nbsp;roul\u00e9s r\u00e9guli\u00e8rement dans le&nbsp;bouton&nbsp;<br>&#8211;&nbsp;style&nbsp;tr\u00e8s court&nbsp;<br>&#8211; 2&nbsp;stigmates&nbsp;obliques&nbsp;<br>&#8211;&nbsp;capsule&nbsp;lin\u00e9aire, longue de 3-4 cm,&nbsp;glabre, \u00e0 1&nbsp;loge, \u00e0 2&nbsp;valves&nbsp;s&#8217;ouvrant de bas en haut&nbsp;<br>&#8211; graines sur 2 rangs.<\/td>\n<\/tr>\n<tr>\n<td><span class=\"titre\">\u00c9cologie&nbsp;<\/span>Vieux murs, haies, d\u00e9combres, dans toute la France<\/td>\n<\/tr>\n<\/tbody>\n<\/table>\n","protected":false},"excerpt":{"rendered":"<p>Description de Coste 134 Chelidonium majus L.&nbsp;Eclaire, Herbe-aux-verrues &#8211; . Plante&nbsp;vivace, \u00e0 suc jaune et \u00e0 odeur vireuse&nbsp;&#8211;&nbsp;tige&nbsp;de 30-80 cm, dress\u00e9e,&nbsp;rameuse, fragile,&nbsp;velue&nbsp;&#8211;&nbsp;feuilles&nbsp;pennatis\u00e9qu\u00e9es, \u00e0 5-7&nbsp;segments&nbsp;ovales,&nbsp;incis\u00e9s-lob\u00e9s,&nbsp;glauques&nbsp;en dessous&nbsp;&#8211;&nbsp;fleurs&nbsp;jaunes, petites, presque en&nbsp;ombelle, \u00e0&nbsp;p\u00e9doncules&nbsp;in\u00e9gaux&nbsp;&#8211;&nbsp;s\u00e9pales&nbsp;jaun\u00e2tres&nbsp;&#8211;&nbsp;p\u00e9tales&nbsp;roul\u00e9s r\u00e9guli\u00e8rement dans le&nbsp;bouton&nbsp;&#8211;&nbsp;style&nbsp;tr\u00e8s court&nbsp;&#8211; 2&nbsp;stigmates&nbsp;obliques&nbsp;&#8211;&nbsp;capsule&nbsp;lin\u00e9aire, longue de 3-4 cm,&nbsp;glabre, \u00e0 1&nbsp;loge, \u00e0 2&nbsp;valves&nbsp;s&#8217;ouvrant de bas en haut&nbsp;&#8211; graines sur 2 rangs. \u00c9cologie&nbsp;Vieux murs, haies, d\u00e9combres, dans&hellip;<\/p>\n","protected":false},"author":1,"featured_media":366,"parent":0,"menu_order":0,"comment_status":"closed","ping_status":"closed","template":"","meta":{"_acf_changed":false,"footnotes":""},"categories":[132,49,6],"tags":[],"class_list":["post-478","page","type-page","status-publish","has-post-thumbnail","hentry","category-chelidonium","category-papaveraceae","category-plantae"],"acf":[],"_links":{"self":[{"href":"https:\/\/www.rezeau.org\/wp-flore\/wp-json\/wp\/v2\/pages\/478","targetHints":{"allow":["GET"]}}],"collection":[{"href":"https:\/\/www.rezeau.org\/wp-flore\/wp-json\/wp\/v2\/pages"}],"about":[{"href":"https:\/\/www.rezeau.org\/wp-flore\/wp-json\/wp\/v2\/types\/page"}],"author":[{"embeddable":true,"href":"https:\/\/www.rezeau.org\/wp-flore\/wp-json\/wp\/v2\/users\/1"}],"replies":[{"embeddable":true,"href":"https:\/\/www.rezeau.org\/wp-flore\/wp-json\/wp\/v2\/comments?post=478"}],"version-history":[{"count":4,"href":"https:\/\/www.rezeau.org\/wp-flore\/wp-json\/wp\/v2\/pages\/478\/revisions"}],"predecessor-version":[{"id":4466,"href":"https:\/\/www.rezeau.org\/wp-flore\/wp-json\/wp\/v2\/pages\/478\/revisions\/4466"}],"wp:featuredmedia":[{"embeddable":true,"href":"https:\/\/www.rezeau.org\/wp-flore\/wp-json\/wp\/v2\/media\/366"}],"wp:attachment":[{"href":"https:\/\/www.rezeau.org\/wp-flore\/wp-json\/wp\/v2\/media?parent=478"}],"wp:term":[{"taxonomy":"category","embeddable":true,"href":"https:\/\/www.rezeau.org\/wp-flore\/wp-json\/wp\/v2\/categories?post=478"},{"taxonomy":"post_tag","embeddable":true,"href":"https:\/\/www.rezeau.org\/wp-flore\/wp-json\/wp\/v2\/tags?post=478"}],"curies":[{"name":"wp","href":"https:\/\/api.w.org\/{rel}","templated":true}]}}