{"id":4794,"date":"2025-11-13T11:29:56","date_gmt":"2025-11-13T10:29:56","guid":{"rendered":"https:\/\/www.rezeau.org\/wp-flore\/?page_id=4794"},"modified":"2025-11-13T11:31:04","modified_gmt":"2025-11-13T10:31:04","slug":"salvia-verbenaca","status":"publish","type":"page","link":"https:\/\/www.rezeau.org\/wp-flore\/salvia-verbenaca\/","title":{"rendered":"Salvia verbenaca"},"content":{"rendered":"<p>Description de Coste<br \/>\n2894 Salvia horminoides Pourr., non G. G.<br \/>\n&#8211; Plante vivace de 30-80 cm, velue, peu odorante<br \/>\n&#8211; tige robuste, ordinairement rameuse, velue jusqu&#8217;\u00e0 la base, feuill\u00e9e<br \/>\n&#8211; feuilles ovales-oblongues, larges de 3-6 cm, pennatilob\u00e9es, les sup\u00e9rieures sessiles<br \/>\n&#8211; fleurs petites, d&#8217;un bleu violet, en verticilles \u00e9cart\u00e9s formant une grappe tr\u00e8s allong\u00e9e tronqu\u00e9e au sommet<br \/>\n&#8211; calice fructif\u00e8re tr\u00e8s ouvert, h\u00e9riss\u00e9 de poils \u00e9tal\u00e9s<br \/>\n&#8211; corolle de 5-10 mm, \u00e0 peine de moiti\u00e9 plus longue que le calice, \u00e0 l\u00e8vres rapproch\u00e9es, presque \u00e9gales, la sup\u00e9rieure concave, presque droite, non comprim\u00e9e ni courb\u00e9e en faux<br \/>\n&#8211; style inclus.<br \/>\n\u00c9cologie Lieux herbeux, dans le Midi, l&#8217;Ouest et le Centre.<br \/>\nR\u00e9partition Europe m\u00e9ridionale, Mai-ao\u00fbt, rarement en avril. <\/p>\n","protected":false},"excerpt":{"rendered":"<p>Description de Coste 2894 Salvia horminoides Pourr., non G. G. &#8211; Plante vivace de 30-80 cm, velue, peu odorante &#8211; tige robuste, ordinairement rameuse, velue jusqu&#8217;\u00e0 la base, feuill\u00e9e &#8211; feuilles ovales-oblongues, larges de 3-6 cm, pennatilob\u00e9es, les sup\u00e9rieures sessiles &#8211; fleurs petites, d&#8217;un bleu violet, en verticilles \u00e9cart\u00e9s formant une grappe tr\u00e8s allong\u00e9e tronqu\u00e9e&hellip;<\/p>\n","protected":false},"author":1,"featured_media":4796,"parent":0,"menu_order":0,"comment_status":"closed","ping_status":"closed","template":"","meta":{"_acf_changed":false,"footnotes":""},"categories":[41,6,263],"tags":[],"class_list":["post-4794","page","type-page","status-publish","has-post-thumbnail","hentry","category-lamiaceae","category-plantae","category-salvia"],"acf":[],"_links":{"self":[{"href":"https:\/\/www.rezeau.org\/wp-flore\/wp-json\/wp\/v2\/pages\/4794","targetHints":{"allow":["GET"]}}],"collection":[{"href":"https:\/\/www.rezeau.org\/wp-flore\/wp-json\/wp\/v2\/pages"}],"about":[{"href":"https:\/\/www.rezeau.org\/wp-flore\/wp-json\/wp\/v2\/types\/page"}],"author":[{"embeddable":true,"href":"https:\/\/www.rezeau.org\/wp-flore\/wp-json\/wp\/v2\/users\/1"}],"replies":[{"embeddable":true,"href":"https:\/\/www.rezeau.org\/wp-flore\/wp-json\/wp\/v2\/comments?post=4794"}],"version-history":[{"count":1,"href":"https:\/\/www.rezeau.org\/wp-flore\/wp-json\/wp\/v2\/pages\/4794\/revisions"}],"predecessor-version":[{"id":4801,"href":"https:\/\/www.rezeau.org\/wp-flore\/wp-json\/wp\/v2\/pages\/4794\/revisions\/4801"}],"wp:featuredmedia":[{"embeddable":true,"href":"https:\/\/www.rezeau.org\/wp-flore\/wp-json\/wp\/v2\/media\/4796"}],"wp:attachment":[{"href":"https:\/\/www.rezeau.org\/wp-flore\/wp-json\/wp\/v2\/media?parent=4794"}],"wp:term":[{"taxonomy":"category","embeddable":true,"href":"https:\/\/www.rezeau.org\/wp-flore\/wp-json\/wp\/v2\/categories?post=4794"},{"taxonomy":"post_tag","embeddable":true,"href":"https:\/\/www.rezeau.org\/wp-flore\/wp-json\/wp\/v2\/tags?post=4794"}],"curies":[{"name":"wp","href":"https:\/\/api.w.org\/{rel}","templated":true}]}}