{"id":483,"date":"2016-03-12T22:33:54","date_gmt":"2016-03-12T21:33:54","guid":{"rendered":"http:\/\/www.rezeau.org\/wp-flore\/?page_id=483"},"modified":"2021-06-22T18:37:24","modified_gmt":"2021-06-22T16:37:24","slug":"chenopodium-album-l","status":"publish","type":"page","link":"https:\/\/www.rezeau.org\/wp-flore\/chenopodium-album-l\/","title":{"rendered":"Chenopodium album"},"content":{"rendered":"\n<p>(taxon modifi\u00e9 le : 19\/12\/2014) Changement de famille : Chenopodiaceae -&gt; Amaranthaceae<\/p>\n\n\n\n<h4 class=\"wp-block-heading\">Description de Coste<\/h4>\n\n\n\n<table class=\"desc\">\n<tbody>\n<tr>\n<td><span class=\"gras\">3099 Chenopodium album L.<\/span><\/td>\n<\/tr>\n<tr>\n<td>&#8211; Plante&nbsp;annuelle&nbsp;de 20 cm \u00e0 1 m\u00e8tre, blanch\u00e2tre ou verd\u00e2tre, \u00e0&nbsp;tige&nbsp;ordinairement dress\u00e9e, anguleuse,&nbsp;simple&nbsp;ou&nbsp;rameuse&nbsp;<br>&#8211;&nbsp;feuilles&nbsp;blanches-farineuses en dessous ou parfois vertes sur les 2 faces, 2 fois plus longues que larges,&nbsp;ovales-rhombo\u00efdales&nbsp;ou&nbsp;lanc\u00e9ol\u00e9es,&nbsp;sinu\u00e9es-dent\u00e9es, rarement la plupart&nbsp;enti\u00e8res&nbsp;<br>&#8211;&nbsp;glom\u00e9rules&nbsp;farineux-blanch\u00e2tres, en&nbsp;panicule&nbsp;\u00e9troite ou&nbsp;\u00e9tal\u00e9e, nue ou feuill\u00e9e \u00e0 la base&nbsp;<br>&#8211;&nbsp;p\u00e9rianthe&nbsp;cachant compl\u00e8tement le&nbsp;fruit, \u00e0&nbsp;lobes&nbsp;car\u00e9n\u00e9s&nbsp;<br>&#8211; graine de 1 14 mm, horizontale, luisante,&nbsp;lisse, \u00e0 bord car\u00e9n\u00e9-aigu.&nbsp;Esp\u00e8ce&nbsp;polymorphe.<\/td>\n<\/tr>\n<tr>\n<td><span class=\"titre\">\u00c9cologie&nbsp;<\/span>Lieux cultiv\u00e9s et incultes, dans toute la France et la Corse.<\/td>\n<\/tr>\n<tr>\n<td><span class=\"titre\">R\u00e9partition&nbsp;<\/span>Europe et presque tout le globe.<\/td>\n<\/tr>\n<tr>\n<td><span class=\"titre\">Floraison&nbsp;<\/span>Juin-octobre.<\/td>\n<\/tr>\n<\/tbody>\n<\/table>\n","protected":false},"excerpt":{"rendered":"<p>(taxon modifi\u00e9 le : 19\/12\/2014) Changement de famille : Chenopodiaceae -&gt; Amaranthaceae Description de Coste 3099 Chenopodium album L. &#8211; Plante&nbsp;annuelle&nbsp;de 20 cm \u00e0 1 m\u00e8tre, blanch\u00e2tre ou verd\u00e2tre, \u00e0&nbsp;tige&nbsp;ordinairement dress\u00e9e, anguleuse,&nbsp;simple&nbsp;ou&nbsp;rameuse&nbsp;&#8211;&nbsp;feuilles&nbsp;blanches-farineuses en dessous ou parfois vertes sur les 2 faces, 2 fois plus longues que larges,&nbsp;ovales-rhombo\u00efdales&nbsp;ou&nbsp;lanc\u00e9ol\u00e9es,&nbsp;sinu\u00e9es-dent\u00e9es, rarement la plupart&nbsp;enti\u00e8res&nbsp;&#8211;&nbsp;glom\u00e9rules&nbsp;farineux-blanch\u00e2tres, en&nbsp;panicule&nbsp;\u00e9troite ou&nbsp;\u00e9tal\u00e9e, nue ou feuill\u00e9e&hellip;<\/p>\n","protected":false},"author":1,"featured_media":369,"parent":0,"menu_order":0,"comment_status":"closed","ping_status":"closed","template":"","meta":{"_acf_changed":false,"footnotes":""},"categories":[133,134,6],"tags":[],"class_list":["post-483","page","type-page","status-publish","has-post-thumbnail","hentry","category-amaranthaceae","category-chenopodium","category-plantae"],"acf":[],"_links":{"self":[{"href":"https:\/\/www.rezeau.org\/wp-flore\/wp-json\/wp\/v2\/pages\/483","targetHints":{"allow":["GET"]}}],"collection":[{"href":"https:\/\/www.rezeau.org\/wp-flore\/wp-json\/wp\/v2\/pages"}],"about":[{"href":"https:\/\/www.rezeau.org\/wp-flore\/wp-json\/wp\/v2\/types\/page"}],"author":[{"embeddable":true,"href":"https:\/\/www.rezeau.org\/wp-flore\/wp-json\/wp\/v2\/users\/1"}],"replies":[{"embeddable":true,"href":"https:\/\/www.rezeau.org\/wp-flore\/wp-json\/wp\/v2\/comments?post=483"}],"version-history":[{"count":7,"href":"https:\/\/www.rezeau.org\/wp-flore\/wp-json\/wp\/v2\/pages\/483\/revisions"}],"predecessor-version":[{"id":4467,"href":"https:\/\/www.rezeau.org\/wp-flore\/wp-json\/wp\/v2\/pages\/483\/revisions\/4467"}],"wp:featuredmedia":[{"embeddable":true,"href":"https:\/\/www.rezeau.org\/wp-flore\/wp-json\/wp\/v2\/media\/369"}],"wp:attachment":[{"href":"https:\/\/www.rezeau.org\/wp-flore\/wp-json\/wp\/v2\/media?parent=483"}],"wp:term":[{"taxonomy":"category","embeddable":true,"href":"https:\/\/www.rezeau.org\/wp-flore\/wp-json\/wp\/v2\/categories?post=483"},{"taxonomy":"post_tag","embeddable":true,"href":"https:\/\/www.rezeau.org\/wp-flore\/wp-json\/wp\/v2\/tags?post=483"}],"curies":[{"name":"wp","href":"https:\/\/api.w.org\/{rel}","templated":true}]}}