{"id":508,"date":"2016-03-13T14:51:29","date_gmt":"2016-03-13T13:51:29","guid":{"rendered":"http:\/\/www.rezeau.org\/wp-flore\/?page_id=508"},"modified":"2021-06-22T18:38:26","modified_gmt":"2021-06-22T16:38:26","slug":"clematis-vitalba-l","status":"publish","type":"page","link":"https:\/\/www.rezeau.org\/wp-flore\/clematis-vitalba-l\/","title":{"rendered":"Clematis vitalba"},"content":{"rendered":"\n<h4 class=\"wp-block-heading\">Description de Coste<\/h4>\n\n\n\n<figure class=\"wp-block-table desc\"><table><tbody><tr><td><span class=\"gras\">58 Clematis vitalba L.&nbsp;<\/span><span class=\"italique\">Vigne blanche<\/span><\/td><\/tr><tr><td>&#8211; Tige sarmenteuse, grimpante, tr\u00e8s longue, pleine, un peu poilue<br>&#8211; feuilles penn\u00e9es, \u00e0 3-7 folioles grandes, ovales-lanc\u00e9ol\u00e9es, un peu en c\u0153ur \u00e0 la base, enti\u00e8res, cr\u00e9nel\u00e9es ou dent\u00e9es<br>&#8211; fleurs blanches, en panicule fournie<br>&#8211; s\u00e9pales tomenteux sur les 2 faces<br>&#8211; p\u00e9tales nuls<br>&#8211; anth\u00e8res petites, \u00e9galant au plus le tiers du filet<br>&#8211; r\u00e9ceptacle velu<br>&#8211; carpelles peu comprim\u00e9s, \u00e0 ar\u00eate plumeuse longue et flexueuse.<\/td><\/tr><tr><td><span class=\"titre\">\u00c9cologie&nbsp;<\/span>Haies, bois et&nbsp;<span class=\"definition_term\">buissons<\/span>, dans presque toute la France.<\/td><\/tr><tr><td><span class=\"titre\">R\u00e9partition&nbsp;<\/span>Europe centrale et m\u00e9ridionale&nbsp;; Afrique septentrionale.<\/td><\/tr><tr><td><span class=\"titre\">Floraison&nbsp;<\/span>Juin-Juillet-Ao\u00fbt .<\/td><\/tr><tr><td><span class=\"titre\">Usages<\/span>&nbsp;Plante \u00e2cre et tr\u00e8s irritante&nbsp;: ses&nbsp;<span class=\"definition_term\">tiges<\/span>&nbsp;servent \u00e0 la vannerie, ses&nbsp;<span class=\"definition_term\">feuilles<\/span>&nbsp;\u00e0 nourrir les bestiaux et ses jeunes pousses sont parfois mang\u00e9es par les paysans.<\/td><\/tr><\/tbody><\/table><\/figure>\n","protected":false},"excerpt":{"rendered":"<p>Description de Coste 58 Clematis vitalba L.&nbsp;Vigne blanche &#8211; Tige sarmenteuse, grimpante, tr\u00e8s longue, pleine, un peu poilue&#8211; feuilles penn\u00e9es, \u00e0 3-7 folioles grandes, ovales-lanc\u00e9ol\u00e9es, un peu en c\u0153ur \u00e0 la base, enti\u00e8res, cr\u00e9nel\u00e9es ou dent\u00e9es&#8211; fleurs blanches, en panicule fournie&#8211; s\u00e9pales tomenteux sur les 2 faces&#8211; p\u00e9tales nuls&#8211; anth\u00e8res petites, \u00e9galant au plus le&hellip;<\/p>\n","protected":false},"author":1,"featured_media":383,"parent":0,"menu_order":0,"comment_status":"closed","ping_status":"closed","template":"","meta":{"_acf_changed":false,"footnotes":""},"categories":[136,6,54],"tags":[],"class_list":["post-508","page","type-page","status-publish","has-post-thumbnail","hentry","category-clematis","category-plantae","category-renonculaceae"],"acf":[],"_links":{"self":[{"href":"https:\/\/www.rezeau.org\/wp-flore\/wp-json\/wp\/v2\/pages\/508","targetHints":{"allow":["GET"]}}],"collection":[{"href":"https:\/\/www.rezeau.org\/wp-flore\/wp-json\/wp\/v2\/pages"}],"about":[{"href":"https:\/\/www.rezeau.org\/wp-flore\/wp-json\/wp\/v2\/types\/page"}],"author":[{"embeddable":true,"href":"https:\/\/www.rezeau.org\/wp-flore\/wp-json\/wp\/v2\/users\/1"}],"replies":[{"embeddable":true,"href":"https:\/\/www.rezeau.org\/wp-flore\/wp-json\/wp\/v2\/comments?post=508"}],"version-history":[{"count":6,"href":"https:\/\/www.rezeau.org\/wp-flore\/wp-json\/wp\/v2\/pages\/508\/revisions"}],"predecessor-version":[{"id":4470,"href":"https:\/\/www.rezeau.org\/wp-flore\/wp-json\/wp\/v2\/pages\/508\/revisions\/4470"}],"wp:featuredmedia":[{"embeddable":true,"href":"https:\/\/www.rezeau.org\/wp-flore\/wp-json\/wp\/v2\/media\/383"}],"wp:attachment":[{"href":"https:\/\/www.rezeau.org\/wp-flore\/wp-json\/wp\/v2\/media?parent=508"}],"wp:term":[{"taxonomy":"category","embeddable":true,"href":"https:\/\/www.rezeau.org\/wp-flore\/wp-json\/wp\/v2\/categories?post=508"},{"taxonomy":"post_tag","embeddable":true,"href":"https:\/\/www.rezeau.org\/wp-flore\/wp-json\/wp\/v2\/tags?post=508"}],"curies":[{"name":"wp","href":"https:\/\/api.w.org\/{rel}","templated":true}]}}