{"id":516,"date":"2016-03-13T15:00:49","date_gmt":"2016-03-13T14:00:49","guid":{"rendered":"http:\/\/www.rezeau.org\/wp-flore\/?page_id=516"},"modified":"2021-05-15T23:06:16","modified_gmt":"2021-05-15T21:06:16","slug":"clinopodium-vulgare-l","status":"publish","type":"page","link":"https:\/\/www.rezeau.org\/wp-flore\/clinopodium-vulgare-l\/","title":{"rendered":"Clinopodium vulgare"},"content":{"rendered":"\n<p>2870. \u2013 Calamintha clinopodium Moris (Clinopodium vulgare L.). \u2013 Clinopode<\/p>\n\n\n\n<p>Plante vivace de 35-80 cm, mollement velue, inodore, \u00e0 souche rampante ; tiges dress\u00e9es, simples ou rameuses ; feuilles assez grandes, courtement p\u00e9tiol\u00e9es, ovales ou oblongues, obtuses, superficiellement dent\u00e9es, nerv\u00e9es ; fleurs purpurines, en gros verticilles axillaires et terminaux, compacts, distants, h\u00e9riss\u00e9s-plumeux, entour\u00e9s d&#8217;un involucre de bract\u00e9es pectin\u00e9es-cili\u00e9es aussi longues que les calices ; calice dress\u00e9, arqu\u00e9, \u00e0 13 nervures, \u00e0 dents cili\u00e9es ; corolle d\u00e9passant de 8 mm la gorge du calice ; carpelles ovo\u00efdes.<\/p>\n","protected":false},"excerpt":{"rendered":"<p>2870. \u2013 Calamintha clinopodium Moris (Clinopodium vulgare L.). \u2013 Clinopode Plante vivace de 35-80 cm, mollement velue, inodore, \u00e0 souche rampante ; tiges dress\u00e9es, simples ou rameuses ; feuilles assez grandes, courtement p\u00e9tiol\u00e9es, ovales ou oblongues, obtuses, superficiellement dent\u00e9es, nerv\u00e9es ; fleurs purpurines, en gros verticilles axillaires et terminaux, compacts, distants, h\u00e9riss\u00e9s-plumeux, entour\u00e9s d&#8217;un involucre&hellip;<\/p>\n","protected":false},"author":1,"featured_media":386,"parent":0,"menu_order":0,"comment_status":"closed","ping_status":"closed","template":"","meta":{"_acf_changed":false,"footnotes":""},"categories":[137,41,6],"tags":[],"class_list":["post-516","page","type-page","status-publish","has-post-thumbnail","hentry","category-clinopodium","category-lamiaceae","category-plantae"],"acf":[],"_links":{"self":[{"href":"https:\/\/www.rezeau.org\/wp-flore\/wp-json\/wp\/v2\/pages\/516","targetHints":{"allow":["GET"]}}],"collection":[{"href":"https:\/\/www.rezeau.org\/wp-flore\/wp-json\/wp\/v2\/pages"}],"about":[{"href":"https:\/\/www.rezeau.org\/wp-flore\/wp-json\/wp\/v2\/types\/page"}],"author":[{"embeddable":true,"href":"https:\/\/www.rezeau.org\/wp-flore\/wp-json\/wp\/v2\/users\/1"}],"replies":[{"embeddable":true,"href":"https:\/\/www.rezeau.org\/wp-flore\/wp-json\/wp\/v2\/comments?post=516"}],"version-history":[{"count":3,"href":"https:\/\/www.rezeau.org\/wp-flore\/wp-json\/wp\/v2\/pages\/516\/revisions"}],"predecessor-version":[{"id":4174,"href":"https:\/\/www.rezeau.org\/wp-flore\/wp-json\/wp\/v2\/pages\/516\/revisions\/4174"}],"wp:featuredmedia":[{"embeddable":true,"href":"https:\/\/www.rezeau.org\/wp-flore\/wp-json\/wp\/v2\/media\/386"}],"wp:attachment":[{"href":"https:\/\/www.rezeau.org\/wp-flore\/wp-json\/wp\/v2\/media?parent=516"}],"wp:term":[{"taxonomy":"category","embeddable":true,"href":"https:\/\/www.rezeau.org\/wp-flore\/wp-json\/wp\/v2\/categories?post=516"},{"taxonomy":"post_tag","embeddable":true,"href":"https:\/\/www.rezeau.org\/wp-flore\/wp-json\/wp\/v2\/tags?post=516"}],"curies":[{"name":"wp","href":"https:\/\/api.w.org\/{rel}","templated":true}]}}