{"id":521,"date":"2016-03-13T15:04:50","date_gmt":"2016-03-13T14:04:50","guid":{"rendered":"http:\/\/www.rezeau.org\/wp-flore\/?page_id=521"},"modified":"2021-06-22T18:39:02","modified_gmt":"2021-06-22T16:39:02","slug":"convolvulus-arvensis-l","status":"publish","type":"page","link":"https:\/\/www.rezeau.org\/wp-flore\/convolvulus-arvensis-l\/","title":{"rendered":"Convolvulus arvensis"},"content":{"rendered":"\n<h4 class=\"wp-block-heading\">Description de Coste<\/h4>\n\n\n\n<figure class=\"wp-block-table\"><table><tbody><tr><td><strong>2530 Convolvulus arvensis L.&nbsp;<\/strong><em>Vrill\u00e9e<\/em><\/td><\/tr><tr><td>&#8211; . Plante&nbsp;vivace&nbsp;de 20 cm \u00e0 1 m\u00e8tre, verte,&nbsp;glabre&nbsp;ou&nbsp;pubescente, \u00e0&nbsp;souche&nbsp;gr\u00eale, longuement&nbsp;tra\u00e7ante&nbsp;<br>&#8211;&nbsp;tiges&nbsp;couch\u00e9es ou volubiles-grimpantes, faibles, anguleuses&nbsp;<br>&#8211;&nbsp;feuilles&nbsp;petites,&nbsp;sagitt\u00e9es&nbsp;ou&nbsp;hast\u00e9es,&nbsp;obtuses&nbsp;ou subaigu\u00ebs,&nbsp;enti\u00e8res,&nbsp;p\u00e9tiol\u00e9es, \u00e0 oreillettes&nbsp;divergentes&nbsp;et plus ou moins&nbsp;aigu\u00ebs&nbsp;<br>&#8211;&nbsp;fleurs&nbsp;blanches ou roses, d&#8217;environ 2 cm, solitaires ou g\u00e9min\u00e9es sur des&nbsp;p\u00e9doncules&nbsp;axillaires&nbsp;gr\u00eales, plus longs que la&nbsp;feuille&nbsp;<br>&#8211;&nbsp;bract\u00e9es&nbsp;lin\u00e9aires, \u00e9loign\u00e9es de la&nbsp;fleur&nbsp;<br>&#8211;&nbsp;calice&nbsp;glabre, \u00e0&nbsp;lobes&nbsp;ovales-arrondis&nbsp;<br>&#8211;&nbsp;corolle&nbsp;4-5 fois plus longue que le&nbsp;calice,&nbsp;glabre&nbsp;<br>&#8211;&nbsp;capsule&nbsp;r\u00e9fl\u00e9chie,&nbsp;glabre.<\/td><\/tr><tr><td>\u00c9cologie&nbsp;Champs, jardins, chemins, dans toute la France et en Corse.<\/td><\/tr><tr><td>R\u00e9partition&nbsp;Presque tout le globe.<\/td><\/tr><tr><td>Floraison&nbsp;Mai octobre. .<\/td><\/tr><tr><td>Usages&nbsp;Plante tr\u00e8s nuisible aux cultures, purgative et&nbsp;vuln\u00e9raire.<\/td><\/tr><\/tbody><\/table><\/figure>\n\n\n","protected":false},"excerpt":{"rendered":"<p>Description de Coste 2530 Convolvulus arvensis L.&nbsp;Vrill\u00e9e &#8211; . Plante&nbsp;vivace&nbsp;de 20 cm \u00e0 1 m\u00e8tre, verte,&nbsp;glabre&nbsp;ou&nbsp;pubescente, \u00e0&nbsp;souche&nbsp;gr\u00eale, longuement&nbsp;tra\u00e7ante&nbsp;&#8211;&nbsp;tiges&nbsp;couch\u00e9es ou volubiles-grimpantes, faibles, anguleuses&nbsp;&#8211;&nbsp;feuilles&nbsp;petites,&nbsp;sagitt\u00e9es&nbsp;ou&nbsp;hast\u00e9es,&nbsp;obtuses&nbsp;ou subaigu\u00ebs,&nbsp;enti\u00e8res,&nbsp;p\u00e9tiol\u00e9es, \u00e0 oreillettes&nbsp;divergentes&nbsp;et plus ou moins&nbsp;aigu\u00ebs&nbsp;&#8211;&nbsp;fleurs&nbsp;blanches ou roses, d&#8217;environ 2 cm, solitaires ou g\u00e9min\u00e9es sur des&nbsp;p\u00e9doncules&nbsp;axillaires&nbsp;gr\u00eales, plus longs que la&nbsp;feuille&nbsp;&#8211;&nbsp;bract\u00e9es&nbsp;lin\u00e9aires, \u00e9loign\u00e9es de la&nbsp;fleur&nbsp;&#8211;&nbsp;calice&nbsp;glabre, \u00e0&nbsp;lobes&nbsp;ovales-arrondis&nbsp;&#8211;&nbsp;corolle&nbsp;4-5 fois plus longue que le&nbsp;calice,&nbsp;glabre&nbsp;&#8211;&nbsp;capsule&nbsp;r\u00e9fl\u00e9chie,&nbsp;glabre. \u00c9cologie&nbsp;Champs, jardins, chemins, dans&hellip;<\/p>\n","protected":false},"author":1,"featured_media":388,"parent":0,"menu_order":0,"comment_status":"closed","ping_status":"closed","template":"","meta":{"_acf_changed":false,"footnotes":""},"categories":[26,138,6],"tags":[],"class_list":["post-521","page","type-page","status-publish","has-post-thumbnail","hentry","category-convolvulaceae","category-convolvulus","category-plantae"],"acf":[],"_links":{"self":[{"href":"https:\/\/www.rezeau.org\/wp-flore\/wp-json\/wp\/v2\/pages\/521","targetHints":{"allow":["GET"]}}],"collection":[{"href":"https:\/\/www.rezeau.org\/wp-flore\/wp-json\/wp\/v2\/pages"}],"about":[{"href":"https:\/\/www.rezeau.org\/wp-flore\/wp-json\/wp\/v2\/types\/page"}],"author":[{"embeddable":true,"href":"https:\/\/www.rezeau.org\/wp-flore\/wp-json\/wp\/v2\/users\/1"}],"replies":[{"embeddable":true,"href":"https:\/\/www.rezeau.org\/wp-flore\/wp-json\/wp\/v2\/comments?post=521"}],"version-history":[{"count":7,"href":"https:\/\/www.rezeau.org\/wp-flore\/wp-json\/wp\/v2\/pages\/521\/revisions"}],"predecessor-version":[{"id":4471,"href":"https:\/\/www.rezeau.org\/wp-flore\/wp-json\/wp\/v2\/pages\/521\/revisions\/4471"}],"wp:featuredmedia":[{"embeddable":true,"href":"https:\/\/www.rezeau.org\/wp-flore\/wp-json\/wp\/v2\/media\/388"}],"wp:attachment":[{"href":"https:\/\/www.rezeau.org\/wp-flore\/wp-json\/wp\/v2\/media?parent=521"}],"wp:term":[{"taxonomy":"category","embeddable":true,"href":"https:\/\/www.rezeau.org\/wp-flore\/wp-json\/wp\/v2\/categories?post=521"},{"taxonomy":"post_tag","embeddable":true,"href":"https:\/\/www.rezeau.org\/wp-flore\/wp-json\/wp\/v2\/tags?post=521"}],"curies":[{"name":"wp","href":"https:\/\/api.w.org\/{rel}","templated":true}]}}