{"id":536,"date":"2016-03-13T15:22:42","date_gmt":"2016-03-13T14:22:42","guid":{"rendered":"http:\/\/www.rezeau.org\/wp-flore\/?page_id=536"},"modified":"2021-06-22T18:53:51","modified_gmt":"2021-06-22T16:53:51","slug":"erigeron-sumatrensis-retz-2","status":"publish","type":"page","link":"https:\/\/www.rezeau.org\/wp-flore\/erigeron-sumatrensis-retz-2\/","title":{"rendered":"Erigeron sumatrensis"},"content":{"rendered":"\n<h4 class=\"wp-block-heading\">Description de Coste<\/h4>\n\n\n\n<table class=\"desc\">\n<tbody>\n<tr>\n<td><span class=\"gras\">1798 Conyza naudini<\/span><\/td>\n<\/tr>\n<tr>\n<td><span class=\"titre\">Synonymes&nbsp;<\/span>C. ALTISSIMA Debeaux<\/td>\n<\/tr>\n<tr>\n<td>\n<p>&#8211; Plante&nbsp;annuelle&nbsp;pubescente,&nbsp;hispide, non d&#8217;un vert cendr\u00e9&nbsp;<br>&#8211;&nbsp;tige&nbsp;robuste, atteignant 2 m\u00e8tres, dress\u00e9e,&nbsp;stri\u00e9e,&nbsp;rameuse&nbsp;au sommet, tr\u00e8s fouill\u00e9e&nbsp;<br>&#8211;&nbsp;feuilles&nbsp;hispides,&nbsp;rudes,&nbsp;cili\u00e9es&nbsp;en dessous et sur les bords, multinerv\u00e9es, les inf\u00e9rieures&nbsp;p\u00e9tiol\u00e9es, oblongues-ovales,&nbsp;obtuses, offrant quelques dents profondes et atteignant 12 cm de longueur sur 3 cm de largeur, les moyennes&nbsp;p\u00e9tiol\u00e9es,&nbsp;lanc\u00e9ol\u00e9es, peu ou pas&nbsp;dent\u00e9es, atteignant 8 cm de longueur sur 1 cm de largeur&nbsp;<br>&#8211;&nbsp;aigrette&nbsp;rouss\u00e2tre&nbsp;<br>&#8211; capitules en large&nbsp;corymbe&nbsp;feuille, tr\u00e8s allong\u00e9 atteignant 40 cm de longueur&nbsp;<br>&#8211;&nbsp;fleurs&nbsp;blanches.<\/p>\n<\/td>\n<\/tr>\n<tr>\n<td><span class=\"titre\">\u00c9cologie&nbsp;<\/span>Pyr\u00e9n\u00e9es-Orientales. = Ao\u00fbt-septembre.<\/td>\n<\/tr>\n<\/tbody>\n<\/table>\n","protected":false},"excerpt":{"rendered":"<p>Description de Coste 1798 Conyza naudini Synonymes&nbsp;C. ALTISSIMA Debeaux &#8211; Plante&nbsp;annuelle&nbsp;pubescente,&nbsp;hispide, non d&#8217;un vert cendr\u00e9&nbsp;&#8211;&nbsp;tige&nbsp;robuste, atteignant 2 m\u00e8tres, dress\u00e9e,&nbsp;stri\u00e9e,&nbsp;rameuse&nbsp;au sommet, tr\u00e8s fouill\u00e9e&nbsp;&#8211;&nbsp;feuilles&nbsp;hispides,&nbsp;rudes,&nbsp;cili\u00e9es&nbsp;en dessous et sur les bords, multinerv\u00e9es, les inf\u00e9rieures&nbsp;p\u00e9tiol\u00e9es, oblongues-ovales,&nbsp;obtuses, offrant quelques dents profondes et atteignant 12 cm de longueur sur 3 cm de largeur, les moyennes&nbsp;p\u00e9tiol\u00e9es,&nbsp;lanc\u00e9ol\u00e9es, peu ou pas&nbsp;dent\u00e9es, atteignant 8 cm de&hellip;<\/p>\n","protected":false},"author":1,"featured_media":532,"parent":0,"menu_order":0,"comment_status":"closed","ping_status":"closed","template":"","meta":{"_acf_changed":false,"footnotes":""},"categories":[14,139,6],"tags":[],"class_list":["post-536","page","type-page","status-publish","has-post-thumbnail","hentry","category-asteraceae","category-erigeron","category-plantae"],"acf":[],"_links":{"self":[{"href":"https:\/\/www.rezeau.org\/wp-flore\/wp-json\/wp\/v2\/pages\/536","targetHints":{"allow":["GET"]}}],"collection":[{"href":"https:\/\/www.rezeau.org\/wp-flore\/wp-json\/wp\/v2\/pages"}],"about":[{"href":"https:\/\/www.rezeau.org\/wp-flore\/wp-json\/wp\/v2\/types\/page"}],"author":[{"embeddable":true,"href":"https:\/\/www.rezeau.org\/wp-flore\/wp-json\/wp\/v2\/users\/1"}],"replies":[{"embeddable":true,"href":"https:\/\/www.rezeau.org\/wp-flore\/wp-json\/wp\/v2\/comments?post=536"}],"version-history":[{"count":10,"href":"https:\/\/www.rezeau.org\/wp-flore\/wp-json\/wp\/v2\/pages\/536\/revisions"}],"predecessor-version":[{"id":4496,"href":"https:\/\/www.rezeau.org\/wp-flore\/wp-json\/wp\/v2\/pages\/536\/revisions\/4496"}],"wp:featuredmedia":[{"embeddable":true,"href":"https:\/\/www.rezeau.org\/wp-flore\/wp-json\/wp\/v2\/media\/532"}],"wp:attachment":[{"href":"https:\/\/www.rezeau.org\/wp-flore\/wp-json\/wp\/v2\/media?parent=536"}],"wp:term":[{"taxonomy":"category","embeddable":true,"href":"https:\/\/www.rezeau.org\/wp-flore\/wp-json\/wp\/v2\/categories?post=536"},{"taxonomy":"post_tag","embeddable":true,"href":"https:\/\/www.rezeau.org\/wp-flore\/wp-json\/wp\/v2\/tags?post=536"}],"curies":[{"name":"wp","href":"https:\/\/api.w.org\/{rel}","templated":true}]}}