{"id":620,"date":"2016-03-14T14:54:21","date_gmt":"2016-03-14T13:54:21","guid":{"rendered":"http:\/\/www.rezeau.org\/wp-flore\/?page_id=620"},"modified":"2021-06-22T18:41:21","modified_gmt":"2021-06-22T16:41:21","slug":"cymbalaria-muralis-p-gaertn-b-mey-scherb","status":"publish","type":"page","link":"https:\/\/www.rezeau.org\/wp-flore\/cymbalaria-muralis-p-gaertn-b-mey-scherb\/","title":{"rendered":"Cymbalaria muralis"},"content":{"rendered":"\n<h4 class=\"wp-block-heading\">Description de Coste<\/h4>\n\n\n<table class=\"desc\">\n<tbody>\n<tr>\n<td><span class=\"gras\">2674 Linaria Cymbalaria Mil&nbsp;<\/span><span class=\"italique\">Linaire cymbalaire<\/span><\/td>\n<\/tr>\n<tr>\n<td>&#8211; . Plante&nbsp;vivace&nbsp;de 10-80 cm,&nbsp;glabre, \u00e0&nbsp;tiges&nbsp;filiformes, couch\u00e9es-rampantes&nbsp;ou pendantes&nbsp;<br>\n&#8211;&nbsp;feuilles&nbsp;la plupart&nbsp;alternes, \u00e0&nbsp;p\u00e9tiole&nbsp;plus long que le&nbsp;limbe, largement en c\u0153ur ou en rein,&nbsp;palmatinerv\u00e9es, \u00e0 5-7&nbsp;lobes&nbsp;larges,&nbsp;aigus&nbsp;dans les sup\u00e9rieures&nbsp;<br>\n&#8211;&nbsp;fleurs&nbsp;d&#8217;un violet p\u00e2le \u00e0&nbsp;palais&nbsp;jaune,&nbsp;axillaires, \u00e9cart\u00e9es, solitaires sur des&nbsp;p\u00e9doncules&nbsp;\u00e9galant ou d\u00e9passant la&nbsp;feuille, \u00e0 la fin&nbsp;r\u00e9fl\u00e9chis&nbsp;<br>\n&#8211;&nbsp;calice&nbsp;\u00e0&nbsp;lobes&nbsp;lanc\u00e9ol\u00e9s-lin\u00e9aires&nbsp;<br>\n&#8211;&nbsp;corolle&nbsp;longue de 8-10 mm, \u00e0&nbsp;\u00e9peron&nbsp;un peu courb\u00e9 2 fois plus court quelle&nbsp;<br>\n&#8211;&nbsp;capsule&nbsp;globuleuse, d\u00e9passant un peu le&nbsp;calice, s&#8217;ouvrant au sommet en 3&nbsp;valves&nbsp;<br>\n&#8211; graines&nbsp;ovo\u00efdes, \u00e0 cr\u00eates&nbsp;flexueuses&nbsp;\u00e9paisses.<\/td>\n<\/tr>\n<tr>\n<td><span class=\"titre\">\u00c9cologie&nbsp;<\/span>Vieux murs et rochers humides, dans presque toute la France et en Corse.<\/td>\n<\/tr>\n<tr>\n<td><span class=\"titre\">R\u00e9partition&nbsp;<\/span>Europe centrale et m\u00e9ridionale&nbsp;; introduit en Alg\u00e9rie.<\/td>\n<\/tr>\n<tr>\n<td><span class=\"titre\">Floraison&nbsp;<\/span>Mai-octobre. .<\/td>\n<\/tr>\n<tr>\n<td><span class=\"titre\">Usages<\/span>&nbsp;Souvent issu d&#8217;anciennes cultures.<\/td>\n<\/tr>\n<\/tbody>\n<\/table>","protected":false},"excerpt":{"rendered":"<p>Description de Coste 2674 Linaria Cymbalaria Mil&nbsp;Linaire cymbalaire &#8211; . Plante&nbsp;vivace&nbsp;de 10-80 cm,&nbsp;glabre, \u00e0&nbsp;tiges&nbsp;filiformes, couch\u00e9es-rampantes&nbsp;ou pendantes&nbsp; &#8211;&nbsp;feuilles&nbsp;la plupart&nbsp;alternes, \u00e0&nbsp;p\u00e9tiole&nbsp;plus long que le&nbsp;limbe, largement en c\u0153ur ou en rein,&nbsp;palmatinerv\u00e9es, \u00e0 5-7&nbsp;lobes&nbsp;larges,&nbsp;aigus&nbsp;dans les sup\u00e9rieures&nbsp; &#8211;&nbsp;fleurs&nbsp;d&#8217;un violet p\u00e2le \u00e0&nbsp;palais&nbsp;jaune,&nbsp;axillaires, \u00e9cart\u00e9es, solitaires sur des&nbsp;p\u00e9doncules&nbsp;\u00e9galant ou d\u00e9passant la&nbsp;feuille, \u00e0 la fin&nbsp;r\u00e9fl\u00e9chis&nbsp; &#8211;&nbsp;calice&nbsp;\u00e0&nbsp;lobes&nbsp;lanc\u00e9ol\u00e9s-lin\u00e9aires&nbsp; &#8211;&nbsp;corolle&nbsp;longue de 8-10 mm, \u00e0&nbsp;\u00e9peron&nbsp;un peu courb\u00e9 2&hellip;<\/p>\n","protected":false},"author":1,"featured_media":589,"parent":0,"menu_order":0,"comment_status":"closed","ping_status":"closed","template":"","meta":{"_acf_changed":false,"footnotes":""},"categories":[144,6,50],"tags":[],"class_list":["post-620","page","type-page","status-publish","has-post-thumbnail","hentry","category-cymbalaria","category-plantae","category-plantaginaceae"],"acf":[],"_links":{"self":[{"href":"https:\/\/www.rezeau.org\/wp-flore\/wp-json\/wp\/v2\/pages\/620","targetHints":{"allow":["GET"]}}],"collection":[{"href":"https:\/\/www.rezeau.org\/wp-flore\/wp-json\/wp\/v2\/pages"}],"about":[{"href":"https:\/\/www.rezeau.org\/wp-flore\/wp-json\/wp\/v2\/types\/page"}],"author":[{"embeddable":true,"href":"https:\/\/www.rezeau.org\/wp-flore\/wp-json\/wp\/v2\/users\/1"}],"replies":[{"embeddable":true,"href":"https:\/\/www.rezeau.org\/wp-flore\/wp-json\/wp\/v2\/comments?post=620"}],"version-history":[{"count":5,"href":"https:\/\/www.rezeau.org\/wp-flore\/wp-json\/wp\/v2\/pages\/620\/revisions"}],"predecessor-version":[{"id":4477,"href":"https:\/\/www.rezeau.org\/wp-flore\/wp-json\/wp\/v2\/pages\/620\/revisions\/4477"}],"wp:featuredmedia":[{"embeddable":true,"href":"https:\/\/www.rezeau.org\/wp-flore\/wp-json\/wp\/v2\/media\/589"}],"wp:attachment":[{"href":"https:\/\/www.rezeau.org\/wp-flore\/wp-json\/wp\/v2\/media?parent=620"}],"wp:term":[{"taxonomy":"category","embeddable":true,"href":"https:\/\/www.rezeau.org\/wp-flore\/wp-json\/wp\/v2\/categories?post=620"},{"taxonomy":"post_tag","embeddable":true,"href":"https:\/\/www.rezeau.org\/wp-flore\/wp-json\/wp\/v2\/tags?post=620"}],"curies":[{"name":"wp","href":"https:\/\/api.w.org\/{rel}","templated":true}]}}