{"id":629,"date":"2016-03-14T15:04:13","date_gmt":"2016-03-14T14:04:13","guid":{"rendered":"http:\/\/www.rezeau.org\/wp-flore\/?page_id=629"},"modified":"2021-05-15T23:10:16","modified_gmt":"2021-05-15T21:10:16","slug":"cytisus-scoparius-l-link","status":"publish","type":"page","link":"https:\/\/www.rezeau.org\/wp-flore\/cytisus-scoparius-l-link\/","title":{"rendered":"Cytisus scoparius"},"content":{"rendered":"\n<p><em>Sarothamnus scoparius<\/em> Koch. (S. vulgaris Wimm. ; Genista scoparia Lamk.). \u2013 Gen\u00eat \u00e0 balai. \u2013<\/p>\n<p>Arbrisseau de 1 \u00e0 2 m\u00e8tres, dress\u00e9, \u00e0 rameaux l\u00e2ches, allong\u00e9s, tr\u00e8s anguleux, verts ; feuilles inf\u00e9rieures trifoliol\u00e9es, p\u00e9tiol\u00e9es, les sup\u00e9rieures simples et sessiles, obovales ou lanc\u00e9ol\u00e9es, pubescentes-soyeuses en dessous; fleurs grandes ; calice glabre ; \u00e9tendard \u00e9margin\u00e9, car\u00e8ne tr\u00e8s courb\u00e9e ; style velu \u00e0 la base, enroul\u00e9 en cercle, \u00e9largi sous le stigmate ; gousse de 4-5 cm sur 8 mm tr\u00e8s comprim\u00e9e, h\u00e9riss\u00e9e de longs poils sur les bords, \u00e0 8-12 graines luisantes.<\/p>\n<p><strong><em>Note.- Description la plus proche dans Coste.<\/em><\/strong><\/p>\n","protected":false},"excerpt":{"rendered":"<p>Sarothamnus scoparius Koch. (S. vulgaris Wimm. ; Genista scoparia Lamk.). \u2013 Gen\u00eat \u00e0 balai. \u2013 Arbrisseau de 1 \u00e0 2 m\u00e8tres, dress\u00e9, \u00e0 rameaux l\u00e2ches, allong\u00e9s, tr\u00e8s anguleux, verts ; feuilles inf\u00e9rieures trifoliol\u00e9es, p\u00e9tiol\u00e9es, les sup\u00e9rieures simples et sessiles, obovales ou lanc\u00e9ol\u00e9es, pubescentes-soyeuses en dessous; fleurs grandes ; calice glabre ; \u00e9tendard \u00e9margin\u00e9, car\u00e8ne tr\u00e8s&hellip;<\/p>\n","protected":false},"author":1,"featured_media":593,"parent":0,"menu_order":0,"comment_status":"closed","ping_status":"closed","template":"","meta":{"_acf_changed":false,"footnotes":""},"categories":[145,33,6],"tags":[],"class_list":["post-629","page","type-page","status-publish","has-post-thumbnail","hentry","category-cytisus","category-fabaceae","category-plantae"],"acf":[],"_links":{"self":[{"href":"https:\/\/www.rezeau.org\/wp-flore\/wp-json\/wp\/v2\/pages\/629","targetHints":{"allow":["GET"]}}],"collection":[{"href":"https:\/\/www.rezeau.org\/wp-flore\/wp-json\/wp\/v2\/pages"}],"about":[{"href":"https:\/\/www.rezeau.org\/wp-flore\/wp-json\/wp\/v2\/types\/page"}],"author":[{"embeddable":true,"href":"https:\/\/www.rezeau.org\/wp-flore\/wp-json\/wp\/v2\/users\/1"}],"replies":[{"embeddable":true,"href":"https:\/\/www.rezeau.org\/wp-flore\/wp-json\/wp\/v2\/comments?post=629"}],"version-history":[{"count":4,"href":"https:\/\/www.rezeau.org\/wp-flore\/wp-json\/wp\/v2\/pages\/629\/revisions"}],"predecessor-version":[{"id":4231,"href":"https:\/\/www.rezeau.org\/wp-flore\/wp-json\/wp\/v2\/pages\/629\/revisions\/4231"}],"wp:featuredmedia":[{"embeddable":true,"href":"https:\/\/www.rezeau.org\/wp-flore\/wp-json\/wp\/v2\/media\/593"}],"wp:attachment":[{"href":"https:\/\/www.rezeau.org\/wp-flore\/wp-json\/wp\/v2\/media?parent=629"}],"wp:term":[{"taxonomy":"category","embeddable":true,"href":"https:\/\/www.rezeau.org\/wp-flore\/wp-json\/wp\/v2\/categories?post=629"},{"taxonomy":"post_tag","embeddable":true,"href":"https:\/\/www.rezeau.org\/wp-flore\/wp-json\/wp\/v2\/tags?post=629"}],"curies":[{"name":"wp","href":"https:\/\/api.w.org\/{rel}","templated":true}]}}