{"id":632,"date":"2016-03-14T15:09:26","date_gmt":"2016-03-14T14:09:26","guid":{"rendered":"http:\/\/www.rezeau.org\/wp-flore\/?page_id=632"},"modified":"2021-05-15T23:10:37","modified_gmt":"2021-05-15T21:10:37","slug":"dactylorhiza-maculata-l-soo","status":"publish","type":"page","link":"https:\/\/www.rezeau.org\/wp-flore\/dactylorhiza-maculata-l-soo\/","title":{"rendered":"Dactylorhiza maculata"},"content":{"rendered":"\n<p>3613. \u2013 Orchis maculata L.<\/p>\n<p>\u2013 Plante vivace de 25-60 cm, glabre, \u00e0 tubercules palm\u00e9s ; tige \u00e9lanc\u00e9e, pleine, nue au sommet ; feuilles oblongues ou lanc\u00e9ol\u00e9es, tach\u00e9es de brun en travers ; fleurs blanc lilas ou roses, ray\u00e9es et ponctu\u00e9es de pourpre, \u00e0 odeur agr\u00e9able, en \u00e9pi cylindrac\u00e9-conique serr\u00e9 ; bract\u00e9es herbac\u00e9es, nerv\u00e9es en r\u00e9seau, les inf\u00e9rieures \u00e9galant les fleurs, les autres plus courtes ; divisions ext\u00e9rieures obtuses ou aigu\u00ebs, les lat\u00e9rales \u00e9tal\u00e9es-r\u00e9fl\u00e9chies ; labelle presque plan, trilob\u00e9, \u00e0 lobes lat\u00e9raux arrondis cr\u00e9nel\u00e9s, le moyen plus petit ; \u00e9peron dirig\u00e9 en bas, cylindrac\u00e9, un peu plus court que l&#8217;ovaire.<\/p>\n","protected":false},"excerpt":{"rendered":"<p>3613. \u2013 Orchis maculata L. \u2013 Plante vivace de 25-60 cm, glabre, \u00e0 tubercules palm\u00e9s ; tige \u00e9lanc\u00e9e, pleine, nue au sommet ; feuilles oblongues ou lanc\u00e9ol\u00e9es, tach\u00e9es de brun en travers ; fleurs blanc lilas ou roses, ray\u00e9es et ponctu\u00e9es de pourpre, \u00e0 odeur agr\u00e9able, en \u00e9pi cylindrac\u00e9-conique serr\u00e9 ; bract\u00e9es herbac\u00e9es, nerv\u00e9es en&hellip;<\/p>\n","protected":false},"author":1,"featured_media":594,"parent":0,"menu_order":0,"comment_status":"closed","ping_status":"closed","template":"","meta":{"_acf_changed":false,"footnotes":""},"categories":[146,47,6],"tags":[],"class_list":["post-632","page","type-page","status-publish","has-post-thumbnail","hentry","category-dactylorhiza","category-orchidaceae","category-plantae"],"acf":[],"_links":{"self":[{"href":"https:\/\/www.rezeau.org\/wp-flore\/wp-json\/wp\/v2\/pages\/632","targetHints":{"allow":["GET"]}}],"collection":[{"href":"https:\/\/www.rezeau.org\/wp-flore\/wp-json\/wp\/v2\/pages"}],"about":[{"href":"https:\/\/www.rezeau.org\/wp-flore\/wp-json\/wp\/v2\/types\/page"}],"author":[{"embeddable":true,"href":"https:\/\/www.rezeau.org\/wp-flore\/wp-json\/wp\/v2\/users\/1"}],"replies":[{"embeddable":true,"href":"https:\/\/www.rezeau.org\/wp-flore\/wp-json\/wp\/v2\/comments?post=632"}],"version-history":[{"count":3,"href":"https:\/\/www.rezeau.org\/wp-flore\/wp-json\/wp\/v2\/pages\/632\/revisions"}],"predecessor-version":[{"id":4233,"href":"https:\/\/www.rezeau.org\/wp-flore\/wp-json\/wp\/v2\/pages\/632\/revisions\/4233"}],"wp:featuredmedia":[{"embeddable":true,"href":"https:\/\/www.rezeau.org\/wp-flore\/wp-json\/wp\/v2\/media\/594"}],"wp:attachment":[{"href":"https:\/\/www.rezeau.org\/wp-flore\/wp-json\/wp\/v2\/media?parent=632"}],"wp:term":[{"taxonomy":"category","embeddable":true,"href":"https:\/\/www.rezeau.org\/wp-flore\/wp-json\/wp\/v2\/categories?post=632"},{"taxonomy":"post_tag","embeddable":true,"href":"https:\/\/www.rezeau.org\/wp-flore\/wp-json\/wp\/v2\/tags?post=632"}],"curies":[{"name":"wp","href":"https:\/\/api.w.org\/{rel}","templated":true}]}}