{"id":639,"date":"2016-03-14T15:13:16","date_gmt":"2016-03-14T14:13:16","guid":{"rendered":"http:\/\/www.rezeau.org\/wp-flore\/?page_id=639"},"modified":"2021-06-22T18:42:48","modified_gmt":"2021-06-22T16:42:48","slug":"datura-stramonium-l","status":"publish","type":"page","link":"https:\/\/www.rezeau.org\/wp-flore\/datura-stramonium-l\/","title":{"rendered":"Datura stramonium"},"content":{"rendered":"\n<h4 class=\"wp-block-heading\">Description de Coste<\/h4>\n\n\n\n<table class=\"desc\">\n<tbody>\n<tr>\n<td><span class=\"gras\">2631 Datura Stramonium L.&nbsp;<\/span><span class=\"italique\">Pomme \u00e9pineuse<\/span><\/td>\n<\/tr>\n<tr>\n<td>&#8211; . Plante&nbsp;annuelle&nbsp;de 40 cm \u00e0 1 m\u00e8tre, verte,&nbsp;glabrescente, \u00e0 odeur vireuse&nbsp;<br>&#8211;&nbsp;feuilles&nbsp;grandes,&nbsp;ovales-acumin\u00e9es, fortement et in\u00e9galement&nbsp;sinu\u00e9es-dent\u00e9es&nbsp;\u00e0 dents&nbsp;acumin\u00e9es&nbsp;<br>&#8211;&nbsp;fleurs&nbsp;blanches, courtement&nbsp;p\u00e9doncul\u00e9es, longues de 6-10 cm&nbsp;<br>&#8211;&nbsp;calice&nbsp;d&#8217;un vert p\u00e2le, long de 4-5 cm, \u00e9galant presque la moiti\u00e9 ou les 23 de la&nbsp;corolle, \u00e0&nbsp;lobes&nbsp;lanc\u00e9ol\u00e9s-aigus&nbsp;<br>&#8211;&nbsp;capsule&nbsp;grosse comme une noix, dress\u00e9e,&nbsp;ovale, charg\u00e9e d&#8217;aiguillons robustes. Varie \u00e0&nbsp;fleurs,&nbsp;tiges&nbsp;et&nbsp;nervures&nbsp;des&nbsp;feuilles&nbsp;violac\u00e9es (D. tatula L.).<\/td>\n<\/tr>\n<tr>\n<td><span class=\"titre\">\u00c9cologie&nbsp;<\/span>D\u00e9combres, cultures, sables des rivi\u00e8res, \u00e7\u00e0 et l\u00e0 dans presque toute la France et en Corse.<\/td>\n<\/tr>\n<tr>\n<td><span class=\"titre\">R\u00e9partition&nbsp;<\/span>Presque toute l&#8217;Europe, l&#8217;Asie, l&#8217;Afrique, l&#8217;Am\u00e9rique.<\/td>\n<\/tr>\n<tr>\n<td><span class=\"titre\">Floraison&nbsp;<\/span>Juillet-octobre. .<\/td>\n<\/tr>\n<tr>\n<td><span class=\"titre\">Usages<\/span>&nbsp;Plante v\u00e9n\u00e9neuse, pr\u00e9conis\u00e9e contre l&#8217;asthme et les n\u00e9vralgies.<\/td>\n<\/tr>\n<\/tbody>\n<\/table>\n","protected":false},"excerpt":{"rendered":"<p>Description de Coste 2631 Datura Stramonium L.&nbsp;Pomme \u00e9pineuse &#8211; . Plante&nbsp;annuelle&nbsp;de 40 cm \u00e0 1 m\u00e8tre, verte,&nbsp;glabrescente, \u00e0 odeur vireuse&nbsp;&#8211;&nbsp;feuilles&nbsp;grandes,&nbsp;ovales-acumin\u00e9es, fortement et in\u00e9galement&nbsp;sinu\u00e9es-dent\u00e9es&nbsp;\u00e0 dents&nbsp;acumin\u00e9es&nbsp;&#8211;&nbsp;fleurs&nbsp;blanches, courtement&nbsp;p\u00e9doncul\u00e9es, longues de 6-10 cm&nbsp;&#8211;&nbsp;calice&nbsp;d&#8217;un vert p\u00e2le, long de 4-5 cm, \u00e9galant presque la moiti\u00e9 ou les 23 de la&nbsp;corolle, \u00e0&nbsp;lobes&nbsp;lanc\u00e9ol\u00e9s-aigus&nbsp;&#8211;&nbsp;capsule&nbsp;grosse comme une noix, dress\u00e9e,&nbsp;ovale, charg\u00e9e d&#8217;aiguillons robustes. Varie \u00e0&nbsp;fleurs,&nbsp;tiges&nbsp;et&nbsp;nervures&nbsp;des&nbsp;feuilles&nbsp;violac\u00e9es (D.&hellip;<\/p>\n","protected":false},"author":1,"featured_media":597,"parent":0,"menu_order":0,"comment_status":"closed","ping_status":"closed","template":"","meta":{"_acf_changed":false,"footnotes":""},"categories":[147,6,59],"tags":[],"class_list":["post-639","page","type-page","status-publish","has-post-thumbnail","hentry","category-datura","category-plantae","category-solanaceae"],"acf":[],"_links":{"self":[{"href":"https:\/\/www.rezeau.org\/wp-flore\/wp-json\/wp\/v2\/pages\/639","targetHints":{"allow":["GET"]}}],"collection":[{"href":"https:\/\/www.rezeau.org\/wp-flore\/wp-json\/wp\/v2\/pages"}],"about":[{"href":"https:\/\/www.rezeau.org\/wp-flore\/wp-json\/wp\/v2\/types\/page"}],"author":[{"embeddable":true,"href":"https:\/\/www.rezeau.org\/wp-flore\/wp-json\/wp\/v2\/users\/1"}],"replies":[{"embeddable":true,"href":"https:\/\/www.rezeau.org\/wp-flore\/wp-json\/wp\/v2\/comments?post=639"}],"version-history":[{"count":6,"href":"https:\/\/www.rezeau.org\/wp-flore\/wp-json\/wp\/v2\/pages\/639\/revisions"}],"predecessor-version":[{"id":4478,"href":"https:\/\/www.rezeau.org\/wp-flore\/wp-json\/wp\/v2\/pages\/639\/revisions\/4478"}],"wp:featuredmedia":[{"embeddable":true,"href":"https:\/\/www.rezeau.org\/wp-flore\/wp-json\/wp\/v2\/media\/597"}],"wp:attachment":[{"href":"https:\/\/www.rezeau.org\/wp-flore\/wp-json\/wp\/v2\/media?parent=639"}],"wp:term":[{"taxonomy":"category","embeddable":true,"href":"https:\/\/www.rezeau.org\/wp-flore\/wp-json\/wp\/v2\/categories?post=639"},{"taxonomy":"post_tag","embeddable":true,"href":"https:\/\/www.rezeau.org\/wp-flore\/wp-json\/wp\/v2\/tags?post=639"}],"curies":[{"name":"wp","href":"https:\/\/api.w.org\/{rel}","templated":true}]}}