{"id":721,"date":"2016-03-14T23:15:05","date_gmt":"2016-03-14T22:15:05","guid":{"rendered":"http:\/\/www.rezeau.org\/wp-flore\/?page_id=721"},"modified":"2021-06-22T18:45:56","modified_gmt":"2021-06-22T16:45:56","slug":"erica-cinerea-loefl-ex-l","status":"publish","type":"page","link":"https:\/\/www.rezeau.org\/wp-flore\/erica-cinerea-loefl-ex-l\/","title":{"rendered":"Erica cinerea"},"content":{"rendered":"\n<h4 class=\"wp-block-heading\">Description de Coste<\/h4>\n\n\n\n<table class=\"desc\">\n<tbody>\n<tr>\n<td><span class=\"gras\">2391 Erica cinerea L.<\/span><\/td>\n<\/tr>\n<tr>\n<td>&#8211;&nbsp;Sous-arbrisseau&nbsp;de 20-60 cm, \u00e0&nbsp;tiges&nbsp;tortueuses, \u00e0 rameaux dress\u00e9s, cendr\u00e9s-pub\u00e9rulents&nbsp;<br>&#8211;&nbsp;feuilles&nbsp;verticill\u00e9es&nbsp;par 3, munies \u00e0 leur&nbsp;aisselle&nbsp;de fascicules de&nbsp;feuilles, longues de 4-6 mm,&nbsp;lin\u00e9aires-\u00e9troites, marqu\u00e9es d&#8217;un sillon en dessous,&nbsp;glabres&nbsp;<br>&#8211;&nbsp;fleurs&nbsp;rouges-violac\u00e9es, comme&nbsp;verticill\u00e9es, formant des&nbsp;grappes&nbsp;compos\u00e9es, allong\u00e9es,&nbsp;obtuses&nbsp;<br>&#8211;&nbsp;p\u00e9doncules&nbsp;\u00e9galant \u00e0 peine les&nbsp;fleurs&nbsp;<br>&#8211;&nbsp;calice&nbsp;\u00e0&nbsp;lobes&nbsp;lanc\u00e9ol\u00e9s,&nbsp;glabres, \u00e9galant le tiers de la&nbsp;corolle&nbsp;<br>&#8211; celle-ci en grelot&nbsp;ovale&nbsp;(5-6 mm), \u00e0 dents courtes et&nbsp;r\u00e9fl\u00e9chies&nbsp;<br>&#8211;&nbsp;anth\u00e8res&nbsp;incluses, munies de 2 cornes&nbsp;<br>&#8211;&nbsp;style&nbsp;peu&nbsp;saillant&nbsp;<br>&#8211;&nbsp;capsule&nbsp;glabre.<\/td>\n<\/tr>\n<tr>\n<td><span class=\"titre\">\u00c9cologie&nbsp;<\/span>Landes et bois&nbsp;<span class=\"definition_term\">siliceux<\/span>&nbsp;de presque toute la France&nbsp;; rare dans l&#8217;Est.<\/td>\n<\/tr>\n<tr>\n<td><span class=\"titre\">R\u00e9partition&nbsp;<\/span>Toute l&#8217;Europe occidentale et \u00e7\u00e0 et l\u00e0 dans l&#8217;Europe centrale.<\/td>\n<\/tr>\n<tr>\n<td><span class=\"titre\">Floraison&nbsp;<\/span>Juin-octobre.<\/td>\n<\/tr>\n<\/tbody>\n<\/table>\n","protected":false},"excerpt":{"rendered":"<p>Description de Coste 2391 Erica cinerea L. &#8211;&nbsp;Sous-arbrisseau&nbsp;de 20-60 cm, \u00e0&nbsp;tiges&nbsp;tortueuses, \u00e0 rameaux dress\u00e9s, cendr\u00e9s-pub\u00e9rulents&nbsp;&#8211;&nbsp;feuilles&nbsp;verticill\u00e9es&nbsp;par 3, munies \u00e0 leur&nbsp;aisselle&nbsp;de fascicules de&nbsp;feuilles, longues de 4-6 mm,&nbsp;lin\u00e9aires-\u00e9troites, marqu\u00e9es d&#8217;un sillon en dessous,&nbsp;glabres&nbsp;&#8211;&nbsp;fleurs&nbsp;rouges-violac\u00e9es, comme&nbsp;verticill\u00e9es, formant des&nbsp;grappes&nbsp;compos\u00e9es, allong\u00e9es,&nbsp;obtuses&nbsp;&#8211;&nbsp;p\u00e9doncules&nbsp;\u00e9galant \u00e0 peine les&nbsp;fleurs&nbsp;&#8211;&nbsp;calice&nbsp;\u00e0&nbsp;lobes&nbsp;lanc\u00e9ol\u00e9s,&nbsp;glabres, \u00e9galant le tiers de la&nbsp;corolle&nbsp;&#8211; celle-ci en grelot&nbsp;ovale&nbsp;(5-6 mm), \u00e0 dents courtes et&nbsp;r\u00e9fl\u00e9chies&nbsp;&#8211;&nbsp;anth\u00e8res&nbsp;incluses, munies de 2 cornes&nbsp;&#8211;&nbsp;style&nbsp;peu&nbsp;saillant&nbsp;&#8211;&nbsp;capsule&nbsp;glabre. \u00c9cologie&nbsp;Landes&hellip;<\/p>\n","protected":false},"author":1,"featured_media":711,"parent":0,"menu_order":0,"comment_status":"closed","ping_status":"closed","template":"","meta":{"_acf_changed":false,"footnotes":""},"categories":[154,31,6],"tags":[],"class_list":["post-721","page","type-page","status-publish","has-post-thumbnail","hentry","category-erica","category-ericaceae","category-plantae"],"acf":[],"_links":{"self":[{"href":"https:\/\/www.rezeau.org\/wp-flore\/wp-json\/wp\/v2\/pages\/721","targetHints":{"allow":["GET"]}}],"collection":[{"href":"https:\/\/www.rezeau.org\/wp-flore\/wp-json\/wp\/v2\/pages"}],"about":[{"href":"https:\/\/www.rezeau.org\/wp-flore\/wp-json\/wp\/v2\/types\/page"}],"author":[{"embeddable":true,"href":"https:\/\/www.rezeau.org\/wp-flore\/wp-json\/wp\/v2\/users\/1"}],"replies":[{"embeddable":true,"href":"https:\/\/www.rezeau.org\/wp-flore\/wp-json\/wp\/v2\/comments?post=721"}],"version-history":[{"count":5,"href":"https:\/\/www.rezeau.org\/wp-flore\/wp-json\/wp\/v2\/pages\/721\/revisions"}],"predecessor-version":[{"id":4488,"href":"https:\/\/www.rezeau.org\/wp-flore\/wp-json\/wp\/v2\/pages\/721\/revisions\/4488"}],"wp:featuredmedia":[{"embeddable":true,"href":"https:\/\/www.rezeau.org\/wp-flore\/wp-json\/wp\/v2\/media\/711"}],"wp:attachment":[{"href":"https:\/\/www.rezeau.org\/wp-flore\/wp-json\/wp\/v2\/media?parent=721"}],"wp:term":[{"taxonomy":"category","embeddable":true,"href":"https:\/\/www.rezeau.org\/wp-flore\/wp-json\/wp\/v2\/categories?post=721"},{"taxonomy":"post_tag","embeddable":true,"href":"https:\/\/www.rezeau.org\/wp-flore\/wp-json\/wp\/v2\/tags?post=721"}],"curies":[{"name":"wp","href":"https:\/\/api.w.org\/{rel}","templated":true}]}}