{"id":760,"date":"2016-03-15T09:36:25","date_gmt":"2016-03-15T08:36:25","guid":{"rendered":"http:\/\/www.rezeau.org\/wp-flore\/?page_id=760"},"modified":"2021-05-15T23:29:17","modified_gmt":"2021-05-15T21:29:17","slug":"erodium-moschatum-l-lher","status":"publish","type":"page","link":"https:\/\/www.rezeau.org\/wp-flore\/erodium-moschatum-l-lher\/","title":{"rendered":"Erodium moschatum"},"content":{"rendered":"\n<table class=\"desc\">\n<tbody>\n<tr>\n<td><span class=\"gras\">666 Erodium moschatum L&#8217;H\u00e9rit.<\/span><\/td>\n<\/tr>\n<tr>\n<td>&#8211; Plante&nbsp;annuelle&nbsp;ou&nbsp;bisannuelle, plus ou moins&nbsp;velue-glanduleuse, \u00e0 forte odeur de musc&nbsp;<br>&#8211;&nbsp;tiges&nbsp;de 10-40 cm, robustes,&nbsp;\u00e9tal\u00e9es-ascendantes&nbsp;<br>&#8211;&nbsp;feuilles&nbsp;longues,&nbsp;pennatis\u00e9qu\u00e9es, \u00e0&nbsp;segments&nbsp;\u00e9cart\u00e9s,&nbsp;ovales,&nbsp;incis\u00e9s-dent\u00e9s, subp\u00e9tiol\u00e9s&nbsp;<br>&#8211;&nbsp;fleurs&nbsp;d&#8217;un rouge lilas, 4-8 en&nbsp;ombelles&nbsp;sur de longs&nbsp;p\u00e9doncules&nbsp;<br>&#8211;&nbsp;bract\u00e9oles&nbsp;ovales-aigu\u00ebs, non&nbsp;acumin\u00e9es&nbsp;<br>&#8211;&nbsp;s\u00e9pales&nbsp;bri\u00e8vement&nbsp;mucron\u00e9s&nbsp;<br>&#8211;&nbsp;p\u00e9tales&nbsp;\u00e9galant ou d\u00e9passant peu le&nbsp;calice, \u00e9gaux, entiers&nbsp;<br>&#8211;&nbsp;filets&nbsp;des&nbsp;\u00e9tamines&nbsp;glabres, les fertiles dilat\u00e9s et&nbsp;bident\u00e9s&nbsp;\u00e0 la base&nbsp;<br>&#8211;&nbsp;bec&nbsp;long de 3 4 cm&nbsp;<br>&#8211;&nbsp;ar\u00eates&nbsp;\u00e0 8-10 tours de spire.<\/td>\n<\/tr>\n<tr>\n<td><span class=\"titre\">\u00c9cologie&nbsp;<\/span>Bords des chemins, d\u00e9combres, dans le Midi, l&#8217;Ouest et le Centre, jusqu&#8217;au Loiret et \u00e0 la Somme&nbsp;; nul sur le Plateau central et dans l&#8217;Est.<\/td>\n<\/tr>\n<tr>\n<td><span class=\"titre\">R\u00e9partition&nbsp;<\/span>Europe centrale et m\u00e9ridionale&nbsp;; Asie occidentale&nbsp;; Afrique septentrionale.<\/td>\n<\/tr>\n<tr>\n<td><span class=\"titre\">Floraison&nbsp;<\/span>Avril-septembre.<\/td>\n<\/tr>\n<\/tbody>\n<\/table>\n","protected":false},"excerpt":{"rendered":"<p>666 Erodium moschatum L&#8217;H\u00e9rit. &#8211; Plante&nbsp;annuelle&nbsp;ou&nbsp;bisannuelle, plus ou moins&nbsp;velue-glanduleuse, \u00e0 forte odeur de musc&nbsp;&#8211;&nbsp;tiges&nbsp;de 10-40 cm, robustes,&nbsp;\u00e9tal\u00e9es-ascendantes&nbsp;&#8211;&nbsp;feuilles&nbsp;longues,&nbsp;pennatis\u00e9qu\u00e9es, \u00e0&nbsp;segments&nbsp;\u00e9cart\u00e9s,&nbsp;ovales,&nbsp;incis\u00e9s-dent\u00e9s, subp\u00e9tiol\u00e9s&nbsp;&#8211;&nbsp;fleurs&nbsp;d&#8217;un rouge lilas, 4-8 en&nbsp;ombelles&nbsp;sur de longs&nbsp;p\u00e9doncules&nbsp;&#8211;&nbsp;bract\u00e9oles&nbsp;ovales-aigu\u00ebs, non&nbsp;acumin\u00e9es&nbsp;&#8211;&nbsp;s\u00e9pales&nbsp;bri\u00e8vement&nbsp;mucron\u00e9s&nbsp;&#8211;&nbsp;p\u00e9tales&nbsp;\u00e9galant ou d\u00e9passant peu le&nbsp;calice, \u00e9gaux, entiers&nbsp;&#8211;&nbsp;filets&nbsp;des&nbsp;\u00e9tamines&nbsp;glabres, les fertiles dilat\u00e9s et&nbsp;bident\u00e9s&nbsp;\u00e0 la base&nbsp;&#8211;&nbsp;bec&nbsp;long de 3 4 cm&nbsp;&#8211;&nbsp;ar\u00eates&nbsp;\u00e0 8-10 tours de spire. \u00c9cologie&nbsp;Bords des chemins, d\u00e9combres, dans le Midi, l&#8217;Ouest et&hellip;<\/p>\n","protected":false},"author":1,"featured_media":723,"parent":0,"menu_order":0,"comment_status":"closed","ping_status":"closed","template":"","meta":{"_acf_changed":false,"footnotes":""},"categories":[155,36,6],"tags":[],"class_list":["post-760","page","type-page","status-publish","has-post-thumbnail","hentry","category-erodium","category-geraniaceae","category-plantae"],"acf":[],"_links":{"self":[{"href":"https:\/\/www.rezeau.org\/wp-flore\/wp-json\/wp\/v2\/pages\/760","targetHints":{"allow":["GET"]}}],"collection":[{"href":"https:\/\/www.rezeau.org\/wp-flore\/wp-json\/wp\/v2\/pages"}],"about":[{"href":"https:\/\/www.rezeau.org\/wp-flore\/wp-json\/wp\/v2\/types\/page"}],"author":[{"embeddable":true,"href":"https:\/\/www.rezeau.org\/wp-flore\/wp-json\/wp\/v2\/users\/1"}],"replies":[{"embeddable":true,"href":"https:\/\/www.rezeau.org\/wp-flore\/wp-json\/wp\/v2\/comments?post=760"}],"version-history":[{"count":4,"href":"https:\/\/www.rezeau.org\/wp-flore\/wp-json\/wp\/v2\/pages\/760\/revisions"}],"predecessor-version":[{"id":4293,"href":"https:\/\/www.rezeau.org\/wp-flore\/wp-json\/wp\/v2\/pages\/760\/revisions\/4293"}],"wp:featuredmedia":[{"embeddable":true,"href":"https:\/\/www.rezeau.org\/wp-flore\/wp-json\/wp\/v2\/media\/723"}],"wp:attachment":[{"href":"https:\/\/www.rezeau.org\/wp-flore\/wp-json\/wp\/v2\/media?parent=760"}],"wp:term":[{"taxonomy":"category","embeddable":true,"href":"https:\/\/www.rezeau.org\/wp-flore\/wp-json\/wp\/v2\/categories?post=760"},{"taxonomy":"post_tag","embeddable":true,"href":"https:\/\/www.rezeau.org\/wp-flore\/wp-json\/wp\/v2\/tags?post=760"}],"curies":[{"name":"wp","href":"https:\/\/api.w.org\/{rel}","templated":true}]}}