{"id":767,"date":"2016-03-15T09:39:50","date_gmt":"2016-03-15T08:39:50","guid":{"rendered":"http:\/\/www.rezeau.org\/wp-flore\/?page_id=767"},"modified":"2021-05-17T22:52:19","modified_gmt":"2021-05-17T20:52:19","slug":"erysimum-cheiri-l-crantz","status":"publish","type":"page","link":"https:\/\/www.rezeau.org\/wp-flore\/erysimum-cheiri-l-crantz\/","title":{"rendered":"Erysimum cheiri"},"content":{"rendered":"\n<table class=\"desc\">\n<tbody>\n<tr>\n<td><span class=\"gras\">186 Cheiranthus cheiri L.&nbsp;<\/span><span class=\"italique\">Girofl\u00e9e jaune, Girofl\u00e9e des murailles<\/span><\/td>\n<\/tr>\n<tr>\n<td>&#8211; . Plante&nbsp;vivace, \u00e0 poils couch\u00e9s&nbsp;<br>&#8211;&nbsp;tige&nbsp;de 20-80 cm, presque ligneuse \u00e0 la base, anguleuse,&nbsp;rameuse&nbsp;<br>&#8211;&nbsp;feuilles&nbsp;rapproch\u00e9es,&nbsp;lanc\u00e9ol\u00e9es,&nbsp;aigu\u00ebs,&nbsp;enti\u00e8res&nbsp;<br>&#8211;&nbsp;fleurs&nbsp;jaunes ou brunes, grandes, tr\u00e8s odorantes<br>&#8211;&nbsp;s\u00e9pales&nbsp;dress\u00e9s, les lat\u00e9raux bossus \u00e0 la base, un peu plus courts que le&nbsp;p\u00e9dicelle&nbsp;<br>&#8211;&nbsp;stigmate&nbsp;\u00e0 2&nbsp;lobes&nbsp;divergents, arrondis&nbsp;<br>&#8211;&nbsp;siliques&nbsp;dress\u00e9es,&nbsp;t\u00e9tragones-comprim\u00e9es, blanch\u00e2tres&nbsp;<br>&#8211;&nbsp;valves&nbsp;\u00e0 1&nbsp;nervure&nbsp;<br>&#8211; graines&nbsp;ovales, comprim\u00e9es, \u00e9troitement&nbsp;ail\u00e9es&nbsp;au sommet, sur 1 rang.<\/td>\n<\/tr>\n<tr>\n<td><span class=\"titre\">\u00c9cologie&nbsp;<\/span>Murs et rochers, dans toute la France, o\u00f9 il est depuis longtemps naturalis\u00e9.<\/td>\n<\/tr>\n<tr>\n<td><span class=\"titre\">R\u00e9partition&nbsp;<\/span>Europe centrale et m\u00e9ridionale&nbsp;; Asie occidentale.<\/td>\n<\/tr>\n<tr>\n<td><span class=\"titre\">Floraison&nbsp;<\/span>Mais-juin. .<\/td>\n<\/tr>\n<tr>\n<td><span class=\"titre\">Usages<\/span>&nbsp;Cultiv\u00e9e dans les jardins, surtout la vari\u00e9t\u00e9 \u00e0&nbsp;<span class=\"definition_term\">fleurs<\/span>&nbsp;doubles.<\/td>\n<\/tr>\n<\/tbody>\n<\/table>\n","protected":false},"excerpt":{"rendered":"<p>186 Cheiranthus cheiri L.&nbsp;Girofl\u00e9e jaune, Girofl\u00e9e des murailles &#8211; . Plante&nbsp;vivace, \u00e0 poils couch\u00e9s&nbsp;&#8211;&nbsp;tige&nbsp;de 20-80 cm, presque ligneuse \u00e0 la base, anguleuse,&nbsp;rameuse&nbsp;&#8211;&nbsp;feuilles&nbsp;rapproch\u00e9es,&nbsp;lanc\u00e9ol\u00e9es,&nbsp;aigu\u00ebs,&nbsp;enti\u00e8res&nbsp;&#8211;&nbsp;fleurs&nbsp;jaunes ou brunes, grandes, tr\u00e8s odorantes&#8211;&nbsp;s\u00e9pales&nbsp;dress\u00e9s, les lat\u00e9raux bossus \u00e0 la base, un peu plus courts que le&nbsp;p\u00e9dicelle&nbsp;&#8211;&nbsp;stigmate&nbsp;\u00e0 2&nbsp;lobes&nbsp;divergents, arrondis&nbsp;&#8211;&nbsp;siliques&nbsp;dress\u00e9es,&nbsp;t\u00e9tragones-comprim\u00e9es, blanch\u00e2tres&nbsp;&#8211;&nbsp;valves&nbsp;\u00e0 1&nbsp;nervure&nbsp;&#8211; graines&nbsp;ovales, comprim\u00e9es, \u00e9troitement&nbsp;ail\u00e9es&nbsp;au sommet, sur 1 rang. \u00c9cologie&nbsp;Murs et rochers, dans toute&hellip;<\/p>\n","protected":false},"author":1,"featured_media":726,"parent":0,"menu_order":0,"comment_status":"closed","ping_status":"closed","template":"","meta":{"_acf_changed":false,"footnotes":""},"categories":[17,156,6],"tags":[],"class_list":["post-767","page","type-page","status-publish","has-post-thumbnail","hentry","category-brassicaceae","category-erysimum","category-plantae"],"acf":[],"_links":{"self":[{"href":"https:\/\/www.rezeau.org\/wp-flore\/wp-json\/wp\/v2\/pages\/767","targetHints":{"allow":["GET"]}}],"collection":[{"href":"https:\/\/www.rezeau.org\/wp-flore\/wp-json\/wp\/v2\/pages"}],"about":[{"href":"https:\/\/www.rezeau.org\/wp-flore\/wp-json\/wp\/v2\/types\/page"}],"author":[{"embeddable":true,"href":"https:\/\/www.rezeau.org\/wp-flore\/wp-json\/wp\/v2\/users\/1"}],"replies":[{"embeddable":true,"href":"https:\/\/www.rezeau.org\/wp-flore\/wp-json\/wp\/v2\/comments?post=767"}],"version-history":[{"count":3,"href":"https:\/\/www.rezeau.org\/wp-flore\/wp-json\/wp\/v2\/pages\/767\/revisions"}],"predecessor-version":[{"id":4297,"href":"https:\/\/www.rezeau.org\/wp-flore\/wp-json\/wp\/v2\/pages\/767\/revisions\/4297"}],"wp:featuredmedia":[{"embeddable":true,"href":"https:\/\/www.rezeau.org\/wp-flore\/wp-json\/wp\/v2\/media\/726"}],"wp:attachment":[{"href":"https:\/\/www.rezeau.org\/wp-flore\/wp-json\/wp\/v2\/media?parent=767"}],"wp:term":[{"taxonomy":"category","embeddable":true,"href":"https:\/\/www.rezeau.org\/wp-flore\/wp-json\/wp\/v2\/categories?post=767"},{"taxonomy":"post_tag","embeddable":true,"href":"https:\/\/www.rezeau.org\/wp-flore\/wp-json\/wp\/v2\/tags?post=767"}],"curies":[{"name":"wp","href":"https:\/\/api.w.org\/{rel}","templated":true}]}}