{"id":772,"date":"2016-03-15T09:43:45","date_gmt":"2016-03-15T08:43:45","guid":{"rendered":"http:\/\/www.rezeau.org\/wp-flore\/?page_id=772"},"modified":"2021-05-17T22:55:16","modified_gmt":"2021-05-17T20:55:16","slug":"euonymus-europaeus-loefl-ex-l","status":"publish","type":"page","link":"https:\/\/www.rezeau.org\/wp-flore\/euonymus-europaeus-loefl-ex-l\/","title":{"rendered":"Euonymus europaeus"},"content":{"rendered":"\n<table class=\"desc\" style=\"width: 100%; height: 189px;\">\n<tbody>\n<tr style=\"height: 24px;\">\n<td style=\"height: 24px;\"><span class=\"gras\">710 Evonymus vulgaris&nbsp;<\/span><span class=\"italique\">Bonnet de pr\u00eatre Jeunes<\/span><\/td>\n<\/tr>\n<tr style=\"height: 24px;\">\n<td style=\"height: 24px;\"><span class=\"titre\">Synonymes&nbsp;<\/span>E. EUROPAEUS L. part<\/td>\n<\/tr>\n<tr style=\"height: 24px;\">\n<td style=\"height: 24px;\">&#8211; rameaux&nbsp;t\u00e9tragones, verts&nbsp;<br>&#8211;&nbsp;feuilles&nbsp;moyennes, de 4-0 cm de long,&nbsp;elliptiques&nbsp;ou&nbsp;ovales-lanc\u00e9ol\u00e9es&nbsp;<br>&#8211;&nbsp;fleurs&nbsp;d&#8217;un blanc verd\u00e2tre, 2-5 en petites&nbsp;cymes&nbsp;corymbiformes, \u00e0&nbsp;p\u00e9doncules&nbsp;peu allong\u00e9s,&nbsp;ascendants&nbsp;m\u00eame \u00e0 la maturit\u00e9&nbsp;<br>&#8211;&nbsp;calice&nbsp;\u00e0 4&nbsp;lobes&nbsp;<br>&#8211; 4&nbsp;p\u00e9tales,&nbsp;oblongs,&nbsp;obtus, 1-2 fois plus longs que le&nbsp;calice&nbsp;<br>&#8211; 4&nbsp;\u00e9tamines, \u00e9galant les&nbsp;s\u00e9pales&nbsp;<br>&#8211;&nbsp;style&nbsp;assez long, \u00e0&nbsp;stigmate&nbsp;obtus&nbsp;<br>&#8211;&nbsp;capsule&nbsp;inclin\u00e9e, moyenne,&nbsp;ovale-d\u00e9prim\u00e9e, \u00e0 4 (rarement 5)&nbsp;lobes&nbsp;arrondis sur le dos.<\/td>\n<\/tr>\n<tr style=\"height: 24px;\">\n<td style=\"height: 24px;\"><span class=\"titre\">\u00c9cologie&nbsp;<\/span>Haies et bois, dans presque toute la France et en Corse.<\/td>\n<\/tr>\n<tr style=\"height: 24px;\">\n<td style=\"height: 24px;\"><span class=\"titre\">R\u00e9partition&nbsp;<\/span>Europe, jusqu&#8217;\u00e0 la Su\u00e8de&nbsp;; Asie occidentale.<\/td>\n<\/tr>\n<tr style=\"height: 24px;\">\n<td style=\"height: 24px;\"><span class=\"titre\">Floraison&nbsp;<\/span>avril-mai&nbsp;<span class=\"titre\">Fructification&nbsp;<\/span>septembre-octobre,<\/td>\n<\/tr>\n<tr style=\"height: 45px;\">\n<td style=\"height: 45px;\"><span class=\"titre\">Usages<\/span>&nbsp;Le bois, carbonis\u00e9 en vase clos, donne le fusain \u00e0 dessiner&nbsp;; les&nbsp;<span class=\"definition_term\">fruits<\/span>, \u00e2cres, purgatifs,&nbsp;<span class=\"definition_term\">\u00e9m\u00e9tiques<\/span>, servent \u00e0 d\u00e9truire la vermine.<\/td>\n<\/tr>\n<\/tbody>\n<\/table>\n","protected":false},"excerpt":{"rendered":"<p>710 Evonymus vulgaris&nbsp;Bonnet de pr\u00eatre Jeunes Synonymes&nbsp;E. EUROPAEUS L. part &#8211; rameaux&nbsp;t\u00e9tragones, verts&nbsp;&#8211;&nbsp;feuilles&nbsp;moyennes, de 4-0 cm de long,&nbsp;elliptiques&nbsp;ou&nbsp;ovales-lanc\u00e9ol\u00e9es&nbsp;&#8211;&nbsp;fleurs&nbsp;d&#8217;un blanc verd\u00e2tre, 2-5 en petites&nbsp;cymes&nbsp;corymbiformes, \u00e0&nbsp;p\u00e9doncules&nbsp;peu allong\u00e9s,&nbsp;ascendants&nbsp;m\u00eame \u00e0 la maturit\u00e9&nbsp;&#8211;&nbsp;calice&nbsp;\u00e0 4&nbsp;lobes&nbsp;&#8211; 4&nbsp;p\u00e9tales,&nbsp;oblongs,&nbsp;obtus, 1-2 fois plus longs que le&nbsp;calice&nbsp;&#8211; 4&nbsp;\u00e9tamines, \u00e9galant les&nbsp;s\u00e9pales&nbsp;&#8211;&nbsp;style&nbsp;assez long, \u00e0&nbsp;stigmate&nbsp;obtus&nbsp;&#8211;&nbsp;capsule&nbsp;inclin\u00e9e, moyenne,&nbsp;ovale-d\u00e9prim\u00e9e, \u00e0 4 (rarement 5)&nbsp;lobes&nbsp;arrondis sur le dos. \u00c9cologie&nbsp;Haies et bois, dans presque toute&hellip;<\/p>\n","protected":false},"author":1,"featured_media":728,"parent":0,"menu_order":0,"comment_status":"closed","ping_status":"closed","template":"","meta":{"_acf_changed":false,"footnotes":""},"categories":[23,157,6],"tags":[],"class_list":["post-772","page","type-page","status-publish","has-post-thumbnail","hentry","category-celastraceae","category-euonymus","category-plantae"],"acf":[],"_links":{"self":[{"href":"https:\/\/www.rezeau.org\/wp-flore\/wp-json\/wp\/v2\/pages\/772","targetHints":{"allow":["GET"]}}],"collection":[{"href":"https:\/\/www.rezeau.org\/wp-flore\/wp-json\/wp\/v2\/pages"}],"about":[{"href":"https:\/\/www.rezeau.org\/wp-flore\/wp-json\/wp\/v2\/types\/page"}],"author":[{"embeddable":true,"href":"https:\/\/www.rezeau.org\/wp-flore\/wp-json\/wp\/v2\/users\/1"}],"replies":[{"embeddable":true,"href":"https:\/\/www.rezeau.org\/wp-flore\/wp-json\/wp\/v2\/comments?post=772"}],"version-history":[{"count":3,"href":"https:\/\/www.rezeau.org\/wp-flore\/wp-json\/wp\/v2\/pages\/772\/revisions"}],"predecessor-version":[{"id":4299,"href":"https:\/\/www.rezeau.org\/wp-flore\/wp-json\/wp\/v2\/pages\/772\/revisions\/4299"}],"wp:featuredmedia":[{"embeddable":true,"href":"https:\/\/www.rezeau.org\/wp-flore\/wp-json\/wp\/v2\/media\/728"}],"wp:attachment":[{"href":"https:\/\/www.rezeau.org\/wp-flore\/wp-json\/wp\/v2\/media?parent=772"}],"wp:term":[{"taxonomy":"category","embeddable":true,"href":"https:\/\/www.rezeau.org\/wp-flore\/wp-json\/wp\/v2\/categories?post=772"},{"taxonomy":"post_tag","embeddable":true,"href":"https:\/\/www.rezeau.org\/wp-flore\/wp-json\/wp\/v2\/tags?post=772"}],"curies":[{"name":"wp","href":"https:\/\/api.w.org\/{rel}","templated":true}]}}