{"id":775,"date":"2016-03-15T11:26:18","date_gmt":"2016-03-15T10:26:18","guid":{"rendered":"http:\/\/www.rezeau.org\/wp-flore\/?page_id=775"},"modified":"2023-01-24T23:23:26","modified_gmt":"2023-01-24T22:23:26","slug":"eupatorium-cannabinum-loefl-ex-l","status":"publish","type":"page","link":"https:\/\/www.rezeau.org\/wp-flore\/eupatorium-cannabinum-loefl-ex-l\/","title":{"rendered":"Eupatorium cannabinum"},"content":{"rendered":"\n<table class=\"desc\">\n<tbody>\n<tr>\n<td><span class=\"gras\">1775 Eupatorium cannabinum L.&nbsp;<\/span><span class=\"italique\">Eupatoire \u00e0&nbsp;<span class=\"definition_term\">feuilles<\/span>&nbsp;de chanvre<\/span><\/td>\n<\/tr>\n<tr>\n<td>&#8211; . Plante&nbsp;vivace&nbsp;de 6-12 dm \u00e0&nbsp;tige&nbsp;dress\u00e9e,&nbsp;simple&nbsp;ou&nbsp;rameuse, souvent rouge\u00e2tre,&nbsp;pubescente&nbsp;<br>&#8211;&nbsp;feuilles&nbsp;oppos\u00e9es&nbsp;\u00e0 3-5&nbsp;segments&nbsp;p\u00e9tiolul\u00e9s,&nbsp;lanc\u00e9ol\u00e9s,&nbsp;dent\u00e9s&nbsp;{quelquefois les sup\u00e9rieures&nbsp;simples),&nbsp;glanduleuses&nbsp;en dessous&nbsp;<br>&#8211;&nbsp;involucre&nbsp;\u00e0&nbsp;folioles&nbsp;int\u00e9rieures&nbsp;scarieuses, oblongues-lin\u00e9aires, tr\u00e8s&nbsp;obtuses, les ext\u00e9rieures&nbsp;ovales&nbsp;<br>&#8211; capitules purpurins, en&nbsp;corymbe&nbsp;rameux, terminal, compact. Varie (en Corse) \u00e0&nbsp;segments&nbsp;des&nbsp;feuilles&nbsp;plus courts, \u00e0 dents&nbsp;obtuses, \u00e0 capitules plus petites, \u00e0&nbsp;aigrette&nbsp;\u00e0 peine plus longue que l&#8217;ak\u00e8ne (E. corsicum Req.).<\/td>\n<\/tr>\n<tr>\n<td><span class=\"titre\">\u00c9cologie&nbsp;<\/span>Bois et lieux humides, bords des eaux, marais dans toute la France, Corse.<\/td>\n<\/tr>\n<tr>\n<td><span class=\"titre\">R\u00e9partition&nbsp;<\/span>Europe, Asie Mineure, Afrique septentrionale.<\/td>\n<\/tr>\n<tr>\n<td><span class=\"titre\">Floraison&nbsp;<\/span>Juillet-ao\u00fbt.<\/td>\n<\/tr>\n<\/tbody>\n<\/table>\n","protected":false},"excerpt":{"rendered":"<p>1775 Eupatorium cannabinum L.&nbsp;Eupatoire \u00e0&nbsp;feuilles&nbsp;de chanvre &#8211; . Plante&nbsp;vivace&nbsp;de 6-12 dm \u00e0&nbsp;tige&nbsp;dress\u00e9e,&nbsp;simple&nbsp;ou&nbsp;rameuse, souvent rouge\u00e2tre,&nbsp;pubescente&nbsp;&#8211;&nbsp;feuilles&nbsp;oppos\u00e9es&nbsp;\u00e0 3-5&nbsp;segments&nbsp;p\u00e9tiolul\u00e9s,&nbsp;lanc\u00e9ol\u00e9s,&nbsp;dent\u00e9s&nbsp;{quelquefois les sup\u00e9rieures&nbsp;simples),&nbsp;glanduleuses&nbsp;en dessous&nbsp;&#8211;&nbsp;involucre&nbsp;\u00e0&nbsp;folioles&nbsp;int\u00e9rieures&nbsp;scarieuses, oblongues-lin\u00e9aires, tr\u00e8s&nbsp;obtuses, les ext\u00e9rieures&nbsp;ovales&nbsp;&#8211; capitules purpurins, en&nbsp;corymbe&nbsp;rameux, terminal, compact. Varie (en Corse) \u00e0&nbsp;segments&nbsp;des&nbsp;feuilles&nbsp;plus courts, \u00e0 dents&nbsp;obtuses, \u00e0 capitules plus petites, \u00e0&nbsp;aigrette&nbsp;\u00e0 peine plus longue que l&#8217;ak\u00e8ne (E. corsicum Req.). \u00c9cologie&nbsp;Bois et lieux humides, bords des eaux, marais&hellip;<\/p>\n","protected":false},"author":1,"featured_media":733,"parent":0,"menu_order":0,"comment_status":"closed","ping_status":"closed","template":"","meta":{"_acf_changed":false,"footnotes":""},"categories":[14,90,6],"tags":[],"class_list":["post-775","page","type-page","status-publish","has-post-thumbnail","hentry","category-asteraceae","category-eupatorium","category-plantae"],"acf":[],"_links":{"self":[{"href":"https:\/\/www.rezeau.org\/wp-flore\/wp-json\/wp\/v2\/pages\/775","targetHints":{"allow":["GET"]}}],"collection":[{"href":"https:\/\/www.rezeau.org\/wp-flore\/wp-json\/wp\/v2\/pages"}],"about":[{"href":"https:\/\/www.rezeau.org\/wp-flore\/wp-json\/wp\/v2\/types\/page"}],"author":[{"embeddable":true,"href":"https:\/\/www.rezeau.org\/wp-flore\/wp-json\/wp\/v2\/users\/1"}],"replies":[{"embeddable":true,"href":"https:\/\/www.rezeau.org\/wp-flore\/wp-json\/wp\/v2\/comments?post=775"}],"version-history":[{"count":5,"href":"https:\/\/www.rezeau.org\/wp-flore\/wp-json\/wp\/v2\/pages\/775\/revisions"}],"predecessor-version":[{"id":4626,"href":"https:\/\/www.rezeau.org\/wp-flore\/wp-json\/wp\/v2\/pages\/775\/revisions\/4626"}],"wp:featuredmedia":[{"embeddable":true,"href":"https:\/\/www.rezeau.org\/wp-flore\/wp-json\/wp\/v2\/media\/733"}],"wp:attachment":[{"href":"https:\/\/www.rezeau.org\/wp-flore\/wp-json\/wp\/v2\/media?parent=775"}],"wp:term":[{"taxonomy":"category","embeddable":true,"href":"https:\/\/www.rezeau.org\/wp-flore\/wp-json\/wp\/v2\/categories?post=775"},{"taxonomy":"post_tag","embeddable":true,"href":"https:\/\/www.rezeau.org\/wp-flore\/wp-json\/wp\/v2\/tags?post=775"}],"curies":[{"name":"wp","href":"https:\/\/api.w.org\/{rel}","templated":true}]}}