{"id":781,"date":"2016-03-15T11:31:29","date_gmt":"2016-03-15T10:31:29","guid":{"rendered":"http:\/\/www.rezeau.org\/wp-flore\/?page_id=781"},"modified":"2021-05-17T23:01:32","modified_gmt":"2021-05-17T21:01:32","slug":"euphorbia-amygdaloides-loefl-ex-l","status":"publish","type":"page","link":"https:\/\/www.rezeau.org\/wp-flore\/euphorbia-amygdaloides-loefl-ex-l\/","title":{"rendered":"Euphorbia amygdaloides"},"content":{"rendered":"\n<table class=\"desc\">\n<tbody>\n<tr>\n<td><span class=\"gras\">3232 Euphorbia amygdaloides<\/span><\/td>\n<\/tr>\n<tr>\n<td><span class=\"titre\">Synonymes&nbsp;<\/span>E. SILVATICA Jacq.<\/td>\n<\/tr>\n<tr>\n<td>&#8211; Plante&nbsp;vivace&nbsp;de 30-80 cm,&nbsp;velue, \u00e0&nbsp;souche&nbsp;\u00e9paisse&nbsp;<br>&#8211;&nbsp;tiges&nbsp;sous-ligneuses et nues \u00e0 la base,&nbsp;ascendantes, portant des rameaux florif\u00e8res sous l&#8217;ombelle<br>&#8211;&nbsp;feuilles&nbsp;oblongues ou&nbsp;obovales&nbsp;en coin,&nbsp;enti\u00e8res, les inf\u00e9rieures en&nbsp;rosette, \u00e9paisses,&nbsp;persistantes, les sup\u00e9rieures&nbsp;\u00e9parses, molles, caduques&nbsp;<br>&#8211;&nbsp;ombelle&nbsp;\u00e0 5-10 rayons&nbsp;<br>&#8211;&nbsp;bract\u00e9es&nbsp;soud\u00e9es en un&nbsp;disque&nbsp;orbiculaire&nbsp;concave&nbsp;<br>&#8211;&nbsp;glandes&nbsp;jaunes, \u00e0 cornes longues, en al\u00eane, convergentes&nbsp;<br>&#8211;&nbsp;capsule&nbsp;de 4 mm,&nbsp;glabre, \u00e0&nbsp;coques&nbsp;sillonn\u00e9es&nbsp;sur le dos&nbsp;<br>&#8211; graines&nbsp;ovo\u00efdes, gris perle,&nbsp;lisses, caroncul\u00e9es.<\/td>\n<\/tr>\n<tr>\n<td><span class=\"titre\">\u00c9cologie&nbsp;<\/span>Lieux frais et ombrag\u00e9s, dans presque toute la France.<\/td>\n<\/tr>\n<tr>\n<td><span class=\"titre\">R\u00e9partition&nbsp;<\/span>Europe centrale et m\u00e9ridionale&nbsp;; Asie occidentale&nbsp;; Alg\u00e9rie.<\/td>\n<\/tr>\n<tr>\n<td><span class=\"titre\">Floraison&nbsp;<\/span>Avril-juin.<\/td>\n<\/tr>\n<\/tbody>\n<\/table>\n","protected":false},"excerpt":{"rendered":"<p>3232 Euphorbia amygdaloides Synonymes&nbsp;E. SILVATICA Jacq. &#8211; Plante&nbsp;vivace&nbsp;de 30-80 cm,&nbsp;velue, \u00e0&nbsp;souche&nbsp;\u00e9paisse&nbsp;&#8211;&nbsp;tiges&nbsp;sous-ligneuses et nues \u00e0 la base,&nbsp;ascendantes, portant des rameaux florif\u00e8res sous l&#8217;ombelle&#8211;&nbsp;feuilles&nbsp;oblongues ou&nbsp;obovales&nbsp;en coin,&nbsp;enti\u00e8res, les inf\u00e9rieures en&nbsp;rosette, \u00e9paisses,&nbsp;persistantes, les sup\u00e9rieures&nbsp;\u00e9parses, molles, caduques&nbsp;&#8211;&nbsp;ombelle&nbsp;\u00e0 5-10 rayons&nbsp;&#8211;&nbsp;bract\u00e9es&nbsp;soud\u00e9es en un&nbsp;disque&nbsp;orbiculaire&nbsp;concave&nbsp;&#8211;&nbsp;glandes&nbsp;jaunes, \u00e0 cornes longues, en al\u00eane, convergentes&nbsp;&#8211;&nbsp;capsule&nbsp;de 4 mm,&nbsp;glabre, \u00e0&nbsp;coques&nbsp;sillonn\u00e9es&nbsp;sur le dos&nbsp;&#8211; graines&nbsp;ovo\u00efdes, gris perle,&nbsp;lisses, caroncul\u00e9es. \u00c9cologie&nbsp;Lieux frais et ombrag\u00e9s,&hellip;<\/p>\n","protected":false},"author":1,"featured_media":735,"parent":0,"menu_order":0,"comment_status":"closed","ping_status":"closed","template":"","meta":{"_acf_changed":false,"footnotes":""},"categories":[158,32,6],"tags":[],"class_list":["post-781","page","type-page","status-publish","has-post-thumbnail","hentry","category-euphorbia","category-euphorbiaceae","category-plantae"],"acf":[],"_links":{"self":[{"href":"https:\/\/www.rezeau.org\/wp-flore\/wp-json\/wp\/v2\/pages\/781","targetHints":{"allow":["GET"]}}],"collection":[{"href":"https:\/\/www.rezeau.org\/wp-flore\/wp-json\/wp\/v2\/pages"}],"about":[{"href":"https:\/\/www.rezeau.org\/wp-flore\/wp-json\/wp\/v2\/types\/page"}],"author":[{"embeddable":true,"href":"https:\/\/www.rezeau.org\/wp-flore\/wp-json\/wp\/v2\/users\/1"}],"replies":[{"embeddable":true,"href":"https:\/\/www.rezeau.org\/wp-flore\/wp-json\/wp\/v2\/comments?post=781"}],"version-history":[{"count":3,"href":"https:\/\/www.rezeau.org\/wp-flore\/wp-json\/wp\/v2\/pages\/781\/revisions"}],"predecessor-version":[{"id":4301,"href":"https:\/\/www.rezeau.org\/wp-flore\/wp-json\/wp\/v2\/pages\/781\/revisions\/4301"}],"wp:featuredmedia":[{"embeddable":true,"href":"https:\/\/www.rezeau.org\/wp-flore\/wp-json\/wp\/v2\/media\/735"}],"wp:attachment":[{"href":"https:\/\/www.rezeau.org\/wp-flore\/wp-json\/wp\/v2\/media?parent=781"}],"wp:term":[{"taxonomy":"category","embeddable":true,"href":"https:\/\/www.rezeau.org\/wp-flore\/wp-json\/wp\/v2\/categories?post=781"},{"taxonomy":"post_tag","embeddable":true,"href":"https:\/\/www.rezeau.org\/wp-flore\/wp-json\/wp\/v2\/tags?post=781"}],"curies":[{"name":"wp","href":"https:\/\/api.w.org\/{rel}","templated":true}]}}