{"id":794,"date":"2016-03-15T11:39:48","date_gmt":"2016-03-15T10:39:48","guid":{"rendered":"http:\/\/www.rezeau.org\/wp-flore\/?page_id=794"},"modified":"2021-05-17T23:05:58","modified_gmt":"2021-05-17T21:05:58","slug":"euphorbia-peplus-l","status":"publish","type":"page","link":"https:\/\/www.rezeau.org\/wp-flore\/euphorbia-peplus-l\/","title":{"rendered":"Euphorbia peplus"},"content":{"rendered":"\n<table class=\"desc\">\n<tbody>\n<tr>\n<td><span class=\"gras\">3219 Euphorbia peplus L.<\/span><\/td>\n<\/tr>\n<tr>\n<td>&#8211; Plante&nbsp;annuelle&nbsp;de 10-40 cm,&nbsp;glabre, \u00e0&nbsp;racine&nbsp;pivotante&nbsp;<br>&#8211;&nbsp;tige&nbsp;dress\u00e9e, souvent&nbsp;rameuse&nbsp;d\u00e8s la base&nbsp;<br>&#8211;&nbsp;feuilles&nbsp;minces,&nbsp;\u00e9parses,&nbsp;obovales,&nbsp;obtuses&nbsp;ou&nbsp;\u00e9margin\u00e9es,&nbsp;enti\u00e8res,&nbsp;att\u00e9nu\u00e9es&nbsp;en&nbsp;p\u00e9tiole, les ombellaires&nbsp;sessiles&nbsp;<br>&#8211;&nbsp;ombelle&nbsp;grande, \u00e0 3 rayons 1-4 fois&nbsp;bifurqu\u00e9s&nbsp;<br>&#8211;&nbsp;bract\u00e9es&nbsp;ovales&nbsp;apicul\u00e9es,&nbsp;enti\u00e8res, obliques \u00e0 la base&nbsp;<br>&#8211;&nbsp;glandes&nbsp;en croissant, \u00e0 cornes&nbsp;s\u00e9tac\u00e9es&nbsp;<br>&#8211;&nbsp;capsule&nbsp;petite,&nbsp;glabre,&nbsp;lisse, \u00e0&nbsp;coques&nbsp;munies chacune sur le dos de 2&nbsp;car\u00e8nes&nbsp;ail\u00e9es&nbsp;<br>&#8211; graines de 1, 2 mm, gris perle, hexagonales, offrant un sillon longitudinal et sur les faces des lignes de 3 ou 4&nbsp;fossettes&nbsp;<br>&#8211;&nbsp;caroncule&nbsp;arrondie.<\/td>\n<\/tr>\n<tr>\n<td><span class=\"titre\">\u00c9cologie&nbsp;<\/span>Cultures et d\u00e9combres. dans toute la France et la Corse.<\/td>\n<\/tr>\n<tr>\n<td><span class=\"titre\">R\u00e9partition&nbsp;<\/span>Europe&nbsp;; Asie&nbsp;; Afrique.<\/td>\n<\/tr>\n<tr>\n<td><span class=\"titre\">Floraison&nbsp;<\/span>Presque toute l&#8217;ann\u00e9e.<\/td>\n<\/tr>\n<\/tbody>\n<\/table>\n","protected":false},"excerpt":{"rendered":"<p>3219 Euphorbia peplus L. &#8211; Plante&nbsp;annuelle&nbsp;de 10-40 cm,&nbsp;glabre, \u00e0&nbsp;racine&nbsp;pivotante&nbsp;&#8211;&nbsp;tige&nbsp;dress\u00e9e, souvent&nbsp;rameuse&nbsp;d\u00e8s la base&nbsp;&#8211;&nbsp;feuilles&nbsp;minces,&nbsp;\u00e9parses,&nbsp;obovales,&nbsp;obtuses&nbsp;ou&nbsp;\u00e9margin\u00e9es,&nbsp;enti\u00e8res,&nbsp;att\u00e9nu\u00e9es&nbsp;en&nbsp;p\u00e9tiole, les ombellaires&nbsp;sessiles&nbsp;&#8211;&nbsp;ombelle&nbsp;grande, \u00e0 3 rayons 1-4 fois&nbsp;bifurqu\u00e9s&nbsp;&#8211;&nbsp;bract\u00e9es&nbsp;ovales&nbsp;apicul\u00e9es,&nbsp;enti\u00e8res, obliques \u00e0 la base&nbsp;&#8211;&nbsp;glandes&nbsp;en croissant, \u00e0 cornes&nbsp;s\u00e9tac\u00e9es&nbsp;&#8211;&nbsp;capsule&nbsp;petite,&nbsp;glabre,&nbsp;lisse, \u00e0&nbsp;coques&nbsp;munies chacune sur le dos de 2&nbsp;car\u00e8nes&nbsp;ail\u00e9es&nbsp;&#8211; graines de 1, 2 mm, gris perle, hexagonales, offrant un sillon longitudinal et sur les faces des lignes de 3 ou 4&nbsp;fossettes&nbsp;&#8211;&nbsp;caroncule&nbsp;arrondie.&hellip;<\/p>\n","protected":false},"author":1,"featured_media":740,"parent":0,"menu_order":0,"comment_status":"closed","ping_status":"closed","template":"","meta":{"_acf_changed":false,"footnotes":""},"categories":[158,32,6],"tags":[],"class_list":["post-794","page","type-page","status-publish","has-post-thumbnail","hentry","category-euphorbia","category-euphorbiaceae","category-plantae"],"acf":[],"_links":{"self":[{"href":"https:\/\/www.rezeau.org\/wp-flore\/wp-json\/wp\/v2\/pages\/794","targetHints":{"allow":["GET"]}}],"collection":[{"href":"https:\/\/www.rezeau.org\/wp-flore\/wp-json\/wp\/v2\/pages"}],"about":[{"href":"https:\/\/www.rezeau.org\/wp-flore\/wp-json\/wp\/v2\/types\/page"}],"author":[{"embeddable":true,"href":"https:\/\/www.rezeau.org\/wp-flore\/wp-json\/wp\/v2\/users\/1"}],"replies":[{"embeddable":true,"href":"https:\/\/www.rezeau.org\/wp-flore\/wp-json\/wp\/v2\/comments?post=794"}],"version-history":[{"count":3,"href":"https:\/\/www.rezeau.org\/wp-flore\/wp-json\/wp\/v2\/pages\/794\/revisions"}],"predecessor-version":[{"id":4304,"href":"https:\/\/www.rezeau.org\/wp-flore\/wp-json\/wp\/v2\/pages\/794\/revisions\/4304"}],"wp:featuredmedia":[{"embeddable":true,"href":"https:\/\/www.rezeau.org\/wp-flore\/wp-json\/wp\/v2\/media\/740"}],"wp:attachment":[{"href":"https:\/\/www.rezeau.org\/wp-flore\/wp-json\/wp\/v2\/media?parent=794"}],"wp:term":[{"taxonomy":"category","embeddable":true,"href":"https:\/\/www.rezeau.org\/wp-flore\/wp-json\/wp\/v2\/categories?post=794"},{"taxonomy":"post_tag","embeddable":true,"href":"https:\/\/www.rezeau.org\/wp-flore\/wp-json\/wp\/v2\/tags?post=794"}],"curies":[{"name":"wp","href":"https:\/\/api.w.org\/{rel}","templated":true}]}}