{"id":804,"date":"2016-03-15T11:52:06","date_gmt":"2016-03-15T10:52:06","guid":{"rendered":"http:\/\/www.rezeau.org\/wp-flore\/?page_id=804"},"modified":"2021-05-17T23:11:21","modified_gmt":"2021-05-17T21:11:21","slug":"fallopia-convolvulus-l","status":"publish","type":"page","link":"https:\/\/www.rezeau.org\/wp-flore\/fallopia-convolvulus-l\/","title":{"rendered":"Fallopia convolvulus"},"content":{"rendered":"\n<p>\u2013 Polygonum convolvulus L. \u2013 Vrill\u00e9e sauvage.<\/p>\n\n\n\n<p>Plante annuelle de 20 cm \u00e0 1 m\u00e8tre, un peu scabre, \u00e0 tiges gr\u00eales, couch\u00e9es ou volubiles, anguleuses-stri\u00e9es, tr\u00e8s rameuses et feuill\u00e9es ; feuilles sagitt\u00e9es en coeur, triangulaires-ovales acumin\u00e9es, penninerv\u00e9es, assez longuement p\u00e9tiol\u00e9es ; gaines tr\u00e8s courtes, tronqu\u00e9es ; fleurs blanch\u00e2tres en fascicules ou en grappes l\u00e2ches axillaires et terminales ; p\u00e9rianthe pub\u00e9rulent, enveloppant le fruit, car\u00e9n\u00e9 ou obscur\u00e9ment ail\u00e9 sur ses angles ; 8 \u00e9tamines, anth\u00e8res violac\u00e9es ; 3 stigmates ; fruits longs de 3 1\/2 mm, trigones, noir terne, finement stri\u00e9s, \u00e0 angles aigus.<\/p>\n\n\n\n<p>taxon modifi\u00e9 le : 29\/11\/2015; changement de genre : <em>Polygonum<\/em> &gt; <em>Fallopia<\/em><\/p>\n","protected":false},"excerpt":{"rendered":"<p>\u2013 Polygonum convolvulus L. \u2013 Vrill\u00e9e sauvage. Plante annuelle de 20 cm \u00e0 1 m\u00e8tre, un peu scabre, \u00e0 tiges gr\u00eales, couch\u00e9es ou volubiles, anguleuses-stri\u00e9es, tr\u00e8s rameuses et feuill\u00e9es ; feuilles sagitt\u00e9es en coeur, triangulaires-ovales acumin\u00e9es, penninerv\u00e9es, assez longuement p\u00e9tiol\u00e9es ; gaines tr\u00e8s courtes, tronqu\u00e9es ; fleurs blanch\u00e2tres en fascicules ou en grappes l\u00e2ches axillaires&hellip;<\/p>\n","protected":false},"author":1,"featured_media":747,"parent":0,"menu_order":0,"comment_status":"closed","ping_status":"closed","template":"","meta":{"_acf_changed":false,"footnotes":""},"categories":[160,6,52],"tags":[],"class_list":["post-804","page","type-page","status-publish","has-post-thumbnail","hentry","category-fallopia","category-plantae","category-polygonaceae"],"acf":[],"_links":{"self":[{"href":"https:\/\/www.rezeau.org\/wp-flore\/wp-json\/wp\/v2\/pages\/804","targetHints":{"allow":["GET"]}}],"collection":[{"href":"https:\/\/www.rezeau.org\/wp-flore\/wp-json\/wp\/v2\/pages"}],"about":[{"href":"https:\/\/www.rezeau.org\/wp-flore\/wp-json\/wp\/v2\/types\/page"}],"author":[{"embeddable":true,"href":"https:\/\/www.rezeau.org\/wp-flore\/wp-json\/wp\/v2\/users\/1"}],"replies":[{"embeddable":true,"href":"https:\/\/www.rezeau.org\/wp-flore\/wp-json\/wp\/v2\/comments?post=804"}],"version-history":[{"count":4,"href":"https:\/\/www.rezeau.org\/wp-flore\/wp-json\/wp\/v2\/pages\/804\/revisions"}],"predecessor-version":[{"id":4310,"href":"https:\/\/www.rezeau.org\/wp-flore\/wp-json\/wp\/v2\/pages\/804\/revisions\/4310"}],"wp:featuredmedia":[{"embeddable":true,"href":"https:\/\/www.rezeau.org\/wp-flore\/wp-json\/wp\/v2\/media\/747"}],"wp:attachment":[{"href":"https:\/\/www.rezeau.org\/wp-flore\/wp-json\/wp\/v2\/media?parent=804"}],"wp:term":[{"taxonomy":"category","embeddable":true,"href":"https:\/\/www.rezeau.org\/wp-flore\/wp-json\/wp\/v2\/categories?post=804"},{"taxonomy":"post_tag","embeddable":true,"href":"https:\/\/www.rezeau.org\/wp-flore\/wp-json\/wp\/v2\/tags?post=804"}],"curies":[{"name":"wp","href":"https:\/\/api.w.org\/{rel}","templated":true}]}}