{"id":807,"date":"2016-03-15T11:56:48","date_gmt":"2016-03-15T10:56:48","guid":{"rendered":"http:\/\/www.rezeau.org\/wp-flore\/?page_id=807"},"modified":"2021-05-17T23:12:19","modified_gmt":"2021-05-17T21:12:19","slug":"filipendula-ulmaria-l","status":"publish","type":"page","link":"https:\/\/www.rezeau.org\/wp-flore\/filipendula-ulmaria-l\/","title":{"rendered":"Filipendula ulmaria"},"content":{"rendered":"\n<table class=\"desc\">\n<tbody>\n<tr>\n<td><span class=\"gras\">1099 Spiraea ulmaria L.&nbsp;<\/span><span class=\"italique\">Reine des pr\u00e8s<\/span><\/td>\n<\/tr>\n<tr>\n<td>&#8211; . Plante&nbsp;vivace&nbsp;d&#8217;environ 1 m\u00e8tre, \u00e0&nbsp;racine&nbsp;munie de fibres non renfl\u00e9es&nbsp;<br>&#8211;&nbsp;feuilles&nbsp;grandes,&nbsp;imparipenn\u00e9es, \u00e0 5-9 paires de&nbsp;segments&nbsp;larges, in\u00e9gaux,&nbsp;sessiles, \u00e9cart\u00e9s, doublement&nbsp;dent\u00e9s, les 3 sup\u00e9rieurs&nbsp;confluents&nbsp;en un seul trilob\u00e9, verts ou blancs-tomenteux&nbsp;en dessous&nbsp;<br>&#8211;&nbsp;stipules&nbsp;demi-circulaires,&nbsp;dent\u00e9es&nbsp;<br>&#8211;&nbsp;fleurs&nbsp;blanches, en&nbsp;corymbes&nbsp;\u00e0 branches tr\u00e8s in\u00e9gales&nbsp;<br>&#8211;&nbsp;\u00e9tamines&nbsp;plus longues que les&nbsp;p\u00e9tales&nbsp;suborbiculaires&nbsp;<br>&#8211; 5-9&nbsp;carpelles, contourn\u00e9s en spirale les uns autour des autres.<\/td>\n<\/tr>\n<tr>\n<td><span class=\"titre\">\u00c9cologie&nbsp;<\/span>Lieux humides, dans presque toute la France&nbsp;; rare dans la r\u00e9gion m\u00e9diterran\u00e9enne.<\/td>\n<\/tr>\n<tr>\n<td><span class=\"titre\">R\u00e9partition&nbsp;<\/span>Europe, surtout centrale et septentrionale&nbsp;; Asie occidentale et bor\u00e9ale.<\/td>\n<\/tr>\n<tr>\n<td><span class=\"titre\">Floraison&nbsp;<\/span>Juin-ao\u00fbt. .<\/td>\n<\/tr>\n<tr>\n<td><span class=\"titre\">Usages<\/span>&nbsp;Plante&nbsp;<span class=\"definition_term\">vuln\u00e9raire<\/span>, astringente, tonique, pr\u00e9conis\u00e9e contre l&#8217;hydropisie.<\/td>\n<\/tr>\n<\/tbody>\n<\/table>\n","protected":false},"excerpt":{"rendered":"<p>1099 Spiraea ulmaria L.&nbsp;Reine des pr\u00e8s &#8211; . Plante&nbsp;vivace&nbsp;d&#8217;environ 1 m\u00e8tre, \u00e0&nbsp;racine&nbsp;munie de fibres non renfl\u00e9es&nbsp;&#8211;&nbsp;feuilles&nbsp;grandes,&nbsp;imparipenn\u00e9es, \u00e0 5-9 paires de&nbsp;segments&nbsp;larges, in\u00e9gaux,&nbsp;sessiles, \u00e9cart\u00e9s, doublement&nbsp;dent\u00e9s, les 3 sup\u00e9rieurs&nbsp;confluents&nbsp;en un seul trilob\u00e9, verts ou blancs-tomenteux&nbsp;en dessous&nbsp;&#8211;&nbsp;stipules&nbsp;demi-circulaires,&nbsp;dent\u00e9es&nbsp;&#8211;&nbsp;fleurs&nbsp;blanches, en&nbsp;corymbes&nbsp;\u00e0 branches tr\u00e8s in\u00e9gales&nbsp;&#8211;&nbsp;\u00e9tamines&nbsp;plus longues que les&nbsp;p\u00e9tales&nbsp;suborbiculaires&nbsp;&#8211; 5-9&nbsp;carpelles, contourn\u00e9s en spirale les uns autour des autres. \u00c9cologie&nbsp;Lieux humides, dans presque toute la&hellip;<\/p>\n","protected":false},"author":1,"featured_media":751,"parent":0,"menu_order":0,"comment_status":"closed","ping_status":"closed","template":"","meta":{"_acf_changed":false,"footnotes":""},"categories":[161,6,55],"tags":[],"class_list":["post-807","page","type-page","status-publish","has-post-thumbnail","hentry","category-filipendula","category-plantae","category-rosaceae"],"acf":[],"_links":{"self":[{"href":"https:\/\/www.rezeau.org\/wp-flore\/wp-json\/wp\/v2\/pages\/807","targetHints":{"allow":["GET"]}}],"collection":[{"href":"https:\/\/www.rezeau.org\/wp-flore\/wp-json\/wp\/v2\/pages"}],"about":[{"href":"https:\/\/www.rezeau.org\/wp-flore\/wp-json\/wp\/v2\/types\/page"}],"author":[{"embeddable":true,"href":"https:\/\/www.rezeau.org\/wp-flore\/wp-json\/wp\/v2\/users\/1"}],"replies":[{"embeddable":true,"href":"https:\/\/www.rezeau.org\/wp-flore\/wp-json\/wp\/v2\/comments?post=807"}],"version-history":[{"count":3,"href":"https:\/\/www.rezeau.org\/wp-flore\/wp-json\/wp\/v2\/pages\/807\/revisions"}],"predecessor-version":[{"id":4311,"href":"https:\/\/www.rezeau.org\/wp-flore\/wp-json\/wp\/v2\/pages\/807\/revisions\/4311"}],"wp:featuredmedia":[{"embeddable":true,"href":"https:\/\/www.rezeau.org\/wp-flore\/wp-json\/wp\/v2\/media\/751"}],"wp:attachment":[{"href":"https:\/\/www.rezeau.org\/wp-flore\/wp-json\/wp\/v2\/media?parent=807"}],"wp:term":[{"taxonomy":"category","embeddable":true,"href":"https:\/\/www.rezeau.org\/wp-flore\/wp-json\/wp\/v2\/categories?post=807"},{"taxonomy":"post_tag","embeddable":true,"href":"https:\/\/www.rezeau.org\/wp-flore\/wp-json\/wp\/v2\/tags?post=807"}],"curies":[{"name":"wp","href":"https:\/\/api.w.org\/{rel}","templated":true}]}}