{"id":822,"date":"2016-03-15T17:42:27","date_gmt":"2016-03-15T16:42:27","guid":{"rendered":"http:\/\/www.rezeau.org\/wp-flore\/?page_id=822"},"modified":"2021-05-17T23:18:29","modified_gmt":"2021-05-17T21:18:29","slug":"fumaria-muralis-sond-ex-w-d-j-koch","status":"publish","type":"page","link":"https:\/\/www.rezeau.org\/wp-flore\/fumaria-muralis-sond-ex-w-d-j-koch\/","title":{"rendered":"Fumaria muralis"},"content":{"rendered":"\n<table class=\"desc\">\n<tbody>\n<tr>\n<td><span class=\"gras\">146 Fumaria muralis Sond.<\/span><\/td>\n<\/tr>\n<tr>\n<td>&#8211; Plante&nbsp;glaucescente, dress\u00e9e,&nbsp;diffuse&nbsp;ou&nbsp;grimpante&nbsp;<br>&#8211;&nbsp;feuilles&nbsp;bipennatis\u00e9qu\u00e9es, \u00e0&nbsp;segments&nbsp;obovales&nbsp;ou&nbsp;oblongs, en coin,&nbsp;incis\u00e9s-lob\u00e9s&nbsp;<br>&#8211;&nbsp;bract\u00e9es&nbsp;lanc\u00e9ol\u00e9es, plus courtes que. les&nbsp;p\u00e9dicelles&nbsp;<br>&#8211;&nbsp;fleurs&nbsp;ros\u00e9es ou rouge\u00e2tres, \u00e9troites, mais assez grandes (6-11 mm), en&nbsp;grappes&nbsp;l\u00e2ches ou assez denses&nbsp;<br>&#8211;&nbsp;s\u00e9pales&nbsp;ovales, aussi larges ou presque aussi larges que la&nbsp;corolle, \u00e9galant le tiers ou presque la moiti\u00e9 de sa longueur&nbsp;<br>&#8211;&nbsp;p\u00e9dicelles&nbsp;dress\u00e9s ou&nbsp;\u00e9tal\u00e9s,&nbsp;silicule&nbsp;subglobuleuse, un peu plus longue que large,&nbsp;lisse&nbsp;ou&nbsp;chagrin\u00e9e-rugueuse. Plante&nbsp;polymorphe.<\/td>\n<\/tr>\n<tr>\n<td><span class=\"titre\">\u00c9cologie&nbsp;<\/span>Cultures, haies, murs, dans le Midi, l&#8217;Ouest et le Centre&nbsp;; Corse.<\/td>\n<\/tr>\n<tr>\n<td><span class=\"titre\">R\u00e9partition&nbsp;<\/span>Europe centrale et m\u00e9ridionale&nbsp;; Asie occidentale&nbsp;; Afrique septentrionale.<\/td>\n<\/tr>\n<tr>\n<td><span class=\"titre\">Floraison&nbsp;<\/span>Avril-juillet.<\/td>\n<\/tr>\n<\/tbody>\n<\/table>\n","protected":false},"excerpt":{"rendered":"<p>146 Fumaria muralis Sond. &#8211; Plante&nbsp;glaucescente, dress\u00e9e,&nbsp;diffuse&nbsp;ou&nbsp;grimpante&nbsp;&#8211;&nbsp;feuilles&nbsp;bipennatis\u00e9qu\u00e9es, \u00e0&nbsp;segments&nbsp;obovales&nbsp;ou&nbsp;oblongs, en coin,&nbsp;incis\u00e9s-lob\u00e9s&nbsp;&#8211;&nbsp;bract\u00e9es&nbsp;lanc\u00e9ol\u00e9es, plus courtes que. les&nbsp;p\u00e9dicelles&nbsp;&#8211;&nbsp;fleurs&nbsp;ros\u00e9es ou rouge\u00e2tres, \u00e9troites, mais assez grandes (6-11 mm), en&nbsp;grappes&nbsp;l\u00e2ches ou assez denses&nbsp;&#8211;&nbsp;s\u00e9pales&nbsp;ovales, aussi larges ou presque aussi larges que la&nbsp;corolle, \u00e9galant le tiers ou presque la moiti\u00e9 de sa longueur&nbsp;&#8211;&nbsp;p\u00e9dicelles&nbsp;dress\u00e9s ou&nbsp;\u00e9tal\u00e9s,&nbsp;silicule&nbsp;subglobuleuse, un peu plus longue que large,&nbsp;lisse&nbsp;ou&nbsp;chagrin\u00e9e-rugueuse. Plante&nbsp;polymorphe. \u00c9cologie&nbsp;Cultures, haies, murs,&hellip;<\/p>\n","protected":false},"author":1,"featured_media":758,"parent":0,"menu_order":0,"comment_status":"closed","ping_status":"closed","template":"","meta":{"_acf_changed":false,"footnotes":""},"categories":[162,49,6],"tags":[],"class_list":["post-822","page","type-page","status-publish","has-post-thumbnail","hentry","category-fumaria","category-papaveraceae","category-plantae"],"acf":[],"_links":{"self":[{"href":"https:\/\/www.rezeau.org\/wp-flore\/wp-json\/wp\/v2\/pages\/822","targetHints":{"allow":["GET"]}}],"collection":[{"href":"https:\/\/www.rezeau.org\/wp-flore\/wp-json\/wp\/v2\/pages"}],"about":[{"href":"https:\/\/www.rezeau.org\/wp-flore\/wp-json\/wp\/v2\/types\/page"}],"author":[{"embeddable":true,"href":"https:\/\/www.rezeau.org\/wp-flore\/wp-json\/wp\/v2\/users\/1"}],"replies":[{"embeddable":true,"href":"https:\/\/www.rezeau.org\/wp-flore\/wp-json\/wp\/v2\/comments?post=822"}],"version-history":[{"count":3,"href":"https:\/\/www.rezeau.org\/wp-flore\/wp-json\/wp\/v2\/pages\/822\/revisions"}],"predecessor-version":[{"id":4313,"href":"https:\/\/www.rezeau.org\/wp-flore\/wp-json\/wp\/v2\/pages\/822\/revisions\/4313"}],"wp:featuredmedia":[{"embeddable":true,"href":"https:\/\/www.rezeau.org\/wp-flore\/wp-json\/wp\/v2\/media\/758"}],"wp:attachment":[{"href":"https:\/\/www.rezeau.org\/wp-flore\/wp-json\/wp\/v2\/media?parent=822"}],"wp:term":[{"taxonomy":"category","embeddable":true,"href":"https:\/\/www.rezeau.org\/wp-flore\/wp-json\/wp\/v2\/categories?post=822"},{"taxonomy":"post_tag","embeddable":true,"href":"https:\/\/www.rezeau.org\/wp-flore\/wp-json\/wp\/v2\/tags?post=822"}],"curies":[{"name":"wp","href":"https:\/\/api.w.org\/{rel}","templated":true}]}}