{"id":864,"date":"2016-03-15T18:32:54","date_gmt":"2016-03-15T17:32:54","guid":{"rendered":"http:\/\/www.rezeau.org\/wp-flore\/?page_id=864"},"modified":"2021-05-17T23:21:15","modified_gmt":"2021-05-17T21:21:15","slug":"galega-officinalis-l","status":"publish","type":"page","link":"https:\/\/www.rezeau.org\/wp-flore\/galega-officinalis-l\/","title":{"rendered":"Galega officinalis"},"content":{"rendered":"\n<table class=\"desc\">\n<tbody>\n<tr>\n<td><span class=\"gras\">980 Galega officinalis L.<\/span><\/td>\n<\/tr>\n<tr>\n<td>&#8211; Plante&nbsp;vivace&nbsp;de 50 cm \u00e0 1 m\u00e8tre,&nbsp;herbac\u00e9e,&nbsp;glabre, dress\u00e9e, croissant en touffes&nbsp;<br>&#8211;&nbsp;feuilles&nbsp;imparipenn\u00e9es, \u00e0 5-8 paires de&nbsp;folioles&nbsp;oblongues ou&nbsp;lanc\u00e9ol\u00e9es&nbsp;<br>&#8211;&nbsp;stipules&nbsp;libres, grandes,&nbsp;acumin\u00e9es&nbsp;<br>&#8211;&nbsp;fleurs&nbsp;bleu\u00e2tres, rarement blanches, assez grandes, nombreuses, en&nbsp;grappes&nbsp;oblongues,&nbsp;axillaires, longuement&nbsp;p\u00e9doncul\u00e9es, plus longues que la&nbsp;feuille&nbsp;<br>&#8211;&nbsp;calice&nbsp;glabre, en cloche, bossu \u00e0 la base, \u00e0 5 dents presque \u00e9gales, en al\u00eane, \u00e9galant le&nbsp;tube&nbsp;<br>&#8211;&nbsp;\u00e9tendard&nbsp;dress\u00e9,&nbsp;oblong, d\u00e9passant les&nbsp;ailes&nbsp;et \u00e9galant la&nbsp;car\u00e8ne&nbsp;subaigu\u00eb&nbsp;<br>&#8211;&nbsp;\u00e9tamines&nbsp;\u00e0 peine&nbsp;diadelphes, la 10e soud\u00e9e jusqu&#8217;au milieu au&nbsp;tube&nbsp;des 9 autres&nbsp;<br>&#8211;&nbsp;stigmate&nbsp;terminal, en&nbsp;t\u00eate&nbsp;<br>&#8211;&nbsp;gousses&nbsp;longues de 2-3 cm,&nbsp;\u00e9tal\u00e9es-ascendantes,&nbsp;lin\u00e9aires, bossel\u00e9es, obliquement&nbsp;stri\u00e9es,&nbsp;glabres.<\/td>\n<\/tr>\n<tr>\n<td><span class=\"titre\">\u00c9cologie&nbsp;<\/span>Foss\u00e9s, prairies, ruisseaux, \u00e7\u00e0 et l\u00e0&nbsp;: Jura, Ain, Bouches-du-Rh\u00f4ne, Gard, Basses-Pyr\u00e9n\u00e9es, Aveyron, Loire, Allier, Loiret, Loir-et-Cher, Cher. Cultiv\u00e9 comme ornement et parfois subspontan\u00e9.<\/td>\n<\/tr>\n<tr>\n<td><span class=\"titre\">R\u00e9partition&nbsp;<\/span>Europe centrale et m\u00e9ridionale&nbsp;; Asie occidentale.<\/td>\n<\/tr>\n<tr>\n<td><span class=\"titre\">Floraison&nbsp;<\/span>Juin-ao\u00fbt.<\/td>\n<\/tr>\n<\/tbody>\n<\/table>\n","protected":false},"excerpt":{"rendered":"<p>980 Galega officinalis L. &#8211; Plante&nbsp;vivace&nbsp;de 50 cm \u00e0 1 m\u00e8tre,&nbsp;herbac\u00e9e,&nbsp;glabre, dress\u00e9e, croissant en touffes&nbsp;&#8211;&nbsp;feuilles&nbsp;imparipenn\u00e9es, \u00e0 5-8 paires de&nbsp;folioles&nbsp;oblongues ou&nbsp;lanc\u00e9ol\u00e9es&nbsp;&#8211;&nbsp;stipules&nbsp;libres, grandes,&nbsp;acumin\u00e9es&nbsp;&#8211;&nbsp;fleurs&nbsp;bleu\u00e2tres, rarement blanches, assez grandes, nombreuses, en&nbsp;grappes&nbsp;oblongues,&nbsp;axillaires, longuement&nbsp;p\u00e9doncul\u00e9es, plus longues que la&nbsp;feuille&nbsp;&#8211;&nbsp;calice&nbsp;glabre, en cloche, bossu \u00e0 la base, \u00e0 5 dents presque \u00e9gales, en al\u00eane, \u00e9galant le&nbsp;tube&nbsp;&#8211;&nbsp;\u00e9tendard&nbsp;dress\u00e9,&nbsp;oblong, d\u00e9passant les&nbsp;ailes&nbsp;et \u00e9galant la&nbsp;car\u00e8ne&nbsp;subaigu\u00eb&nbsp;&#8211;&nbsp;\u00e9tamines&nbsp;\u00e0 peine&nbsp;diadelphes, la 10e soud\u00e9e&hellip;<\/p>\n","protected":false},"author":1,"featured_media":824,"parent":0,"menu_order":0,"comment_status":"closed","ping_status":"closed","template":"","meta":{"_acf_changed":false,"footnotes":""},"categories":[33,164,6],"tags":[],"class_list":["post-864","page","type-page","status-publish","has-post-thumbnail","hentry","category-fabaceae","category-galega","category-plantae"],"acf":[],"_links":{"self":[{"href":"https:\/\/www.rezeau.org\/wp-flore\/wp-json\/wp\/v2\/pages\/864","targetHints":{"allow":["GET"]}}],"collection":[{"href":"https:\/\/www.rezeau.org\/wp-flore\/wp-json\/wp\/v2\/pages"}],"about":[{"href":"https:\/\/www.rezeau.org\/wp-flore\/wp-json\/wp\/v2\/types\/page"}],"author":[{"embeddable":true,"href":"https:\/\/www.rezeau.org\/wp-flore\/wp-json\/wp\/v2\/users\/1"}],"replies":[{"embeddable":true,"href":"https:\/\/www.rezeau.org\/wp-flore\/wp-json\/wp\/v2\/comments?post=864"}],"version-history":[{"count":3,"href":"https:\/\/www.rezeau.org\/wp-flore\/wp-json\/wp\/v2\/pages\/864\/revisions"}],"predecessor-version":[{"id":4314,"href":"https:\/\/www.rezeau.org\/wp-flore\/wp-json\/wp\/v2\/pages\/864\/revisions\/4314"}],"wp:featuredmedia":[{"embeddable":true,"href":"https:\/\/www.rezeau.org\/wp-flore\/wp-json\/wp\/v2\/media\/824"}],"wp:attachment":[{"href":"https:\/\/www.rezeau.org\/wp-flore\/wp-json\/wp\/v2\/media?parent=864"}],"wp:term":[{"taxonomy":"category","embeddable":true,"href":"https:\/\/www.rezeau.org\/wp-flore\/wp-json\/wp\/v2\/categories?post=864"},{"taxonomy":"post_tag","embeddable":true,"href":"https:\/\/www.rezeau.org\/wp-flore\/wp-json\/wp\/v2\/tags?post=864"}],"curies":[{"name":"wp","href":"https:\/\/api.w.org\/{rel}","templated":true}]}}