{"id":867,"date":"2016-03-15T18:37:20","date_gmt":"2016-03-15T17:37:20","guid":{"rendered":"http:\/\/www.rezeau.org\/wp-flore\/?page_id=867"},"modified":"2021-05-17T23:23:36","modified_gmt":"2021-05-17T21:23:36","slug":"galeopsis-tetrahit-l","status":"publish","type":"page","link":"https:\/\/www.rezeau.org\/wp-flore\/galeopsis-tetrahit-l\/","title":{"rendered":"Galeopsis tetrahit"},"content":{"rendered":"\n<table class=\"desc\">\n<tbody>\n<tr>\n<td><span class=\"gras\">2916 Galeopsis tetrahit L.<\/span><\/td>\n<\/tr>\n<tr>\n<td>&#8211; Plante&nbsp;annuelle&nbsp;de 10-80 cm, \u00e0&nbsp;tige&nbsp;robuste ou parfois&nbsp;gr\u00eale, renfl\u00e9e sous les&nbsp;noeuds&nbsp;et&nbsp;h\u00e9riss\u00e9e&nbsp;de longs poils raides dirig\u00e9s en bas, \u00e0 rameaux&nbsp;ascendants&nbsp;<br>&#8211;&nbsp;feuilles&nbsp;grandes,&nbsp;ovales-lanc\u00e9ol\u00e9es,&nbsp;acumin\u00e9es, arrondis ou en coin \u00e0 la base, r\u00e9guli\u00e8rement&nbsp;dent\u00e9es, minces, peu&nbsp;poilues&nbsp;<br>&#8211;&nbsp;fleurs&nbsp;purpurines tach\u00e9es de jaune ou blanches, assez petites, \u00e0&nbsp;verticilles&nbsp;sup\u00e9rieurs agglom\u00e9r\u00e9s&nbsp;<br>&#8211;&nbsp;calice&nbsp;hispide&nbsp;au sommet, \u00e0&nbsp;nervures&nbsp;assez&nbsp;saillantes&nbsp;<br>&#8211;&nbsp;corolle&nbsp;de 15-20 mm, \u00e0&nbsp;tube&nbsp;ordinairement d\u00e9passant peu ou point le&nbsp;calice, \u00e0&nbsp;lobe&nbsp;m\u00e9dian de la&nbsp;l\u00e8vre&nbsp;inf\u00e9rieure carr\u00e9, plan, entier. Varie \u00e0&nbsp;lobe&nbsp;m\u00e9dian de la&nbsp;corolle&nbsp;bifide&nbsp;(G. bifida, Boenn.).<\/td>\n<\/tr>\n<tr>\n<td><span class=\"titre\">\u00c9cologie&nbsp;<\/span>Lieux cultiv\u00e9s et incultes, dans presque toute la France.<\/td>\n<\/tr>\n<tr>\n<td><span class=\"titre\">R\u00e9partition&nbsp;<\/span>Europe&nbsp;; Asie occidentale et bor\u00e9ale.<\/td>\n<\/tr>\n<tr>\n<td><span class=\"titre\">Floraison&nbsp;<\/span>Juillet-octobre.<\/td>\n<\/tr>\n<\/tbody>\n<\/table>\n","protected":false},"excerpt":{"rendered":"<p>2916 Galeopsis tetrahit L. &#8211; Plante&nbsp;annuelle&nbsp;de 10-80 cm, \u00e0&nbsp;tige&nbsp;robuste ou parfois&nbsp;gr\u00eale, renfl\u00e9e sous les&nbsp;noeuds&nbsp;et&nbsp;h\u00e9riss\u00e9e&nbsp;de longs poils raides dirig\u00e9s en bas, \u00e0 rameaux&nbsp;ascendants&nbsp;&#8211;&nbsp;feuilles&nbsp;grandes,&nbsp;ovales-lanc\u00e9ol\u00e9es,&nbsp;acumin\u00e9es, arrondis ou en coin \u00e0 la base, r\u00e9guli\u00e8rement&nbsp;dent\u00e9es, minces, peu&nbsp;poilues&nbsp;&#8211;&nbsp;fleurs&nbsp;purpurines tach\u00e9es de jaune ou blanches, assez petites, \u00e0&nbsp;verticilles&nbsp;sup\u00e9rieurs agglom\u00e9r\u00e9s&nbsp;&#8211;&nbsp;calice&nbsp;hispide&nbsp;au sommet, \u00e0&nbsp;nervures&nbsp;assez&nbsp;saillantes&nbsp;&#8211;&nbsp;corolle&nbsp;de 15-20 mm, \u00e0&nbsp;tube&nbsp;ordinairement d\u00e9passant peu ou point le&nbsp;calice, \u00e0&nbsp;lobe&nbsp;m\u00e9dian de la&nbsp;l\u00e8vre&nbsp;inf\u00e9rieure carr\u00e9,&hellip;<\/p>\n","protected":false},"author":1,"featured_media":826,"parent":0,"menu_order":0,"comment_status":"closed","ping_status":"closed","template":"","meta":{"_acf_changed":false,"footnotes":""},"categories":[165,41,6],"tags":[],"class_list":["post-867","page","type-page","status-publish","has-post-thumbnail","hentry","category-galeopsis","category-lamiaceae","category-plantae"],"acf":[],"_links":{"self":[{"href":"https:\/\/www.rezeau.org\/wp-flore\/wp-json\/wp\/v2\/pages\/867","targetHints":{"allow":["GET"]}}],"collection":[{"href":"https:\/\/www.rezeau.org\/wp-flore\/wp-json\/wp\/v2\/pages"}],"about":[{"href":"https:\/\/www.rezeau.org\/wp-flore\/wp-json\/wp\/v2\/types\/page"}],"author":[{"embeddable":true,"href":"https:\/\/www.rezeau.org\/wp-flore\/wp-json\/wp\/v2\/users\/1"}],"replies":[{"embeddable":true,"href":"https:\/\/www.rezeau.org\/wp-flore\/wp-json\/wp\/v2\/comments?post=867"}],"version-history":[{"count":3,"href":"https:\/\/www.rezeau.org\/wp-flore\/wp-json\/wp\/v2\/pages\/867\/revisions"}],"predecessor-version":[{"id":4315,"href":"https:\/\/www.rezeau.org\/wp-flore\/wp-json\/wp\/v2\/pages\/867\/revisions\/4315"}],"wp:featuredmedia":[{"embeddable":true,"href":"https:\/\/www.rezeau.org\/wp-flore\/wp-json\/wp\/v2\/media\/826"}],"wp:attachment":[{"href":"https:\/\/www.rezeau.org\/wp-flore\/wp-json\/wp\/v2\/media?parent=867"}],"wp:term":[{"taxonomy":"category","embeddable":true,"href":"https:\/\/www.rezeau.org\/wp-flore\/wp-json\/wp\/v2\/categories?post=867"},{"taxonomy":"post_tag","embeddable":true,"href":"https:\/\/www.rezeau.org\/wp-flore\/wp-json\/wp\/v2\/tags?post=867"}],"curies":[{"name":"wp","href":"https:\/\/api.w.org\/{rel}","templated":true}]}}