{"id":873,"date":"2016-03-15T18:45:03","date_gmt":"2016-03-15T17:45:03","guid":{"rendered":"http:\/\/www.rezeau.org\/wp-flore\/?page_id=873"},"modified":"2021-06-21T14:20:21","modified_gmt":"2021-06-21T12:20:21","slug":"galium-aparine-l","status":"publish","type":"page","link":"https:\/\/www.rezeau.org\/wp-flore\/galium-aparine-l\/","title":{"rendered":"Galium aparine"},"content":{"rendered":"\n<figure class=\"wp-block-table\"><table><tbody><tr><td><strong>1673 Galium aparine L.&nbsp;<\/strong><em>Gratteron<\/em><\/td><\/tr><tr><td>&#8211; . Plante&nbsp;annuelle&nbsp;de 20 cm \u00e0 1 m\u00e8tre, \u00e0&nbsp;racine&nbsp;gr\u00eale&nbsp;<br>&#8211;&nbsp;tiges&nbsp;diffuses,&nbsp;ascendantes, tr\u00e8s&nbsp;scabres&nbsp;et accrochantes, renfl\u00e9es et&nbsp;velues-h\u00e9riss\u00e9es&nbsp;aux n\u0153uds&nbsp;<br>&#8211;&nbsp;feuilles&nbsp;verticill\u00e9es&nbsp;par 6-8,&nbsp;lin\u00e9aires-oblongues ou oblongues,&nbsp;mucron\u00e9es, \u00e0 face sup\u00e9rieure&nbsp;h\u00e9riss\u00e9e&nbsp;de poils crochus&nbsp;<br>&#8211;&nbsp;fleurs&nbsp;blanch\u00e2tres, en petites&nbsp;cymes&nbsp;axillaires&nbsp;p\u00e9doncul\u00e9es,&nbsp;multiflores, d\u00e9passant les&nbsp;feuilles&nbsp;<br>&#8211;&nbsp;p\u00e9dicelles&nbsp;fructif\u00e8res&nbsp;droits,&nbsp;divariqu\u00e9s&nbsp;<br>&#8211;&nbsp;corolle&nbsp;plus \u00e9troite que le&nbsp;fruit, \u00e0&nbsp;lobes&nbsp;oblongs&nbsp;<br>&#8211;&nbsp;fruits&nbsp;gros (3-4 mm de diam.), couverts de poils crochus&nbsp;tuberculeux&nbsp;\u00e0 la base. Varie \u00e0&nbsp;feuilles&nbsp;obovales,&nbsp;tiges&nbsp;tr\u00e8s&nbsp;gr\u00eales,&nbsp;pauciflores&nbsp;(G. tenerum Schl.).<\/td><\/tr><tr><td>\u00c9cologie&nbsp;Haies,&nbsp;buissons, champs cultiv\u00e9s, dans toutes la France et en Corse.<\/td><\/tr><tr><td>R\u00e9partition&nbsp;Europe&nbsp;; Asie occidentale et bor\u00e9ale&nbsp;; Afrique septentrionale.<\/td><\/tr><tr><td>Floraison&nbsp;Juin-octobre.<\/td><\/tr><\/tbody><\/table><\/figure>\n\n\n","protected":false},"excerpt":{"rendered":"<p>1673 Galium aparine L.&nbsp;Gratteron &#8211; . Plante&nbsp;annuelle&nbsp;de 20 cm \u00e0 1 m\u00e8tre, \u00e0&nbsp;racine&nbsp;gr\u00eale&nbsp;&#8211;&nbsp;tiges&nbsp;diffuses,&nbsp;ascendantes, tr\u00e8s&nbsp;scabres&nbsp;et accrochantes, renfl\u00e9es et&nbsp;velues-h\u00e9riss\u00e9es&nbsp;aux n\u0153uds&nbsp;&#8211;&nbsp;feuilles&nbsp;verticill\u00e9es&nbsp;par 6-8,&nbsp;lin\u00e9aires-oblongues ou oblongues,&nbsp;mucron\u00e9es, \u00e0 face sup\u00e9rieure&nbsp;h\u00e9riss\u00e9e&nbsp;de poils crochus&nbsp;&#8211;&nbsp;fleurs&nbsp;blanch\u00e2tres, en petites&nbsp;cymes&nbsp;axillaires&nbsp;p\u00e9doncul\u00e9es,&nbsp;multiflores, d\u00e9passant les&nbsp;feuilles&nbsp;&#8211;&nbsp;p\u00e9dicelles&nbsp;fructif\u00e8res&nbsp;droits,&nbsp;divariqu\u00e9s&nbsp;&#8211;&nbsp;corolle&nbsp;plus \u00e9troite que le&nbsp;fruit, \u00e0&nbsp;lobes&nbsp;oblongs&nbsp;&#8211;&nbsp;fruits&nbsp;gros (3-4 mm de diam.), couverts de poils crochus&nbsp;tuberculeux&nbsp;\u00e0 la base. Varie \u00e0&nbsp;feuilles&nbsp;obovales,&nbsp;tiges&nbsp;tr\u00e8s&nbsp;gr\u00eales,&nbsp;pauciflores&nbsp;(G. tenerum Schl.). \u00c9cologie&nbsp;Haies,&nbsp;buissons, champs cultiv\u00e9s, dans toutes la France&hellip;<\/p>\n","protected":false},"author":1,"featured_media":871,"parent":0,"menu_order":0,"comment_status":"closed","ping_status":"closed","template":"","meta":{"_acf_changed":false,"footnotes":""},"categories":[166,6,56],"tags":[],"class_list":["post-873","page","type-page","status-publish","has-post-thumbnail","hentry","category-galium","category-plantae","category-rubiaceae"],"acf":[],"_links":{"self":[{"href":"https:\/\/www.rezeau.org\/wp-flore\/wp-json\/wp\/v2\/pages\/873","targetHints":{"allow":["GET"]}}],"collection":[{"href":"https:\/\/www.rezeau.org\/wp-flore\/wp-json\/wp\/v2\/pages"}],"about":[{"href":"https:\/\/www.rezeau.org\/wp-flore\/wp-json\/wp\/v2\/types\/page"}],"author":[{"embeddable":true,"href":"https:\/\/www.rezeau.org\/wp-flore\/wp-json\/wp\/v2\/users\/1"}],"replies":[{"embeddable":true,"href":"https:\/\/www.rezeau.org\/wp-flore\/wp-json\/wp\/v2\/comments?post=873"}],"version-history":[{"count":9,"href":"https:\/\/www.rezeau.org\/wp-flore\/wp-json\/wp\/v2\/pages\/873\/revisions"}],"predecessor-version":[{"id":4324,"href":"https:\/\/www.rezeau.org\/wp-flore\/wp-json\/wp\/v2\/pages\/873\/revisions\/4324"}],"wp:featuredmedia":[{"embeddable":true,"href":"https:\/\/www.rezeau.org\/wp-flore\/wp-json\/wp\/v2\/media\/871"}],"wp:attachment":[{"href":"https:\/\/www.rezeau.org\/wp-flore\/wp-json\/wp\/v2\/media?parent=873"}],"wp:term":[{"taxonomy":"category","embeddable":true,"href":"https:\/\/www.rezeau.org\/wp-flore\/wp-json\/wp\/v2\/categories?post=873"},{"taxonomy":"post_tag","embeddable":true,"href":"https:\/\/www.rezeau.org\/wp-flore\/wp-json\/wp\/v2\/tags?post=873"}],"curies":[{"name":"wp","href":"https:\/\/api.w.org\/{rel}","templated":true}]}}