{"id":884,"date":"2016-03-16T14:18:46","date_gmt":"2016-03-16T13:18:46","guid":{"rendered":"http:\/\/www.rezeau.org\/wp-flore\/?page_id=884"},"modified":"2021-06-21T15:07:56","modified_gmt":"2021-06-21T13:07:56","slug":"geranium-dissectum-l","status":"publish","type":"page","link":"https:\/\/www.rezeau.org\/wp-flore\/geranium-dissectum-l\/","title":{"rendered":"Geranium dissectum"},"content":{"rendered":"\n<table class=\"desc\" style=\"width: 100%; height: 119px;\">\n<tbody>\n<tr style=\"height: 24px;\">\n<td style=\"height: 24px;\"><span class=\"gras\">638 Geranium dissectum L.<\/span><\/td>\n<\/tr>\n<tr style=\"height: 212px;\">\n<td style=\"height: 23px;\">&#8211; Plante annuelle, couverte de poils \u00e9tal\u00e9s <br>&#8211; tiges de 10-40 cm, dress\u00e9es ou ascendantes <br>&#8211; feuilles orbiculaires, palmatis\u00e9qu\u00e9es, \u00e0 5-7 segments d\u00e9coup\u00e9s presque jusqu&#8217;au p\u00e9tiole en lobes lin\u00e9aires <br>&#8211; fleurs purpurines, petites <br>&#8211; p\u00e9doncules biflores, plus courts que la feuille ou l&#8217;\u00e9galant <br>&#8211; p\u00e9dicelles \u00e0 peine plus longs que le calice <br>&#8211; s\u00e9pales \u00e9tal\u00e9s, arist\u00e9s, non courb\u00e9s par les bords, \u00e0 poils \u00e9tal\u00e9s et glanduleux <br>&#8211; p\u00e9tales \u00e9margin\u00e9s, \u00e9galant le calice, \u00e0 onglet court et cili\u00e9<br>&#8211; \u00e9tamines \u00e0 filets cili\u00e9s int\u00e9rieurement <br>&#8211; carpelles pubescents-glanduleux, non rid\u00e9s.<\/td>\n<\/tr>\n<tr style=\"height: 24px;\">\n<td style=\"height: 24px;\"><span class=\"titre\">\u00c9cologie&nbsp;<\/span>Champs, haies, chemins, dans toute la France et en Corse.<\/td>\n<\/tr>\n<tr style=\"height: 24px;\">\n<td style=\"height: 24px;\"><span class=\"titre\">R\u00e9partition&nbsp;<\/span>Europe&nbsp;; Asie occidentale&nbsp;; Afrique septentrionale.<\/td>\n<\/tr>\n<tr style=\"height: 24px;\">\n<td style=\"height: 24px;\"><span class=\"titre\">Floraison&nbsp;<\/span>Mai-ao\u00fbt.<\/td>\n<\/tr>\n<\/tbody>\n<\/table>\n","protected":false},"excerpt":{"rendered":"<p>638 Geranium dissectum L. &#8211; Plante annuelle, couverte de poils \u00e9tal\u00e9s &#8211; tiges de 10-40 cm, dress\u00e9es ou ascendantes &#8211; feuilles orbiculaires, palmatis\u00e9qu\u00e9es, \u00e0 5-7 segments d\u00e9coup\u00e9s presque jusqu&#8217;au p\u00e9tiole en lobes lin\u00e9aires &#8211; fleurs purpurines, petites &#8211; p\u00e9doncules biflores, plus courts que la feuille ou l&#8217;\u00e9galant &#8211; p\u00e9dicelles \u00e0 peine plus longs que le&hellip;<\/p>\n","protected":false},"author":1,"featured_media":832,"parent":0,"menu_order":0,"comment_status":"closed","ping_status":"closed","template":"","meta":{"_acf_changed":false,"footnotes":""},"categories":[36,167,6],"tags":[],"class_list":["post-884","page","type-page","status-publish","has-post-thumbnail","hentry","category-geraniaceae","category-geranium","category-plantae"],"acf":[],"_links":{"self":[{"href":"https:\/\/www.rezeau.org\/wp-flore\/wp-json\/wp\/v2\/pages\/884","targetHints":{"allow":["GET"]}}],"collection":[{"href":"https:\/\/www.rezeau.org\/wp-flore\/wp-json\/wp\/v2\/pages"}],"about":[{"href":"https:\/\/www.rezeau.org\/wp-flore\/wp-json\/wp\/v2\/types\/page"}],"author":[{"embeddable":true,"href":"https:\/\/www.rezeau.org\/wp-flore\/wp-json\/wp\/v2\/users\/1"}],"replies":[{"embeddable":true,"href":"https:\/\/www.rezeau.org\/wp-flore\/wp-json\/wp\/v2\/comments?post=884"}],"version-history":[{"count":8,"href":"https:\/\/www.rezeau.org\/wp-flore\/wp-json\/wp\/v2\/pages\/884\/revisions"}],"predecessor-version":[{"id":4346,"href":"https:\/\/www.rezeau.org\/wp-flore\/wp-json\/wp\/v2\/pages\/884\/revisions\/4346"}],"wp:featuredmedia":[{"embeddable":true,"href":"https:\/\/www.rezeau.org\/wp-flore\/wp-json\/wp\/v2\/media\/832"}],"wp:attachment":[{"href":"https:\/\/www.rezeau.org\/wp-flore\/wp-json\/wp\/v2\/media?parent=884"}],"wp:term":[{"taxonomy":"category","embeddable":true,"href":"https:\/\/www.rezeau.org\/wp-flore\/wp-json\/wp\/v2\/categories?post=884"},{"taxonomy":"post_tag","embeddable":true,"href":"https:\/\/www.rezeau.org\/wp-flore\/wp-json\/wp\/v2\/tags?post=884"}],"curies":[{"name":"wp","href":"https:\/\/api.w.org\/{rel}","templated":true}]}}