{"id":887,"date":"2016-03-16T14:21:46","date_gmt":"2016-03-16T13:21:46","guid":{"rendered":"http:\/\/www.rezeau.org\/wp-flore\/?page_id=887"},"modified":"2021-06-21T15:06:32","modified_gmt":"2021-06-21T13:06:32","slug":"geranium-lucidum-l","status":"publish","type":"page","link":"https:\/\/www.rezeau.org\/wp-flore\/geranium-lucidum-l\/","title":{"rendered":"Geranium lucidum"},"content":{"rendered":"\n<table class=\"desc\">\n<tbody>\n<tr>\n<td><span class=\"gras\">633 Geranium lucidum L.<\/span><\/td>\n<\/tr>\n<tr>\n<td>&#8211; Plante&nbsp;annuelle,&nbsp;glabrescente, luisante, souvent rouge\u00e2tre, inodore&nbsp;<br>&#8211;&nbsp;tiges&nbsp;de 10-30 cm, fragiles&nbsp;<br>&#8211;&nbsp;feuilles&nbsp;orbiculaires&nbsp;en rein, palmatifides, \u00e0 5-7&nbsp;lobes&nbsp;en coin,&nbsp;obtus, peu profonds, incises-cr\u00e9nel\u00e9s&nbsp;<br>&#8211;&nbsp;fleurs&nbsp;rouges, assez petites&nbsp;<br>&#8211;&nbsp;p\u00e9doncules&nbsp;biflores, plus longs que la&nbsp;feuille&nbsp;<br>&#8211;&nbsp;calice&nbsp;glabre, pyramidal, \u00e0 5 angles tr\u00e8s&nbsp;saillants, \u00e0&nbsp;s\u00e9pales&nbsp;dress\u00e9s, resserr\u00e9s au sommet, bri\u00e8vement&nbsp;arist\u00e9s, rid\u00e9s en travers&nbsp;<br>&#8211;&nbsp;p\u00e9tales&nbsp;entiers, \u00e0&nbsp;onglet&nbsp;tr\u00e8s long et&nbsp;glabre&nbsp;<br>&#8211;&nbsp;carpelles&nbsp;pub\u00e9rulents, rid\u00e9s au sommet.<\/td>\n<\/tr>\n<tr>\n<td><span class=\"titre\">\u00c9cologie&nbsp;<\/span>Murs, haies, rochers ombrag\u00e9s dans presque toute la France&nbsp;; rare dans le Nord et l&#8217;Est&nbsp;; Corse.<\/td>\n<\/tr>\n<tr>\n<td><span class=\"titre\">R\u00e9partition&nbsp;<\/span>Europe centrale et m\u00e9ridionale&nbsp;; Asie occidentale&nbsp;; Afrique septentrionale.<\/td>\n<\/tr>\n<tr>\n<td><span class=\"titre\">Floraison&nbsp;<\/span>Mai-ao\u00fbt.<\/td>\n<\/tr>\n<\/tbody>\n<\/table>\n","protected":false},"excerpt":{"rendered":"<p>633 Geranium lucidum L. &#8211; Plante&nbsp;annuelle,&nbsp;glabrescente, luisante, souvent rouge\u00e2tre, inodore&nbsp;&#8211;&nbsp;tiges&nbsp;de 10-30 cm, fragiles&nbsp;&#8211;&nbsp;feuilles&nbsp;orbiculaires&nbsp;en rein, palmatifides, \u00e0 5-7&nbsp;lobes&nbsp;en coin,&nbsp;obtus, peu profonds, incises-cr\u00e9nel\u00e9s&nbsp;&#8211;&nbsp;fleurs&nbsp;rouges, assez petites&nbsp;&#8211;&nbsp;p\u00e9doncules&nbsp;biflores, plus longs que la&nbsp;feuille&nbsp;&#8211;&nbsp;calice&nbsp;glabre, pyramidal, \u00e0 5 angles tr\u00e8s&nbsp;saillants, \u00e0&nbsp;s\u00e9pales&nbsp;dress\u00e9s, resserr\u00e9s au sommet, bri\u00e8vement&nbsp;arist\u00e9s, rid\u00e9s en travers&nbsp;&#8211;&nbsp;p\u00e9tales&nbsp;entiers, \u00e0&nbsp;onglet&nbsp;tr\u00e8s long et&nbsp;glabre&nbsp;&#8211;&nbsp;carpelles&nbsp;pub\u00e9rulents, rid\u00e9s au sommet. \u00c9cologie&nbsp;Murs, haies, rochers ombrag\u00e9s dans presque toute la France&nbsp;;&hellip;<\/p>\n","protected":false},"author":1,"featured_media":836,"parent":0,"menu_order":0,"comment_status":"closed","ping_status":"closed","template":"","meta":{"_acf_changed":false,"footnotes":""},"categories":[36,167,6],"tags":[],"class_list":["post-887","page","type-page","status-publish","has-post-thumbnail","hentry","category-geraniaceae","category-geranium","category-plantae"],"acf":[],"_links":{"self":[{"href":"https:\/\/www.rezeau.org\/wp-flore\/wp-json\/wp\/v2\/pages\/887","targetHints":{"allow":["GET"]}}],"collection":[{"href":"https:\/\/www.rezeau.org\/wp-flore\/wp-json\/wp\/v2\/pages"}],"about":[{"href":"https:\/\/www.rezeau.org\/wp-flore\/wp-json\/wp\/v2\/types\/page"}],"author":[{"embeddable":true,"href":"https:\/\/www.rezeau.org\/wp-flore\/wp-json\/wp\/v2\/users\/1"}],"replies":[{"embeddable":true,"href":"https:\/\/www.rezeau.org\/wp-flore\/wp-json\/wp\/v2\/comments?post=887"}],"version-history":[{"count":4,"href":"https:\/\/www.rezeau.org\/wp-flore\/wp-json\/wp\/v2\/pages\/887\/revisions"}],"predecessor-version":[{"id":4345,"href":"https:\/\/www.rezeau.org\/wp-flore\/wp-json\/wp\/v2\/pages\/887\/revisions\/4345"}],"wp:featuredmedia":[{"embeddable":true,"href":"https:\/\/www.rezeau.org\/wp-flore\/wp-json\/wp\/v2\/media\/836"}],"wp:attachment":[{"href":"https:\/\/www.rezeau.org\/wp-flore\/wp-json\/wp\/v2\/media?parent=887"}],"wp:term":[{"taxonomy":"category","embeddable":true,"href":"https:\/\/www.rezeau.org\/wp-flore\/wp-json\/wp\/v2\/categories?post=887"},{"taxonomy":"post_tag","embeddable":true,"href":"https:\/\/www.rezeau.org\/wp-flore\/wp-json\/wp\/v2\/tags?post=887"}],"curies":[{"name":"wp","href":"https:\/\/api.w.org\/{rel}","templated":true}]}}