{"id":898,"date":"2016-03-16T14:31:02","date_gmt":"2016-03-16T13:31:02","guid":{"rendered":"http:\/\/www.rezeau.org\/wp-flore\/?page_id=898"},"modified":"2021-06-21T15:10:22","modified_gmt":"2021-06-21T13:10:22","slug":"geranium-robertianum-l","status":"publish","type":"page","link":"https:\/\/www.rezeau.org\/wp-flore\/geranium-robertianum-l\/","title":{"rendered":"Geranium robertianum"},"content":{"rendered":"\n<table class=\"desc\">\n<tbody>\n<tr>\n<td><span class=\"gras\">634 Geranium robertianum L.&nbsp;<\/span><span class=\"italique\">Herbe \u00e0 l&#8217;esquinancie<\/span><\/td>\n<\/tr>\n<tr>\n<td>&#8211; . Plante&nbsp;annuelle&nbsp;ou&nbsp;bisannuelle,&nbsp;velue-glanduleuse, souvent rouge\u00e2tre, \u00e0 odeur f\u00e9tide&nbsp;<br>&#8211;&nbsp;tiges&nbsp;de 10-50 cm, fragiles&nbsp;<br>&#8211;&nbsp;feuilles&nbsp;triangulaires-pentagonales,&nbsp;palmatis\u00e9qu\u00e9es, \u00e0 3-5&nbsp;segments&nbsp;p\u00e9tiolul\u00e9s&nbsp;et&nbsp;pennatifides&nbsp;<br>&#8211;&nbsp;fleurs&nbsp;rouges, roses ou blanches&nbsp;<br>&#8211;&nbsp;p\u00e9doncules&nbsp;biflores, plus longs que la&nbsp;feuille&nbsp;<br>&#8211;&nbsp;s\u00e9pales&nbsp;dress\u00e9s, resserr\u00e9s au sommet,&nbsp;mucron\u00e9s,&nbsp;velus-glanduleux, non rid\u00e9s en travers&nbsp;<br>&#8211;&nbsp;p\u00e9tales&nbsp;entiers, 2 fois plus longs que le&nbsp;calice, \u00e0&nbsp;onglet&nbsp;tr\u00e8s long et&nbsp;glabre&nbsp;<br>&#8211;&nbsp;\u00e9tamines&nbsp;\u00e0&nbsp;filets&nbsp;glabres, \u00e0&nbsp;anth\u00e8res&nbsp;rouges&nbsp;<br>&#8211;&nbsp;carpelles&nbsp;glabres&nbsp;ou&nbsp;pubescents, rid\u00e9s. Plante&nbsp;polymorphe. Varie \u00e0&nbsp;fleurs&nbsp;plus petites,&nbsp;p\u00e9tales&nbsp;d\u00e9passant peu le&nbsp;calice,&nbsp;anth\u00e8res&nbsp;jaunes (G. purpureum Vill).<\/td>\n<\/tr>\n<tr>\n<td><span class=\"titre\">\u00c9cologie&nbsp;<\/span>Haies, murs, bois, dans toute la France et en Corse.<\/td>\n<\/tr>\n<tr>\n<td><span class=\"titre\">R\u00e9partition&nbsp;<\/span>Europe&nbsp;; Asie occidentale&nbsp;; Afrique et Am\u00e9rique septentrionales.<\/td>\n<\/tr>\n<tr>\n<td><span class=\"titre\">Floraison&nbsp;<\/span>Avril-septembre.<\/td>\n<\/tr>\n<\/tbody>\n<\/table>\n","protected":false},"excerpt":{"rendered":"<p>634 Geranium robertianum L.&nbsp;Herbe \u00e0 l&#8217;esquinancie &#8211; . Plante&nbsp;annuelle&nbsp;ou&nbsp;bisannuelle,&nbsp;velue-glanduleuse, souvent rouge\u00e2tre, \u00e0 odeur f\u00e9tide&nbsp;&#8211;&nbsp;tiges&nbsp;de 10-50 cm, fragiles&nbsp;&#8211;&nbsp;feuilles&nbsp;triangulaires-pentagonales,&nbsp;palmatis\u00e9qu\u00e9es, \u00e0 3-5&nbsp;segments&nbsp;p\u00e9tiolul\u00e9s&nbsp;et&nbsp;pennatifides&nbsp;&#8211;&nbsp;fleurs&nbsp;rouges, roses ou blanches&nbsp;&#8211;&nbsp;p\u00e9doncules&nbsp;biflores, plus longs que la&nbsp;feuille&nbsp;&#8211;&nbsp;s\u00e9pales&nbsp;dress\u00e9s, resserr\u00e9s au sommet,&nbsp;mucron\u00e9s,&nbsp;velus-glanduleux, non rid\u00e9s en travers&nbsp;&#8211;&nbsp;p\u00e9tales&nbsp;entiers, 2 fois plus longs que le&nbsp;calice, \u00e0&nbsp;onglet&nbsp;tr\u00e8s long et&nbsp;glabre&nbsp;&#8211;&nbsp;\u00e9tamines&nbsp;\u00e0&nbsp;filets&nbsp;glabres, \u00e0&nbsp;anth\u00e8res&nbsp;rouges&nbsp;&#8211;&nbsp;carpelles&nbsp;glabres&nbsp;ou&nbsp;pubescents, rid\u00e9s. Plante&nbsp;polymorphe. Varie \u00e0&nbsp;fleurs&nbsp;plus petites,&nbsp;p\u00e9tales&nbsp;d\u00e9passant peu le&nbsp;calice,&nbsp;anth\u00e8res&nbsp;jaunes (G. purpureum Vill). \u00c9cologie&nbsp;Haies, murs,&hellip;<\/p>\n","protected":false},"author":1,"featured_media":841,"parent":0,"menu_order":0,"comment_status":"closed","ping_status":"closed","template":"","meta":{"_acf_changed":false,"footnotes":""},"categories":[36,167,6],"tags":[],"class_list":["post-898","page","type-page","status-publish","has-post-thumbnail","hentry","category-geraniaceae","category-geranium","category-plantae"],"acf":[],"_links":{"self":[{"href":"https:\/\/www.rezeau.org\/wp-flore\/wp-json\/wp\/v2\/pages\/898","targetHints":{"allow":["GET"]}}],"collection":[{"href":"https:\/\/www.rezeau.org\/wp-flore\/wp-json\/wp\/v2\/pages"}],"about":[{"href":"https:\/\/www.rezeau.org\/wp-flore\/wp-json\/wp\/v2\/types\/page"}],"author":[{"embeddable":true,"href":"https:\/\/www.rezeau.org\/wp-flore\/wp-json\/wp\/v2\/users\/1"}],"replies":[{"embeddable":true,"href":"https:\/\/www.rezeau.org\/wp-flore\/wp-json\/wp\/v2\/comments?post=898"}],"version-history":[{"count":4,"href":"https:\/\/www.rezeau.org\/wp-flore\/wp-json\/wp\/v2\/pages\/898\/revisions"}],"predecessor-version":[{"id":4349,"href":"https:\/\/www.rezeau.org\/wp-flore\/wp-json\/wp\/v2\/pages\/898\/revisions\/4349"}],"wp:featuredmedia":[{"embeddable":true,"href":"https:\/\/www.rezeau.org\/wp-flore\/wp-json\/wp\/v2\/media\/841"}],"wp:attachment":[{"href":"https:\/\/www.rezeau.org\/wp-flore\/wp-json\/wp\/v2\/media?parent=898"}],"wp:term":[{"taxonomy":"category","embeddable":true,"href":"https:\/\/www.rezeau.org\/wp-flore\/wp-json\/wp\/v2\/categories?post=898"},{"taxonomy":"post_tag","embeddable":true,"href":"https:\/\/www.rezeau.org\/wp-flore\/wp-json\/wp\/v2\/tags?post=898"}],"curies":[{"name":"wp","href":"https:\/\/api.w.org\/{rel}","templated":true}]}}