{"id":918,"date":"2016-03-16T14:44:26","date_gmt":"2016-03-16T13:44:26","guid":{"rendered":"http:\/\/www.rezeau.org\/wp-flore\/?page_id=918"},"modified":"2021-06-21T15:14:03","modified_gmt":"2021-06-21T13:14:03","slug":"helosciadium-nodiflorum-l-w-d-j-koch","status":"publish","type":"page","link":"https:\/\/www.rezeau.org\/wp-flore\/helosciadium-nodiflorum-l-w-d-j-koch\/","title":{"rendered":"Helosciadium nodiflorum"},"content":{"rendered":"\n<table class=\"desc\">\n<tbody>\n<tr>\n<td><span class=\"gras\">1607 Helosciadium nodiflorum Koch.<\/span><\/td>\n<\/tr>\n<tr>\n<td>&#8211; Plante&nbsp;vivace&nbsp;de 30 cm \u00e0 1 m\u00e8tre,&nbsp;glabre, \u00e0&nbsp;tiges&nbsp;ascendantes&nbsp;ou couch\u00e9es,&nbsp;radicantes&nbsp;aux&nbsp;noeuds&nbsp;inf\u00e9rieurs, robustes, creuses,&nbsp;stri\u00e9es,&nbsp;rameuses&nbsp;<br>&#8211;&nbsp;feuilles&nbsp;pennatis\u00e9qu\u00e9es, \u00e0&nbsp;segments&nbsp;ovales-lanc\u00e9ol\u00e9s, in\u00e9galement&nbsp;dent\u00e9s, d\u00e9passant les&nbsp;ombelles&nbsp;<br>&#8211;&nbsp;fleurs&nbsp;d&#8217;un blanc un peu verd\u00e2tre&nbsp;<br>&#8211;&nbsp;ombelles&nbsp;sessiles&nbsp;ou \u00e0&nbsp;p\u00e9doncules&nbsp;plus courts que les rayons,&nbsp;oppos\u00e9es&nbsp;aux&nbsp;feuilles, \u00e0 4-12 rayons&nbsp;<br>&#8211;&nbsp;involucre&nbsp;nul, rarement \u00e0 1-2&nbsp;folioles&nbsp;caduques&nbsp;<br>&#8211;&nbsp;involucelle&nbsp;\u00e0&nbsp;folioles&nbsp;scarieuses-blanch\u00e2tres aux bords,&nbsp;persistantes&nbsp;<br>&#8211;&nbsp;styles&nbsp;\u00e9tal\u00e9s, plus longs que le&nbsp;stylopode&nbsp;<br>&#8211;&nbsp;fruit&nbsp;ovo\u00efde. Varie \u00e0&nbsp;tiges&nbsp;gr\u00eales&nbsp;de 10-20 cm,&nbsp;ombelles&nbsp;\u00e0 3-6 rayons (var. ochreatum DC.).<\/td>\n<\/tr>\n<tr>\n<td><span class=\"titre\">\u00c9cologie&nbsp;<\/span>Ruisseaux, foss\u00e9s, marais, \u00e9tangs, dans toute la France et en Corse.<\/td>\n<\/tr>\n<tr>\n<td><span class=\"titre\">R\u00e9partition&nbsp;<\/span>Europe centrale et m\u00e9ridionale&nbsp;; Asie occidentale&nbsp;; Afrique septentrionale.<\/td>\n<\/tr>\n<tr>\n<td><span class=\"titre\">Floraison&nbsp;<\/span>Juin-septembre.<\/td>\n<\/tr>\n<\/tbody>\n<\/table>\n","protected":false},"excerpt":{"rendered":"<p>1607 Helosciadium nodiflorum Koch. &#8211; Plante&nbsp;vivace&nbsp;de 30 cm \u00e0 1 m\u00e8tre,&nbsp;glabre, \u00e0&nbsp;tiges&nbsp;ascendantes&nbsp;ou couch\u00e9es,&nbsp;radicantes&nbsp;aux&nbsp;noeuds&nbsp;inf\u00e9rieurs, robustes, creuses,&nbsp;stri\u00e9es,&nbsp;rameuses&nbsp;&#8211;&nbsp;feuilles&nbsp;pennatis\u00e9qu\u00e9es, \u00e0&nbsp;segments&nbsp;ovales-lanc\u00e9ol\u00e9s, in\u00e9galement&nbsp;dent\u00e9s, d\u00e9passant les&nbsp;ombelles&nbsp;&#8211;&nbsp;fleurs&nbsp;d&#8217;un blanc un peu verd\u00e2tre&nbsp;&#8211;&nbsp;ombelles&nbsp;sessiles&nbsp;ou \u00e0&nbsp;p\u00e9doncules&nbsp;plus courts que les rayons,&nbsp;oppos\u00e9es&nbsp;aux&nbsp;feuilles, \u00e0 4-12 rayons&nbsp;&#8211;&nbsp;involucre&nbsp;nul, rarement \u00e0 1-2&nbsp;folioles&nbsp;caduques&nbsp;&#8211;&nbsp;involucelle&nbsp;\u00e0&nbsp;folioles&nbsp;scarieuses-blanch\u00e2tres aux bords,&nbsp;persistantes&nbsp;&#8211;&nbsp;styles&nbsp;\u00e9tal\u00e9s, plus longs que le&nbsp;stylopode&nbsp;&#8211;&nbsp;fruit&nbsp;ovo\u00efde. Varie \u00e0&nbsp;tiges&nbsp;gr\u00eales&nbsp;de 10-20 cm,&nbsp;ombelles&nbsp;\u00e0 3-6 rayons (var. ochreatum DC.). \u00c9cologie&nbsp;Ruisseaux, foss\u00e9s, marais, \u00e9tangs, dans toute&hellip;<\/p>\n","protected":false},"author":1,"featured_media":849,"parent":0,"menu_order":0,"comment_status":"closed","ping_status":"closed","template":"","meta":{"_acf_changed":false,"footnotes":""},"categories":[10,72,6],"tags":[],"class_list":["post-918","page","type-page","status-publish","has-post-thumbnail","hentry","category-apiaceae","category-helosciadium","category-plantae"],"acf":[],"_links":{"self":[{"href":"https:\/\/www.rezeau.org\/wp-flore\/wp-json\/wp\/v2\/pages\/918","targetHints":{"allow":["GET"]}}],"collection":[{"href":"https:\/\/www.rezeau.org\/wp-flore\/wp-json\/wp\/v2\/pages"}],"about":[{"href":"https:\/\/www.rezeau.org\/wp-flore\/wp-json\/wp\/v2\/types\/page"}],"author":[{"embeddable":true,"href":"https:\/\/www.rezeau.org\/wp-flore\/wp-json\/wp\/v2\/users\/1"}],"replies":[{"embeddable":true,"href":"https:\/\/www.rezeau.org\/wp-flore\/wp-json\/wp\/v2\/comments?post=918"}],"version-history":[{"count":5,"href":"https:\/\/www.rezeau.org\/wp-flore\/wp-json\/wp\/v2\/pages\/918\/revisions"}],"predecessor-version":[{"id":4354,"href":"https:\/\/www.rezeau.org\/wp-flore\/wp-json\/wp\/v2\/pages\/918\/revisions\/4354"}],"wp:featuredmedia":[{"embeddable":true,"href":"https:\/\/www.rezeau.org\/wp-flore\/wp-json\/wp\/v2\/media\/849"}],"wp:attachment":[{"href":"https:\/\/www.rezeau.org\/wp-flore\/wp-json\/wp\/v2\/media?parent=918"}],"wp:term":[{"taxonomy":"category","embeddable":true,"href":"https:\/\/www.rezeau.org\/wp-flore\/wp-json\/wp\/v2\/categories?post=918"},{"taxonomy":"post_tag","embeddable":true,"href":"https:\/\/www.rezeau.org\/wp-flore\/wp-json\/wp\/v2\/tags?post=918"}],"curies":[{"name":"wp","href":"https:\/\/api.w.org\/{rel}","templated":true}]}}