{"id":967,"date":"2016-03-16T15:31:46","date_gmt":"2016-03-16T14:31:46","guid":{"rendered":"http:\/\/www.rezeau.org\/wp-flore\/?page_id=967"},"modified":"2021-06-21T15:26:44","modified_gmt":"2021-06-21T13:26:44","slug":"hieracium-umbellatum-l","status":"publish","type":"page","link":"https:\/\/www.rezeau.org\/wp-flore\/hieracium-umbellatum-l\/","title":{"rendered":"Hieracium umbellatum"},"content":{"rendered":"\n<table class=\"desc\">\n<tbody>\n<tr>\n<td><span class=\"gras\">2313 Hieracium umbellatum L.<\/span><\/td>\n<\/tr>\n<tr>\n<td>&#8211; Plante&nbsp;vivace, aphyllopode&nbsp;<br>&#8211;&nbsp;tige&nbsp;de 3-8 dm dress\u00e9e,&nbsp;glabre, tr\u00e8s feuill\u00e9e&nbsp;<br>&#8211;&nbsp;corymbe&nbsp;ombelliforme&nbsp;souvent accompagn\u00e9 de rameaux inf\u00e9rieurs \u00e0&nbsp;p\u00e9dicelles&nbsp;munis seulement de poils \u00e9toiles&nbsp;<br>&#8211;&nbsp;feuilles&nbsp;sessiles&nbsp;lanc\u00e9ol\u00e9es-lin\u00e9aires, sublin\u00e9aires ou oblongues-lanc\u00e9ol\u00e9es,&nbsp;dent\u00e9es&nbsp;ou presque&nbsp;enti\u00e8res&nbsp;<br>&#8211;&nbsp;involucre&nbsp;ovo\u00efde,&nbsp;glabre&nbsp;ou presque&nbsp;glabre, \u00e0&nbsp;folioles&nbsp;obtuses, les ext\u00e9rieures \u00e0 pointe courb\u00e9e en dehors au sommet&nbsp;<br>&#8211; ak\u00e8nes d&#8217;un brun rouge\u00e2tre ou noir\u00e2tre&nbsp;<br>&#8211;&nbsp;fleurs&nbsp;jaunes. Varie \u00e0&nbsp;corymbe&nbsp;appauvri avec&nbsp;involucre&nbsp;noir\u00e2tre (H. monticola Jord.)&nbsp;<br>&#8211; \u00e0&nbsp;feuilles&nbsp;courtes,&nbsp;rhombo\u00efdales,&nbsp;att\u00e9nu\u00e9es&nbsp;\u00e0 la base (H. ilicetorum Jord.), etc.<\/td>\n<\/tr>\n<tr>\n<td><span class=\"titre\">\u00c9cologie&nbsp;<\/span>Bois, landes dans toute la France.<\/td>\n<\/tr>\n<tr>\n<td><span class=\"titre\">R\u00e9partition&nbsp;<\/span>Europe et Asie.<\/td>\n<\/tr>\n<tr>\n<td><span class=\"titre\">Floraison&nbsp;<\/span>Ao\u00fbt-septembre.<\/td>\n<\/tr>\n<\/tbody>\n<\/table>\n","protected":false},"excerpt":{"rendered":"<p>2313 Hieracium umbellatum L. &#8211; Plante&nbsp;vivace, aphyllopode&nbsp;&#8211;&nbsp;tige&nbsp;de 3-8 dm dress\u00e9e,&nbsp;glabre, tr\u00e8s feuill\u00e9e&nbsp;&#8211;&nbsp;corymbe&nbsp;ombelliforme&nbsp;souvent accompagn\u00e9 de rameaux inf\u00e9rieurs \u00e0&nbsp;p\u00e9dicelles&nbsp;munis seulement de poils \u00e9toiles&nbsp;&#8211;&nbsp;feuilles&nbsp;sessiles&nbsp;lanc\u00e9ol\u00e9es-lin\u00e9aires, sublin\u00e9aires ou oblongues-lanc\u00e9ol\u00e9es,&nbsp;dent\u00e9es&nbsp;ou presque&nbsp;enti\u00e8res&nbsp;&#8211;&nbsp;involucre&nbsp;ovo\u00efde,&nbsp;glabre&nbsp;ou presque&nbsp;glabre, \u00e0&nbsp;folioles&nbsp;obtuses, les ext\u00e9rieures \u00e0 pointe courb\u00e9e en dehors au sommet&nbsp;&#8211; ak\u00e8nes d&#8217;un brun rouge\u00e2tre ou noir\u00e2tre&nbsp;&#8211;&nbsp;fleurs&nbsp;jaunes. Varie \u00e0&nbsp;corymbe&nbsp;appauvri avec&nbsp;involucre&nbsp;noir\u00e2tre (H. monticola Jord.)&nbsp;&#8211; \u00e0&nbsp;feuilles&nbsp;courtes,&nbsp;rhombo\u00efdales,&nbsp;att\u00e9nu\u00e9es&nbsp;\u00e0 la base (H. ilicetorum Jord.), etc.&hellip;<\/p>\n","protected":false},"author":1,"featured_media":966,"parent":0,"menu_order":0,"comment_status":"closed","ping_status":"closed","template":"","meta":{"_acf_changed":false,"footnotes":""},"categories":[14,92,6],"tags":[],"class_list":["post-967","page","type-page","status-publish","has-post-thumbnail","hentry","category-asteraceae","category-hieracium","category-plantae"],"acf":[],"_links":{"self":[{"href":"https:\/\/www.rezeau.org\/wp-flore\/wp-json\/wp\/v2\/pages\/967","targetHints":{"allow":["GET"]}}],"collection":[{"href":"https:\/\/www.rezeau.org\/wp-flore\/wp-json\/wp\/v2\/pages"}],"about":[{"href":"https:\/\/www.rezeau.org\/wp-flore\/wp-json\/wp\/v2\/types\/page"}],"author":[{"embeddable":true,"href":"https:\/\/www.rezeau.org\/wp-flore\/wp-json\/wp\/v2\/users\/1"}],"replies":[{"embeddable":true,"href":"https:\/\/www.rezeau.org\/wp-flore\/wp-json\/wp\/v2\/comments?post=967"}],"version-history":[{"count":3,"href":"https:\/\/www.rezeau.org\/wp-flore\/wp-json\/wp\/v2\/pages\/967\/revisions"}],"predecessor-version":[{"id":4357,"href":"https:\/\/www.rezeau.org\/wp-flore\/wp-json\/wp\/v2\/pages\/967\/revisions\/4357"}],"wp:featuredmedia":[{"embeddable":true,"href":"https:\/\/www.rezeau.org\/wp-flore\/wp-json\/wp\/v2\/media\/966"}],"wp:attachment":[{"href":"https:\/\/www.rezeau.org\/wp-flore\/wp-json\/wp\/v2\/media?parent=967"}],"wp:term":[{"taxonomy":"category","embeddable":true,"href":"https:\/\/www.rezeau.org\/wp-flore\/wp-json\/wp\/v2\/categories?post=967"},{"taxonomy":"post_tag","embeddable":true,"href":"https:\/\/www.rezeau.org\/wp-flore\/wp-json\/wp\/v2\/tags?post=967"}],"curies":[{"name":"wp","href":"https:\/\/api.w.org\/{rel}","templated":true}]}}