{"id":972,"date":"2016-03-16T15:39:44","date_gmt":"2016-03-16T14:39:44","guid":{"rendered":"http:\/\/www.rezeau.org\/wp-flore\/?page_id=972"},"modified":"2021-06-21T15:27:43","modified_gmt":"2021-06-21T13:27:43","slug":"humulus-lupulus-l","status":"publish","type":"page","link":"https:\/\/www.rezeau.org\/wp-flore\/humulus-lupulus-l\/","title":{"rendered":"Humulus lupulus"},"content":{"rendered":"\n<table class=\"desc\">\n<tbody>\n<tr>\n<td><span class=\"gras\">3259 Humulus lupulus L.<\/span><\/td>\n<\/tr>\n<tr>\n<td>&#8211; Plante&nbsp;vivace&nbsp;de 2-5 m\u00e8tres,&nbsp;rude, \u00e0&nbsp;tiges&nbsp;herbac\u00e9es,&nbsp;sarmenteuses-volubiles,&nbsp;rameuses&nbsp;<br>&#8211;&nbsp;feuilles&nbsp;oppos\u00e9es,&nbsp;p\u00e9tiol\u00e9es,&nbsp;palmatilob\u00e9es&nbsp;en coeur, \u00e0 3-5&nbsp;lobes&nbsp;ovales-acumin\u00e9s&nbsp;dent\u00e9s, les sup\u00e9rieures souvent&nbsp;simples&nbsp;<br>&#8211;&nbsp;fleurs&nbsp;vert jaun\u00e2tre,&nbsp;dio\u00efques, les m\u00e2les en&nbsp;grappes&nbsp;rameuses, les femelles en&nbsp;c\u00f4nes&nbsp;ovales,&nbsp;oppos\u00e9s,&nbsp;p\u00e9doncules, pendants&nbsp;<br>&#8211;&nbsp;p\u00e9rianthe&nbsp;m\u00e2le \u00e0 5&nbsp;divisions&nbsp;\u00e9gales, 5&nbsp;\u00e9tamines&nbsp;dress\u00e9es \u00e0&nbsp;filets&nbsp;courts&nbsp;<br>&#8211;&nbsp;fleurs&nbsp;femelles 2 \u00e0 l&#8217;aisselle&nbsp;des&nbsp;\u00e9cailles&nbsp;foliac\u00e9es&nbsp;du&nbsp;c\u00f4ne, \u00e0 longs&nbsp;stigmates&nbsp;filiformes&nbsp;<br>&#8211;&nbsp;fruit&nbsp;ovo\u00efde-comprim\u00e9, couvert de&nbsp;glandes&nbsp;jaunes aromatiques.<\/td>\n<\/tr>\n<tr>\n<td><span class=\"titre\">\u00c9cologie&nbsp;<\/span>Haies et lieux frais, dans toute la France et en Corse.<\/td>\n<\/tr>\n<tr>\n<td><span class=\"titre\">R\u00e9partition&nbsp;<\/span>Europe&nbsp;; Asie temp\u00e9r\u00e9e&nbsp;; Afrique bor\u00e9ale.<\/td>\n<\/tr>\n<tr>\n<td><span class=\"titre\">Floraison&nbsp;<\/span>Juin-septembre. .<\/td>\n<\/tr>\n<tr>\n<td><span class=\"titre\">Usages<\/span>&nbsp;Les&nbsp;<span class=\"definition_term\">c\u00f4nes<\/span>&nbsp;servent \u00e0 la pr\u00e9paration de la bi\u00e8re, et sont un bon tonique-neurast\u00e9nique.<\/td>\n<\/tr>\n<\/tbody>\n<\/table>\n","protected":false},"excerpt":{"rendered":"<p>3259 Humulus lupulus L. &#8211; Plante&nbsp;vivace&nbsp;de 2-5 m\u00e8tres,&nbsp;rude, \u00e0&nbsp;tiges&nbsp;herbac\u00e9es,&nbsp;sarmenteuses-volubiles,&nbsp;rameuses&nbsp;&#8211;&nbsp;feuilles&nbsp;oppos\u00e9es,&nbsp;p\u00e9tiol\u00e9es,&nbsp;palmatilob\u00e9es&nbsp;en coeur, \u00e0 3-5&nbsp;lobes&nbsp;ovales-acumin\u00e9s&nbsp;dent\u00e9s, les sup\u00e9rieures souvent&nbsp;simples&nbsp;&#8211;&nbsp;fleurs&nbsp;vert jaun\u00e2tre,&nbsp;dio\u00efques, les m\u00e2les en&nbsp;grappes&nbsp;rameuses, les femelles en&nbsp;c\u00f4nes&nbsp;ovales,&nbsp;oppos\u00e9s,&nbsp;p\u00e9doncules, pendants&nbsp;&#8211;&nbsp;p\u00e9rianthe&nbsp;m\u00e2le \u00e0 5&nbsp;divisions&nbsp;\u00e9gales, 5&nbsp;\u00e9tamines&nbsp;dress\u00e9es \u00e0&nbsp;filets&nbsp;courts&nbsp;&#8211;&nbsp;fleurs&nbsp;femelles 2 \u00e0 l&#8217;aisselle&nbsp;des&nbsp;\u00e9cailles&nbsp;foliac\u00e9es&nbsp;du&nbsp;c\u00f4ne, \u00e0 longs&nbsp;stigmates&nbsp;filiformes&nbsp;&#8211;&nbsp;fruit&nbsp;ovo\u00efde-comprim\u00e9, couvert de&nbsp;glandes&nbsp;jaunes aromatiques. \u00c9cologie&nbsp;Haies et lieux frais, dans toute la France et en Corse. R\u00e9partition&nbsp;Europe&nbsp;; Asie temp\u00e9r\u00e9e&nbsp;; Afrique bor\u00e9ale. Floraison&nbsp;Juin-septembre. . Usages&nbsp;Les&nbsp;c\u00f4nes&nbsp;servent \u00e0&hellip;<\/p>\n","protected":false},"author":1,"featured_media":931,"parent":0,"menu_order":0,"comment_status":"closed","ping_status":"closed","template":"","meta":{"_acf_changed":false,"footnotes":""},"categories":[20,170,6],"tags":[],"class_list":["post-972","page","type-page","status-publish","has-post-thumbnail","hentry","category-cannabaceae","category-humulus","category-plantae"],"acf":[],"_links":{"self":[{"href":"https:\/\/www.rezeau.org\/wp-flore\/wp-json\/wp\/v2\/pages\/972","targetHints":{"allow":["GET"]}}],"collection":[{"href":"https:\/\/www.rezeau.org\/wp-flore\/wp-json\/wp\/v2\/pages"}],"about":[{"href":"https:\/\/www.rezeau.org\/wp-flore\/wp-json\/wp\/v2\/types\/page"}],"author":[{"embeddable":true,"href":"https:\/\/www.rezeau.org\/wp-flore\/wp-json\/wp\/v2\/users\/1"}],"replies":[{"embeddable":true,"href":"https:\/\/www.rezeau.org\/wp-flore\/wp-json\/wp\/v2\/comments?post=972"}],"version-history":[{"count":4,"href":"https:\/\/www.rezeau.org\/wp-flore\/wp-json\/wp\/v2\/pages\/972\/revisions"}],"predecessor-version":[{"id":4358,"href":"https:\/\/www.rezeau.org\/wp-flore\/wp-json\/wp\/v2\/pages\/972\/revisions\/4358"}],"wp:featuredmedia":[{"embeddable":true,"href":"https:\/\/www.rezeau.org\/wp-flore\/wp-json\/wp\/v2\/media\/931"}],"wp:attachment":[{"href":"https:\/\/www.rezeau.org\/wp-flore\/wp-json\/wp\/v2\/media?parent=972"}],"wp:term":[{"taxonomy":"category","embeddable":true,"href":"https:\/\/www.rezeau.org\/wp-flore\/wp-json\/wp\/v2\/categories?post=972"},{"taxonomy":"post_tag","embeddable":true,"href":"https:\/\/www.rezeau.org\/wp-flore\/wp-json\/wp\/v2\/tags?post=972"}],"curies":[{"name":"wp","href":"https:\/\/api.w.org\/{rel}","templated":true}]}}