{"id":980,"date":"2016-03-16T15:43:55","date_gmt":"2016-03-16T14:43:55","guid":{"rendered":"http:\/\/www.rezeau.org\/wp-flore\/?page_id=980"},"modified":"2021-06-21T15:32:18","modified_gmt":"2021-06-21T13:32:18","slug":"hyacinthoides-non-scripta-l-chouard-ex-rothm","status":"publish","type":"page","link":"https:\/\/www.rezeau.org\/wp-flore\/hyacinthoides-non-scripta-l-chouard-ex-rothm\/","title":{"rendered":"Hyacinthoides non-scripta"},"content":{"rendered":"\n<table style=\"border-collapse: collapse; width: 100%;\">\n<tbody>\n<tr>\n<td style=\"width: 100%;\"><strong>3417. \u2013 Endymion nutans Dumort. (E. non-scriptus Garcke, Scilla nutans Sm., Agraphis nutans Link.). Jacinthe des bois.<\/strong><\/td>\n<\/tr>\n<tr>\n<td style=\"width: 100%;\">\u2013 Plante vivace de 20-50 cm, glabre, \u00e0 bulbe ovo\u00efde ; feuilles larges de 6-15 mm, dress\u00e9es puis \u00e9tal\u00e9es, souvent plus courtes que la tige ; fleurs bleu d&#8217;azur, parfois, blanches, pench\u00e9es, \u00e0 odeur de Jacinthe, en grappe courb\u00e9e, l\u00e2che, unilat\u00e9rale ; bract\u00e9es bifides, in\u00e9gales, \u00e9galant ou d\u00e9passant le p\u00e9dicelle plus court que la fleur ; p\u00e9rianthe resserr\u00e9 \u00e0 la base, long de 14-18 mm ; \u00e9tamines int\u00e9rieures presque libres, les 3 ext\u00e9rieures soud\u00e9es aux p\u00e9tales jusqu&#8217;au de la du milieu ; capsule ovo\u00efde-tronqu\u00e9e.<\/td>\n<\/tr>\n<tr>\n<td style=\"width: 100%;\">Changement de famille. Taxon modifi\u00e9 le : 18\/11\/2014<\/td>\n<\/tr>\n<\/tbody>\n<\/table>\n","protected":false},"excerpt":{"rendered":"<p>3417. \u2013 Endymion nutans Dumort. (E. non-scriptus Garcke, Scilla nutans Sm., Agraphis nutans Link.). Jacinthe des bois. \u2013 Plante vivace de 20-50 cm, glabre, \u00e0 bulbe ovo\u00efde ; feuilles larges de 6-15 mm, dress\u00e9es puis \u00e9tal\u00e9es, souvent plus courtes que la tige ; fleurs bleu d&#8217;azur, parfois, blanches, pench\u00e9es, \u00e0 odeur de Jacinthe, en grappe&hellip;<\/p>\n","protected":false},"author":1,"featured_media":932,"parent":0,"menu_order":0,"comment_status":"closed","ping_status":"closed","template":"","meta":{"_acf_changed":false,"footnotes":""},"categories":[172,171,6],"tags":[],"class_list":["post-980","page","type-page","status-publish","has-post-thumbnail","hentry","category-asparagaceae","category-hyacinthoides","category-plantae"],"acf":[],"_links":{"self":[{"href":"https:\/\/www.rezeau.org\/wp-flore\/wp-json\/wp\/v2\/pages\/980","targetHints":{"allow":["GET"]}}],"collection":[{"href":"https:\/\/www.rezeau.org\/wp-flore\/wp-json\/wp\/v2\/pages"}],"about":[{"href":"https:\/\/www.rezeau.org\/wp-flore\/wp-json\/wp\/v2\/types\/page"}],"author":[{"embeddable":true,"href":"https:\/\/www.rezeau.org\/wp-flore\/wp-json\/wp\/v2\/users\/1"}],"replies":[{"embeddable":true,"href":"https:\/\/www.rezeau.org\/wp-flore\/wp-json\/wp\/v2\/comments?post=980"}],"version-history":[{"count":6,"href":"https:\/\/www.rezeau.org\/wp-flore\/wp-json\/wp\/v2\/pages\/980\/revisions"}],"predecessor-version":[{"id":4363,"href":"https:\/\/www.rezeau.org\/wp-flore\/wp-json\/wp\/v2\/pages\/980\/revisions\/4363"}],"wp:featuredmedia":[{"embeddable":true,"href":"https:\/\/www.rezeau.org\/wp-flore\/wp-json\/wp\/v2\/media\/932"}],"wp:attachment":[{"href":"https:\/\/www.rezeau.org\/wp-flore\/wp-json\/wp\/v2\/media?parent=980"}],"wp:term":[{"taxonomy":"category","embeddable":true,"href":"https:\/\/www.rezeau.org\/wp-flore\/wp-json\/wp\/v2\/categories?post=980"},{"taxonomy":"post_tag","embeddable":true,"href":"https:\/\/www.rezeau.org\/wp-flore\/wp-json\/wp\/v2\/tags?post=980"}],"curies":[{"name":"wp","href":"https:\/\/api.w.org\/{rel}","templated":true}]}}