
{"id":11229,"date":"2018-09-30T11:17:06","date_gmt":"2018-09-30T09:17:06","guid":{"rendered":"http:\/\/www.rezeau.org\/wp-garden\/?page_id=11229"},"modified":"2023-06-12T23:30:54","modified_gmt":"2023-06-12T21:30:54","slug":"images-du-jardin-de-la-ballue","status":"publish","type":"page","link":"https:\/\/www.rezeau.org\/wp-garden\/fr\/images-du-jardin-de-la-ballue\/","title":{"rendered":"Images des jardins de La Ballue"},"content":{"rendered":"\n<p>Cliquez sur les vignettes pour voir les images plein format, puis sur les fl\u00e8ches \u00e0 droite ou \u00e0 gauche des photos pour vous d\u00e9placer dans le diaporama.<\/p>\n\n\n<style type=\"text\/css\">\n#foogallery-gallery-11213 .fg-image { width: 100px; }\n#foogallery-gallery-11213 { --fg-gutter: 10px; }<\/style>\n\t\t\t<div class=\"foogallery foogallery-container foogallery-default foogallery-lightbox-none fg-left fg-default fg-ready fg-light fg-border-thin fg-shadow-outline fg-loading-default fg-loaded-fade-in fg-hover-fade fg-hover-zoom\" id=\"foogallery-gallery-11213\" data-foogallery=\"{&quot;item&quot;:{&quot;showCaptionTitle&quot;:true,&quot;showCaptionDescription&quot;:true},&quot;lazy&quot;:true}\" style=\"--fg-title-line-clamp: 0; --fg-description-line-clamp: 0;\" >\n\t<div class=\"fg-item fg-type-image fg-idle\"><figure class=\"fg-item-inner\"><a href=\"https:\/\/www.rezeau.org\/wp-garden\/wp-content\/uploads\/Visite-du-15-09-2018-18.jpg\" data-caption-title=\"&lt;em&gt;Visite du&lt;\/em&gt; 15\/09\/2018\" data-caption-desc=\"Jardins de La Ballue\" data-attachment-id=\"11226\" data-type=\"image\" class=\"fg-thumb\" rel=\"lightbox[11229]\"><span class=\"fg-image-wrap\"><img decoding=\"async\" alt=\"Jardins de La Ballue\" title=\"&lt;em&gt;Visite du&lt;\/em&gt; 15\/09\/2018\" width=\"100\" height=\"100\" class=\"skip-lazy fg-image\" data-src-fg=\"https:\/\/www.rezeau.org\/wp-garden\/wp-content\/uploads\/cache\/Visite-du-15-09-2018-18\/3086071966.jpg\" src=\"data:image\/svg+xml,%3Csvg%20xmlns%3D%22http%3A%2F%2Fwww.w3.org%2F2000%2Fsvg%22%20width%3D%22100%22%20height%3D%22100%22%20viewBox%3D%220%200%20100%20100%22%3E%3C%2Fsvg%3E\" loading=\"eager\"><\/span><span class=\"fg-image-overlay\"><\/span><\/a><figcaption class=\"fg-caption\"><div class=\"fg-caption-inner\"><div class=\"fg-caption-title\"><em>Visite du<\/em> 15\/09\/2018<\/div><div class=\"fg-caption-desc\">Jardins de La Ballue<\/div><\/div><\/figcaption><\/figure><div class=\"fg-loader\"><\/div><\/div><div class=\"fg-item fg-type-image fg-idle\"><figure class=\"fg-item-inner\"><a href=\"https:\/\/www.rezeau.org\/wp-garden\/wp-content\/uploads\/Visite-du-15-09-2018-8.jpg\" data-caption-title=\"&lt;em&gt;Visite du&lt;\/em&gt; 15\/09\/2018\" data-caption-desc=\"Jardins de La Ballue\" data-attachment-id=\"11218\" data-type=\"image\" class=\"fg-thumb\" rel=\"lightbox[11229]\"><span class=\"fg-image-wrap\"><img decoding=\"async\" alt=\"Jardins de La Ballue\" title=\"&lt;em&gt;Visite du&lt;\/em&gt; 15\/09\/2018\" width=\"100\" height=\"100\" class=\"skip-lazy fg-image\" data-src-fg=\"https:\/\/www.rezeau.org\/wp-garden\/wp-content\/uploads\/cache\/Visite-du-15-09-2018-8\/2530049886.jpg\" src=\"data:image\/svg+xml,%3Csvg%20xmlns%3D%22http%3A%2F%2Fwww.w3.org%2F2000%2Fsvg%22%20width%3D%22100%22%20height%3D%22100%22%20viewBox%3D%220%200%20100%20100%22%3E%3C%2Fsvg%3E\" loading=\"eager\"><\/span><span class=\"fg-image-overlay\"><\/span><\/a><figcaption class=\"fg-caption\"><div class=\"fg-caption-inner\"><div class=\"fg-caption-title\"><em>Visite du<\/em> 15\/09\/2018<\/div><div class=\"fg-caption-desc\">Jardins de La Ballue<\/div><\/div><\/figcaption><\/figure><div class=\"fg-loader\"><\/div><\/div><div class=\"fg-item fg-type-image fg-idle\"><figure class=\"fg-item-inner\"><a href=\"https:\/\/www.rezeau.org\/wp-garden\/wp-content\/uploads\/Visite-du-15-09-2018.jpg\" data-caption-title=\"&lt;em&gt;Visit\u00e9 le&lt;\/em&gt; 15\/09\/2018\" data-caption-desc=\"Jardins de La Ballue\" data-attachment-id=\"11214\" data-type=\"image\" class=\"fg-thumb\" rel=\"lightbox[11229]\"><span class=\"fg-image-wrap\"><img decoding=\"async\" alt=\"Jardins de La Ballue\" title=\"&lt;em&gt;Visit\u00e9 le&lt;\/em&gt; 15\/09\/2018\" width=\"100\" height=\"100\" class=\"skip-lazy fg-image\" data-src-fg=\"https:\/\/www.rezeau.org\/wp-garden\/wp-content\/uploads\/cache\/Visite-du-15-09-2018\/537800872.jpg\" src=\"data:image\/svg+xml,%3Csvg%20xmlns%3D%22http%3A%2F%2Fwww.w3.org%2F2000%2Fsvg%22%20width%3D%22100%22%20height%3D%22100%22%20viewBox%3D%220%200%20100%20100%22%3E%3C%2Fsvg%3E\" loading=\"eager\"><\/span><span class=\"fg-image-overlay\"><\/span><\/a><figcaption class=\"fg-caption\"><div class=\"fg-caption-inner\"><div class=\"fg-caption-title\"><em>Visit\u00e9 le<\/em> 15\/09\/2018<\/div><div class=\"fg-caption-desc\">Jardins de La Ballue<\/div><\/div><\/figcaption><\/figure><div class=\"fg-loader\"><\/div><\/div><div class=\"fg-item fg-type-image fg-idle\"><figure class=\"fg-item-inner\"><a href=\"https:\/\/www.rezeau.org\/wp-garden\/wp-content\/uploads\/Visite-du-15-09-2018-3.jpg\" data-caption-title=\"&lt;em&gt;Visite du&lt;\/em&gt; 15\/09\/2018\" data-caption-desc=\"Jardins de La Ballue\" data-attachment-id=\"11228\" data-type=\"image\" class=\"fg-thumb\" rel=\"lightbox[11229]\"><span class=\"fg-image-wrap\"><img decoding=\"async\" alt=\"Jardins de La Ballue\" title=\"&lt;em&gt;Visite du&lt;\/em&gt; 15\/09\/2018\" width=\"100\" height=\"100\" class=\"skip-lazy fg-image\" data-src-fg=\"https:\/\/www.rezeau.org\/wp-garden\/wp-content\/uploads\/cache\/Visite-du-15-09-2018-3\/3769352336.jpg\" src=\"data:image\/svg+xml,%3Csvg%20xmlns%3D%22http%3A%2F%2Fwww.w3.org%2F2000%2Fsvg%22%20width%3D%22100%22%20height%3D%22100%22%20viewBox%3D%220%200%20100%20100%22%3E%3C%2Fsvg%3E\" loading=\"eager\"><\/span><span class=\"fg-image-overlay\"><\/span><\/a><figcaption class=\"fg-caption\"><div class=\"fg-caption-inner\"><div class=\"fg-caption-title\"><em>Visite du<\/em> 15\/09\/2018<\/div><div class=\"fg-caption-desc\">Jardins de La Ballue<\/div><\/div><\/figcaption><\/figure><div class=\"fg-loader\"><\/div><\/div><div class=\"fg-item fg-type-image fg-idle\"><figure class=\"fg-item-inner\"><a href=\"https:\/\/www.rezeau.org\/wp-garden\/wp-content\/uploads\/Visite-du-15-09-2018-4.jpg\" data-caption-title=\"&lt;em&gt;Visite du&lt;\/em&gt; 15\/09\/2018\" data-caption-desc=\"Jardins de La Ballue\" data-attachment-id=\"11216\" data-type=\"image\" class=\"fg-thumb\" rel=\"lightbox[11229]\"><span class=\"fg-image-wrap\"><img decoding=\"async\" alt=\"Jardins de La Ballue\" title=\"&lt;em&gt;Visite du&lt;\/em&gt; 15\/09\/2018\" width=\"100\" height=\"100\" class=\"skip-lazy fg-image\" data-src-fg=\"https:\/\/www.rezeau.org\/wp-garden\/wp-content\/uploads\/cache\/Visite-du-15-09-2018-4\/694926121.jpg\" src=\"data:image\/svg+xml,%3Csvg%20xmlns%3D%22http%3A%2F%2Fwww.w3.org%2F2000%2Fsvg%22%20width%3D%22100%22%20height%3D%22100%22%20viewBox%3D%220%200%20100%20100%22%3E%3C%2Fsvg%3E\" loading=\"eager\"><\/span><span class=\"fg-image-overlay\"><\/span><\/a><figcaption class=\"fg-caption\"><div class=\"fg-caption-inner\"><div class=\"fg-caption-title\"><em>Visite du<\/em> 15\/09\/2018<\/div><div class=\"fg-caption-desc\">Jardins de La Ballue<\/div><\/div><\/figcaption><\/figure><div class=\"fg-loader\"><\/div><\/div><div class=\"fg-item fg-type-image fg-idle\"><figure class=\"fg-item-inner\"><a href=\"https:\/\/www.rezeau.org\/wp-garden\/wp-content\/uploads\/Visite-du-15-09-2018-2.jpg\" data-caption-title=\"&lt;em&gt;Visit\u00e9 le&lt;\/em&gt; 15\/09\/2018\" data-caption-desc=\"Jardins de La Ballue\" data-attachment-id=\"11215\" data-type=\"image\" class=\"fg-thumb\" rel=\"lightbox[11229]\"><span class=\"fg-image-wrap\"><img decoding=\"async\" alt=\"Jardins de La Ballue\" title=\"&lt;em&gt;Visit\u00e9 le&lt;\/em&gt; 15\/09\/2018\" width=\"100\" height=\"100\" class=\"skip-lazy fg-image\" data-src-fg=\"https:\/\/www.rezeau.org\/wp-garden\/wp-content\/uploads\/cache\/Visite-du-15-09-2018-2\/1476245524.jpg\" src=\"data:image\/svg+xml,%3Csvg%20xmlns%3D%22http%3A%2F%2Fwww.w3.org%2F2000%2Fsvg%22%20width%3D%22100%22%20height%3D%22100%22%20viewBox%3D%220%200%20100%20100%22%3E%3C%2Fsvg%3E\" loading=\"eager\"><\/span><span class=\"fg-image-overlay\"><\/span><\/a><figcaption class=\"fg-caption\"><div class=\"fg-caption-inner\"><div class=\"fg-caption-title\"><em>Visit\u00e9 le<\/em> 15\/09\/2018<\/div><div class=\"fg-caption-desc\">Jardins de La Ballue<\/div><\/div><\/figcaption><\/figure><div class=\"fg-loader\"><\/div><\/div><div class=\"fg-item fg-type-image fg-idle\"><figure class=\"fg-item-inner\"><a href=\"https:\/\/www.rezeau.org\/wp-garden\/wp-content\/uploads\/Visite-du-15-09-2018-11.jpg\" data-caption-title=\"&lt;em&gt;Visite du&lt;\/em&gt; 15\/09\/2018\" data-caption-desc=\"Jardins de La Ballue\" data-attachment-id=\"11221\" data-type=\"image\" class=\"fg-thumb\" rel=\"lightbox[11229]\"><span class=\"fg-image-wrap\"><img decoding=\"async\" alt=\"Jardins de La Ballue\" title=\"&lt;em&gt;Visite du&lt;\/em&gt; 15\/09\/2018\" width=\"100\" height=\"100\" class=\"skip-lazy fg-image\" data-src-fg=\"https:\/\/www.rezeau.org\/wp-garden\/wp-content\/uploads\/cache\/Visite-du-15-09-2018-11\/1366521906.jpg\" src=\"data:image\/svg+xml,%3Csvg%20xmlns%3D%22http%3A%2F%2Fwww.w3.org%2F2000%2Fsvg%22%20width%3D%22100%22%20height%3D%22100%22%20viewBox%3D%220%200%20100%20100%22%3E%3C%2Fsvg%3E\" loading=\"eager\"><\/span><span class=\"fg-image-overlay\"><\/span><\/a><figcaption class=\"fg-caption\"><div class=\"fg-caption-inner\"><div class=\"fg-caption-title\"><em>Visite du<\/em> 15\/09\/2018<\/div><div class=\"fg-caption-desc\">Jardins de La Ballue<\/div><\/div><\/figcaption><\/figure><div class=\"fg-loader\"><\/div><\/div><div class=\"fg-item fg-type-image fg-idle\"><figure class=\"fg-item-inner\"><a href=\"https:\/\/www.rezeau.org\/wp-garden\/wp-content\/uploads\/Visite-du-15-09-2018-16.jpg\" data-caption-title=\"&lt;em&gt;Visite du&lt;\/em&gt; 15\/09\/2018\" data-caption-desc=\"Jardins de La Ballue\" data-attachment-id=\"11225\" data-type=\"image\" class=\"fg-thumb\" rel=\"lightbox[11229]\"><span class=\"fg-image-wrap\"><img decoding=\"async\" alt=\"Jardins de La Ballue\" title=\"&lt;em&gt;Visite du&lt;\/em&gt; 15\/09\/2018\" width=\"100\" height=\"100\" class=\"skip-lazy fg-image\" data-src-fg=\"https:\/\/www.rezeau.org\/wp-garden\/wp-content\/uploads\/cache\/Visite-du-15-09-2018-16\/2306279732.jpg\" src=\"data:image\/svg+xml,%3Csvg%20xmlns%3D%22http%3A%2F%2Fwww.w3.org%2F2000%2Fsvg%22%20width%3D%22100%22%20height%3D%22100%22%20viewBox%3D%220%200%20100%20100%22%3E%3C%2Fsvg%3E\" loading=\"eager\"><\/span><span class=\"fg-image-overlay\"><\/span><\/a><figcaption class=\"fg-caption\"><div class=\"fg-caption-inner\"><div class=\"fg-caption-title\"><em>Visite du<\/em> 15\/09\/2018<\/div><div class=\"fg-caption-desc\">Jardins de La Ballue<\/div><\/div><\/figcaption><\/figure><div class=\"fg-loader\"><\/div><\/div><div class=\"fg-item fg-type-image fg-idle\"><figure class=\"fg-item-inner\"><a href=\"https:\/\/www.rezeau.org\/wp-garden\/wp-content\/uploads\/Visite-du-15-09-2018-15.jpg\" data-caption-title=\"&lt;em&gt;Visite du&lt;\/em&gt; 15\/09\/2018\" data-caption-desc=\"Jardins de La Ballue\" data-attachment-id=\"11224\" data-type=\"image\" class=\"fg-thumb\" rel=\"lightbox[11229]\"><span class=\"fg-image-wrap\"><img decoding=\"async\" alt=\"Jardins de La Ballue\" title=\"&lt;em&gt;Visite du&lt;\/em&gt; 15\/09\/2018\" width=\"100\" height=\"100\" class=\"skip-lazy fg-image\" data-src-fg=\"https:\/\/www.rezeau.org\/wp-garden\/wp-content\/uploads\/cache\/Visite-du-15-09-2018-15\/2821493344.jpg\" src=\"data:image\/svg+xml,%3Csvg%20xmlns%3D%22http%3A%2F%2Fwww.w3.org%2F2000%2Fsvg%22%20width%3D%22100%22%20height%3D%22100%22%20viewBox%3D%220%200%20100%20100%22%3E%3C%2Fsvg%3E\" loading=\"eager\"><\/span><span class=\"fg-image-overlay\"><\/span><\/a><figcaption class=\"fg-caption\"><div class=\"fg-caption-inner\"><div class=\"fg-caption-title\"><em>Visite du<\/em> 15\/09\/2018<\/div><div class=\"fg-caption-desc\">Jardins de La Ballue<\/div><\/div><\/figcaption><\/figure><div class=\"fg-loader\"><\/div><\/div><div class=\"fg-item fg-type-image fg-idle\"><figure class=\"fg-item-inner\"><a href=\"https:\/\/www.rezeau.org\/wp-garden\/wp-content\/uploads\/Visite-du-15-09-2018-13.jpg\" data-caption-title=\"&lt;em&gt;Visite du&lt;\/em&gt; 15\/09\/2018\" data-caption-desc=\"Jardins de La Ballue\" data-attachment-id=\"11223\" data-type=\"image\" class=\"fg-thumb\" rel=\"lightbox[11229]\"><span class=\"fg-image-wrap\"><img decoding=\"async\" alt=\"Jardins de La Ballue\" title=\"&lt;em&gt;Visite du&lt;\/em&gt; 15\/09\/2018\" width=\"100\" height=\"100\" class=\"skip-lazy fg-image\" data-src-fg=\"https:\/\/www.rezeau.org\/wp-garden\/wp-content\/uploads\/cache\/Visite-du-15-09-2018-13\/2542682208.jpg\" src=\"data:image\/svg+xml,%3Csvg%20xmlns%3D%22http%3A%2F%2Fwww.w3.org%2F2000%2Fsvg%22%20width%3D%22100%22%20height%3D%22100%22%20viewBox%3D%220%200%20100%20100%22%3E%3C%2Fsvg%3E\" loading=\"eager\"><\/span><span class=\"fg-image-overlay\"><\/span><\/a><figcaption class=\"fg-caption\"><div class=\"fg-caption-inner\"><div class=\"fg-caption-title\"><em>Visite du<\/em> 15\/09\/2018<\/div><div class=\"fg-caption-desc\">Jardins de La Ballue<\/div><\/div><\/figcaption><\/figure><div class=\"fg-loader\"><\/div><\/div><div class=\"fg-item fg-type-image fg-idle\"><figure class=\"fg-item-inner\"><a href=\"https:\/\/www.rezeau.org\/wp-garden\/wp-content\/uploads\/Visite-du-15-09-2018-12.jpg\" data-caption-title=\"&lt;em&gt;Visite du&lt;\/em&gt; 15\/09\/2018\" data-caption-desc=\"Jardins de La Ballue\" data-attachment-id=\"11222\" data-type=\"image\" class=\"fg-thumb\" rel=\"lightbox[11229]\"><span class=\"fg-image-wrap\"><img decoding=\"async\" alt=\"Jardins de La Ballue\" title=\"&lt;em&gt;Visite du&lt;\/em&gt; 15\/09\/2018\" width=\"100\" height=\"100\" class=\"skip-lazy fg-image\" data-src-fg=\"https:\/\/www.rezeau.org\/wp-garden\/wp-content\/uploads\/cache\/Visite-du-15-09-2018-12\/4109425737.jpg\" src=\"data:image\/svg+xml,%3Csvg%20xmlns%3D%22http%3A%2F%2Fwww.w3.org%2F2000%2Fsvg%22%20width%3D%22100%22%20height%3D%22100%22%20viewBox%3D%220%200%20100%20100%22%3E%3C%2Fsvg%3E\" loading=\"eager\"><\/span><span class=\"fg-image-overlay\"><\/span><\/a><figcaption class=\"fg-caption\"><div class=\"fg-caption-inner\"><div class=\"fg-caption-title\"><em>Visite du<\/em> 15\/09\/2018<\/div><div class=\"fg-caption-desc\">Jardins de La Ballue<\/div><\/div><\/figcaption><\/figure><div class=\"fg-loader\"><\/div><\/div><div class=\"fg-item fg-type-image fg-idle\"><figure class=\"fg-item-inner\"><a href=\"https:\/\/www.rezeau.org\/wp-garden\/wp-content\/uploads\/Visite-du-15-09-2018-10.jpg\" data-caption-title=\"&lt;em&gt;Visite du&lt;\/em&gt; 15\/09\/2018\" data-caption-desc=\"Jardins de La Ballue\" data-attachment-id=\"11220\" data-type=\"image\" class=\"fg-thumb\" rel=\"lightbox[11229]\"><span class=\"fg-image-wrap\"><img decoding=\"async\" alt=\"Jardins de La Ballue\" title=\"&lt;em&gt;Visite du&lt;\/em&gt; 15\/09\/2018\" width=\"100\" height=\"100\" class=\"skip-lazy fg-image\" data-src-fg=\"https:\/\/www.rezeau.org\/wp-garden\/wp-content\/uploads\/cache\/Visite-du-15-09-2018-10\/839771163.jpg\" src=\"data:image\/svg+xml,%3Csvg%20xmlns%3D%22http%3A%2F%2Fwww.w3.org%2F2000%2Fsvg%22%20width%3D%22100%22%20height%3D%22100%22%20viewBox%3D%220%200%20100%20100%22%3E%3C%2Fsvg%3E\" loading=\"eager\"><\/span><span class=\"fg-image-overlay\"><\/span><\/a><figcaption class=\"fg-caption\"><div class=\"fg-caption-inner\"><div class=\"fg-caption-title\"><em>Visite du<\/em> 15\/09\/2018<\/div><div class=\"fg-caption-desc\">Jardins de La Ballue<\/div><\/div><\/figcaption><\/figure><div class=\"fg-loader\"><\/div><\/div><div class=\"fg-item fg-type-image fg-idle\"><figure class=\"fg-item-inner\"><a href=\"https:\/\/www.rezeau.org\/wp-garden\/wp-content\/uploads\/Visite-du-15-09-2018-9.jpg\" data-caption-title=\"&lt;em&gt;Visite du&lt;\/em&gt; 15\/09\/2018\" data-caption-desc=\"Jardins de La Ballue\" data-attachment-id=\"11219\" data-type=\"image\" class=\"fg-thumb\" rel=\"lightbox[11229]\"><span class=\"fg-image-wrap\"><img decoding=\"async\" alt=\"Jardins de La Ballue\" title=\"&lt;em&gt;Visite du&lt;\/em&gt; 15\/09\/2018\" width=\"100\" height=\"100\" class=\"skip-lazy fg-image\" data-src-fg=\"https:\/\/www.rezeau.org\/wp-garden\/wp-content\/uploads\/cache\/Visite-du-15-09-2018-9\/2229306473.jpg\" src=\"data:image\/svg+xml,%3Csvg%20xmlns%3D%22http%3A%2F%2Fwww.w3.org%2F2000%2Fsvg%22%20width%3D%22100%22%20height%3D%22100%22%20viewBox%3D%220%200%20100%20100%22%3E%3C%2Fsvg%3E\" loading=\"eager\"><\/span><span class=\"fg-image-overlay\"><\/span><\/a><figcaption class=\"fg-caption\"><div class=\"fg-caption-inner\"><div class=\"fg-caption-title\"><em>Visite du<\/em> 15\/09\/2018<\/div><div class=\"fg-caption-desc\">Jardins de La Ballue<\/div><\/div><\/figcaption><\/figure><div class=\"fg-loader\"><\/div><\/div><div class=\"fg-item fg-type-image fg-idle\"><figure class=\"fg-item-inner\"><a href=\"https:\/\/www.rezeau.org\/wp-garden\/wp-content\/uploads\/Visite-du-15-09-2018-7.jpg\" data-caption-title=\"&lt;em&gt;Visite du&lt;\/em&gt; 15\/09\/2018\" data-caption-desc=\"Jardins de La Ballue\" data-attachment-id=\"11217\" data-type=\"image\" class=\"fg-thumb\" rel=\"lightbox[11229]\"><span class=\"fg-image-wrap\"><img decoding=\"async\" alt=\"Jardins de La Ballue\" title=\"&lt;em&gt;Visite du&lt;\/em&gt; 15\/09\/2018\" width=\"100\" height=\"100\" class=\"skip-lazy fg-image\" data-src-fg=\"https:\/\/www.rezeau.org\/wp-garden\/wp-content\/uploads\/cache\/Visite-du-15-09-2018-7\/2036549475.jpg\" src=\"data:image\/svg+xml,%3Csvg%20xmlns%3D%22http%3A%2F%2Fwww.w3.org%2F2000%2Fsvg%22%20width%3D%22100%22%20height%3D%22100%22%20viewBox%3D%220%200%20100%20100%22%3E%3C%2Fsvg%3E\" loading=\"eager\"><\/span><span class=\"fg-image-overlay\"><\/span><\/a><figcaption class=\"fg-caption\"><div class=\"fg-caption-inner\"><div class=\"fg-caption-title\"><em>Visite du<\/em> 15\/09\/2018<\/div><div class=\"fg-caption-desc\">Jardins de La Ballue<\/div><\/div><\/figcaption><\/figure><div class=\"fg-loader\"><\/div><\/div><div class=\"fg-item fg-type-image fg-idle\"><figure class=\"fg-item-inner\"><a href=\"https:\/\/www.rezeau.org\/wp-garden\/wp-content\/uploads\/Visite-du-15-09-2018-20.jpg\" data-caption-title=\"&lt;em&gt;Visite du&lt;\/em&gt; 15\/09\/2018\" data-caption-desc=\"Jardins de La Ballue\" data-attachment-id=\"11227\" data-type=\"image\" class=\"fg-thumb\" rel=\"lightbox[11229]\"><span class=\"fg-image-wrap\"><img decoding=\"async\" alt=\"Jardins de La Ballue\" title=\"&lt;em&gt;Visite du&lt;\/em&gt; 15\/09\/2018\" width=\"100\" height=\"100\" class=\"skip-lazy fg-image\" data-src-fg=\"https:\/\/www.rezeau.org\/wp-garden\/wp-content\/uploads\/cache\/Visite-du-15-09-2018-20\/4065133401.jpg\" src=\"data:image\/svg+xml,%3Csvg%20xmlns%3D%22http%3A%2F%2Fwww.w3.org%2F2000%2Fsvg%22%20width%3D%22100%22%20height%3D%22100%22%20viewBox%3D%220%200%20100%20100%22%3E%3C%2Fsvg%3E\" loading=\"eager\"><\/span><span class=\"fg-image-overlay\"><\/span><\/a><figcaption class=\"fg-caption\"><div class=\"fg-caption-inner\"><div class=\"fg-caption-title\"><em>Visite du<\/em> 15\/09\/2018<\/div><div class=\"fg-caption-desc\">Jardins de La Ballue<\/div><\/div><\/figcaption><\/figure><div class=\"fg-loader\"><\/div><\/div><\/div>\n","protected":false},"excerpt":{"rendered":"<p>Cliquez sur les vignettes pour voir les images plein format, puis sur les fl\u00e8ches \u00e0 droite ou \u00e0 gauche des photos pour vous d\u00e9placer dans le diaporama.<\/p>\n<p class=\"continue-reading-button\"> <a class=\"continue-reading-link\" href=\"https:\/\/www.rezeau.org\/wp-garden\/fr\/images-du-jardin-de-la-ballue\/\">Continue reading<i class=\"crycon-right-dir\"><\/i><\/a><\/p>\n","protected":false},"author":2,"featured_media":11222,"parent":0,"menu_order":89,"comment_status":"closed","ping_status":"closed","template":"templates\/template-onecolumn.php","meta":{"_acf_changed":false,"footnotes":""},"categories":[394,1201],"tags":[],"class_list":["post-11229","page","type-page","status-publish","has-post-thumbnail","hentry","category-hors-du-jardin","category-jardins-visites"],"acf":[],"_links":{"self":[{"href":"https:\/\/www.rezeau.org\/wp-garden\/wp-json\/wp\/v2\/pages\/11229","targetHints":{"allow":["GET"]}}],"collection":[{"href":"https:\/\/www.rezeau.org\/wp-garden\/wp-json\/wp\/v2\/pages"}],"about":[{"href":"https:\/\/www.rezeau.org\/wp-garden\/wp-json\/wp\/v2\/types\/page"}],"author":[{"embeddable":true,"href":"https:\/\/www.rezeau.org\/wp-garden\/wp-json\/wp\/v2\/users\/2"}],"replies":[{"embeddable":true,"href":"https:\/\/www.rezeau.org\/wp-garden\/wp-json\/wp\/v2\/comments?post=11229"}],"version-history":[{"count":0,"href":"https:\/\/www.rezeau.org\/wp-garden\/wp-json\/wp\/v2\/pages\/11229\/revisions"}],"wp:featuredmedia":[{"embeddable":true,"href":"https:\/\/www.rezeau.org\/wp-garden\/wp-json\/wp\/v2\/media\/11222"}],"wp:attachment":[{"href":"https:\/\/www.rezeau.org\/wp-garden\/wp-json\/wp\/v2\/media?parent=11229"}],"wp:term":[{"taxonomy":"category","embeddable":true,"href":"https:\/\/www.rezeau.org\/wp-garden\/wp-json\/wp\/v2\/categories?post=11229"},{"taxonomy":"post_tag","embeddable":true,"href":"https:\/\/www.rezeau.org\/wp-garden\/wp-json\/wp\/v2\/tags?post=11229"}],"curies":[{"name":"wp","href":"https:\/\/api.w.org\/{rel}","templated":true}]}}