
{"id":11562,"date":"2019-03-10T18:18:47","date_gmt":"2019-03-10T17:18:47","guid":{"rendered":"http:\/\/www.rezeau.org\/wp-garden\/?page_id=11562"},"modified":"2023-06-12T23:30:06","modified_gmt":"2023-06-12T21:30:06","slug":"images-du-parc-botanique-de-haute-bretagne-mars-2019","status":"publish","type":"page","link":"https:\/\/www.rezeau.org\/wp-garden\/fr\/images-du-parc-botanique-de-haute-bretagne-mars-2019\/","title":{"rendered":"Images du Parc Botanique de Haute Bretagne &#8211; mars 2019"},"content":{"rendered":"\n<p>Cliquez sur les vignettes pour voir les images plein format, puis sur les fl\u00e8ches \u00e0 droite ou \u00e0 gauche des photos pour vous d\u00e9placer dans le diaporama.<br style=\"clear: both;\"><\/p>\n\n\n<style type=\"text\/css\">\n#foogallery-gallery-11561 .fg-image { width: 100px; }\n#foogallery-gallery-11561 { --fg-gutter: 10px; }<\/style>\n\t\t\t<div class=\"foogallery foogallery-container foogallery-default foogallery-lightbox-none fg-left fg-default fg-ready fg-light fg-border-thin fg-shadow-outline fg-loading-default fg-loaded-fade-in fg-hover-fade fg-hover-zoom\" id=\"foogallery-gallery-11561\" data-foogallery=\"{&quot;item&quot;:{&quot;showCaptionTitle&quot;:true,&quot;showCaptionDescription&quot;:true},&quot;lazy&quot;:true}\" style=\"--fg-title-line-clamp: 0; --fg-description-line-clamp: 0;\" >\n\t<div class=\"fg-item fg-type-image fg-idle\"><figure class=\"fg-item-inner\"><a href=\"https:\/\/www.rezeau.org\/wp-garden\/wp-content\/uploads\/visite-du-07-03-2019.jpg\" data-caption-title=\"&lt;em&gt;visite du&lt;\/em&gt; 07\/03\/2019\" data-caption-desc=\"Parc Botanique de Haute Bretagne\" data-attachment-id=\"11547\" data-type=\"image\" class=\"fg-thumb\" rel=\"lightbox[11562]\"><span class=\"fg-image-wrap\"><img decoding=\"async\" alt=\"Parc Botanique de Haute Bretagne\" title=\"&lt;em&gt;visite du&lt;\/em&gt; 07\/03\/2019\" width=\"100\" height=\"100\" class=\"skip-lazy fg-image\" data-src-fg=\"https:\/\/www.rezeau.org\/wp-garden\/wp-content\/uploads\/cache\/visite-du-07-03-2019\/1759349334.jpg\" src=\"data:image\/svg+xml,%3Csvg%20xmlns%3D%22http%3A%2F%2Fwww.w3.org%2F2000%2Fsvg%22%20width%3D%22100%22%20height%3D%22100%22%20viewBox%3D%220%200%20100%20100%22%3E%3C%2Fsvg%3E\" loading=\"eager\"><\/span><span class=\"fg-image-overlay\"><\/span><\/a><figcaption class=\"fg-caption\"><div class=\"fg-caption-inner\"><div class=\"fg-caption-title\"><em>visite du<\/em> 07\/03\/2019<\/div><div class=\"fg-caption-desc\">Parc Botanique de Haute Bretagne<\/div><\/div><\/figcaption><\/figure><div class=\"fg-loader\"><\/div><\/div><div class=\"fg-item fg-type-image fg-idle\"><figure class=\"fg-item-inner\"><a href=\"https:\/\/www.rezeau.org\/wp-garden\/wp-content\/uploads\/visite-du-07-03-2019-2.jpg\" data-caption-title=\"&lt;em&gt;visite du&lt;\/em&gt; 07\/03\/2019\" data-caption-desc=\"Parc Botanique de Haute Bretagne\" data-attachment-id=\"11548\" data-type=\"image\" class=\"fg-thumb\" rel=\"lightbox[11562]\"><span class=\"fg-image-wrap\"><img decoding=\"async\" alt=\"Parc Botanique de Haute Bretagne\" title=\"&lt;em&gt;visite du&lt;\/em&gt; 07\/03\/2019\" width=\"100\" height=\"100\" class=\"skip-lazy fg-image\" data-src-fg=\"https:\/\/www.rezeau.org\/wp-garden\/wp-content\/uploads\/cache\/visite-du-07-03-2019-2\/511686494.jpg\" src=\"data:image\/svg+xml,%3Csvg%20xmlns%3D%22http%3A%2F%2Fwww.w3.org%2F2000%2Fsvg%22%20width%3D%22100%22%20height%3D%22100%22%20viewBox%3D%220%200%20100%20100%22%3E%3C%2Fsvg%3E\" loading=\"eager\"><\/span><span class=\"fg-image-overlay\"><\/span><\/a><figcaption class=\"fg-caption\"><div class=\"fg-caption-inner\"><div class=\"fg-caption-title\"><em>visite du<\/em> 07\/03\/2019<\/div><div class=\"fg-caption-desc\">Parc Botanique de Haute Bretagne<\/div><\/div><\/figcaption><\/figure><div class=\"fg-loader\"><\/div><\/div><div class=\"fg-item fg-type-image fg-idle\"><figure class=\"fg-item-inner\"><a href=\"https:\/\/www.rezeau.org\/wp-garden\/wp-content\/uploads\/visite-du-07-03-2019-3.jpg\" data-caption-title=\"&lt;em&gt;visite du&lt;\/em&gt; 07\/03\/2019\" data-caption-desc=\"Parc Botanique de Haute Bretagne\" data-attachment-id=\"11549\" data-type=\"image\" class=\"fg-thumb\" rel=\"lightbox[11562]\"><span class=\"fg-image-wrap\"><img decoding=\"async\" alt=\"Parc Botanique de Haute Bretagne\" title=\"&lt;em&gt;visite du&lt;\/em&gt; 07\/03\/2019\" width=\"100\" height=\"100\" class=\"skip-lazy fg-image\" data-src-fg=\"https:\/\/www.rezeau.org\/wp-garden\/wp-content\/uploads\/cache\/visite-du-07-03-2019-3\/206720105.jpg\" src=\"data:image\/svg+xml,%3Csvg%20xmlns%3D%22http%3A%2F%2Fwww.w3.org%2F2000%2Fsvg%22%20width%3D%22100%22%20height%3D%22100%22%20viewBox%3D%220%200%20100%20100%22%3E%3C%2Fsvg%3E\" loading=\"eager\"><\/span><span class=\"fg-image-overlay\"><\/span><\/a><figcaption class=\"fg-caption\"><div class=\"fg-caption-inner\"><div class=\"fg-caption-title\"><em>visite du<\/em> 07\/03\/2019<\/div><div class=\"fg-caption-desc\">Parc Botanique de Haute Bretagne<\/div><\/div><\/figcaption><\/figure><div class=\"fg-loader\"><\/div><\/div><div class=\"fg-item fg-type-image fg-idle\"><figure class=\"fg-item-inner\"><a href=\"https:\/\/www.rezeau.org\/wp-garden\/wp-content\/uploads\/visite-du-07-03-2019-4.jpg\" data-caption-title=\"&lt;em&gt;visite du&lt;\/em&gt; 07\/03\/2019\" data-caption-desc=\"Parc Botanique de Haute Bretagne\" data-attachment-id=\"11550\" data-type=\"image\" class=\"fg-thumb\" rel=\"lightbox[11562]\"><span class=\"fg-image-wrap\"><img decoding=\"async\" alt=\"Parc Botanique de Haute Bretagne\" title=\"&lt;em&gt;visite du&lt;\/em&gt; 07\/03\/2019\" width=\"100\" height=\"100\" class=\"skip-lazy fg-image\" data-src-fg=\"https:\/\/www.rezeau.org\/wp-garden\/wp-content\/uploads\/cache\/visite-du-07-03-2019-4\/894361699.jpg\" src=\"data:image\/svg+xml,%3Csvg%20xmlns%3D%22http%3A%2F%2Fwww.w3.org%2F2000%2Fsvg%22%20width%3D%22100%22%20height%3D%22100%22%20viewBox%3D%220%200%20100%20100%22%3E%3C%2Fsvg%3E\" loading=\"eager\"><\/span><span class=\"fg-image-overlay\"><\/span><\/a><figcaption class=\"fg-caption\"><div class=\"fg-caption-inner\"><div class=\"fg-caption-title\"><em>visite du<\/em> 07\/03\/2019<\/div><div class=\"fg-caption-desc\">Parc Botanique de Haute Bretagne<\/div><\/div><\/figcaption><\/figure><div class=\"fg-loader\"><\/div><\/div><div class=\"fg-item fg-type-image fg-idle\"><figure class=\"fg-item-inner\"><a href=\"https:\/\/www.rezeau.org\/wp-garden\/wp-content\/uploads\/visite-du-07-03-2019-5.jpg\" data-caption-title=\"&lt;em&gt;visite du&lt;\/em&gt; 07\/03\/2019\" data-caption-desc=\"Parc Botanique de Haute Bretagne\" data-attachment-id=\"11551\" data-type=\"image\" class=\"fg-thumb\" rel=\"lightbox[11562]\"><span class=\"fg-image-wrap\"><img decoding=\"async\" alt=\"Parc Botanique de Haute Bretagne\" title=\"&lt;em&gt;visite du&lt;\/em&gt; 07\/03\/2019\" width=\"100\" height=\"100\" class=\"skip-lazy fg-image\" data-src-fg=\"https:\/\/www.rezeau.org\/wp-garden\/wp-content\/uploads\/cache\/visite-du-07-03-2019-5\/660806484.jpg\" src=\"data:image\/svg+xml,%3Csvg%20xmlns%3D%22http%3A%2F%2Fwww.w3.org%2F2000%2Fsvg%22%20width%3D%22100%22%20height%3D%22100%22%20viewBox%3D%220%200%20100%20100%22%3E%3C%2Fsvg%3E\" loading=\"eager\"><\/span><span class=\"fg-image-overlay\"><\/span><\/a><figcaption class=\"fg-caption\"><div class=\"fg-caption-inner\"><div class=\"fg-caption-title\"><em>visite du<\/em> 07\/03\/2019<\/div><div class=\"fg-caption-desc\">Parc Botanique de Haute Bretagne<\/div><\/div><\/figcaption><\/figure><div class=\"fg-loader\"><\/div><\/div><div class=\"fg-item fg-type-image fg-idle\"><figure class=\"fg-item-inner\"><a href=\"https:\/\/www.rezeau.org\/wp-garden\/wp-content\/uploads\/visite-du-07-03-2019-6.jpg\" data-caption-title=\"&lt;em&gt;visite du&lt;\/em&gt; 07\/03\/2019\" data-caption-desc=\"Parc Botanique de Haute Bretagne\" data-attachment-id=\"11552\" data-type=\"image\" class=\"fg-thumb\" rel=\"lightbox[11562]\"><span class=\"fg-image-wrap\"><img decoding=\"async\" alt=\"Parc Botanique de Haute Bretagne\" title=\"&lt;em&gt;visite du&lt;\/em&gt; 07\/03\/2019\" width=\"100\" height=\"100\" class=\"skip-lazy fg-image\" data-src-fg=\"https:\/\/www.rezeau.org\/wp-garden\/wp-content\/uploads\/cache\/visite-du-07-03-2019-6\/286594573.jpg\" src=\"data:image\/svg+xml,%3Csvg%20xmlns%3D%22http%3A%2F%2Fwww.w3.org%2F2000%2Fsvg%22%20width%3D%22100%22%20height%3D%22100%22%20viewBox%3D%220%200%20100%20100%22%3E%3C%2Fsvg%3E\" loading=\"eager\"><\/span><span class=\"fg-image-overlay\"><\/span><\/a><figcaption class=\"fg-caption\"><div class=\"fg-caption-inner\"><div class=\"fg-caption-title\"><em>visite du<\/em> 07\/03\/2019<\/div><div class=\"fg-caption-desc\">Parc Botanique de Haute Bretagne<\/div><\/div><\/figcaption><\/figure><div class=\"fg-loader\"><\/div><\/div><div class=\"fg-item fg-type-image fg-idle\"><figure class=\"fg-item-inner\"><a href=\"https:\/\/www.rezeau.org\/wp-garden\/wp-content\/uploads\/visite-du-07-03-2019-7.jpg\" data-caption-title=\"&lt;em&gt;visite du&lt;\/em&gt; 07\/03\/2019\" data-caption-desc=\"Parc Botanique de Haute Bretagne\" data-attachment-id=\"11553\" data-type=\"image\" class=\"fg-thumb\" rel=\"lightbox[11562]\"><span class=\"fg-image-wrap\"><img decoding=\"async\" alt=\"Parc Botanique de Haute Bretagne\" title=\"&lt;em&gt;visite du&lt;\/em&gt; 07\/03\/2019\" width=\"100\" height=\"100\" class=\"skip-lazy fg-image\" data-src-fg=\"https:\/\/www.rezeau.org\/wp-garden\/wp-content\/uploads\/cache\/visite-du-07-03-2019-7\/54062394.jpg\" src=\"data:image\/svg+xml,%3Csvg%20xmlns%3D%22http%3A%2F%2Fwww.w3.org%2F2000%2Fsvg%22%20width%3D%22100%22%20height%3D%22100%22%20viewBox%3D%220%200%20100%20100%22%3E%3C%2Fsvg%3E\" loading=\"eager\"><\/span><span class=\"fg-image-overlay\"><\/span><\/a><figcaption class=\"fg-caption\"><div class=\"fg-caption-inner\"><div class=\"fg-caption-title\"><em>visite du<\/em> 07\/03\/2019<\/div><div class=\"fg-caption-desc\">Parc Botanique de Haute Bretagne<\/div><\/div><\/figcaption><\/figure><div class=\"fg-loader\"><\/div><\/div><div class=\"fg-item fg-type-image fg-idle\"><figure class=\"fg-item-inner\"><a href=\"https:\/\/www.rezeau.org\/wp-garden\/wp-content\/uploads\/visite-du-07-03-2019-8.jpg\" data-caption-title=\"&lt;em&gt;visite du&lt;\/em&gt; 07\/03\/2019\" data-caption-desc=\"Parc Botanique de Haute Bretagne\" data-attachment-id=\"11554\" data-type=\"image\" class=\"fg-thumb\" rel=\"lightbox[11562]\"><span class=\"fg-image-wrap\"><img decoding=\"async\" alt=\"Parc Botanique de Haute Bretagne\" title=\"&lt;em&gt;visite du&lt;\/em&gt; 07\/03\/2019\" width=\"100\" height=\"100\" class=\"skip-lazy fg-image\" data-src-fg=\"https:\/\/www.rezeau.org\/wp-garden\/wp-content\/uploads\/cache\/visite-du-07-03-2019-8\/2921076490.jpg\" src=\"data:image\/svg+xml,%3Csvg%20xmlns%3D%22http%3A%2F%2Fwww.w3.org%2F2000%2Fsvg%22%20width%3D%22100%22%20height%3D%22100%22%20viewBox%3D%220%200%20100%20100%22%3E%3C%2Fsvg%3E\" loading=\"eager\"><\/span><span class=\"fg-image-overlay\"><\/span><\/a><figcaption class=\"fg-caption\"><div class=\"fg-caption-inner\"><div class=\"fg-caption-title\"><em>visite du<\/em> 07\/03\/2019<\/div><div class=\"fg-caption-desc\">Parc Botanique de Haute Bretagne<\/div><\/div><\/figcaption><\/figure><div class=\"fg-loader\"><\/div><\/div><div class=\"fg-item fg-type-image fg-idle\"><figure class=\"fg-item-inner\"><a href=\"https:\/\/www.rezeau.org\/wp-garden\/wp-content\/uploads\/visite-du-07-03-2019-9.jpg\" data-caption-title=\"&lt;em&gt;visite du&lt;\/em&gt; 07\/03\/2019\" data-caption-desc=\"Parc Botanique de Haute Bretagne\" data-attachment-id=\"11555\" data-type=\"image\" class=\"fg-thumb\" rel=\"lightbox[11562]\"><span class=\"fg-image-wrap\"><img decoding=\"async\" alt=\"Parc Botanique de Haute Bretagne\" title=\"&lt;em&gt;visite du&lt;\/em&gt; 07\/03\/2019\" width=\"100\" height=\"100\" class=\"skip-lazy fg-image\" data-src-fg=\"https:\/\/www.rezeau.org\/wp-garden\/wp-content\/uploads\/cache\/visite-du-07-03-2019-9\/3157388349.jpg\" src=\"data:image\/svg+xml,%3Csvg%20xmlns%3D%22http%3A%2F%2Fwww.w3.org%2F2000%2Fsvg%22%20width%3D%22100%22%20height%3D%22100%22%20viewBox%3D%220%200%20100%20100%22%3E%3C%2Fsvg%3E\" loading=\"eager\"><\/span><span class=\"fg-image-overlay\"><\/span><\/a><figcaption class=\"fg-caption\"><div class=\"fg-caption-inner\"><div class=\"fg-caption-title\"><em>visite du<\/em> 07\/03\/2019<\/div><div class=\"fg-caption-desc\">Parc Botanique de Haute Bretagne<\/div><\/div><\/figcaption><\/figure><div class=\"fg-loader\"><\/div><\/div><div class=\"fg-item fg-type-image fg-idle\"><figure class=\"fg-item-inner\"><a href=\"https:\/\/www.rezeau.org\/wp-garden\/wp-content\/uploads\/visite-du-07-03-2019-10.jpg\" data-caption-title=\"&lt;em&gt;visite du&lt;\/em&gt; 07\/03\/2019\" data-caption-desc=\"Parc Botanique de Haute Bretagne\" data-attachment-id=\"11556\" data-type=\"image\" class=\"fg-thumb\" rel=\"lightbox[11562]\"><span class=\"fg-image-wrap\"><img decoding=\"async\" alt=\"Parc Botanique de Haute Bretagne\" title=\"&lt;em&gt;visite du&lt;\/em&gt; 07\/03\/2019\" width=\"100\" height=\"100\" class=\"skip-lazy fg-image\" data-src-fg=\"https:\/\/www.rezeau.org\/wp-garden\/wp-content\/uploads\/cache\/visite-du-07-03-2019-10\/1525120539.jpg\" src=\"data:image\/svg+xml,%3Csvg%20xmlns%3D%22http%3A%2F%2Fwww.w3.org%2F2000%2Fsvg%22%20width%3D%22100%22%20height%3D%22100%22%20viewBox%3D%220%200%20100%20100%22%3E%3C%2Fsvg%3E\" loading=\"eager\"><\/span><span class=\"fg-image-overlay\"><\/span><\/a><figcaption class=\"fg-caption\"><div class=\"fg-caption-inner\"><div class=\"fg-caption-title\"><em>visite du<\/em> 07\/03\/2019<\/div><div class=\"fg-caption-desc\">Parc Botanique de Haute Bretagne<\/div><\/div><\/figcaption><\/figure><div class=\"fg-loader\"><\/div><\/div><div class=\"fg-item fg-type-image fg-idle\"><figure class=\"fg-item-inner\"><a href=\"https:\/\/www.rezeau.org\/wp-garden\/wp-content\/uploads\/visite-du-07-03-2019-11.jpg\" data-caption-title=\"&lt;em&gt;visite du&lt;\/em&gt; 07\/03\/2019\" data-caption-desc=\"Parc Botanique de Haute Bretagne\" data-attachment-id=\"11557\" data-type=\"image\" class=\"fg-thumb\" rel=\"lightbox[11562]\"><span class=\"fg-image-wrap\"><img decoding=\"async\" alt=\"Parc Botanique de Haute Bretagne\" title=\"&lt;em&gt;visite du&lt;\/em&gt; 07\/03\/2019\" width=\"100\" height=\"100\" class=\"skip-lazy fg-image\" data-src-fg=\"https:\/\/www.rezeau.org\/wp-garden\/wp-content\/uploads\/cache\/visite-du-07-03-2019-11\/966386226.jpg\" src=\"data:image\/svg+xml,%3Csvg%20xmlns%3D%22http%3A%2F%2Fwww.w3.org%2F2000%2Fsvg%22%20width%3D%22100%22%20height%3D%22100%22%20viewBox%3D%220%200%20100%20100%22%3E%3C%2Fsvg%3E\" loading=\"eager\"><\/span><span class=\"fg-image-overlay\"><\/span><\/a><figcaption class=\"fg-caption\"><div class=\"fg-caption-inner\"><div class=\"fg-caption-title\"><em>visite du<\/em> 07\/03\/2019<\/div><div class=\"fg-caption-desc\">Parc Botanique de Haute Bretagne<\/div><\/div><\/figcaption><\/figure><div class=\"fg-loader\"><\/div><\/div><div class=\"fg-item fg-type-image fg-idle\"><figure class=\"fg-item-inner\"><a href=\"https:\/\/www.rezeau.org\/wp-garden\/wp-content\/uploads\/visite-du-07-03-2019-12.jpg\" data-caption-title=\"&lt;em&gt;visite du&lt;\/em&gt; 07\/03\/2019\" data-caption-desc=\"Parc Botanique de Haute Bretagne\" data-attachment-id=\"11558\" data-type=\"image\" class=\"fg-thumb\" rel=\"lightbox[11562]\"><span class=\"fg-image-wrap\"><img decoding=\"async\" alt=\"Parc Botanique de Haute Bretagne\" title=\"&lt;em&gt;visite du&lt;\/em&gt; 07\/03\/2019\" width=\"100\" height=\"100\" class=\"skip-lazy fg-image\" data-src-fg=\"https:\/\/www.rezeau.org\/wp-garden\/wp-content\/uploads\/cache\/visite-du-07-03-2019-12\/807979049.jpg\" src=\"data:image\/svg+xml,%3Csvg%20xmlns%3D%22http%3A%2F%2Fwww.w3.org%2F2000%2Fsvg%22%20width%3D%22100%22%20height%3D%22100%22%20viewBox%3D%220%200%20100%20100%22%3E%3C%2Fsvg%3E\" loading=\"eager\"><\/span><span class=\"fg-image-overlay\"><\/span><\/a><figcaption class=\"fg-caption\"><div class=\"fg-caption-inner\"><div class=\"fg-caption-title\"><em>visite du<\/em> 07\/03\/2019<\/div><div class=\"fg-caption-desc\">Parc Botanique de Haute Bretagne<\/div><\/div><\/figcaption><\/figure><div class=\"fg-loader\"><\/div><\/div><div class=\"fg-item fg-type-image fg-idle\"><figure class=\"fg-item-inner\"><a href=\"https:\/\/www.rezeau.org\/wp-garden\/wp-content\/uploads\/visite-du-07-03-2019-13.jpg\" data-caption-title=\"&lt;em&gt;visite du&lt;\/em&gt; 07\/03\/2019\" data-caption-desc=\"Parc Botanique de Haute Bretagne\" data-attachment-id=\"11559\" data-type=\"image\" class=\"fg-thumb\" rel=\"lightbox[11562]\"><span class=\"fg-image-wrap\"><img decoding=\"async\" alt=\"Parc Botanique de Haute Bretagne\" title=\"&lt;em&gt;visite du&lt;\/em&gt; 07\/03\/2019\" width=\"100\" height=\"100\" class=\"skip-lazy fg-image\" data-src-fg=\"https:\/\/www.rezeau.org\/wp-garden\/wp-content\/uploads\/cache\/visite-du-07-03-2019-13\/1398166528.jpg\" src=\"data:image\/svg+xml,%3Csvg%20xmlns%3D%22http%3A%2F%2Fwww.w3.org%2F2000%2Fsvg%22%20width%3D%22100%22%20height%3D%22100%22%20viewBox%3D%220%200%20100%20100%22%3E%3C%2Fsvg%3E\" loading=\"eager\"><\/span><span class=\"fg-image-overlay\"><\/span><\/a><figcaption class=\"fg-caption\"><div class=\"fg-caption-inner\"><div class=\"fg-caption-title\"><em>visite du<\/em> 07\/03\/2019<\/div><div class=\"fg-caption-desc\">Parc Botanique de Haute Bretagne<\/div><\/div><\/figcaption><\/figure><div class=\"fg-loader\"><\/div><\/div><div class=\"fg-item fg-type-image fg-idle\"><figure class=\"fg-item-inner\"><a href=\"https:\/\/www.rezeau.org\/wp-garden\/wp-content\/uploads\/visite-du-07-03-2019-14.jpg\" data-caption-title=\"&lt;em&gt;visite du&lt;\/em&gt; 07\/03\/2019\" data-caption-desc=\"Parc Botanique de Haute Bretagne\" data-attachment-id=\"11560\" data-type=\"image\" class=\"fg-thumb\" rel=\"lightbox[11562]\"><span class=\"fg-image-wrap\"><img decoding=\"async\" alt=\"Parc Botanique de Haute Bretagne\" title=\"&lt;em&gt;visite du&lt;\/em&gt; 07\/03\/2019\" width=\"100\" height=\"100\" class=\"skip-lazy fg-image\" data-src-fg=\"https:\/\/www.rezeau.org\/wp-garden\/wp-content\/uploads\/cache\/visite-du-07-03-2019-14\/1984634884.jpg\" src=\"data:image\/svg+xml,%3Csvg%20xmlns%3D%22http%3A%2F%2Fwww.w3.org%2F2000%2Fsvg%22%20width%3D%22100%22%20height%3D%22100%22%20viewBox%3D%220%200%20100%20100%22%3E%3C%2Fsvg%3E\" loading=\"eager\"><\/span><span class=\"fg-image-overlay\"><\/span><\/a><figcaption class=\"fg-caption\"><div class=\"fg-caption-inner\"><div class=\"fg-caption-title\"><em>visite du<\/em> 07\/03\/2019<\/div><div class=\"fg-caption-desc\">Parc Botanique de Haute Bretagne<\/div><\/div><\/figcaption><\/figure><div class=\"fg-loader\"><\/div><\/div><\/div>\n","protected":false},"excerpt":{"rendered":"<p>Cliquez sur les vignettes pour voir les images plein format, puis sur les fl\u00e8ches \u00e0 droite ou \u00e0 gauche des photos pour vous d\u00e9placer dans le diaporama.<\/p>\n<p class=\"continue-reading-button\"> <a class=\"continue-reading-link\" href=\"https:\/\/www.rezeau.org\/wp-garden\/fr\/images-du-parc-botanique-de-haute-bretagne-mars-2019\/\">Continue reading<i class=\"crycon-right-dir\"><\/i><\/a><\/p>\n","protected":false},"author":2,"featured_media":11557,"parent":0,"menu_order":0,"comment_status":"closed","ping_status":"closed","template":"templates\/template-onecolumn.php","meta":{"_acf_changed":false,"footnotes":""},"categories":[1201],"tags":[],"class_list":["post-11562","page","type-page","status-publish","has-post-thumbnail","hentry","category-jardins-visites"],"acf":[],"_links":{"self":[{"href":"https:\/\/www.rezeau.org\/wp-garden\/wp-json\/wp\/v2\/pages\/11562","targetHints":{"allow":["GET"]}}],"collection":[{"href":"https:\/\/www.rezeau.org\/wp-garden\/wp-json\/wp\/v2\/pages"}],"about":[{"href":"https:\/\/www.rezeau.org\/wp-garden\/wp-json\/wp\/v2\/types\/page"}],"author":[{"embeddable":true,"href":"https:\/\/www.rezeau.org\/wp-garden\/wp-json\/wp\/v2\/users\/2"}],"replies":[{"embeddable":true,"href":"https:\/\/www.rezeau.org\/wp-garden\/wp-json\/wp\/v2\/comments?post=11562"}],"version-history":[{"count":0,"href":"https:\/\/www.rezeau.org\/wp-garden\/wp-json\/wp\/v2\/pages\/11562\/revisions"}],"wp:featuredmedia":[{"embeddable":true,"href":"https:\/\/www.rezeau.org\/wp-garden\/wp-json\/wp\/v2\/media\/11557"}],"wp:attachment":[{"href":"https:\/\/www.rezeau.org\/wp-garden\/wp-json\/wp\/v2\/media?parent=11562"}],"wp:term":[{"taxonomy":"category","embeddable":true,"href":"https:\/\/www.rezeau.org\/wp-garden\/wp-json\/wp\/v2\/categories?post=11562"},{"taxonomy":"post_tag","embeddable":true,"href":"https:\/\/www.rezeau.org\/wp-garden\/wp-json\/wp\/v2\/tags?post=11562"}],"curies":[{"name":"wp","href":"https:\/\/api.w.org\/{rel}","templated":true}]}}