
{"id":14113,"date":"2020-05-01T14:37:56","date_gmt":"2020-05-01T12:37:56","guid":{"rendered":"http:\/\/www.rezeau.org\/wp-garden\/?page_id=14113"},"modified":"2020-12-30T19:08:29","modified_gmt":"2020-12-30T18:08:29","slug":"evolution-de-la-bordure-ouest-2016-2017-2","status":"publish","type":"page","link":"https:\/\/www.rezeau.org\/wp-garden\/fr\/evolution-de-la-bordure-ouest-2016-2017-2\/","title":{"rendered":"Premi\u00e8re taille de la glycine 1er mai 2020"},"content":{"rendered":"\n<p>Si vous disposez d&#8217;un grand \u00e9cran, affichez cette fen\u00eatre plein \u00e9cran et rafraichissez cette page pour b\u00e9n\u00e9ficier d&#8217;une meilleure vue. D\u00e9placez la barre verticale vers la gauche ou la droite pour voir la diff\u00e9rence entre la glycine avant et apr\u00e8s le petit rafraichissement.<\/p>\n\n\n\n\t\t\t\n\t<style type=\"text\/css\">\n\t\t.slider-info-16946.bafg-slider-info .bafg-slider-title {\n\t\t\t\t\t\t\tfont-size:\n\t\t\t\t\t22px\t\t\t\t;\n\t\t\t\n\t\t\t\n\t\t\t\t\t}\n\n\t\t.slider-info-16946.bafg-slider-info .bafg-slider-description {\n\t\t\t\n\t\t\t\n\t\t\t\t\t}\n\t\t\n\t\t\n\t\t.slider-info-16946.bafg-slider-info .bafg_slider_readmore_button {\n\t\t\t\n\t\t\t\n\t\t\t\n\t\t\t\n\t\t\t\n\t\t\ttext-align: center;\n\n\t\t\t\n\t\t\t\n\t\t\t\n\t\t\t\n\t\t\t\t\t}\n\n\t\t.slider-info-16946.bafg-slider-info .bafg_slider_readmore_button:hover {\n\n\t\t\t\n\t\t\t\n\t\t\t\t\t}\n\t<\/style>\n\t\n\t\t\t<div class=\"bafg-twentytwenty-container slider-16946  \"\n\t\t\t\tbafg-orientation=\"horizontal\" bafg-default-offset=\"0.5\"\n\t\t\t\tbafg-before-label=\"Avant\"\n\t\t\t\tbafg-after-label=\"Apr\u00e8s\" bafg-overlay=\"1\"\n\t\t\t\tbafg-move-slider-on-hover=\"\"\n\t\t\t\tbafg-click-to-move=\"1\">\n\n\t\t\t\t\t\t\t\t<img class=\"\" \t\t\t\t\tsrc=\"http:\/\/www.rezeau.org\/wp-garden\/wp-content\/uploads\/01-05-2020-2.jpg\" alt=\"\">\n\t\t\t\t<img class=\"\" \t\t\t\t\tsrc=\"http:\/\/www.rezeau.org\/wp-garden\/wp-content\/uploads\/01-05-2020.jpg\" alt=\"\">\n\n\t\t\t<\/div>\n\n\t\t\t\t<div class=\"bafg-slider-info-wraper\">\n\t\t<div style=\"\" class=\"slider-info-16946 bafg-slider-info\">\n\t\t\t\t\t<\/div>\n\t<\/div>\n\t\n\t\t\t<style type=\"text\/css\">\n\t\t\t\t\t\t\t\t\t\t\t<\/style>\n\t\t\t\n","protected":false},"excerpt":{"rendered":"<p>Si vous disposez d&#8217;un grand \u00e9cran, affichez cette fen\u00eatre plein \u00e9cran et rafraichissez cette page pour b\u00e9n\u00e9ficier d&#8217;une meilleure vue. D\u00e9placez la barre verticale vers la gauche ou la droite pour voir la diff\u00e9rence entre la glycine avant et apr\u00e8s le petit rafraichissement.<\/p>\n<p class=\"continue-reading-button\"> <a class=\"continue-reading-link\" href=\"https:\/\/www.rezeau.org\/wp-garden\/fr\/evolution-de-la-bordure-ouest-2016-2017-2\/\">Continue reading<i class=\"crycon-right-dir\"><\/i><\/a><\/p>\n","protected":false},"author":2,"featured_media":0,"parent":0,"menu_order":120,"comment_status":"closed","ping_status":"closed","template":"templates\/template-onecolumn.php","meta":{"_acf_changed":false,"footnotes":""},"categories":[371,137],"tags":[3216,3218],"class_list":["post-14113","page","type-page","status-publish","hentry","category-amenagement","category-jardinage","tag-amenagement","tag-taille"],"acf":[],"_links":{"self":[{"href":"https:\/\/www.rezeau.org\/wp-garden\/wp-json\/wp\/v2\/pages\/14113","targetHints":{"allow":["GET"]}}],"collection":[{"href":"https:\/\/www.rezeau.org\/wp-garden\/wp-json\/wp\/v2\/pages"}],"about":[{"href":"https:\/\/www.rezeau.org\/wp-garden\/wp-json\/wp\/v2\/types\/page"}],"author":[{"embeddable":true,"href":"https:\/\/www.rezeau.org\/wp-garden\/wp-json\/wp\/v2\/users\/2"}],"replies":[{"embeddable":true,"href":"https:\/\/www.rezeau.org\/wp-garden\/wp-json\/wp\/v2\/comments?post=14113"}],"version-history":[{"count":0,"href":"https:\/\/www.rezeau.org\/wp-garden\/wp-json\/wp\/v2\/pages\/14113\/revisions"}],"wp:attachment":[{"href":"https:\/\/www.rezeau.org\/wp-garden\/wp-json\/wp\/v2\/media?parent=14113"}],"wp:term":[{"taxonomy":"category","embeddable":true,"href":"https:\/\/www.rezeau.org\/wp-garden\/wp-json\/wp\/v2\/categories?post=14113"},{"taxonomy":"post_tag","embeddable":true,"href":"https:\/\/www.rezeau.org\/wp-garden\/wp-json\/wp\/v2\/tags?post=14113"}],"curies":[{"name":"wp","href":"https:\/\/api.w.org\/{rel}","templated":true}]}}