
{"id":1428,"date":"2015-09-09T18:20:07","date_gmt":"2015-09-09T16:20:07","guid":{"rendered":"http:\/\/www.rezeau.org\/wp-garden\/?page_id=1428"},"modified":"2020-12-30T18:48:10","modified_gmt":"2020-12-30T17:48:10","slug":"description-du-jardin","status":"publish","type":"page","link":"https:\/\/www.rezeau.org\/wp-garden\/fr\/description-du-jardin\/","title":{"rendered":"Description du jardin"},"content":{"rendered":"\n<h4 class=\"wp-block-heading\"><a href=\"http:\/\/www.rezeau.org\/wp-garden\/wp-content\/uploads\/plan02_04-12-2015-fr.jpg\" rel=\"lightbox[1428]\"><img loading=\"lazy\" decoding=\"async\" class=\"alignleft wp-image-3626 size-full\" src=\"http:\/\/www.rezeau.org\/wp-garden\/wp-content\/uploads\/plan02_04-12-2015-fr-e1449414877919.jpg\" alt=\"\" width=\"150\" height=\"241\"><\/a>Le jardin actuel<\/h4>\n\n\n\n<p>Le jardin de papi Jo est un petit jardin de ville, bord\u00e9 au sud par une rue, \u00e0 l&#8217;ouest par un long immeuble de 2&nbsp;\u00e9tages, au nord et \u00e0 l&#8217;est par des propri\u00e9t\u00e9s voisines avec jardin. L&#8217;exposition principale est au nord. De novembre \u00e0 f\u00e9vrier la moiti\u00e9 sud du jardin reste dans l&#8217;ombre projet\u00e9e par les b\u00e2timents voisins. La superficie totale du jardin est de 320&nbsp;m\u00b2 distribu\u00e9s entre 160&nbsp;m\u00b2 de gazon et 160&nbsp;m\u00b2 de <em>mixed borders<\/em> \u00e0 l&#8217;anglaise (arbustes, vivaces, bulbes).<\/p>\n\n\n\n<p>Cliquez sur la vignette \u00e0 gauche pour voir le plan g\u00e9n\u00e9ral. Pour voir le plan d\u00e9taill\u00e9 de l&#8217;implantation des plantes du jardin, <a href=\"http:\/\/www.rezeau.org\/wp-garden\/fr\/plan-du-jardin\/\">cliquez ici<\/a>.<\/p>\n\n\n\n<div class=\"clear\">&nbsp;<\/div>\n\n\n\n<h4 class=\"wp-block-heading\"><a href=\"http:\/\/www.rezeau.org\/wp-garden\/wp-content\/uploads\/img-4.png\" rel=\"lightbox[1428]\"><img loading=\"lazy\" decoding=\"async\" class=\"alignleft wp-image-3646 size-full\" src=\"http:\/\/www.rezeau.org\/wp-garden\/wp-content\/uploads\/img-4-e1449414838981.png\" alt=\"\" width=\"150\" height=\"179\"><\/a>Le climat<\/h4>\n\n\n\n<p>Le jardin est situ\u00e9 dans une petite commune \u00e0 l&#8217;Ouest de Rennes, en Ille-et-Vilaine dans une r\u00e9gion de bocage. Il se situe juste \u00e0 la limite du &#8220;climat oc\u00e9anique franc&#8221; (type 5) et du &#8220;climat oc\u00e9anique alt\u00e9r\u00e9&#8221; (type 4). Voir <a href=\"http:\/\/cybergeo.revues.org\/23155\" target=\"_blank\" rel=\"noopener\">cet article<\/a>.<\/p>\n\n\n\n<div class=\"clear\">&nbsp;<\/div>\n","protected":false},"excerpt":{"rendered":"<p>Le jardin actuel Le jardin de papi Jo est un petit jardin de ville, bord\u00e9 au sud par une rue, \u00e0 l&#8217;ouest par un long immeuble de 2&nbsp;\u00e9tages, au nord et \u00e0 l&#8217;est par des propri\u00e9t\u00e9s voisines avec jardin. L&#8217;exposition principale est au nord. De novembre \u00e0 f\u00e9vrier la moiti\u00e9&#8230;<\/p>\n<p class=\"continue-reading-button\"> <a class=\"continue-reading-link\" href=\"https:\/\/www.rezeau.org\/wp-garden\/fr\/description-du-jardin\/\">Continue reading<i class=\"crycon-right-dir\"><\/i><\/a><\/p>\n","protected":false},"author":1,"featured_media":0,"parent":0,"menu_order":0,"comment_status":"closed","ping_status":"closed","template":"templates\/template-onecolumn.php","meta":{"_acf_changed":false,"footnotes":""},"categories":[371,137],"tags":[],"class_list":["post-1428","page","type-page","status-publish","hentry","category-amenagement","category-jardinage"],"acf":[],"_links":{"self":[{"href":"https:\/\/www.rezeau.org\/wp-garden\/wp-json\/wp\/v2\/pages\/1428","targetHints":{"allow":["GET"]}}],"collection":[{"href":"https:\/\/www.rezeau.org\/wp-garden\/wp-json\/wp\/v2\/pages"}],"about":[{"href":"https:\/\/www.rezeau.org\/wp-garden\/wp-json\/wp\/v2\/types\/page"}],"author":[{"embeddable":true,"href":"https:\/\/www.rezeau.org\/wp-garden\/wp-json\/wp\/v2\/users\/1"}],"replies":[{"embeddable":true,"href":"https:\/\/www.rezeau.org\/wp-garden\/wp-json\/wp\/v2\/comments?post=1428"}],"version-history":[{"count":0,"href":"https:\/\/www.rezeau.org\/wp-garden\/wp-json\/wp\/v2\/pages\/1428\/revisions"}],"wp:attachment":[{"href":"https:\/\/www.rezeau.org\/wp-garden\/wp-json\/wp\/v2\/media?parent=1428"}],"wp:term":[{"taxonomy":"category","embeddable":true,"href":"https:\/\/www.rezeau.org\/wp-garden\/wp-json\/wp\/v2\/categories?post=1428"},{"taxonomy":"post_tag","embeddable":true,"href":"https:\/\/www.rezeau.org\/wp-garden\/wp-json\/wp\/v2\/tags?post=1428"}],"curies":[{"name":"wp","href":"https:\/\/api.w.org\/{rel}","templated":true}]}}