
{"id":1476,"date":"2015-09-19T23:36:23","date_gmt":"2015-09-19T21:36:23","guid":{"rendered":"http:\/\/www.rezeau.org\/wp-garden\/?page_id=1476"},"modified":"2020-12-30T16:21:20","modified_gmt":"2020-12-30T15:21:20","slug":"le-jardinier","status":"publish","type":"page","link":"https:\/\/www.rezeau.org\/wp-garden\/fr\/le-jardinier\/","title":{"rendered":"Le jardinier"},"content":{"rendered":"\n<p>Apr\u00e8s une vie vou\u00e9e \u00e0 l&#8217;enseignement, je peux enfin me consacrer \u00e0 mes hobbies : jardinage, photographie et programmation. Il y a bien des similitudes entre l&#8217;enseignement et le jardinage, deux domaines o\u00f9 on a l&#8217;obligation de moyens mais pas l&#8217;obligation de r\u00e9sultats.<\/p>\n","protected":false},"excerpt":{"rendered":"<p>Apr\u00e8s une vie vou\u00e9e \u00e0 l&#8217;enseignement, je peux enfin me consacrer \u00e0 mes hobbies : jardinage, photographie et programmation. Il y a bien des similitudes entre l&#8217;enseignement et le jardinage, deux domaines o\u00f9 on a l&#8217;obligation de moyens mais pas l&#8217;obligation de r\u00e9sultats.<\/p>\n<p class=\"continue-reading-button\"> <a class=\"continue-reading-link\" href=\"https:\/\/www.rezeau.org\/wp-garden\/fr\/le-jardinier\/\">Continue reading<i class=\"crycon-right-dir\"><\/i><\/a><\/p>\n","protected":false},"author":1,"featured_media":0,"parent":0,"menu_order":0,"comment_status":"closed","ping_status":"closed","template":"templates\/template-onecolumn.php","meta":{"_acf_changed":false,"footnotes":""},"categories":[382],"tags":[],"class_list":["post-1476","page","type-page","status-publish","hentry","category-a-propos"],"acf":[],"_links":{"self":[{"href":"https:\/\/www.rezeau.org\/wp-garden\/wp-json\/wp\/v2\/pages\/1476","targetHints":{"allow":["GET"]}}],"collection":[{"href":"https:\/\/www.rezeau.org\/wp-garden\/wp-json\/wp\/v2\/pages"}],"about":[{"href":"https:\/\/www.rezeau.org\/wp-garden\/wp-json\/wp\/v2\/types\/page"}],"author":[{"embeddable":true,"href":"https:\/\/www.rezeau.org\/wp-garden\/wp-json\/wp\/v2\/users\/1"}],"replies":[{"embeddable":true,"href":"https:\/\/www.rezeau.org\/wp-garden\/wp-json\/wp\/v2\/comments?post=1476"}],"version-history":[{"count":0,"href":"https:\/\/www.rezeau.org\/wp-garden\/wp-json\/wp\/v2\/pages\/1476\/revisions"}],"wp:attachment":[{"href":"https:\/\/www.rezeau.org\/wp-garden\/wp-json\/wp\/v2\/media?parent=1476"}],"wp:term":[{"taxonomy":"category","embeddable":true,"href":"https:\/\/www.rezeau.org\/wp-garden\/wp-json\/wp\/v2\/categories?post=1476"},{"taxonomy":"post_tag","embeddable":true,"href":"https:\/\/www.rezeau.org\/wp-garden\/wp-json\/wp\/v2\/tags?post=1476"}],"curies":[{"name":"wp","href":"https:\/\/api.w.org\/{rel}","templated":true}]}}