
{"id":1832,"date":"2015-10-29T16:44:56","date_gmt":"2015-10-29T15:44:56","guid":{"rendered":"http:\/\/www.rezeau.org\/wp-garden\/?page_id=1832"},"modified":"2021-05-26T16:58:47","modified_gmt":"2021-05-26T14:58:47","slug":"mes-pepinieres-preferees","status":"publish","type":"page","link":"https:\/\/www.rezeau.org\/wp-garden\/fr\/mes-pepinieres-preferees\/","title":{"rendered":"Mes p\u00e9pini\u00e8res pr\u00e9f\u00e9r\u00e9es"},"content":{"rendered":"\n<h3 class=\"wp-block-heading\">Liste des p\u00e9pini\u00e8res o\u00f9 j&#8217;ai achet\u00e9 des plantes pour mon jardin.<\/h3>\n\n\n\n<div class=\"wp-block-columns is-layout-flex wp-container-core-columns-is-layout-9d6595d7 wp-block-columns-is-layout-flex\">\n<div class=\"wp-block-column is-layout-flow wp-block-column-is-layout-flow\" style=\"flex-basis:33.33%\">\n<div class=\"wp-block-image\"><figure class=\"alignleft\"><img loading=\"lazy\" decoding=\"async\" width=\"300\" height=\"84\" src=\"http:\/\/www.rezeau.org\/wp-garden\/wp-content\/uploads\/2015-11-19_23-31-29.jpg\" alt=\"2015-11-19_23-31-29\" class=\"wp-image-3088\"\/><figcaption><a href=\"http:\/\/www.esatsimoniere.fr\/pepiniere.php\" target=\"_blank\" rel=\"noreferrer noopener\">ESAT La Simoni\u00e8re<\/a><\/figcaption><\/figure><\/div>\n<\/div>\n\n\n\n<div class=\"wp-block-column is-layout-flow wp-block-column-is-layout-flow\" style=\"flex-basis:66.66%\">\n<p>L\u2019ESAT la Simoni\u00e8re, \u00c9tablissement et Service d\u2019aide par le travail, est situ\u00e9 sur la commune de St\u00a0Symphorien, \u00e0 25km au nord de Rennes. La p\u00e9pini\u00e8re est tr\u00e8s bien tenue, offre un grand choix de plantes classiques et d&#8217;autres moins connues. Le personnel est comp\u00e9tent et tr\u00e8s serviable. J&#8217;y ai achet\u00e9 la plus grande partie des plants de ma nouvelle mixed border Est en 2014. Fanny nous a beaucoup aid\u00e9 dans nos choix de plantes et nous a m\u00eame fait un plan. A recommander sans r\u00e9serves. Pas de vente en ligne. <a href=\"http:\/\/www.esatsimoniere.fr\/scripts\/files\/56e28ea5a94350.83200802\/catalogue-2015-2016.pdf\">Catalogue &amp; tarifs<\/a> t\u00e9l\u00e9chargeable sur le site au format PDF.<\/p>\n<\/div>\n<\/div>\n\n\n\n<hr class=\"wp-block-separator is-style-default\"\/>\n\n\n\n<div class=\"wp-block-columns is-layout-flex wp-container-core-columns-is-layout-9d6595d7 wp-block-columns-is-layout-flex\">\n<div class=\"wp-block-column is-layout-flow wp-block-column-is-layout-flow\" style=\"flex-basis:33.33%\">\n<div class=\"wp-block-image\"><figure class=\"alignleft\"><img loading=\"lazy\" decoding=\"async\" width=\"300\" height=\"76\" src=\"http:\/\/www.rezeau.org\/wp-garden\/wp-content\/uploads\/2015-11-26_09-08-32.jpg\" alt=\"2015-11-26_09-08-32\" class=\"wp-image-3246\"\/><figcaption><a rel=\"noreferrer noopener\" href=\"http:\/\/www.pepinieres-talascorn.fr\/\" target=\"_blank\">Les p\u00e9pini\u00e8res de Talascorn<\/a><\/figcaption><\/figure><\/div>\n\n\n\n<p><\/p>\n<\/div>\n\n\n\n<div class=\"wp-block-column is-layout-flow wp-block-column-is-layout-flow\" style=\"flex-basis:66.66%\">\n<blockquote class=\"wp-block-quote is-layout-flow wp-block-quote-is-layout-flow\"><p>&#8220;Dans un cadre plant\u00e9 de ch\u00eanes centenaires, paysag\u00e9 agr\u00e9ablement d&#8217;arbustes et de vivaces, [&#8230;] vous d\u00e9couvrirez la plus grande gamme de v\u00e9g\u00e9taux d&#8217;ext\u00e9rieur (vari\u00e9t\u00e9s classiques et moins courantes mais aussi rares et de collection), 150 vari\u00e9t\u00e9s d&#8217;arbres, 2000 vari\u00e9t\u00e9s d&#8217;arbustes, 1500 vari\u00e9t\u00e9s de vivaces et d&#8217;aquatiques, 150 vari\u00e9t\u00e9s de gramin\u00e9es et de bambous ainsi qu&#8217;une collection de 120 vari\u00e9t\u00e9s de cam\u00e9lias.&#8221;<\/p><\/blockquote>\n\n\n\n<p>Un p\u00e9pini\u00e9riste qui ne m\u00e2che pas ses mots&#8230; et qui sait de quoi il parle ; un jardin d&#8217;exposition entretenu par deux jardiniers \u00e0 la retraite et passionn\u00e9s. Une visite s&#8217;impose. Pas de vente en ligne. Achet\u00e9 en septembre 2015 : <a href=\"http:\/\/www.rezeau.org\/wp-garden\/fr\/carex-morrowii-ice-dance\/\"><em>Carex morrowii<\/em> \u2018Ice Dance\u2019<\/a>, <em>Salvia<\/em> x \u2018Wendy\u2019s Wish\u2019, <a href=\"http:\/\/www.rezeau.org\/wp-garden\/fr\/leucothoe-keiskei-halloween\/\"><em>Leucothoe keiskei<\/em> \u2018Halloween\u2019<\/a>, <em>Nemesia denticulata <\/em>&#8216;Confetti&#8217;.<\/p>\n<\/div>\n<\/div>\n\n\n\n<hr class=\"wp-block-separator is-style-default\"\/>\n\n\n\n<p class=\"has-text-align-left\"><\/p>\n\n\n\n<div class=\"wp-block-columns is-layout-flex wp-container-core-columns-is-layout-9d6595d7 wp-block-columns-is-layout-flex\">\n<div class=\"wp-block-column is-layout-flow wp-block-column-is-layout-flow\" style=\"flex-basis:33.33%\">\n<div class=\"wp-block-image\"><figure class=\"alignleft\"><img loading=\"lazy\" decoding=\"async\" width=\"300\" height=\"100\" src=\"http:\/\/www.rezeau.org\/wp-garden\/wp-content\/uploads\/2015-11-18_23-45-37.jpg\" alt=\"2015-11-18_23-45-37\" class=\"wp-image-3066\"\/><figcaption><a href=\"http:\/\/www.pepinieres-besnard.com\/fr\/index\" target=\"_blank\" rel=\"noreferrer noopener\">P\u00e9pini\u00e8res Vincent Besnard<\/a><\/figcaption><\/figure><\/div>\n<\/div>\n\n\n\n<div class=\"wp-block-column is-layout-flow wp-block-column-is-layout-flow\" style=\"flex-basis:66.66%\">\n<p>Une p\u00e9pini\u00e8re g\u00e9n\u00e9raliste sur deux sites en Ile-et-Vilaine. Pas de catalogue ni de vente en ligne. Pr\u00e9sence dans les f\u00eates aux plantes. Achet\u00e9 en septembre 2015 : <em><a href=\"http:\/\/www.rezeau.org\/wp-garden\/fr\/loropetalum-chinense-fr\/\">Loropetalum chinense<\/a>, <a href=\"http:\/\/www.rezeau.org\/wp-garden\/fr\/oenothera-lindheimeri-rosyjane-2\/\">Oenothera lindheimeri \u2018Rosyjane\u2019<\/a>, Convolvulus ceneorum.<\/em><\/p>\n<\/div>\n<\/div>\n\n\n\n<hr class=\"wp-block-separator is-style-default\"\/>\n\n\n\n<div class=\"wp-block-columns is-layout-flex wp-container-core-columns-is-layout-9d6595d7 wp-block-columns-is-layout-flex\">\n<div class=\"wp-block-column is-layout-flow wp-block-column-is-layout-flow\" style=\"flex-basis:33.33%\">\n<div class=\"wp-block-image\"><figure class=\"alignleft\"><img loading=\"lazy\" decoding=\"async\" width=\"300\" height=\"100\" src=\"http:\/\/www.rezeau.org\/wp-garden\/wp-content\/uploads\/2015-11-19_23-50-20.jpg\" alt=\"2015-11-19_23-50-20\" class=\"wp-image-3091\"\/><figcaption><a rel=\"noreferrer noopener\" href=\"http:\/\/www.arven-pepinieres.com\/\" target=\"_blank\">Arven P\u00e9pini\u00e8res<\/a><\/figcaption><\/figure><\/div>\n<\/div>\n\n\n\n<div class=\"wp-block-column is-layout-flow wp-block-column-is-layout-flow\" style=\"flex-basis:66.66%\">\n<blockquote class=\"wp-block-quote is-layout-flow wp-block-quote-is-layout-flow\"><p>Cr\u00e9\u00e9e en 1997 dans le sud Finist\u00e8re \u00e0 Poullan sur mer, Arven P\u00e9pini\u00e8re vous propose des v\u00e9g\u00e9taux venus de tous les coins du globe. B\u00e9n\u00e9ficiant du climat doux du bord de mer (Zone 8b), elle fait pousser des arbres et arbustes originaires de l\u2019h\u00e9misph\u00e8re sud (Chili, Australie, Nouvelle-Z\u00e9lande, Afrique du sud), mais \u00e9galement de Chine et du Japon ainsi que d\u2019Am\u00e9rique du Nord. Avec environ 2000 v\u00e9g\u00e9taux propos\u00e9s \u00e0 la vente en d\u00e9but de saison (ao\u00fbt septembre), la p\u00e9pini\u00e8re offre une palette de plantes rares et souvent m\u00e9connues.<\/p><\/blockquote>\n<\/div>\n<\/div>\n\n\n\n<hr class=\"wp-block-separator is-style-default\"\/>\n\n\n\n<div class=\"wp-block-columns is-layout-flex wp-container-core-columns-is-layout-9d6595d7 wp-block-columns-is-layout-flex\">\n<div class=\"wp-block-column is-layout-flow wp-block-column-is-layout-flow\" style=\"flex-basis:33.33%\">\n<div class=\"wp-block-image\"><figure class=\"alignleft\"><img loading=\"lazy\" decoding=\"async\" width=\"300\" height=\"100\" src=\"http:\/\/www.rezeau.org\/wp-garden\/wp-content\/uploads\/2015-11-26_09-41-44.jpg\" alt=\"2015-11-26_09-41-44\" class=\"wp-image-3253\"\/><figcaption><a rel=\"noreferrer noopener\" href=\"http:\/\/www.pepiniere-roche-saint-louis.fr\" target=\"_blank\">Le Jardin de la Roche St Louis<\/a><\/figcaption><\/figure><\/div>\n<\/div>\n\n\n\n<div class=\"wp-block-column is-layout-flow wp-block-column-is-layout-flow\" style=\"flex-basis:66.66%\">\n<p>Situ\u00e9 entre NANTES et PORNIC en Loire Atlantique, Le Jardin de la Roche St Louis est une petite p\u00e9pini\u00e8re de plantes vivaces rares ou m\u00e9connues dont le jardin se visite.&#8221; Catalogue d\u00e9taill\u00e9 et vente en ligne. Achet\u00e9 \u00e0 &#8220;Plantes en folie&#8221; \u00e0 La Gacilly le 30 ao\u00fbt 2015 : <a href=\"http:\/\/www.rezeau.org\/wp-garden\/fr\/carex-oshimensis-everest\/\">Carex oshimensis \u2018Everest\u2019 (\u2018Fiwhite\u2019)<\/a>.<\/p>\n<\/div>\n<\/div>\n\n\n\n<hr class=\"wp-block-separator is-style-default\"\/>\n\n\n\n<div class=\"wp-block-columns is-layout-flex wp-container-core-columns-is-layout-9d6595d7 wp-block-columns-is-layout-flex\">\n<div class=\"wp-block-column is-layout-flow wp-block-column-is-layout-flow\" style=\"flex-basis:33.33%\">\n<div class=\"wp-block-image\"><figure class=\"alignleft\"><img loading=\"lazy\" decoding=\"async\" width=\"300\" height=\"72\" src=\"http:\/\/www.rezeau.org\/wp-garden\/wp-content\/uploads\/2015-11-29_11-55-44.jpg\" alt=\"2015-11-29_11-55-44\" class=\"wp-image-3386\"\/><figcaption><a rel=\"noreferrer noopener\" href=\"http:\/\/www.pepiniere-bretagne.fr\/\" target=\"_blank\">P\u00e9pini\u00e8res Lepage Bord de Mer<\/a><\/figcaption><\/figure><\/div>\n<\/div>\n\n\n\n<div class=\"wp-block-column is-layout-flow wp-block-column-is-layout-flow\" style=\"flex-basis:66.66%\">\n<blockquote class=\"wp-block-quote is-layout-flow wp-block-quote-is-layout-flow\"><p>Situ\u00e9e dans le Tr\u00e9gor, nous sommes une p\u00e9pini\u00e8re g\u00e9n\u00e9raliste avec une diversit\u00e9 de plus de 4000 plantes. Hormis les annuelles et plantes d\u2019int\u00e9rieur, nous couvrons une gamme tr\u00e8s importante de v\u00e9g\u00e9taux pour tous types de situations et d\u2019expositions.<\/p><\/blockquote>\n\n\n\n<p>Achet\u00e9 \u00e0 l&#8217;automne 2014 un <a rel=\"noreferrer noopener\" href=\"http:\/\/www.rezeau.org\/wp-garden\/fr\/malus-perpetu-evereste\/\" target=\"_blank\"><em>Malus<\/em> \u2018Evereste\u2019<\/a>. Seule p\u00e9pini\u00e8re de Bretagne o\u00f9 j&#8217;ai pu &#8211; enfin &#8211; trouver le Malus demi-tige de mes r\u00eaves ! P\u00e9pini\u00e8re visit\u00e9e \u00e0 nouveau en septembre 2020.<\/p>\n<\/div>\n<\/div>\n\n\n\n<div class=\"wp-block-columns is-layout-flex wp-container-core-columns-is-layout-9d6595d7 wp-block-columns-is-layout-flex\">\n<div class=\"wp-block-column is-layout-flow wp-block-column-is-layout-flow\" style=\"flex-basis:33.33%\">\n<p><\/p>\n<\/div>\n\n\n\n<div class=\"wp-block-column is-layout-flow wp-block-column-is-layout-flow\" style=\"flex-basis:66.66%\"><\/div>\n<\/div>\n\n\n\n<hr class=\"wp-block-separator is-style-default\"\/>\n\n\n\n<div class=\"wp-block-columns is-layout-flex wp-container-core-columns-is-layout-9d6595d7 wp-block-columns-is-layout-flex\">\n<div class=\"wp-block-column is-layout-flow wp-block-column-is-layout-flow\" style=\"flex-basis:33.33%\">\n<div class=\"wp-block-image\"><figure class=\"alignleft size-full is-resized\"><img loading=\"lazy\" decoding=\"async\" src=\"https:\/\/www.rezeau.org\/wp-garden\/wp-content\/uploads\/2021-05-26_11-30-51.jpg\" alt=\"\" class=\"wp-image-20008\" width=\"302\" height=\"74\" srcset=\"https:\/\/www.rezeau.org\/wp-garden\/wp-content\/uploads\/2021-05-26_11-30-51.jpg 302w, https:\/\/www.rezeau.org\/wp-garden\/wp-content\/uploads\/2021-05-26_11-30-51-300x74.jpg 300w, https:\/\/www.rezeau.org\/wp-garden\/wp-content\/uploads\/2021-05-26_11-30-51-150x37.jpg 150w\" sizes=\"auto, (max-width: 302px) 100vw, 302px\" \/><figcaption><a href=\"https:\/\/les-jardins-decoute-sil-pleut.com\/web\/\" target=\"_blank\" rel=\"noreferrer noopener\">Les jardins d&#8217;\u00e9coute s&#8217;il pleut<\/a><\/figcaption><\/figure><\/div>\n<\/div>\n\n\n\n<div class=\"wp-block-column is-layout-flow wp-block-column-is-layout-flow\" style=\"flex-basis:66.66%\">\n<p>Les jardins d&#8217;\u00e9coute s&#8217;il pleut sont situ\u00e9s dans le massif forestier de Vouvant-Mervent. Une for\u00eat que j&#8217;ai bien connue dans mon enfance.<\/p>\n\n\n\n<blockquote class=\"wp-block-quote is-layout-flow wp-block-quote-is-layout-flow\"><p>&#8220;<em>La culture de nos foug\u00e8res se fait sur les principes de la bio-dynamie. La reproduction des foug\u00e8res est faite par semis de spores, boutures et divisions \u00e0 partir de pieds m\u00e8res. Elles sont produites en godets de 9 cm, pots de 1 \u00e0 5 litres, ou plus. Nous privil\u00e9gions la qualit\u00e9 \u00e0 la quantit\u00e9, certaines foug\u00e8res de collection ou rares sont produites en tr\u00e8s petites quantit\u00e9s qui vont de 5 \u00e0 15 exemplaires. Aucun produit de traitement y compris homologu\u00e9 bio n&#8217;est utilis\u00e9.<\/em>&#8220;<\/p><\/blockquote>\n<\/div>\n<\/div>\n\n\n\n<hr class=\"wp-block-separator is-style-default\"\/>\n\n\n\n<div class=\"wp-block-columns is-layout-flex wp-container-core-columns-is-layout-9d6595d7 wp-block-columns-is-layout-flex\">\n<div class=\"wp-block-column is-layout-flow wp-block-column-is-layout-flow\" style=\"flex-basis:33.33%\">\n<div class=\"wp-block-image\"><figure class=\"alignleft size-full is-resized\"><a href=\"http:\/\/www.rezeau.org\/wp-garden\/wp-content\/uploads\/p\u00e9pini\u00e8res-de-la-rivi\u00e8re-Soullans.jpg\" rel=\"lightbox[1832]\"><img loading=\"lazy\" decoding=\"async\" src=\"https:\/\/www.rezeau.org\/wp-garden\/wp-content\/uploads\/p\u00e9pini\u00e8res-de-la-rivi\u00e8re-Soullans.jpg\" alt=\"\" class=\"wp-image-10994\" width=\"300\" height=\"100\"\/><\/a><figcaption><a href=\"https:\/\/www.pepinieresdelariviere.fr\/\">P\u00e9pini\u00e8res de la Rivi\u00e8re<\/a><\/figcaption><\/figure><\/div>\n<\/div>\n\n\n\n<div class=\"wp-block-column is-layout-flow wp-block-column-is-layout-flow\" style=\"flex-basis:66.66%\">\n<blockquote class=\"wp-block-quote is-layout-flow wp-block-quote-is-layout-flow\"><p>Situ\u00e9es \u00e0 Soullans, au c\u0153ur du marais vend\u00e9en et \u00e0 quelques kilom\u00e8tres de l\u2019oc\u00e9an Atlantique, les P\u00e9pini\u00e8res de la Rivi\u00e8re perp\u00e9tuent depuis 48 ans la longue tradition du travail de la terre. Plus de 3000 vari\u00e9t\u00e9s \u00e0 d\u00e9couvrir sur notre surface d\u2019exposition de 2 hectares dont 1500 m\u00b2 de serre froide.<\/p><\/blockquote>\n<\/div>\n<\/div>\n\n\n\n<hr class=\"wp-block-separator is-style-default\"\/>\n\n\n\n<div class=\"wp-block-columns is-layout-flex wp-container-core-columns-is-layout-9d6595d7 wp-block-columns-is-layout-flex\">\n<div class=\"wp-block-column is-layout-flow wp-block-column-is-layout-flow\" style=\"flex-basis:33.33%\">\n<figure class=\"wp-block-image size-large\"><img loading=\"lazy\" decoding=\"async\" width=\"301\" height=\"73\" src=\"https:\/\/www.rezeau.org\/wp-garden\/wp-content\/uploads\/2021-05-26_11-57-05.jpg\" alt=\"\" class=\"wp-image-20062\" srcset=\"https:\/\/www.rezeau.org\/wp-garden\/wp-content\/uploads\/2021-05-26_11-57-05.jpg 301w, https:\/\/www.rezeau.org\/wp-garden\/wp-content\/uploads\/2021-05-26_11-57-05-150x36.jpg 150w\" sizes=\"auto, (max-width: 301px) 100vw, 301px\" \/><figcaption><a href=\"http:\/\/fougeresdicietdailleurs.com\/\" target=\"_blank\" rel=\"noreferrer noopener\">Foug\u00e8res d&#8217;ici et d&#8217;ailleurs<\/a><\/figcaption><\/figure>\n<\/div>\n\n\n\n<div class=\"wp-block-column is-layout-flow wp-block-column-is-layout-flow\" style=\"flex-basis:66.66%\">\n<p>Je n&#8217;ai rien achet\u00e9 dans cette p\u00e9pini\u00e8re, mais je recommande la visite du site, tr\u00e8s riche en informations sur les foug\u00e8res, leur culture, etc. Une vraie mine\u00a0!<\/p>\n<\/div>\n<\/div>\n","protected":false},"excerpt":{"rendered":"<p>Liste des p\u00e9pini\u00e8res o\u00f9 j&#8217;ai achet\u00e9 des plantes pour mon jardin. L\u2019ESAT la Simoni\u00e8re, \u00c9tablissement et Service d\u2019aide par le travail, est situ\u00e9 sur la commune de St\u00a0Symphorien, \u00e0 25km au nord de Rennes. La p\u00e9pini\u00e8re est tr\u00e8s bien tenue, offre un grand choix de plantes classiques et d&#8217;autres moins&#8230;<\/p>\n<p class=\"continue-reading-button\"> <a class=\"continue-reading-link\" href=\"https:\/\/www.rezeau.org\/wp-garden\/fr\/mes-pepinieres-preferees\/\">Continue reading<i class=\"crycon-right-dir\"><\/i><\/a><\/p>\n","protected":false},"author":1,"featured_media":0,"parent":0,"menu_order":10,"comment_status":"closed","ping_status":"closed","template":"templates\/template-onecolumn.php","meta":{"_acf_changed":false,"footnotes":""},"categories":[394,406],"tags":[],"class_list":["post-1832","page","type-page","status-publish","hentry","category-hors-du-jardin","category-pepinieres"],"acf":[],"_links":{"self":[{"href":"https:\/\/www.rezeau.org\/wp-garden\/wp-json\/wp\/v2\/pages\/1832","targetHints":{"allow":["GET"]}}],"collection":[{"href":"https:\/\/www.rezeau.org\/wp-garden\/wp-json\/wp\/v2\/pages"}],"about":[{"href":"https:\/\/www.rezeau.org\/wp-garden\/wp-json\/wp\/v2\/types\/page"}],"author":[{"embeddable":true,"href":"https:\/\/www.rezeau.org\/wp-garden\/wp-json\/wp\/v2\/users\/1"}],"replies":[{"embeddable":true,"href":"https:\/\/www.rezeau.org\/wp-garden\/wp-json\/wp\/v2\/comments?post=1832"}],"version-history":[{"count":0,"href":"https:\/\/www.rezeau.org\/wp-garden\/wp-json\/wp\/v2\/pages\/1832\/revisions"}],"wp:attachment":[{"href":"https:\/\/www.rezeau.org\/wp-garden\/wp-json\/wp\/v2\/media?parent=1832"}],"wp:term":[{"taxonomy":"category","embeddable":true,"href":"https:\/\/www.rezeau.org\/wp-garden\/wp-json\/wp\/v2\/categories?post=1832"},{"taxonomy":"post_tag","embeddable":true,"href":"https:\/\/www.rezeau.org\/wp-garden\/wp-json\/wp\/v2\/tags?post=1832"}],"curies":[{"name":"wp","href":"https:\/\/api.w.org\/{rel}","templated":true}]}}