
{"id":22350,"date":"2022-07-08T17:06:43","date_gmt":"2022-07-08T15:06:43","guid":{"rendered":"https:\/\/www.rezeau.org\/wp-garden\/?page_id=22350"},"modified":"2022-07-08T17:24:45","modified_gmt":"2022-07-08T15:24:45","slug":"visite-ar-millin-2022","status":"publish","type":"page","link":"https:\/\/www.rezeau.org\/wp-garden\/fr\/visite-ar-millin-2022\/","title":{"rendered":"Visite Ar Millin 2022"},"content":{"rendered":"\n<p>Cliquez sur les vignettes pour voir les images plein format, puis sur les fl\u00e8ches \u00e0 droite ou \u00e0 gauche des photos pour vous d\u00e9placer dans le diaporama.<\/p>\n\n\n<style type=\"text\/css\">\n#foogallery-gallery-22349.fg-justified .fg-item { margin-right: 2px; margin-bottom: 2px; }\n#foogallery-gallery-22349.fg-justified .fg-image { height: 200px; }<\/style>\n\t\t\t<div class=\"foogallery foogallery-container foogallery-justified foogallery-lightbox-none fg-justified fg-ready fg-light fg-shadow-outline fg-loading-default fg-loaded-fade-in fg-caption-always fg-hover-fade fg-hover-zoom2\" id=\"foogallery-gallery-22349\" data-foogallery=\"{&quot;item&quot;:{&quot;showCaptionTitle&quot;:false,&quot;showCaptionDescription&quot;:false},&quot;lazy&quot;:true,&quot;template&quot;:{&quot;rowHeight&quot;:200,&quot;maxRowHeight&quot;:300,&quot;margins&quot;:2,&quot;align&quot;:&quot;center&quot;,&quot;lastRow&quot;:&quot;smart&quot;}}\" style=\"--fg-title-line-clamp: 0; --fg-description-line-clamp: 0;\" >\n\t<div class=\"fg-item fg-type-image fg-idle\"><figure class=\"fg-item-inner\"><a href=\"https:\/\/www.rezeau.org\/wp-garden\/wp-content\/uploads\/06-07-2022.jpg\" data-caption-title=\"06\/07\/2022\" data-attachment-id=\"22331\" data-type=\"image\" class=\"fg-thumb\" rel=\"lightbox[22350]\"><span class=\"fg-image-wrap\"><img fetchpriority=\"high\" decoding=\"async\" title=\"06\/07\/2022\" height=\"300\" width=\"450\" class=\"skip-lazy fg-image\" data-src-fg=\"https:\/\/www.rezeau.org\/wp-garden\/wp-content\/uploads\/cache\/06-07-2022\/4001024547.jpg\" src=\"data:image\/svg+xml,%3Csvg%20xmlns%3D%22http%3A%2F%2Fwww.w3.org%2F2000%2Fsvg%22%20width%3D%22450%22%20height%3D%22300%22%20viewBox%3D%220%200%20450%20300%22%3E%3C%2Fsvg%3E\" loading=\"eager\"><\/span><span class=\"fg-image-overlay\"><\/span><\/a><\/figure><div class=\"fg-loader\"><\/div><\/div><div class=\"fg-item fg-type-image fg-idle\"><figure class=\"fg-item-inner\"><a href=\"https:\/\/www.rezeau.org\/wp-garden\/wp-content\/uploads\/06-07-2022-2.jpg\" data-caption-title=\"06\/07\/2022\" data-attachment-id=\"22332\" data-type=\"image\" class=\"fg-thumb\" rel=\"lightbox[22350]\"><span class=\"fg-image-wrap\"><img decoding=\"async\" title=\"06\/07\/2022\" height=\"300\" width=\"450\" class=\"skip-lazy fg-image\" data-src-fg=\"https:\/\/www.rezeau.org\/wp-garden\/wp-content\/uploads\/cache\/06-07-2022-2\/3983049799.jpg\" src=\"data:image\/svg+xml,%3Csvg%20xmlns%3D%22http%3A%2F%2Fwww.w3.org%2F2000%2Fsvg%22%20width%3D%22450%22%20height%3D%22300%22%20viewBox%3D%220%200%20450%20300%22%3E%3C%2Fsvg%3E\" loading=\"eager\"><\/span><span class=\"fg-image-overlay\"><\/span><\/a><\/figure><div class=\"fg-loader\"><\/div><\/div><div class=\"fg-item fg-type-image fg-idle\"><figure class=\"fg-item-inner\"><a href=\"https:\/\/www.rezeau.org\/wp-garden\/wp-content\/uploads\/06-07-2022-3.jpg\" data-caption-title=\"06\/07\/2022\" data-attachment-id=\"22333\" data-type=\"image\" class=\"fg-thumb\" rel=\"lightbox[22350]\"><span class=\"fg-image-wrap\"><img decoding=\"async\" title=\"06\/07\/2022\" height=\"300\" width=\"450\" class=\"skip-lazy fg-image\" data-src-fg=\"https:\/\/www.rezeau.org\/wp-garden\/wp-content\/uploads\/cache\/06-07-2022-3\/4268888741.jpg\" src=\"data:image\/svg+xml,%3Csvg%20xmlns%3D%22http%3A%2F%2Fwww.w3.org%2F2000%2Fsvg%22%20width%3D%22450%22%20height%3D%22300%22%20viewBox%3D%220%200%20450%20300%22%3E%3C%2Fsvg%3E\" loading=\"eager\"><\/span><span class=\"fg-image-overlay\"><\/span><\/a><\/figure><div class=\"fg-loader\"><\/div><\/div><div class=\"fg-item fg-type-image fg-idle\"><figure class=\"fg-item-inner\"><a href=\"https:\/\/www.rezeau.org\/wp-garden\/wp-content\/uploads\/06-07-2022-4.jpg\" data-caption-title=\"06\/07\/2022\" data-attachment-id=\"22334\" data-type=\"image\" class=\"fg-thumb\" rel=\"lightbox[22350]\"><span class=\"fg-image-wrap\"><img decoding=\"async\" title=\"06\/07\/2022\" height=\"300\" width=\"450\" class=\"skip-lazy fg-image\" data-src-fg=\"https:\/\/www.rezeau.org\/wp-garden\/wp-content\/uploads\/cache\/06-07-2022-4\/2268590603.jpg\" src=\"data:image\/svg+xml,%3Csvg%20xmlns%3D%22http%3A%2F%2Fwww.w3.org%2F2000%2Fsvg%22%20width%3D%22450%22%20height%3D%22300%22%20viewBox%3D%220%200%20450%20300%22%3E%3C%2Fsvg%3E\" loading=\"eager\"><\/span><span class=\"fg-image-overlay\"><\/span><\/a><\/figure><div class=\"fg-loader\"><\/div><\/div><div class=\"fg-item fg-type-image fg-idle\"><figure class=\"fg-item-inner\"><a href=\"https:\/\/www.rezeau.org\/wp-garden\/wp-content\/uploads\/06-07-2022-6.jpg\" data-caption-title=\"06\/07\/2022\" data-attachment-id=\"22336\" data-type=\"image\" class=\"fg-thumb\" rel=\"lightbox[22350]\"><span class=\"fg-image-wrap\"><img decoding=\"async\" title=\"06\/07\/2022\" height=\"300\" width=\"450\" class=\"skip-lazy fg-image\" data-src-fg=\"https:\/\/www.rezeau.org\/wp-garden\/wp-content\/uploads\/cache\/06-07-2022-6\/2701320143.jpg\" src=\"data:image\/svg+xml,%3Csvg%20xmlns%3D%22http%3A%2F%2Fwww.w3.org%2F2000%2Fsvg%22%20width%3D%22450%22%20height%3D%22300%22%20viewBox%3D%220%200%20450%20300%22%3E%3C%2Fsvg%3E\" loading=\"eager\"><\/span><span class=\"fg-image-overlay\"><\/span><\/a><\/figure><div class=\"fg-loader\"><\/div><\/div><div class=\"fg-item fg-type-image fg-idle\"><figure class=\"fg-item-inner\"><a href=\"https:\/\/www.rezeau.org\/wp-garden\/wp-content\/uploads\/06-07-2022-7.jpg\" data-caption-title=\"06\/07\/2022\" data-attachment-id=\"22337\" data-type=\"image\" class=\"fg-thumb\" rel=\"lightbox[22350]\"><span class=\"fg-image-wrap\"><img decoding=\"async\" title=\"06\/07\/2022\" height=\"300\" width=\"200\" class=\"skip-lazy fg-image\" data-src-fg=\"https:\/\/www.rezeau.org\/wp-garden\/wp-content\/uploads\/cache\/06-07-2022-7\/2987936045.jpg\" src=\"data:image\/svg+xml,%3Csvg%20xmlns%3D%22http%3A%2F%2Fwww.w3.org%2F2000%2Fsvg%22%20width%3D%22200%22%20height%3D%22300%22%20viewBox%3D%220%200%20200%20300%22%3E%3C%2Fsvg%3E\" loading=\"eager\"><\/span><span class=\"fg-image-overlay\"><\/span><\/a><\/figure><div class=\"fg-loader\"><\/div><\/div><div class=\"fg-item fg-type-image fg-idle\"><figure class=\"fg-item-inner\"><a href=\"https:\/\/www.rezeau.org\/wp-garden\/wp-content\/uploads\/06-07-2022-8.jpg\" data-caption-title=\"06\/07\/2022\" data-attachment-id=\"22338\" data-type=\"image\" class=\"fg-thumb\" rel=\"lightbox[22350]\"><span class=\"fg-image-wrap\"><img decoding=\"async\" title=\"06\/07\/2022\" height=\"300\" width=\"450\" class=\"skip-lazy fg-image\" data-src-fg=\"https:\/\/www.rezeau.org\/wp-garden\/wp-content\/uploads\/cache\/06-07-2022-8\/1401495187.jpg\" src=\"data:image\/svg+xml,%3Csvg%20xmlns%3D%22http%3A%2F%2Fwww.w3.org%2F2000%2Fsvg%22%20width%3D%22450%22%20height%3D%22300%22%20viewBox%3D%220%200%20450%20300%22%3E%3C%2Fsvg%3E\" loading=\"eager\"><\/span><span class=\"fg-image-overlay\"><\/span><\/a><\/figure><div class=\"fg-loader\"><\/div><\/div><div class=\"fg-item fg-type-image fg-idle\"><figure class=\"fg-item-inner\"><a href=\"https:\/\/www.rezeau.org\/wp-garden\/wp-content\/uploads\/06-07-2022-9.jpg\" data-caption-title=\"06\/07\/2022\" data-attachment-id=\"22339\" data-type=\"image\" class=\"fg-thumb\" rel=\"lightbox[22350]\"><span class=\"fg-image-wrap\"><img decoding=\"async\" title=\"06\/07\/2022\" height=\"300\" width=\"450\" class=\"skip-lazy fg-image\" data-src-fg=\"https:\/\/www.rezeau.org\/wp-garden\/wp-content\/uploads\/cache\/06-07-2022-9\/1083410545.jpg\" src=\"data:image\/svg+xml,%3Csvg%20xmlns%3D%22http%3A%2F%2Fwww.w3.org%2F2000%2Fsvg%22%20width%3D%22450%22%20height%3D%22300%22%20viewBox%3D%220%200%20450%20300%22%3E%3C%2Fsvg%3E\" loading=\"eager\"><\/span><span class=\"fg-image-overlay\"><\/span><\/a><\/figure><div class=\"fg-loader\"><\/div><\/div><div class=\"fg-item fg-type-image fg-idle\"><figure class=\"fg-item-inner\"><a href=\"https:\/\/www.rezeau.org\/wp-garden\/wp-content\/uploads\/06-07-2022-10.jpg\" data-caption-title=\"06\/07\/2022\" data-attachment-id=\"22340\" data-type=\"image\" class=\"fg-thumb\" rel=\"lightbox[22350]\"><span class=\"fg-image-wrap\"><img decoding=\"async\" title=\"06\/07\/2022\" height=\"300\" width=\"450\" class=\"skip-lazy fg-image\" data-src-fg=\"https:\/\/www.rezeau.org\/wp-garden\/wp-content\/uploads\/cache\/06-07-2022-10\/996256156.jpg\" src=\"data:image\/svg+xml,%3Csvg%20xmlns%3D%22http%3A%2F%2Fwww.w3.org%2F2000%2Fsvg%22%20width%3D%22450%22%20height%3D%22300%22%20viewBox%3D%220%200%20450%20300%22%3E%3C%2Fsvg%3E\" loading=\"eager\"><\/span><span class=\"fg-image-overlay\"><\/span><\/a><\/figure><div class=\"fg-loader\"><\/div><\/div><div class=\"fg-item fg-type-image fg-idle\"><figure class=\"fg-item-inner\"><a href=\"https:\/\/www.rezeau.org\/wp-garden\/wp-content\/uploads\/06-07-2022-11.jpg\" data-caption-title=\"06\/07\/2022\" data-attachment-id=\"22341\" data-type=\"image\" class=\"fg-thumb\" rel=\"lightbox[22350]\"><span class=\"fg-image-wrap\"><img decoding=\"async\" title=\"06\/07\/2022\" height=\"300\" width=\"450\" class=\"skip-lazy fg-image\" data-src-fg=\"https:\/\/www.rezeau.org\/wp-garden\/wp-content\/uploads\/cache\/06-07-2022-11\/2930189443.jpg\" src=\"data:image\/svg+xml,%3Csvg%20xmlns%3D%22http%3A%2F%2Fwww.w3.org%2F2000%2Fsvg%22%20width%3D%22450%22%20height%3D%22300%22%20viewBox%3D%220%200%20450%20300%22%3E%3C%2Fsvg%3E\" loading=\"eager\"><\/span><span class=\"fg-image-overlay\"><\/span><\/a><\/figure><div class=\"fg-loader\"><\/div><\/div><div class=\"fg-item fg-type-image fg-idle\"><figure class=\"fg-item-inner\"><a href=\"https:\/\/www.rezeau.org\/wp-garden\/wp-content\/uploads\/06-07-2022-12.jpg\" data-caption-title=\"06\/07\/2022\" data-attachment-id=\"22342\" data-type=\"image\" class=\"fg-thumb\" rel=\"lightbox[22350]\"><span class=\"fg-image-wrap\"><img decoding=\"async\" title=\"06\/07\/2022\" height=\"300\" width=\"450\" class=\"skip-lazy fg-image\" data-src-fg=\"https:\/\/www.rezeau.org\/wp-garden\/wp-content\/uploads\/cache\/06-07-2022-12\/3416110563.jpg\" src=\"data:image\/svg+xml,%3Csvg%20xmlns%3D%22http%3A%2F%2Fwww.w3.org%2F2000%2Fsvg%22%20width%3D%22450%22%20height%3D%22300%22%20viewBox%3D%220%200%20450%20300%22%3E%3C%2Fsvg%3E\" loading=\"eager\"><\/span><span class=\"fg-image-overlay\"><\/span><\/a><\/figure><div class=\"fg-loader\"><\/div><\/div><div class=\"fg-item fg-type-image fg-idle\"><figure class=\"fg-item-inner\"><a href=\"https:\/\/www.rezeau.org\/wp-garden\/wp-content\/uploads\/06-07-2022-13.jpg\" data-caption-title=\"06\/07\/2022\" data-attachment-id=\"22343\" data-type=\"image\" class=\"fg-thumb\" rel=\"lightbox[22350]\"><span class=\"fg-image-wrap\"><img decoding=\"async\" title=\"06\/07\/2022\" height=\"300\" width=\"450\" class=\"skip-lazy fg-image\" data-src-fg=\"https:\/\/www.rezeau.org\/wp-garden\/wp-content\/uploads\/cache\/06-07-2022-13\/1583036668.jpg\" src=\"data:image\/svg+xml,%3Csvg%20xmlns%3D%22http%3A%2F%2Fwww.w3.org%2F2000%2Fsvg%22%20width%3D%22450%22%20height%3D%22300%22%20viewBox%3D%220%200%20450%20300%22%3E%3C%2Fsvg%3E\" loading=\"eager\"><\/span><span class=\"fg-image-overlay\"><\/span><\/a><\/figure><div class=\"fg-loader\"><\/div><\/div><div class=\"fg-item fg-type-image fg-idle\"><figure class=\"fg-item-inner\"><a href=\"https:\/\/www.rezeau.org\/wp-garden\/wp-content\/uploads\/06-07-2022-14.jpg\" data-caption-title=\"06\/07\/2022\" data-attachment-id=\"22344\" data-type=\"image\" class=\"fg-thumb\" rel=\"lightbox[22350]\"><span class=\"fg-image-wrap\"><img decoding=\"async\" title=\"06\/07\/2022\" height=\"300\" width=\"450\" class=\"skip-lazy fg-image\" data-src-fg=\"https:\/\/www.rezeau.org\/wp-garden\/wp-content\/uploads\/cache\/06-07-2022-14\/32020259.jpg\" src=\"data:image\/svg+xml,%3Csvg%20xmlns%3D%22http%3A%2F%2Fwww.w3.org%2F2000%2Fsvg%22%20width%3D%22450%22%20height%3D%22300%22%20viewBox%3D%220%200%20450%20300%22%3E%3C%2Fsvg%3E\" loading=\"eager\"><\/span><span class=\"fg-image-overlay\"><\/span><\/a><\/figure><div class=\"fg-loader\"><\/div><\/div><div class=\"fg-item fg-type-image fg-idle\"><figure class=\"fg-item-inner\"><a href=\"https:\/\/www.rezeau.org\/wp-garden\/wp-content\/uploads\/06-07-2022-15.jpg\" data-caption-title=\"06\/07\/2022\" data-attachment-id=\"22345\" data-type=\"image\" class=\"fg-thumb\" rel=\"lightbox[22350]\"><span class=\"fg-image-wrap\"><img decoding=\"async\" title=\"06\/07\/2022\" height=\"300\" width=\"300\" class=\"skip-lazy fg-image\" data-src-fg=\"https:\/\/www.rezeau.org\/wp-garden\/wp-content\/uploads\/cache\/06-07-2022-15\/2486049340.jpg\" src=\"data:image\/svg+xml,%3Csvg%20xmlns%3D%22http%3A%2F%2Fwww.w3.org%2F2000%2Fsvg%22%20width%3D%22300%22%20height%3D%22300%22%20viewBox%3D%220%200%20300%20300%22%3E%3C%2Fsvg%3E\" loading=\"eager\"><\/span><span class=\"fg-image-overlay\"><\/span><\/a><\/figure><div class=\"fg-loader\"><\/div><\/div><div class=\"fg-item fg-type-image fg-idle\"><figure class=\"fg-item-inner\"><a href=\"https:\/\/www.rezeau.org\/wp-garden\/wp-content\/uploads\/06-07-2022-16.jpg\" data-caption-title=\"06\/07\/2022\" data-attachment-id=\"22346\" data-type=\"image\" class=\"fg-thumb\" rel=\"lightbox[22350]\"><span class=\"fg-image-wrap\"><img decoding=\"async\" title=\"06\/07\/2022\" height=\"300\" width=\"450\" class=\"skip-lazy fg-image\" data-src-fg=\"https:\/\/www.rezeau.org\/wp-garden\/wp-content\/uploads\/cache\/06-07-2022-16\/4044655452.jpg\" src=\"data:image\/svg+xml,%3Csvg%20xmlns%3D%22http%3A%2F%2Fwww.w3.org%2F2000%2Fsvg%22%20width%3D%22450%22%20height%3D%22300%22%20viewBox%3D%220%200%20450%20300%22%3E%3C%2Fsvg%3E\" loading=\"eager\"><\/span><span class=\"fg-image-overlay\"><\/span><\/a><\/figure><div class=\"fg-loader\"><\/div><\/div><div class=\"fg-item fg-type-image fg-idle\"><figure class=\"fg-item-inner\"><a href=\"https:\/\/www.rezeau.org\/wp-garden\/wp-content\/uploads\/06-07-2022-17.jpg\" data-caption-title=\"06\/07\/2022\" data-attachment-id=\"22347\" data-type=\"image\" class=\"fg-thumb\" rel=\"lightbox[22350]\"><span class=\"fg-image-wrap\"><img decoding=\"async\" title=\"06\/07\/2022\" height=\"300\" width=\"450\" class=\"skip-lazy fg-image\" data-src-fg=\"https:\/\/www.rezeau.org\/wp-garden\/wp-content\/uploads\/cache\/06-07-2022-17\/1691485763.jpg\" src=\"data:image\/svg+xml,%3Csvg%20xmlns%3D%22http%3A%2F%2Fwww.w3.org%2F2000%2Fsvg%22%20width%3D%22450%22%20height%3D%22300%22%20viewBox%3D%220%200%20450%20300%22%3E%3C%2Fsvg%3E\" loading=\"eager\"><\/span><span class=\"fg-image-overlay\"><\/span><\/a><\/figure><div class=\"fg-loader\"><\/div><\/div><div class=\"fg-item fg-type-image fg-idle\"><figure class=\"fg-item-inner\"><a href=\"https:\/\/www.rezeau.org\/wp-garden\/wp-content\/uploads\/06-07-2022-18.jpg\" data-caption-title=\"06\/07\/2022\" data-attachment-id=\"22348\" data-type=\"image\" class=\"fg-thumb\" rel=\"lightbox[22350]\"><span class=\"fg-image-wrap\"><img decoding=\"async\" title=\"06\/07\/2022\" height=\"300\" width=\"450\" class=\"skip-lazy fg-image\" data-src-fg=\"https:\/\/www.rezeau.org\/wp-garden\/wp-content\/uploads\/cache\/06-07-2022-18\/1316213986.jpg\" src=\"data:image\/svg+xml,%3Csvg%20xmlns%3D%22http%3A%2F%2Fwww.w3.org%2F2000%2Fsvg%22%20width%3D%22450%22%20height%3D%22300%22%20viewBox%3D%220%200%20450%20300%22%3E%3C%2Fsvg%3E\" loading=\"eager\"><\/span><span class=\"fg-image-overlay\"><\/span><\/a><\/figure><div class=\"fg-loader\"><\/div><\/div><div class=\"fg-item fg-type-image fg-idle\"><figure class=\"fg-item-inner\"><a href=\"https:\/\/www.rezeau.org\/wp-garden\/wp-content\/uploads\/06-07-2022-19.jpg\" data-caption-title=\"06\/07\/2022\" data-attachment-id=\"22335\" data-type=\"image\" class=\"fg-thumb\" rel=\"lightbox[22350]\"><span class=\"fg-image-wrap\"><img decoding=\"async\" title=\"06\/07\/2022\" height=\"300\" width=\"199\" class=\"skip-lazy fg-image\" data-src-fg=\"https:\/\/www.rezeau.org\/wp-garden\/wp-content\/uploads\/cache\/06-07-2022-19\/2983403088.jpg\" src=\"data:image\/svg+xml,%3Csvg%20xmlns%3D%22http%3A%2F%2Fwww.w3.org%2F2000%2Fsvg%22%20width%3D%22199%22%20height%3D%22300%22%20viewBox%3D%220%200%20199%20300%22%3E%3C%2Fsvg%3E\" loading=\"eager\"><\/span><span class=\"fg-image-overlay\"><\/span><\/a><\/figure><div class=\"fg-loader\"><\/div><\/div><\/div>\n","protected":false},"excerpt":{"rendered":"<p>Cliquez sur les vignettes pour voir les images plein format, puis sur les fl\u00e8ches \u00e0 droite ou \u00e0 gauche des photos pour vous d\u00e9placer dans le diaporama.<\/p>\n<p class=\"continue-reading-button\"> <a class=\"continue-reading-link\" href=\"https:\/\/www.rezeau.org\/wp-garden\/fr\/visite-ar-millin-2022\/\">Continue reading<i class=\"crycon-right-dir\"><\/i><\/a><\/p>\n","protected":false},"author":2,"featured_media":22348,"parent":0,"menu_order":0,"comment_status":"closed","ping_status":"closed","template":"templates\/template-onecolumn.php","meta":{"_acf_changed":false,"footnotes":""},"categories":[394,1201],"tags":[],"class_list":["post-22350","page","type-page","status-publish","has-post-thumbnail","hentry","category-hors-du-jardin","category-jardins-visites"],"acf":[],"_links":{"self":[{"href":"https:\/\/www.rezeau.org\/wp-garden\/wp-json\/wp\/v2\/pages\/22350","targetHints":{"allow":["GET"]}}],"collection":[{"href":"https:\/\/www.rezeau.org\/wp-garden\/wp-json\/wp\/v2\/pages"}],"about":[{"href":"https:\/\/www.rezeau.org\/wp-garden\/wp-json\/wp\/v2\/types\/page"}],"author":[{"embeddable":true,"href":"https:\/\/www.rezeau.org\/wp-garden\/wp-json\/wp\/v2\/users\/2"}],"replies":[{"embeddable":true,"href":"https:\/\/www.rezeau.org\/wp-garden\/wp-json\/wp\/v2\/comments?post=22350"}],"version-history":[{"count":0,"href":"https:\/\/www.rezeau.org\/wp-garden\/wp-json\/wp\/v2\/pages\/22350\/revisions"}],"wp:featuredmedia":[{"embeddable":true,"href":"https:\/\/www.rezeau.org\/wp-garden\/wp-json\/wp\/v2\/media\/22348"}],"wp:attachment":[{"href":"https:\/\/www.rezeau.org\/wp-garden\/wp-json\/wp\/v2\/media?parent=22350"}],"wp:term":[{"taxonomy":"category","embeddable":true,"href":"https:\/\/www.rezeau.org\/wp-garden\/wp-json\/wp\/v2\/categories?post=22350"},{"taxonomy":"post_tag","embeddable":true,"href":"https:\/\/www.rezeau.org\/wp-garden\/wp-json\/wp\/v2\/tags?post=22350"}],"curies":[{"name":"wp","href":"https:\/\/api.w.org\/{rel}","templated":true}]}}