
{"id":2972,"date":"2015-11-16T15:51:48","date_gmt":"2015-11-16T14:51:48","guid":{"rendered":"http:\/\/www.rezeau.org\/wp-garden\/?page_id=2972"},"modified":"2021-04-25T23:46:46","modified_gmt":"2021-04-25T21:46:46","slug":"des-sites-de-jardins","status":"publish","type":"page","link":"https:\/\/www.rezeau.org\/wp-garden\/fr\/des-sites-de-jardins\/","title":{"rendered":"Des sites de jardins"},"content":{"rendered":"\n<h5 class=\"wp-block-heading\">Sites de jardins &#8211; visites virtuelles<\/h5>\n\n\n\n<div class=\"wp-block-image\"><figure class=\"alignleft\"><img loading=\"lazy\" decoding=\"async\" width=\"300\" height=\"98\" src=\"http:\/\/www.rezeau.org\/wp-garden\/wp-content\/uploads\/aets2.jpg\" alt=\"aets2\" class=\"wp-image-3850\"\/><figcaption><a href=\"http:\/\/arrosoirs-secateurs.com\/\" target=\"_blank\" rel=\"noreferrer noopener\">Site Web<\/a><\/figcaption><\/figure><\/div>\n\n\n\n<p><a href=\"http:\/\/arrosoirs-secateurs.com\/\" target=\"_blank\" rel=\"noreferrer noopener\">Arrosoirs et S\u00e9cateurs<\/a><br>Le site internet d&#8217;un passionn\u00e9 de jardinage en Bretagne-Sud. Des conseils de jardinage (principalement le jardin d&#8217;ornement ), des fiches de plantes, des jardins et p\u00e9pini\u00e8res \u00e0 visiter, une chronique &#8220;Un jardin au fil des jours&#8221;, un forum, etc. Des visites de jardins sont organis\u00e9es pour les membres du forum, principalement dans l&#8217;Ouest de la France. Ambiance conviviale.<\/p>\n\n\n\n<div style=\"height:1px\" aria-hidden=\"true\" class=\"wp-block-spacer\"><\/div>\n\n\n\n<div class=\"wp-block-image\"><figure class=\"alignleft\"><a href=\"https:\/\/www.rezeau.org\/wp-garden\/wp-content\/uploads\/fernatic-1.jpg\" rel=\"lightbox[2972]\"><img loading=\"lazy\" decoding=\"async\" width=\"300\" height=\"78\" src=\"https:\/\/www.rezeau.org\/wp-garden\/wp-content\/uploads\/fernatic-1.jpg\" alt=\"\" class=\"wp-image-15240\"\/><\/a><figcaption><a href=\"http:\/\/fernatic.free.fr\/index.html\" target=\"_blank\" rel=\"noreferrer noopener\">Site Web<\/a><\/figcaption><\/figure><\/div>\n\n\n\n<p><a rel=\"noreferrer noopener\" href=\"http:\/\/fernatic.free.fr\/index.html\" target=\"_blank\">Fernatic, le site des passionn\u00e9s de foug\u00e8res<\/a> Malheureusement pas mis \u00e0 jour depuis plusieurs ann\u00e9es.<\/p>\n\n\n\n<div style=\"height:1px\" aria-hidden=\"true\" class=\"wp-block-spacer\"><\/div>\n\n\n\n<div class=\"wp-block-image\"><figure class=\"alignleft\"><img loading=\"lazy\" decoding=\"async\" width=\"300\" height=\"100\" src=\"http:\/\/www.rezeau.org\/wp-garden\/wp-content\/uploads\/2015-11-16_15-39-18.jpg\" alt=\"\" class=\"wp-image-2975\"\/><figcaption><a href=\"http:\/\/www.landscapes-et-cie.com\/Jardin_La_Maison.html\" target=\"_blank\" rel=\"noreferrer noopener\">Site Web<\/a><\/figcaption><\/figure><\/div>\n\n\n\n<p><a rel=\"noreferrer noopener\" href=\"http:\/\/www.landscapes-et-cie.com\/Jardin_La_Maison.html\" target=\"_blank\">Jardin La Maison<\/a> Le jardin personnel de Clare Oberon, architecte-paysagiste en Bretagne (C\u00f4tes d&#8217;Armor). Le jardin est ouvert \u00e0 la visite quelques jours par an. Belles photos du jardin (malheureusement sans aucun texte explicatif).<\/p>\n\n\n\n<div style=\"height:1px\" aria-hidden=\"true\" class=\"wp-block-spacer\"><\/div>\n\n\n\n<div class=\"wp-block-image\"><figure class=\"alignleft\"><img loading=\"lazy\" decoding=\"async\" width=\"300\" height=\"61\" src=\"http:\/\/www.rezeau.org\/wp-garden\/wp-content\/uploads\/2015-11-16_16-33-33.jpg\" alt=\"2015-11-16_16-33-33\" class=\"wp-image-2982\"\/><figcaption><a href=\"http:\/\/www.jardin-jardinier.com\/\" target=\"_blank\" rel=\"noreferrer noopener\">Site Web<\/a><\/figcaption><\/figure><\/div>\n\n\n\n<p><a href=\"http:\/\/www.jardin-jardinier.com\/\" target=\"_blank\" rel=\"noreferrer noopener\">Jardin jardinier<\/a> Site consacr\u00e9 enti\u00e8rement \u00e0 des <em>vid\u00e9os de visites de jardins<\/em> (principalement dans le grand Ouest). Vid\u00e9os de grande qualit\u00e9, les visites des jardins, guid\u00e9es par leurs propri\u00e9taires, les mettent parfaitement en valeur.<\/p>\n\n\n\n<div style=\"height:1px\" aria-hidden=\"true\" class=\"wp-block-spacer\"><\/div>\n\n\n\n<div class=\"wp-block-image\"><figure class=\"alignleft\"><img loading=\"lazy\" decoding=\"async\" width=\"300\" height=\"90\" src=\"http:\/\/www.rezeau.org\/wp-garden\/wp-content\/uploads\/2015-11-16_16-48-13.jpg\" alt=\"2015-11-16_16-48-13\" class=\"wp-image-2984\"\/><\/figure><\/div>\n\n\n\n<p>Jardin de la P\u00e9foli\u00e8re. Situ\u00e9 \u00e0 quelques kilom\u00e8tres de Combourg au c\u0153ur de la Bretagne romantique, jardin d&#8217;un autodidacte,\u00a0Denis Auvray, con\u00e7u &#8220;\u00e0 l&#8217;anglaise&#8221;. Belles collections de plantes de terre de bruy\u00e8re et de rosiers.<\/p>\n\n\n\n<div style=\"height:1px\" aria-hidden=\"true\" class=\"wp-block-spacer\"><\/div>\n\n\n\n<div class=\"wp-block-image\"><figure class=\"alignleft\"><img loading=\"lazy\" decoding=\"async\" width=\"300\" height=\"85\" src=\"http:\/\/www.rezeau.org\/wp-garden\/wp-content\/uploads\/2015-11-16_22-42-57.jpg\" alt=\"2015-11-16_22-42-57\" class=\"wp-image-2988\"\/><figcaption><a href=\"http:\/\/www.jardinez.com\/\" target=\"_blank\" rel=\"noreferrer noopener\">Site Web<\/a><\/figcaption><\/figure><\/div>\n\n\n\n<p><a href=\"http:\/\/www.jardinez.com\/\" target=\"_blank\" rel=\"noreferrer noopener\">Guide des Parcs et Jardins de France et Portail du Jardin<\/a><\/p>\n\n\n\n<p>Des adresses de qualit\u00e9 fournies par les parcs et jardins eux-m\u00eames, concernant l&#8217;h\u00e9bergement, la restauration, d&#8217;autres curiosit\u00e9s touristiques \u00e0 proximit\u00e9, permettent d&#8217;organiser une journ\u00e9e compl\u00e8te.<\/p>\n\n\n\n<div style=\"height:1px\" aria-hidden=\"true\" class=\"wp-block-spacer\"><\/div>\n\n\n\n<div class=\"wp-block-image\"><figure class=\"alignleft\"><img loading=\"lazy\" decoding=\"async\" width=\"300\" height=\"90\" src=\"http:\/\/www.rezeau.org\/wp-garden\/wp-content\/uploads\/2015-11-16_22-54-24.jpg\" alt=\"2015-11-16_22-54-24\" class=\"wp-image-2991\"\/><figcaption><a href=\"http:\/\/www.jardinsdebroceliande.fr\" target=\"_blank\" rel=\"noreferrer noopener\">Site Web<\/a><\/figcaption><\/figure><\/div>\n\n\n\n<p><a href=\"http:\/\/www.jardinsdebroceliande.fr\" target=\"_blank\" rel=\"noreferrer noopener\">Jardins de Broc\u00e9liande<\/a> Proches du &#8220;jardin de papi Jo&#8221;, j&#8217;ai visit\u00e9 plusieurs fois ces jardins, qui se sont beaucoup \u00e9tendus et diversifi\u00e9s au fil des ann\u00e9es. Belles collections de lilas et d&#8217;iris, entre autres. Plans d&#8217;eau survol\u00e9s par les odonates \u00e0 la belle saison. Nombreuses attractions pour les familles avec enfants, expositions artistiques.<\/p>\n\n\n\n<div style=\"height:1px\" aria-hidden=\"true\" class=\"wp-block-spacer\"><\/div>\n\n\n\n<div class=\"wp-block-image\"><figure class=\"alignleft\"><img loading=\"lazy\" decoding=\"async\" width=\"300\" height=\"83\" src=\"http:\/\/www.rezeau.org\/wp-garden\/wp-content\/uploads\/2015-11-16_16-14-06.jpg\" alt=\"2015-11-16_16-14-06\" class=\"wp-image-2978\"\/><figcaption><a href=\"https:\/\/www.vasterival.fr\/\" target=\"_blank\" rel=\"noreferrer noopener\">Site Web<\/a><\/figcaption><\/figure><\/div>\n\n\n\n<p class=\"has-text-align-left\"><a rel=\"noopener noreferrer\" href=\"https:\/\/www.vasterival.fr\/\" target=\"_blank\">Le Vasterival<\/a> Le c\u00e9l\u00e8bre jardin cr\u00e9\u00e9 par la princesse Greta Sturdza. Deux vari\u00e9t\u00e9s issues de la collection Vasterival sont plant\u00e9es dans mon jardin : <em>Erica lusitanica<\/em> \u2018Great Star\u2019 \u2018Le Vasterival\u2019 (disparu) et <a rel=\"noopener noreferrer\" href=\"http:\/\/www.rezeau.org\/wp-garden\/fr\/symphyotrichum-x-vasterival\/\" target=\"_blank\">Symphyotrichum x \u2018Vasterival\u2019<\/a>.<\/p>\n\n\n\n<div style=\"height:1px\" aria-hidden=\"true\" class=\"wp-block-spacer\"><\/div>\n\n\n\n<div class=\"wp-block-image\"><figure class=\"alignleft\"><a href=\"http:\/\/www.rezeau.org\/wp-garden\/wp-content\/uploads\/2020-03-31_17-56-11.jpg\" rel=\"lightbox[2972]\"><img loading=\"lazy\" decoding=\"async\" width=\"300\" height=\"71\" src=\"http:\/\/www.rezeau.org\/wp-garden\/wp-content\/uploads\/2020-03-31_17-56-11.jpg\" alt=\"\" class=\"wp-image-13659\"\/><\/a><figcaption><a href=\"https:\/\/herbidacious.calamus.graphics\/\" target=\"_blank\" rel=\"noreferrer noopener\">Site Web<\/a><\/figcaption><\/figure><\/div>\n\n\n\n<p class=\"has-text-align-left\"><a href=\"https:\/\/herbidacious.calamus.graphics\/\" target=\"_blank\" rel=\"noreferrer noopener\">Herbidacious<\/a> Superbe site d&#8217;un &#8220;simple&#8221; jardinier du sud de l&#8217;Angleterre. A c\u00f4t\u00e9 de \u00e7a le jardin de papi Jo n&#8217;est qu&#8217;un humble ver de terre.<\/p>\n","protected":false},"excerpt":{"rendered":"<p>Sites de jardins &#8211; visites virtuelles Arrosoirs et S\u00e9cateursLe site internet d&#8217;un passionn\u00e9 de jardinage en Bretagne-Sud. Des conseils de jardinage (principalement le jardin d&#8217;ornement ), des fiches de plantes, des jardins et p\u00e9pini\u00e8res \u00e0 visiter, une chronique &#8220;Un jardin au fil des jours&#8221;, un forum, etc. Des visites de&#8230;<\/p>\n<p class=\"continue-reading-button\"> <a class=\"continue-reading-link\" href=\"https:\/\/www.rezeau.org\/wp-garden\/fr\/des-sites-de-jardins\/\">Continue reading<i class=\"crycon-right-dir\"><\/i><\/a><\/p>\n","protected":false},"author":1,"featured_media":0,"parent":0,"menu_order":30,"comment_status":"closed","ping_status":"closed","template":"templates\/template-onecolumn.php","meta":{"_acf_changed":false,"footnotes":""},"categories":[410],"tags":[],"class_list":["post-2972","page","type-page","status-publish","hentry","category-liens"],"acf":[],"_links":{"self":[{"href":"https:\/\/www.rezeau.org\/wp-garden\/wp-json\/wp\/v2\/pages\/2972","targetHints":{"allow":["GET"]}}],"collection":[{"href":"https:\/\/www.rezeau.org\/wp-garden\/wp-json\/wp\/v2\/pages"}],"about":[{"href":"https:\/\/www.rezeau.org\/wp-garden\/wp-json\/wp\/v2\/types\/page"}],"author":[{"embeddable":true,"href":"https:\/\/www.rezeau.org\/wp-garden\/wp-json\/wp\/v2\/users\/1"}],"replies":[{"embeddable":true,"href":"https:\/\/www.rezeau.org\/wp-garden\/wp-json\/wp\/v2\/comments?post=2972"}],"version-history":[{"count":0,"href":"https:\/\/www.rezeau.org\/wp-garden\/wp-json\/wp\/v2\/pages\/2972\/revisions"}],"wp:attachment":[{"href":"https:\/\/www.rezeau.org\/wp-garden\/wp-json\/wp\/v2\/media?parent=2972"}],"wp:term":[{"taxonomy":"category","embeddable":true,"href":"https:\/\/www.rezeau.org\/wp-garden\/wp-json\/wp\/v2\/categories?post=2972"},{"taxonomy":"post_tag","embeddable":true,"href":"https:\/\/www.rezeau.org\/wp-garden\/wp-json\/wp\/v2\/tags?post=2972"}],"curies":[{"name":"wp","href":"https:\/\/api.w.org\/{rel}","templated":true}]}}