
{"id":3045,"date":"2015-11-17T15:17:12","date_gmt":"2015-11-17T14:17:12","guid":{"rendered":"http:\/\/www.rezeau.org\/wp-garden\/?page_id=3045"},"modified":"2023-04-10T22:37:55","modified_gmt":"2023-04-10T20:37:55","slug":"info-technique","status":"publish","type":"page","link":"https:\/\/www.rezeau.org\/wp-garden\/fr\/info-technique\/","title":{"rendered":"Un site cr\u00e9\u00e9 avec WordPress"},"content":{"rendered":"\n<h4 class=\"wp-block-heading\">R\u00e9alisation du site<\/h4>\n\n\n\n<p>Ce site est r\u00e9alis\u00e9 avec <a href=\"https:\/\/fr.wordpress.org\/\" target=\"_blank\" rel=\"noopener\">WordPress<\/a> (WP), l&#8217;un des outils de cr\u00e9ation de blogs et de sites les plus utilis\u00e9s sur Internet.<\/p>\n\n\n\n<p>Outre le &#8220;moteur&#8221; principal de WP, j&#8217;utilise les <strong>plugins<\/strong> suivants, dans leur version gratuite sauf ceux suivis de l&#8217;ic\u00f4ne\ud83d\udcb2.<\/p>\n\n\n\n<ul class=\"wp-block-list\">\n<li><a href=\"https:\/\/wordpress.org\/plugins\/advanced-custom-fields\/\">Advanced Custom Fields<\/a>.\ud83d\udcb2Pour ajouter le champ &#8220;nom commun&#8221; dans les pages des fiches de plantes. <\/li>\n\n\n\n<li><a rel=\"noopener\" href=\"https:\/\/wordpress.org\/plugins\/collapsing-categories\/\" target=\"_blank\">Collapsing Categories<\/a> (l\u00e9g\u00e8rement modifi\u00e9). Tr\u00e8s utile en particulier pour l&#8217;affichage des plantes du jardin par famille et genre.<\/li>\n\n\n\n<li><a rel=\"noopener\" href=\"https:\/\/wordpress.org\/plugins\/disable-comments\/\" target=\"_blank\">Disable Comments<\/a><\/li>\n\n\n\n<li><a rel=\"noopener\" href=\"https:\/\/wordpress.org\/plugins\/duplicate-post\/\" target=\"_blank\">Duplicate Post<\/a>. Outil indispensable, manquant dans le WP de base.<\/li>\n\n\n\n<li><a rel=\"noopener\" href=\"https:\/\/wordpress.org\/plugins\/foogallery\/\" target=\"_blank\">Foo Gallery<\/a><\/li>\n\n\n\n<li><a rel=\"noopener\" href=\"https:\/\/wordpress.org\/plugins\/hide-youtube-related-videos\/\" target=\"_blank\">Hide YouTube Related Videos<\/a><\/li>\n\n\n\n<li><a rel=\"noopener\" href=\"https:\/\/wordpress.org\/plugins\/highlight-search-terms\/\" target=\"_blank\">Highlight Search Terms<\/a><\/li>\n\n\n\n<li><a rel=\"noopener\" href=\"http:\/\/codecanyon.net\/item\/image-map-hotspot-wordpress-plugin\/5586825\" target=\"_blank\">Image Map HotSpot<\/a> (lourdement modifi\u00e9, en particulier pour l&#8217;interface admin). Utilis\u00e9 pour afficher les \u00e9pinglettes sur le plan du jardin.<\/li>\n\n\n\n<li><a rel=\"noopener\" href=\"https:\/\/wordpress.org\/plugins\/media-library-assistant\/\" target=\"_blank\">Media Library Assistant<\/a> (l\u00e9g\u00e8rement modifi\u00e9). Plus complet que l&#8217;outil de base de WP.<\/li>\n\n\n\n<li><a rel=\"noopener\" href=\"https:\/\/wordpress.org\/plugins\/parent-category-toggler\/\" target=\"_blank\">Parent Category Toggler<\/a>. Tr\u00e8s utile pour attribuer automatiquement les cat\u00e9gories et sous-cat\u00e9gories.<\/li>\n\n\n\n<li><a rel=\"noopener\" href=\"https:\/\/wordpress.org\/plugins\/polylang\/\" target=\"_blank\">Polylang<\/a>. Pour obtenir un site bilingue (anglais &amp; fran\u00e7ais).<\/li>\n\n\n\n<li><a href=\"https:\/\/wordpress.org\/plugins\/pages-with-category-and-tag\/\">Pages with category and tag<\/a>. Outil indispensable, manquant dans le WP de base.<\/li>\n\n\n\n<li><a href=\"https:\/\/searchandfilter.com\/\">Search &amp; Filter Pro<\/a>.\ud83d\udcb2Pour effectuer des recherches sur crit\u00e8res avanc\u00e9s dans les pages des plantes du jardin.<\/li>\n\n\n\n<li><a rel=\"noopener\" href=\"https:\/\/wordpress.org\/plugins\/tinymce-advanced\/\" target=\"_blank\">TinyMCE Advanced<\/a><\/li>\n\n\n\n<li><a rel=\"noopener\" href=\"https:\/\/wordpress.org\/plugins\/widget-logic\/\" target=\"_blank\">Widget Logic<\/a><\/li>\n<\/ul>\n\n\n\n<p>J&#8217;utilise le <strong>th\u00e8me<\/strong> visuel <a href=\"https:\/\/www.cryoutcreations.eu\/wordpress-themes\/tempera\">Tempera<\/a> (dans sa version gratuite). L\u00e9g\u00e8rement modifi\u00e9.<\/p>\n","protected":false},"excerpt":{"rendered":"<p>R\u00e9alisation du site Ce site est r\u00e9alis\u00e9 avec WordPress (WP), l&#8217;un des outils de cr\u00e9ation de blogs et de sites les plus utilis\u00e9s sur Internet. Outre le &#8220;moteur&#8221; principal de WP, j&#8217;utilise les plugins suivants, dans leur version gratuite sauf ceux suivis de l&#8217;ic\u00f4ne\ud83d\udcb2. J&#8217;utilise le th\u00e8me visuel Tempera (dans&#8230;<\/p>\n<p class=\"continue-reading-button\"> <a class=\"continue-reading-link\" href=\"https:\/\/www.rezeau.org\/wp-garden\/fr\/info-technique\/\">Continue reading<i class=\"crycon-right-dir\"><\/i><\/a><\/p>\n","protected":false},"author":1,"featured_media":0,"parent":0,"menu_order":1,"comment_status":"closed","ping_status":"closed","template":"templates\/template-onecolumn.php","meta":{"_acf_changed":false,"footnotes":""},"categories":[1205],"tags":[],"class_list":["post-3045","page","type-page","status-publish","hentry","category-info"],"acf":[],"_links":{"self":[{"href":"https:\/\/www.rezeau.org\/wp-garden\/wp-json\/wp\/v2\/pages\/3045","targetHints":{"allow":["GET"]}}],"collection":[{"href":"https:\/\/www.rezeau.org\/wp-garden\/wp-json\/wp\/v2\/pages"}],"about":[{"href":"https:\/\/www.rezeau.org\/wp-garden\/wp-json\/wp\/v2\/types\/page"}],"author":[{"embeddable":true,"href":"https:\/\/www.rezeau.org\/wp-garden\/wp-json\/wp\/v2\/users\/1"}],"replies":[{"embeddable":true,"href":"https:\/\/www.rezeau.org\/wp-garden\/wp-json\/wp\/v2\/comments?post=3045"}],"version-history":[{"count":1,"href":"https:\/\/www.rezeau.org\/wp-garden\/wp-json\/wp\/v2\/pages\/3045\/revisions"}],"predecessor-version":[{"id":27739,"href":"https:\/\/www.rezeau.org\/wp-garden\/wp-json\/wp\/v2\/pages\/3045\/revisions\/27739"}],"wp:attachment":[{"href":"https:\/\/www.rezeau.org\/wp-garden\/wp-json\/wp\/v2\/media?parent=3045"}],"wp:term":[{"taxonomy":"category","embeddable":true,"href":"https:\/\/www.rezeau.org\/wp-garden\/wp-json\/wp\/v2\/categories?post=3045"},{"taxonomy":"post_tag","embeddable":true,"href":"https:\/\/www.rezeau.org\/wp-garden\/wp-json\/wp\/v2\/tags?post=3045"}],"curies":[{"name":"wp","href":"https:\/\/api.w.org\/{rel}","templated":true}]}}