
{"id":3049,"date":"2015-11-17T15:45:13","date_gmt":"2015-11-17T14:45:13","guid":{"rendered":"http:\/\/www.rezeau.org\/wp-garden\/?page_id=3049"},"modified":"2021-01-04T18:13:02","modified_gmt":"2021-01-04T17:13:02","slug":"un-plan-de-jardin-cree-avec-garden-planner","status":"publish","type":"page","link":"https:\/\/www.rezeau.org\/wp-garden\/fr\/un-plan-de-jardin-cree-avec-garden-planner\/","title":{"rendered":"Un plan de jardin cr\u00e9\u00e9 avec Garden Planner"},"content":{"rendered":"\n<div class=\"wp-block-image\"><figure class=\"alignleft\"><a href=\"http:\/\/www.rezeau.org\/wp-garden\/wp-content\/uploads\/GP01.jpg\" rel=\"lightbox[3049]\"><img loading=\"lazy\" decoding=\"async\" width=\"150\" height=\"150\" src=\"http:\/\/www.rezeau.org\/wp-garden\/wp-content\/uploads\/GP01-150x150.jpg\" alt=\"\" class=\"wp-image-3056\"\/><\/a><figcaption>Fig. 1<\/figcaption><\/figure><\/div>\n\n\n\n<p><strong>Le plan du jardin<\/strong> a \u00e9t\u00e9 cr\u00e9\u00e9 avec le logiciel <a href=\"http:\/\/www.smallblueprinter.com\/garden\/\">Garden Planner<\/a>. Pour environ 40 \u20ac, c&#8217;est le meilleur rapport qualit\u00e9\/prix que j&#8217;ai trouv\u00e9 apr\u00e8s pas mal de recherches sur Internet. La plupart des logiciels gratuits sont tr\u00e8s d\u00e9cevants, et il existe des logiciels plus chers avec de nombreuses fonctionnalit\u00e9s (en particulier&nbsp; la 3D) dont je n&#8217;avais absolument pas besoin. Malgr\u00e9 les quelques exemples fournis et un tutoriel bien fait, la prise en main demande un certain temps, surtout si vous voulez faire un plan vraiment complet, avec d&#8217;\u00e9ventuels accessoires de jardin et l&#8217;emplacement exact de vos massifs et de chaque groupe de plantes et \u00e0 l&#8217;\u00e9chelle.<\/p>\n\n\n\n<p>Le seul reproche qu&#8217;on pourrait lui adresser c&#8217;est d&#8217;\u00eatre disponible uniquement en anglais, ce qui n&#8217;est pas un probl\u00e8me pour Papi Jo&nbsp;<i class=\"far fa-smile-wink\"><\/i>. \nGarden Planner est programm\u00e9 par David, facilement accessible pour r\u00e9soudre les petits probl\u00e8mes et r\u00e9pondre \u00e0 toutes les suggestions d&#8217;am\u00e9lioration&#8230;<\/p>\n\n\n\n<div class=\"wp-block-image\"><figure class=\"alignleft\"><a href=\"http:\/\/www.rezeau.org\/wp-garden\/wp-content\/uploads\/2015-11-18_23-31-35.jpg\" rel=\"lightbox[3049]\"><img loading=\"lazy\" decoding=\"async\" width=\"150\" height=\"150\" src=\"http:\/\/www.rezeau.org\/wp-garden\/wp-content\/uploads\/2015-11-18_23-31-35-150x150.jpg\" alt=\"\" class=\"wp-image-3060\"\/><\/a><figcaption>Fig. 2<\/figcaption><\/figure><\/div>\n\n\n\n<p><strong>Les \u00e9pinglettes<\/strong> ont \u00e9t\u00e9 ajout\u00e9es avec le plugin pour WordPress, <a href=\"http:\/\/codecanyon.net\/item\/image-map-hotspot-wordpress-plugin\/5586825\" target=\"_blank\" rel=\"noopener\">Image Map HotSpot.<\/a><span class=\"Apple-converted-space\"> J&#8217;ai beaucoup modifi\u00e9 l&#8217;interface administrateur de ce plugin pour l&#8217;adapter \u00e0 son usage sp\u00e9cifique dans ce site. Le principe des \u00e9pinglettes cliquables est tr\u00e8s utilis\u00e9 sur les cartes comme Google Maps. Ici les \u00e9pinglettes permettent une sorte de visite virtuelle du jardin \u00e0 partir du plan.<br>\n<\/span><\/p>\n","protected":false},"excerpt":{"rendered":"<p>Le plan du jardin a \u00e9t\u00e9 cr\u00e9\u00e9 avec le logiciel Garden Planner. Pour environ 40 \u20ac, c&#8217;est le meilleur rapport qualit\u00e9\/prix que j&#8217;ai trouv\u00e9 apr\u00e8s pas mal de recherches sur Internet. La plupart des logiciels gratuits sont tr\u00e8s d\u00e9cevants, et il existe des logiciels plus chers avec de nombreuses fonctionnalit\u00e9s&#8230;<\/p>\n<p class=\"continue-reading-button\"> <a class=\"continue-reading-link\" href=\"https:\/\/www.rezeau.org\/wp-garden\/fr\/un-plan-de-jardin-cree-avec-garden-planner\/\">Continue reading<i class=\"crycon-right-dir\"><\/i><\/a><\/p>\n","protected":false},"author":1,"featured_media":0,"parent":0,"menu_order":2,"comment_status":"closed","ping_status":"closed","template":"templates\/template-onecolumn.php","meta":{"_acf_changed":false,"footnotes":""},"categories":[1205],"tags":[],"class_list":["post-3049","page","type-page","status-publish","hentry","category-info"],"acf":[],"_links":{"self":[{"href":"https:\/\/www.rezeau.org\/wp-garden\/wp-json\/wp\/v2\/pages\/3049","targetHints":{"allow":["GET"]}}],"collection":[{"href":"https:\/\/www.rezeau.org\/wp-garden\/wp-json\/wp\/v2\/pages"}],"about":[{"href":"https:\/\/www.rezeau.org\/wp-garden\/wp-json\/wp\/v2\/types\/page"}],"author":[{"embeddable":true,"href":"https:\/\/www.rezeau.org\/wp-garden\/wp-json\/wp\/v2\/users\/1"}],"replies":[{"embeddable":true,"href":"https:\/\/www.rezeau.org\/wp-garden\/wp-json\/wp\/v2\/comments?post=3049"}],"version-history":[{"count":0,"href":"https:\/\/www.rezeau.org\/wp-garden\/wp-json\/wp\/v2\/pages\/3049\/revisions"}],"wp:attachment":[{"href":"https:\/\/www.rezeau.org\/wp-garden\/wp-json\/wp\/v2\/media?parent=3049"}],"wp:term":[{"taxonomy":"category","embeddable":true,"href":"https:\/\/www.rezeau.org\/wp-garden\/wp-json\/wp\/v2\/categories?post=3049"},{"taxonomy":"post_tag","embeddable":true,"href":"https:\/\/www.rezeau.org\/wp-garden\/wp-json\/wp\/v2\/tags?post=3049"}],"curies":[{"name":"wp","href":"https:\/\/api.w.org\/{rel}","templated":true}]}}