
{"id":6753,"date":"2016-10-30T22:52:08","date_gmt":"2016-10-30T21:52:08","guid":{"rendered":"http:\/\/www.rezeau.org\/wp-garden\/?page_id=6753"},"modified":"2023-06-12T23:28:21","modified_gmt":"2023-06-12T21:28:21","slug":"images-de-la-pepiniere-sous-un-arbre-perche-octobre-2016","status":"publish","type":"page","link":"https:\/\/www.rezeau.org\/wp-garden\/fr\/images-de-la-pepiniere-sous-un-arbre-perche-octobre-2016\/","title":{"rendered":"Images de la p\u00e9pini\u00e8re &#8216;Sous un arbre perch\u00e9&#8217; &#8211; Octobre 2016"},"content":{"rendered":"<style type=\"text\/css\">\n#foogallery-gallery-6752 .fg-image { width: 100px; }\n#foogallery-gallery-6752 { --fg-gutter: 10px; }<\/style>\n\t\t\t<div class=\"foogallery foogallery-container foogallery-default foogallery-lightbox-none fg-left fg-default fg-ready fg-light fg-border-thin fg-shadow-small fg-loading-default fg-loaded-fade-in fg-hover-fade fg-hover-zoom\" id=\"foogallery-gallery-6752\" data-foogallery=\"{&quot;item&quot;:{&quot;showCaptionTitle&quot;:true,&quot;showCaptionDescription&quot;:false},&quot;lazy&quot;:true}\" style=\"--fg-title-line-clamp: 0; --fg-description-line-clamp: 0;\" >\n\t<div class=\"fg-item fg-type-image fg-idle\"><figure class=\"fg-item-inner\"><a href=\"https:\/\/www.rezeau.org\/wp-garden\/wp-content\/uploads\/Visite-du-29-10-2016.jpg\" data-caption-title=\"&lt;em&gt;Visite du&lt;\/em&gt; 29\/10\/2016\" data-caption-desc=\"Sous un arbre perch\u00e9 - Guerlesquin\" data-attachment-id=\"6732\" data-type=\"image\" class=\"fg-thumb\" rel=\"lightbox[6753]\"><span class=\"fg-image-wrap\"><img decoding=\"async\" alt=\"Sous un arbre perch\u00e9 - Guerlesquin\" title=\"&lt;em&gt;Visite du&lt;\/em&gt; 29\/10\/2016\" width=\"100\" height=\"100\" class=\"skip-lazy fg-image\" data-src-fg=\"https:\/\/www.rezeau.org\/wp-garden\/wp-content\/uploads\/cache\/Visite-du-29-10-2016\/829378414.jpg\" src=\"data:image\/svg+xml,%3Csvg%20xmlns%3D%22http%3A%2F%2Fwww.w3.org%2F2000%2Fsvg%22%20width%3D%22100%22%20height%3D%22100%22%20viewBox%3D%220%200%20100%20100%22%3E%3C%2Fsvg%3E\" loading=\"eager\"><\/span><span class=\"fg-image-overlay\"><\/span><\/a><figcaption class=\"fg-caption\"><div class=\"fg-caption-inner\"><div class=\"fg-caption-title\"><em>Visite du<\/em> 29\/10\/2016<\/div><\/div><\/figcaption><\/figure><div class=\"fg-loader\"><\/div><\/div><div class=\"fg-item fg-type-image fg-idle\"><figure class=\"fg-item-inner\"><a href=\"https:\/\/www.rezeau.org\/wp-garden\/wp-content\/uploads\/Visite-du-29-10-2016-2.jpg\" data-caption-title=\"&lt;em&gt;Visite du&lt;\/em&gt; 29\/10\/2016\" data-caption-desc=\"Sous un arbre perch\u00e9 - Guerlesquin\" data-attachment-id=\"6733\" data-type=\"image\" class=\"fg-thumb\" rel=\"lightbox[6753]\"><span class=\"fg-image-wrap\"><img decoding=\"async\" alt=\"Sous un arbre perch\u00e9 - Guerlesquin\" title=\"&lt;em&gt;Visite du&lt;\/em&gt; 29\/10\/2016\" width=\"100\" height=\"100\" class=\"skip-lazy fg-image\" data-src-fg=\"https:\/\/www.rezeau.org\/wp-garden\/wp-content\/uploads\/cache\/Visite-du-29-10-2016-2\/3892650580.jpg\" src=\"data:image\/svg+xml,%3Csvg%20xmlns%3D%22http%3A%2F%2Fwww.w3.org%2F2000%2Fsvg%22%20width%3D%22100%22%20height%3D%22100%22%20viewBox%3D%220%200%20100%20100%22%3E%3C%2Fsvg%3E\" loading=\"eager\"><\/span><span class=\"fg-image-overlay\"><\/span><\/a><figcaption class=\"fg-caption\"><div class=\"fg-caption-inner\"><div class=\"fg-caption-title\"><em>Visite du<\/em> 29\/10\/2016<\/div><\/div><\/figcaption><\/figure><div class=\"fg-loader\"><\/div><\/div><div class=\"fg-item fg-type-image fg-idle\"><figure class=\"fg-item-inner\"><a href=\"https:\/\/www.rezeau.org\/wp-garden\/wp-content\/uploads\/Visite-du-29-10-2016-10.jpg\" data-caption-title=\"&lt;em&gt;Visite du&lt;\/em&gt; 29\/10\/2016\" data-caption-desc=\"Sous un arbre perch\u00e9 - Guerlesquin\" data-attachment-id=\"6741\" data-type=\"image\" class=\"fg-thumb\" rel=\"lightbox[6753]\"><span class=\"fg-image-wrap\"><img decoding=\"async\" alt=\"Sous un arbre perch\u00e9 - Guerlesquin\" title=\"&lt;em&gt;Visite du&lt;\/em&gt; 29\/10\/2016\" width=\"100\" height=\"100\" class=\"skip-lazy fg-image\" data-src-fg=\"https:\/\/www.rezeau.org\/wp-garden\/wp-content\/uploads\/cache\/Visite-du-29-10-2016-10\/1480033528.jpg\" src=\"data:image\/svg+xml,%3Csvg%20xmlns%3D%22http%3A%2F%2Fwww.w3.org%2F2000%2Fsvg%22%20width%3D%22100%22%20height%3D%22100%22%20viewBox%3D%220%200%20100%20100%22%3E%3C%2Fsvg%3E\" loading=\"eager\"><\/span><span class=\"fg-image-overlay\"><\/span><\/a><figcaption class=\"fg-caption\"><div class=\"fg-caption-inner\"><div class=\"fg-caption-title\"><em>Visite du<\/em> 29\/10\/2016<\/div><\/div><\/figcaption><\/figure><div class=\"fg-loader\"><\/div><\/div><div class=\"fg-item fg-type-image fg-idle\"><figure class=\"fg-item-inner\"><a href=\"https:\/\/www.rezeau.org\/wp-garden\/wp-content\/uploads\/Visite-du-29-10-2016-9.jpg\" data-caption-title=\"&lt;em&gt;Visite du&lt;\/em&gt; 29\/10\/2016\" data-caption-desc=\"Sous un arbre perch\u00e9 - Guerlesquin\" data-attachment-id=\"6740\" data-type=\"image\" class=\"fg-thumb\" rel=\"lightbox[6753]\"><span class=\"fg-image-wrap\"><img decoding=\"async\" alt=\"Sous un arbre perch\u00e9 - Guerlesquin\" title=\"&lt;em&gt;Visite du&lt;\/em&gt; 29\/10\/2016\" width=\"100\" height=\"100\" class=\"skip-lazy fg-image\" data-src-fg=\"https:\/\/www.rezeau.org\/wp-garden\/wp-content\/uploads\/cache\/Visite-du-29-10-2016-9\/2244240297.jpg\" src=\"data:image\/svg+xml,%3Csvg%20xmlns%3D%22http%3A%2F%2Fwww.w3.org%2F2000%2Fsvg%22%20width%3D%22100%22%20height%3D%22100%22%20viewBox%3D%220%200%20100%20100%22%3E%3C%2Fsvg%3E\" loading=\"eager\"><\/span><span class=\"fg-image-overlay\"><\/span><\/a><figcaption class=\"fg-caption\"><div class=\"fg-caption-inner\"><div class=\"fg-caption-title\"><em>Visite du<\/em> 29\/10\/2016<\/div><\/div><\/figcaption><\/figure><div class=\"fg-loader\"><\/div><\/div><div class=\"fg-item fg-type-image fg-idle\"><figure class=\"fg-item-inner\"><a href=\"https:\/\/www.rezeau.org\/wp-garden\/wp-content\/uploads\/Visite-du-29-10-2016-8.jpg\" data-caption-title=\"&lt;em&gt;Visite du&lt;\/em&gt; 29\/10\/2016\" data-caption-desc=\"Sous un arbre perch\u00e9 - Guerlesquin\" data-attachment-id=\"6739\" data-type=\"image\" class=\"fg-thumb\" rel=\"lightbox[6753]\"><span class=\"fg-image-wrap\"><img decoding=\"async\" alt=\"Sous un arbre perch\u00e9 - Guerlesquin\" title=\"&lt;em&gt;Visite du&lt;\/em&gt; 29\/10\/2016\" width=\"100\" height=\"100\" class=\"skip-lazy fg-image\" data-src-fg=\"https:\/\/www.rezeau.org\/wp-garden\/wp-content\/uploads\/cache\/Visite-du-29-10-2016-8\/961906287.jpg\" src=\"data:image\/svg+xml,%3Csvg%20xmlns%3D%22http%3A%2F%2Fwww.w3.org%2F2000%2Fsvg%22%20width%3D%22100%22%20height%3D%22100%22%20viewBox%3D%220%200%20100%20100%22%3E%3C%2Fsvg%3E\" loading=\"eager\"><\/span><span class=\"fg-image-overlay\"><\/span><\/a><figcaption class=\"fg-caption\"><div class=\"fg-caption-inner\"><div class=\"fg-caption-title\"><em>Visite du<\/em> 29\/10\/2016<\/div><\/div><\/figcaption><\/figure><div class=\"fg-loader\"><\/div><\/div><div class=\"fg-item fg-type-image fg-idle\"><figure class=\"fg-item-inner\"><a href=\"https:\/\/www.rezeau.org\/wp-garden\/wp-content\/uploads\/Visite-du-29-10-2016-7.jpg\" data-caption-title=\"&lt;em&gt;Visite du&lt;\/em&gt; 29\/10\/2016\" data-caption-desc=\"Sous un arbre perch\u00e9 - Guerlesquin\" data-attachment-id=\"6738\" data-type=\"image\" class=\"fg-thumb\" rel=\"lightbox[6753]\"><span class=\"fg-image-wrap\"><img decoding=\"async\" alt=\"Sous un arbre perch\u00e9 - Guerlesquin\" title=\"&lt;em&gt;Visite du&lt;\/em&gt; 29\/10\/2016\" width=\"100\" height=\"100\" class=\"skip-lazy fg-image\" data-src-fg=\"https:\/\/www.rezeau.org\/wp-garden\/wp-content\/uploads\/cache\/Visite-du-29-10-2016-7\/3692099630.jpg\" src=\"data:image\/svg+xml,%3Csvg%20xmlns%3D%22http%3A%2F%2Fwww.w3.org%2F2000%2Fsvg%22%20width%3D%22100%22%20height%3D%22100%22%20viewBox%3D%220%200%20100%20100%22%3E%3C%2Fsvg%3E\" loading=\"eager\"><\/span><span class=\"fg-image-overlay\"><\/span><\/a><figcaption class=\"fg-caption\"><div class=\"fg-caption-inner\"><div class=\"fg-caption-title\"><em>Visite du<\/em> 29\/10\/2016<\/div><\/div><\/figcaption><\/figure><div class=\"fg-loader\"><\/div><\/div><div class=\"fg-item fg-type-image fg-idle\"><figure class=\"fg-item-inner\"><a href=\"https:\/\/www.rezeau.org\/wp-garden\/wp-content\/uploads\/Visite-du-29-10-2016-6.jpg\" data-caption-title=\"&lt;em&gt;Visite du&lt;\/em&gt; 29\/10\/2016\" data-caption-desc=\"Sous un arbre perch\u00e9 - Guerlesquin\" data-attachment-id=\"6737\" data-type=\"image\" class=\"fg-thumb\" rel=\"lightbox[6753]\"><span class=\"fg-image-wrap\"><img decoding=\"async\" alt=\"Sous un arbre perch\u00e9 - Guerlesquin\" title=\"&lt;em&gt;Visite du&lt;\/em&gt; 29\/10\/2016\" width=\"100\" height=\"100\" class=\"skip-lazy fg-image\" data-src-fg=\"https:\/\/www.rezeau.org\/wp-garden\/wp-content\/uploads\/cache\/Visite-du-29-10-2016-6\/2648350490.jpg\" src=\"data:image\/svg+xml,%3Csvg%20xmlns%3D%22http%3A%2F%2Fwww.w3.org%2F2000%2Fsvg%22%20width%3D%22100%22%20height%3D%22100%22%20viewBox%3D%220%200%20100%20100%22%3E%3C%2Fsvg%3E\" loading=\"eager\"><\/span><span class=\"fg-image-overlay\"><\/span><\/a><figcaption class=\"fg-caption\"><div class=\"fg-caption-inner\"><div class=\"fg-caption-title\"><em>Visite du<\/em> 29\/10\/2016<\/div><\/div><\/figcaption><\/figure><div class=\"fg-loader\"><\/div><\/div><div class=\"fg-item fg-type-image fg-idle\"><figure class=\"fg-item-inner\"><a href=\"https:\/\/www.rezeau.org\/wp-garden\/wp-content\/uploads\/Visite-du-29-10-2016-5.jpg\" data-caption-title=\"&lt;em&gt;Visite du&lt;\/em&gt; 29\/10\/2016\" data-caption-desc=\"Sous un arbre perch\u00e9 - Guerlesquin\" data-attachment-id=\"6736\" data-type=\"image\" class=\"fg-thumb\" rel=\"lightbox[6753]\"><span class=\"fg-image-wrap\"><img decoding=\"async\" alt=\"Sous un arbre perch\u00e9 - Guerlesquin\" title=\"&lt;em&gt;Visite du&lt;\/em&gt; 29\/10\/2016\" width=\"100\" height=\"100\" class=\"skip-lazy fg-image\" data-src-fg=\"https:\/\/www.rezeau.org\/wp-garden\/wp-content\/uploads\/cache\/Visite-du-29-10-2016-5\/791737364.jpg\" src=\"data:image\/svg+xml,%3Csvg%20xmlns%3D%22http%3A%2F%2Fwww.w3.org%2F2000%2Fsvg%22%20width%3D%22100%22%20height%3D%22100%22%20viewBox%3D%220%200%20100%20100%22%3E%3C%2Fsvg%3E\" loading=\"eager\"><\/span><span class=\"fg-image-overlay\"><\/span><\/a><figcaption class=\"fg-caption\"><div class=\"fg-caption-inner\"><div class=\"fg-caption-title\"><em>Visite du<\/em> 29\/10\/2016<\/div><\/div><\/figcaption><\/figure><div class=\"fg-loader\"><\/div><\/div><div class=\"fg-item fg-type-image fg-idle\"><figure class=\"fg-item-inner\"><a href=\"https:\/\/www.rezeau.org\/wp-garden\/wp-content\/uploads\/Visite-du-29-10-2016-4.jpg\" data-caption-title=\"&lt;em&gt;Visite du&lt;\/em&gt; 29\/10\/2016\" data-caption-desc=\"Sous un arbre perch\u00e9 - Guerlesquin\" data-attachment-id=\"6735\" data-type=\"image\" class=\"fg-thumb\" rel=\"lightbox[6753]\"><span class=\"fg-image-wrap\"><img decoding=\"async\" alt=\"Sous un arbre perch\u00e9 - Guerlesquin\" title=\"&lt;em&gt;Visite du&lt;\/em&gt; 29\/10\/2016\" width=\"100\" height=\"100\" class=\"skip-lazy fg-image\" data-src-fg=\"https:\/\/www.rezeau.org\/wp-garden\/wp-content\/uploads\/cache\/Visite-du-29-10-2016-4\/2805285309.jpg\" src=\"data:image\/svg+xml,%3Csvg%20xmlns%3D%22http%3A%2F%2Fwww.w3.org%2F2000%2Fsvg%22%20width%3D%22100%22%20height%3D%22100%22%20viewBox%3D%220%200%20100%20100%22%3E%3C%2Fsvg%3E\" loading=\"eager\"><\/span><span class=\"fg-image-overlay\"><\/span><\/a><figcaption class=\"fg-caption\"><div class=\"fg-caption-inner\"><div class=\"fg-caption-title\"><em>Visite du<\/em> 29\/10\/2016<\/div><\/div><\/figcaption><\/figure><div class=\"fg-loader\"><\/div><\/div><div class=\"fg-item fg-type-image fg-idle\"><figure class=\"fg-item-inner\"><a href=\"https:\/\/www.rezeau.org\/wp-garden\/wp-content\/uploads\/Visite-du-29-10-2016-3.jpg\" data-caption-title=\"&lt;em&gt;Visite du&lt;\/em&gt; 29\/10\/2016\" data-caption-desc=\"Sous un arbre perch\u00e9 - Guerlesquin\" data-attachment-id=\"6734\" data-type=\"image\" class=\"fg-thumb\" rel=\"lightbox[6753]\"><span class=\"fg-image-wrap\"><img decoding=\"async\" alt=\"Sous un arbre perch\u00e9 - Guerlesquin\" title=\"&lt;em&gt;Visite du&lt;\/em&gt; 29\/10\/2016\" width=\"100\" height=\"100\" class=\"skip-lazy fg-image\" data-src-fg=\"https:\/\/www.rezeau.org\/wp-garden\/wp-content\/uploads\/cache\/Visite-du-29-10-2016-3\/2442470473.jpg\" src=\"data:image\/svg+xml,%3Csvg%20xmlns%3D%22http%3A%2F%2Fwww.w3.org%2F2000%2Fsvg%22%20width%3D%22100%22%20height%3D%22100%22%20viewBox%3D%220%200%20100%20100%22%3E%3C%2Fsvg%3E\" loading=\"eager\"><\/span><span class=\"fg-image-overlay\"><\/span><\/a><figcaption class=\"fg-caption\"><div class=\"fg-caption-inner\"><div class=\"fg-caption-title\"><em>Visite du<\/em> 29\/10\/2016<\/div><\/div><\/figcaption><\/figure><div class=\"fg-loader\"><\/div><\/div><\/div>\n","protected":false},"excerpt":{"rendered":"<p class=\"continue-reading-button\"> <a class=\"continue-reading-link\" href=\"https:\/\/www.rezeau.org\/wp-garden\/fr\/images-de-la-pepiniere-sous-un-arbre-perche-octobre-2016\/\">Continue reading<i class=\"crycon-right-dir\"><\/i><\/a><\/p>\n","protected":false},"author":2,"featured_media":6760,"parent":0,"menu_order":0,"comment_status":"closed","ping_status":"closed","template":"templates\/template-onecolumn.php","meta":{"_acf_changed":false,"footnotes":""},"categories":[394,1201],"tags":[],"class_list":["post-6753","page","type-page","status-publish","has-post-thumbnail","hentry","category-hors-du-jardin","category-jardins-visites"],"acf":[],"_links":{"self":[{"href":"https:\/\/www.rezeau.org\/wp-garden\/wp-json\/wp\/v2\/pages\/6753","targetHints":{"allow":["GET"]}}],"collection":[{"href":"https:\/\/www.rezeau.org\/wp-garden\/wp-json\/wp\/v2\/pages"}],"about":[{"href":"https:\/\/www.rezeau.org\/wp-garden\/wp-json\/wp\/v2\/types\/page"}],"author":[{"embeddable":true,"href":"https:\/\/www.rezeau.org\/wp-garden\/wp-json\/wp\/v2\/users\/2"}],"replies":[{"embeddable":true,"href":"https:\/\/www.rezeau.org\/wp-garden\/wp-json\/wp\/v2\/comments?post=6753"}],"version-history":[{"count":0,"href":"https:\/\/www.rezeau.org\/wp-garden\/wp-json\/wp\/v2\/pages\/6753\/revisions"}],"wp:featuredmedia":[{"embeddable":true,"href":"https:\/\/www.rezeau.org\/wp-garden\/wp-json\/wp\/v2\/media\/6760"}],"wp:attachment":[{"href":"https:\/\/www.rezeau.org\/wp-garden\/wp-json\/wp\/v2\/media?parent=6753"}],"wp:term":[{"taxonomy":"category","embeddable":true,"href":"https:\/\/www.rezeau.org\/wp-garden\/wp-json\/wp\/v2\/categories?post=6753"},{"taxonomy":"post_tag","embeddable":true,"href":"https:\/\/www.rezeau.org\/wp-garden\/wp-json\/wp\/v2\/tags?post=6753"}],"curies":[{"name":"wp","href":"https:\/\/api.w.org\/{rel}","templated":true}]}}